{"id":94947,"date":"2023-08-21T13:39:02","date_gmt":"2023-08-21T13:39:02","guid":{"rendered":"https:\/\/joyn.eu\/?page_id=94947"},"modified":"2025-04-25T14:10:53","modified_gmt":"2025-04-25T14:10:53","slug":"paiements-mobiles-avec-joyn","status":"publish","type":"page","link":"https:\/\/joyn.eu\/fr-fr\/merchant-helpcenter\/paiements-mobiles-avec-joyn\/","title":{"rendered":"Paiements mobiles avec Joyn (uniquement disponible en Belgique)"},"content":{"rendered":"\t\t<div data-elementor-type=\"wp-page\" data-elementor-id=\"94947\" class=\"elementor elementor-94947\" data-elementor-post-type=\"page\">\n\t\t\t\t<div class=\"elementor-element elementor-element-2acb5af e-flex e-con-boxed e-con e-parent\" data-id=\"2acb5af\" data-element_type=\"container\" data-e-type=\"container\">\n\t\t\t\t\t<div class=\"e-con-inner\">\n\t\t\t\t<div class=\"elementor-element elementor-element-b646997 elementor-widget elementor-widget-qi_addons_for_elementor_blog_list\" data-id=\"b646997\" data-element_type=\"widget\" data-e-type=\"widget\" data-widget_type=\"qi_addons_for_elementor_blog_list.default\">\n\t\t\t\t<div class=\"elementor-widget-container\">\n\t\t\t\t\t<div class=\"qodef-shortcode qodef-m qodef-addons-blog-list qodef-info-no-icons qodef-image--hover-zoom qodef-qi-grid qodef-layout--qi-columns qodef-col-num--3 qodef-item-layout--boxed qodef-responsive--predefined\" >\n\t<div class=\"qodef-grid-inner\">\n\t\t<article class=\"qodef-e qodef-blog-item qodef-grid-item qodef-item--square post-93862 post type-post status-publish format-standard hentry category-merchant-helpcenter-fr category-paiements-mobiles-avec-joyn\">\n\t<div class=\"qodef-e-inner\">\n\t\t<div class=\"qodef-e-media-holder\">\n\t\t\t<div class=\"qodef-e-media\">\n\t<\/div>\n<div itemprop=\"dateCreated\" class=\"qodef-e-info-item qodef-e-info-date entry-date \">\n\t<a itemprop=\"url\" href=\"https:\/\/joyn.eu\/fr-fr\/2023\/08\/\">\n\t\t18 Ao\u00fbt\t<\/a>\n<\/div>\n\t\t<\/div>\n\t\t<div class=\"qodef-e-content\">\n\t\t\t\t\t\t\t<div class=\"qodef-e-info qodef-info--top\">\n\t\t\t\t\t<div class=\"qodef-e-info-item qodef-e-info-author\">\n\t<a itemprop=\"author\" class=\"qodef-e-info-author-link\" href=\"https:\/\/joyn.eu\/fr-fr\/author\/rian-tavares\/\">\n\t\t\t\tRian Tavares\t<\/a>\n<\/div>\n\t\t\t\t<\/div>\n\t\t\t\t\t\t<div class=\"qodef-e-text\">\n\t\t\t\t<h5 itemprop=\"name\" class=\"qodef-e-title entry-title\">\n\t<a itemprop=\"url\" class=\"qodef-e-title-link\" href=\"https:\/\/joyn.eu\/fr-fr\/comment-puis-je-suivre-mes-transactions-realisees-avec-lapp-joyn\/\">\n\t\tComment puis-je suivre mes transactions r\u00e9alis\u00e9es avec l\u2019app Joyn\u00a0?\t<\/a>\n<\/h5>\n\t\t<p itemprop=\"description\" class=\"qodef-e-excerpt\">\n\t\t\t\t\t<\/p>\n\t\t\t\t<\/div>\n\t\t\t\t\t<\/div>\n\t<\/div>\n<\/article>\n<article class=\"qodef-e qodef-blog-item qodef-grid-item qodef-item--square post-93954 post type-post status-publish format-standard hentry category-merchant-helpcenter-fr category-paiements-mobiles-avec-joyn\">\n\t<div class=\"qodef-e-inner\">\n\t\t<div class=\"qodef-e-media-holder\">\n\t\t\t<div class=\"qodef-e-media\">\n\t<\/div>\n<div itemprop=\"dateCreated\" class=\"qodef-e-info-item qodef-e-info-date entry-date \">\n\t<a itemprop=\"url\" href=\"https:\/\/joyn.eu\/fr-fr\/2023\/08\/\">\n\t\t18 Ao\u00fbt\t<\/a>\n<\/div>\n\t\t<\/div>\n\t\t<div class=\"qodef-e-content\">\n\t\t\t\t\t\t\t<div class=\"qodef-e-info qodef-info--top\">\n\t\t\t\t\t<div class=\"qodef-e-info-item qodef-e-info-author\">\n\t<a itemprop=\"author\" class=\"qodef-e-info-author-link\" href=\"https:\/\/joyn.eu\/fr-fr\/author\/rian-tavares\/\">\n\t\t\t\tRian Tavares\t<\/a>\n<\/div>\n\t\t\t\t<\/div>\n\t\t\t\t\t\t<div class=\"qodef-e-text\">\n\t\t\t\t<h5 itemprop=\"name\" class=\"qodef-e-title entry-title\">\n\t<a itemprop=\"url\" class=\"qodef-e-title-link\" href=\"https:\/\/joyn.eu\/fr-fr\/quest-ce-quedenred\/\">\n\t\tQu\u2019est-ce qu\u2019Edenred\u00a0?\t<\/a>\n<\/h5>\n\t\t<p itemprop=\"description\" class=\"qodef-e-excerpt\">\n\t\t\tEdenred est un acteur de premier plan dans le domaine des solutions de paiement dans le monde du travail. On les retrouve d\u00e9j\u00e0 \u00e0 l\u2019origine de Ticket Restaurant. Edenred propos\t\t<\/p>\n\t\t\t\t<\/div>\n\t\t\t\t\t<\/div>\n\t<\/div>\n<\/article>\n<article class=\"qodef-e qodef-blog-item qodef-grid-item qodef-item--square post-93955 post type-post status-publish format-standard hentry category-merchant-helpcenter-fr category-paiements-mobiles-avec-joyn\">\n\t<div class=\"qodef-e-inner\">\n\t\t<div class=\"qodef-e-media-holder\">\n\t\t\t<div class=\"qodef-e-media\">\n\t<\/div>\n<div itemprop=\"dateCreated\" class=\"qodef-e-info-item qodef-e-info-date entry-date \">\n\t<a itemprop=\"url\" href=\"https:\/\/joyn.eu\/fr-fr\/2023\/08\/\">\n\t\t18 Ao\u00fbt\t<\/a>\n<\/div>\n\t\t<\/div>\n\t\t<div class=\"qodef-e-content\">\n\t\t\t\t\t\t\t<div class=\"qodef-e-info qodef-info--top\">\n\t\t\t\t\t<div class=\"qodef-e-info-item qodef-e-info-author\">\n\t<a itemprop=\"author\" class=\"qodef-e-info-author-link\" href=\"https:\/\/joyn.eu\/fr-fr\/author\/rian-tavares\/\">\n\t\t\t\tRian Tavares\t<\/a>\n<\/div>\n\t\t\t\t<\/div>\n\t\t\t\t\t\t<div class=\"qodef-e-text\">\n\t\t\t\t<h5 itemprop=\"name\" class=\"qodef-e-title entry-title\">\n\t<a itemprop=\"url\" class=\"qodef-e-title-link\" href=\"https:\/\/joyn.eu\/fr-fr\/que-doit-faire-mon-client-pour-utiliser-edenred-via-joyn\/\">\n\t\tQue doit faire mon client pour utiliser Edenred via Joyn\u00a0?\t<\/a>\n<\/h5>\n\t\t<p itemprop=\"description\" class=\"qodef-e-excerpt\">\n\t\t\tLes clients peuvent lier leur compte Edenred \u00e0 leur app Joyn. Cela se passe comme suit&nbsp;: Le client ouvre l\u2019app Joyn sur votre smartphone. S\u2019il n\u2019est pas connect\u00e9, il d\t\t<\/p>\n\t\t\t\t<\/div>\n\t\t\t\t\t<\/div>\n\t<\/div>\n<\/article>\n<article class=\"qodef-e qodef-blog-item qodef-grid-item qodef-item--square post-93957 post type-post status-publish format-standard hentry category-merchant-helpcenter-fr category-paiements-mobiles-avec-joyn\">\n\t<div class=\"qodef-e-inner\">\n\t\t<div class=\"qodef-e-media-holder\">\n\t\t\t<div class=\"qodef-e-media\">\n\t<\/div>\n<div itemprop=\"dateCreated\" class=\"qodef-e-info-item qodef-e-info-date entry-date \">\n\t<a itemprop=\"url\" href=\"https:\/\/joyn.eu\/fr-fr\/2023\/08\/\">\n\t\t18 Ao\u00fbt\t<\/a>\n<\/div>\n\t\t<\/div>\n\t\t<div class=\"qodef-e-content\">\n\t\t\t\t\t\t\t<div class=\"qodef-e-info qodef-info--top\">\n\t\t\t\t\t<div class=\"qodef-e-info-item qodef-e-info-author\">\n\t<a itemprop=\"author\" class=\"qodef-e-info-author-link\" href=\"https:\/\/joyn.eu\/fr-fr\/author\/rian-tavares\/\">\n\t\t\t\tRian Tavares\t<\/a>\n<\/div>\n\t\t\t\t<\/div>\n\t\t\t\t\t\t<div class=\"qodef-e-text\">\n\t\t\t\t<h5 itemprop=\"name\" class=\"qodef-e-title entry-title\">\n\t<a itemprop=\"url\" class=\"qodef-e-title-link\" href=\"https:\/\/joyn.eu\/fr-fr\/que-dois-je-faire-pour-accepter-des-paiements-avec-edenred-dans-lapp-joyn-2\/\">\n\t\tQue dois-je faire pour accepter des paiements avec Edenred dans l\u2019app Joyn\u00a0?\t<\/a>\n<\/h5>\n\t\t<p itemprop=\"description\" class=\"qodef-e-excerpt\">\n\t\t\tAllez dans le portail commer\u00e7ants dans l\u2019app Joyn. Dans les param\u00e8tres du compte, cliquez sur l\u2019option \u00ab&nbsp;Int\u00e9grations&nbsp;\u00bb, s\u00e9lectionnez \u00ab&nbsp;Edenred&nbsp;\u00bb et\t\t<\/p>\n\t\t\t\t<\/div>\n\t\t\t\t\t<\/div>\n\t<\/div>\n<\/article>\n<article class=\"qodef-e qodef-blog-item qodef-grid-item qodef-item--square post-93958 post type-post status-publish format-standard hentry category-merchant-helpcenter-fr category-paiements-mobiles-avec-joyn\">\n\t<div class=\"qodef-e-inner\">\n\t\t<div class=\"qodef-e-media-holder\">\n\t\t\t<div class=\"qodef-e-media\">\n\t<\/div>\n<div itemprop=\"dateCreated\" class=\"qodef-e-info-item qodef-e-info-date entry-date \">\n\t<a itemprop=\"url\" href=\"https:\/\/joyn.eu\/fr-fr\/2023\/08\/\">\n\t\t18 Ao\u00fbt\t<\/a>\n<\/div>\n\t\t<\/div>\n\t\t<div class=\"qodef-e-content\">\n\t\t\t\t\t\t\t<div class=\"qodef-e-info qodef-info--top\">\n\t\t\t\t\t<div class=\"qodef-e-info-item qodef-e-info-author\">\n\t<a itemprop=\"author\" class=\"qodef-e-info-author-link\" href=\"https:\/\/joyn.eu\/fr-fr\/author\/rian-tavares\/\">\n\t\t\t\tRian Tavares\t<\/a>\n<\/div>\n\t\t\t\t<\/div>\n\t\t\t\t\t\t<div class=\"qodef-e-text\">\n\t\t\t\t<h5 itemprop=\"name\" class=\"qodef-e-title entry-title\">\n\t<a itemprop=\"url\" class=\"qodef-e-title-link\" href=\"https:\/\/joyn.eu\/fr-fr\/comment-proceder-a-une-transaction-edenred-via-lapp-joyn\/\">\n\t\tComment proc\u00e9der \u00e0 une transaction Edenred via l\u2019app Joyn\u00a0?\t<\/a>\n<\/h5>\n\t\t<p itemprop=\"description\" class=\"qodef-e-excerpt\">\n\t\t\tCliquez sur le QR code. &nbsp;Encodez le montant et confirmez en cliquant sur \u00ab&nbsp;Payer et \u00e9pargner&nbsp;\u00bb. Le client scanne le QR code sur votre tablette avec l\u2019app Joyn s\t\t<\/p>\n\t\t\t\t<\/div>\n\t\t\t\t\t<\/div>\n\t<\/div>\n<\/article>\n<article class=\"qodef-e qodef-blog-item qodef-grid-item qodef-item--square post-93959 post type-post status-publish format-standard hentry category-merchant-helpcenter-fr category-paiements-mobiles-avec-joyn\">\n\t<div class=\"qodef-e-inner\">\n\t\t<div class=\"qodef-e-media-holder\">\n\t\t\t<div class=\"qodef-e-media\">\n\t<\/div>\n<div itemprop=\"dateCreated\" class=\"qodef-e-info-item qodef-e-info-date entry-date \">\n\t<a itemprop=\"url\" href=\"https:\/\/joyn.eu\/fr-fr\/2023\/08\/\">\n\t\t18 Ao\u00fbt\t<\/a>\n<\/div>\n\t\t<\/div>\n\t\t<div class=\"qodef-e-content\">\n\t\t\t\t\t\t\t<div class=\"qodef-e-info qodef-info--top\">\n\t\t\t\t\t<div class=\"qodef-e-info-item qodef-e-info-author\">\n\t<a itemprop=\"author\" class=\"qodef-e-info-author-link\" href=\"https:\/\/joyn.eu\/fr-fr\/author\/rian-tavares\/\">\n\t\t\t\tRian Tavares\t<\/a>\n<\/div>\n\t\t\t\t<\/div>\n\t\t\t\t\t\t<div class=\"qodef-e-text\">\n\t\t\t\t<h5 itemprop=\"name\" class=\"qodef-e-title entry-title\">\n\t<a itemprop=\"url\" class=\"qodef-e-title-link\" href=\"https:\/\/joyn.eu\/fr-fr\/comment-savoir-si-le-paiement-a-bien-fonctionne\/\">\n\t\tComment savoir si le paiement a bien fonctionn\u00e9\u00a0?\t<\/a>\n<\/h5>\n\t\t<p itemprop=\"description\" class=\"qodef-e-excerpt\">\n\t\t\tUne fois le paiement r\u00e9ussi, vous recevrez une confirmation dans la Joyn Business App sur votre tablette. Vous pourrez aussi voir la confirmation dans votre portail commer\u00e7ants P\t\t<\/p>\n\t\t\t\t<\/div>\n\t\t\t\t\t<\/div>\n\t<\/div>\n<\/article>\n<article class=\"qodef-e qodef-blog-item qodef-grid-item qodef-item--square post-93960 post type-post status-publish format-standard hentry category-merchant-helpcenter-fr category-paiements-mobiles-avec-joyn\">\n\t<div class=\"qodef-e-inner\">\n\t\t<div class=\"qodef-e-media-holder\">\n\t\t\t<div class=\"qodef-e-media\">\n\t<\/div>\n<div itemprop=\"dateCreated\" class=\"qodef-e-info-item qodef-e-info-date entry-date \">\n\t<a itemprop=\"url\" href=\"https:\/\/joyn.eu\/fr-fr\/2023\/08\/\">\n\t\t18 Ao\u00fbt\t<\/a>\n<\/div>\n\t\t<\/div>\n\t\t<div class=\"qodef-e-content\">\n\t\t\t\t\t\t\t<div class=\"qodef-e-info qodef-info--top\">\n\t\t\t\t\t<div class=\"qodef-e-info-item qodef-e-info-author\">\n\t<a itemprop=\"author\" class=\"qodef-e-info-author-link\" href=\"https:\/\/joyn.eu\/fr-fr\/author\/rian-tavares\/\">\n\t\t\t\tRian Tavares\t<\/a>\n<\/div>\n\t\t\t\t<\/div>\n\t\t\t\t\t\t<div class=\"qodef-e-text\">\n\t\t\t\t<h5 itemprop=\"name\" class=\"qodef-e-title entry-title\">\n\t<a itemprop=\"url\" class=\"qodef-e-title-link\" href=\"https:\/\/joyn.eu\/fr-fr\/que-se-passe-t-il-si-le-paiement-echoue\/\">\n\t\tQue se passe-t-il si le paiement \u00e9choue\u00a0?\t<\/a>\n<\/h5>\n\t\t<p itemprop=\"description\" class=\"qodef-e-excerpt\">\n\t\t\tVous verrez la communication suivante sur votre tablette&nbsp;: \u00ab&nbsp;Le paiement a \u00e9chou\u00e9. Le paiement n\u2019a pas pu \u00eatre ex\u00e9cut\u00e9 en raison d\u2019un probl\u00e8me technique.&nbsp;\t\t<\/p>\n\t\t\t\t<\/div>\n\t\t\t\t\t<\/div>\n\t<\/div>\n<\/article>\n<article class=\"qodef-e qodef-blog-item qodef-grid-item qodef-item--square post-93961 post type-post status-publish format-standard hentry category-merchant-helpcenter-fr category-paiements-mobiles-avec-joyn\">\n\t<div class=\"qodef-e-inner\">\n\t\t<div class=\"qodef-e-media-holder\">\n\t\t\t<div class=\"qodef-e-media\">\n\t<\/div>\n<div itemprop=\"dateCreated\" class=\"qodef-e-info-item qodef-e-info-date entry-date \">\n\t<a itemprop=\"url\" href=\"https:\/\/joyn.eu\/fr-fr\/2023\/08\/\">\n\t\t18 Ao\u00fbt\t<\/a>\n<\/div>\n\t\t<\/div>\n\t\t<div class=\"qodef-e-content\">\n\t\t\t\t\t\t\t<div class=\"qodef-e-info qodef-info--top\">\n\t\t\t\t\t<div class=\"qodef-e-info-item qodef-e-info-author\">\n\t<a itemprop=\"author\" class=\"qodef-e-info-author-link\" href=\"https:\/\/joyn.eu\/fr-fr\/author\/rian-tavares\/\">\n\t\t\t\tRian Tavares\t<\/a>\n<\/div>\n\t\t\t\t<\/div>\n\t\t\t\t\t\t<div class=\"qodef-e-text\">\n\t\t\t\t<h5 itemprop=\"name\" class=\"qodef-e-title entry-title\">\n\t<a itemprop=\"url\" class=\"qodef-e-title-link\" href=\"https:\/\/joyn.eu\/fr-fr\/comment-puis-je-avoir-une-preuve-des-transactions\/\">\n\t\tComment puis-je avoir une preuve des transactions\u00a0?\t<\/a>\n<\/h5>\n\t\t<p itemprop=\"description\" class=\"qodef-e-excerpt\">\n\t\t\tVous pouvez consulter les transactions dans le portail commer\u00e7ants Joyn ainsi que dans votre espace commer\u00e7ant MyEdenred.\t\t<\/p>\n\t\t\t\t<\/div>\n\t\t\t\t\t<\/div>\n\t<\/div>\n<\/article>\n<article class=\"qodef-e qodef-blog-item qodef-grid-item qodef-item--square post-93962 post type-post status-publish format-standard hentry category-merchant-helpcenter-fr category-paiements-mobiles-avec-joyn\">\n\t<div class=\"qodef-e-inner\">\n\t\t<div class=\"qodef-e-media-holder\">\n\t\t\t<div class=\"qodef-e-media\">\n\t<\/div>\n<div itemprop=\"dateCreated\" class=\"qodef-e-info-item qodef-e-info-date entry-date \">\n\t<a itemprop=\"url\" href=\"https:\/\/joyn.eu\/fr-fr\/2023\/08\/\">\n\t\t18 Ao\u00fbt\t<\/a>\n<\/div>\n\t\t<\/div>\n\t\t<div class=\"qodef-e-content\">\n\t\t\t\t\t\t\t<div class=\"qodef-e-info qodef-info--top\">\n\t\t\t\t\t<div class=\"qodef-e-info-item qodef-e-info-author\">\n\t<a itemprop=\"author\" class=\"qodef-e-info-author-link\" href=\"https:\/\/joyn.eu\/fr-fr\/author\/rian-tavares\/\">\n\t\t\t\tRian Tavares\t<\/a>\n<\/div>\n\t\t\t\t<\/div>\n\t\t\t\t\t\t<div class=\"qodef-e-text\">\n\t\t\t\t<h5 itemprop=\"name\" class=\"qodef-e-title entry-title\">\n\t<a itemprop=\"url\" class=\"qodef-e-title-link\" href=\"https:\/\/joyn.eu\/fr-fr\/que-faire-si-mon-client-veut-seulement-payer-une-partie-du-montant-avec-sa-carte-edenred\/\">\n\t\tQue faire si mon client veut seulement payer une partie du montant avec sa carte Edenred\u00a0?\t<\/a>\n<\/h5>\n\t\t<p itemprop=\"description\" class=\"qodef-e-excerpt\">\n\t\t\tAdaptez le montant et, apr\u00e8s l\u2019avoir d\u00e9duit, continuez avec un autre mode de paiement pour r\u00e9gler le solde. Si vous avez opt\u00e9 pour un paiement en esp\u00e8ces ou via un terminal\t\t<\/p>\n\t\t\t\t<\/div>\n\t\t\t\t\t<\/div>\n\t<\/div>\n<\/article>\n\t<\/div>\n\t\t<div class=\"qodef-addons-m-pagination qodef--standard\">\n\t\t<nav class=\"navigation pagination\" role=\"navigation\" aria-label=\"Articles\">\n\t\t\t<h2 class=\"screen-reader-text\">Navigation d\u2019articles<\/h2>\n\t\t\t<div class=\"nav-links\">\n\t\t\t\t<span aria-current=\"page\" class=\"page-numbers current\">1<\/span>\n<a class=\"page-numbers\" href=\"https:\/\/joyn.eu\/fr-fr\/wp-json\/wp\/v2\/pages\/94947\/page\/2\/\">2<\/a>\n<a class=\"page-numbers\" href=\"https:\/\/joyn.eu\/fr-fr\/wp-json\/wp\/v2\/pages\/94947\/page\/3\/\">3<\/a>\n<span class=\"page-numbers dots\">\u2026<\/span>\n<a class=\"page-numbers\" href=\"https:\/\/joyn.eu\/fr-fr\/wp-json\/wp\/v2\/pages\/94947\/page\/9\/\">9<\/a>\n<a class=\"next page-numbers\" href=\"https:\/\/joyn.eu\/fr-fr\/wp-json\/wp\/v2\/pages\/94947\/page\/2\/\"><svg class=\"qodef-m-pagination-icon\" xmlns=\"http:\/\/www.w3.org\/2000\/svg\" x=\"0px\" y=\"0px\" viewBox=\"0 0 34.2 32.3\" xml:space=\"preserve\" style=\"stroke-width: 2;\"><line x1=\"0\" y1=\"16\" x2=\"33\" y2=\"16\"\/><line x1=\"17.3\" y1=\"0.7\" x2=\"33.2\" y2=\"16.5\"\/><line x1=\"17.3\" y1=\"31.6\" x2=\"33.5\" y2=\"15.4\"\/><\/svg><\/a>\t\t\t<\/div>\n\t\t<\/nav>\n\t<\/div>\n<\/div>\n\t\t\t\t<\/div>\n\t\t\t\t<\/div>\n\t\t\t\t\t<\/div>\n\t\t\t\t<\/div>\n\t\t\t\t<\/div>\n\t\t","protected":false},"excerpt":{"rendered":"<p>18 Aug Rian Tavares Comment puis-je suivre mes transactions r\u00e9alis\u00e9es avec l\u2019app Joyn\u00a0? 18 Aug Rian Tavares Qu\u2019est-ce qu\u2019Edenred\u00a0? Edenred est un acteur de premier plan dans le domaine des solutions de paiement dans le monde du travail. On les retrouve d\u00e9j\u00e0 \u00e0 l\u2019origine de Ticket Restaurant. Edenred propos 18 Aug Rian Tavares Que doit [&hellip;]<\/p>\n","protected":false},"author":32,"featured_media":0,"parent":90446,"menu_order":0,"comment_status":"closed","ping_status":"closed","template":"","meta":{"_acf_changed":false,"inline_featured_image":false,"footnotes":""},"class_list":["post-94947","page","type-page","status-publish","hentry"],"acf":[],"yoast_head":"<!-- This site is optimized with the Yoast SEO plugin v27.4 - https:\/\/yoast.com\/product\/yoast-seo-wordpress\/ -->\n<title>Paiements mobiles avec Joyn (uniquement disponible en Belgique) - Joyn<\/title>\n<meta name=\"robots\" content=\"index, follow, max-snippet:-1, max-image-preview:large, max-video-preview:-1\" \/>\n<link rel=\"canonical\" href=\"https:\/\/joyn.eu\/fr-fr\/merchant-helpcenter\/paiements-mobiles-avec-joyn\/\" \/>\n<meta property=\"og:locale\" content=\"fr_FR\" \/>\n<meta property=\"og:type\" content=\"article\" \/>\n<meta property=\"og:title\" content=\"Paiements mobiles avec Joyn (uniquement disponible en Belgique) - Joyn\" \/>\n<meta property=\"og:description\" content=\"18 Aug Rian Tavares Comment puis-je suivre mes transactions r\u00e9alis\u00e9es avec l\u2019app Joyn\u00a0? 18 Aug Rian Tavares Qu\u2019est-ce qu\u2019Edenred\u00a0? Edenred est un acteur de premier plan dans le domaine des solutions de paiement dans le monde du travail. On les retrouve d\u00e9j\u00e0 \u00e0 l\u2019origine de Ticket Restaurant. Edenred propos 18 Aug Rian Tavares Que doit [&hellip;]\" \/>\n<meta property=\"og:url\" content=\"https:\/\/joyn.eu\/fr-fr\/merchant-helpcenter\/paiements-mobiles-avec-joyn\/\" \/>\n<meta property=\"og:site_name\" content=\"Joyn\" \/>\n<meta property=\"article:modified_time\" content=\"2025-04-25T14:10:53+00:00\" \/>\n<meta name=\"twitter:card\" content=\"summary_large_image\" \/>\n<meta name=\"twitter:label1\" content=\"Dur\u00e9e de lecture estim\u00e9e\" \/>\n\t<meta name=\"twitter:data1\" content=\"2 minutes\" \/>\n<script type=\"application\/ld+json\" class=\"yoast-schema-graph\">{\"@context\":\"https:\\\/\\\/schema.org\",\"@graph\":[{\"@type\":\"WebPage\",\"@id\":\"https:\\\/\\\/joyn.eu\\\/fr-fr\\\/merchant-helpcenter\\\/paiements-mobiles-avec-joyn\\\/\",\"url\":\"https:\\\/\\\/joyn.eu\\\/fr-fr\\\/merchant-helpcenter\\\/paiements-mobiles-avec-joyn\\\/\",\"name\":\"Paiements mobiles avec Joyn (uniquement disponible en Belgique) - Joyn\",\"isPartOf\":{\"@id\":\"https:\\\/\\\/joyn.eu\\\/fr-fr\\\/#website\"},\"datePublished\":\"2023-08-21T13:39:02+00:00\",\"dateModified\":\"2025-04-25T14:10:53+00:00\",\"breadcrumb\":{\"@id\":\"https:\\\/\\\/joyn.eu\\\/fr-fr\\\/merchant-helpcenter\\\/paiements-mobiles-avec-joyn\\\/#breadcrumb\"},\"inLanguage\":\"fr-FR\",\"potentialAction\":[{\"@type\":\"ReadAction\",\"target\":[\"https:\\\/\\\/joyn.eu\\\/fr-fr\\\/merchant-helpcenter\\\/paiements-mobiles-avec-joyn\\\/\"]}]},{\"@type\":\"BreadcrumbList\",\"@id\":\"https:\\\/\\\/joyn.eu\\\/fr-fr\\\/merchant-helpcenter\\\/paiements-mobiles-avec-joyn\\\/#breadcrumb\",\"itemListElement\":[{\"@type\":\"ListItem\",\"position\":1,\"name\":\"Home\",\"item\":\"https:\\\/\\\/joyn.eu\\\/fr-fr\\\/home-merchant-new\\\/\"},{\"@type\":\"ListItem\",\"position\":2,\"name\":\"Merchant Helpcenter\",\"item\":\"https:\\\/\\\/joyn.eu\\\/fr-fr\\\/merchant-helpcenter\\\/\"},{\"@type\":\"ListItem\",\"position\":3,\"name\":\"Paiements mobiles avec Joyn (uniquement disponible en Belgique)\"}]},{\"@type\":\"WebSite\",\"@id\":\"https:\\\/\\\/joyn.eu\\\/fr-fr\\\/#website\",\"url\":\"https:\\\/\\\/joyn.eu\\\/fr-fr\\\/\",\"name\":\"Joyn\",\"description\":\"Just another WordPress site\",\"publisher\":{\"@id\":\"https:\\\/\\\/joyn.eu\\\/fr-fr\\\/#organization\"},\"potentialAction\":[{\"@type\":\"SearchAction\",\"target\":{\"@type\":\"EntryPoint\",\"urlTemplate\":\"https:\\\/\\\/joyn.eu\\\/fr-fr\\\/?s={search_term_string}\"},\"query-input\":{\"@type\":\"PropertyValueSpecification\",\"valueRequired\":true,\"valueName\":\"search_term_string\"}}],\"inLanguage\":\"fr-FR\"},{\"@type\":\"Organization\",\"@id\":\"https:\\\/\\\/joyn.eu\\\/fr-fr\\\/#organization\",\"name\":\"Joyn\",\"url\":\"https:\\\/\\\/joyn.eu\\\/fr-fr\\\/\",\"logo\":{\"@type\":\"ImageObject\",\"inLanguage\":\"fr-FR\",\"@id\":\"https:\\\/\\\/joyn.eu\\\/fr-fr\\\/#\\\/schema\\\/logo\\\/image\\\/\",\"url\":\"https:\\\/\\\/joyn.eu\\\/wp-content\\\/uploads\\\/2021\\\/02\\\/Blue-green-h40.png\",\"contentUrl\":\"https:\\\/\\\/joyn.eu\\\/wp-content\\\/uploads\\\/2021\\\/02\\\/Blue-green-h40.png\",\"width\":83,\"height\":40,\"caption\":\"Joyn\"},\"image\":{\"@id\":\"https:\\\/\\\/joyn.eu\\\/fr-fr\\\/#\\\/schema\\\/logo\\\/image\\\/\"}}]}<\/script>\n<!-- \/ Yoast SEO plugin. -->","yoast_head_json":{"title":"Paiements mobiles avec Joyn (uniquement disponible en Belgique) - Joyn","robots":{"index":"index","follow":"follow","max-snippet":"max-snippet:-1","max-image-preview":"max-image-preview:large","max-video-preview":"max-video-preview:-1"},"canonical":"https:\/\/joyn.eu\/fr-fr\/merchant-helpcenter\/paiements-mobiles-avec-joyn\/","og_locale":"fr_FR","og_type":"article","og_title":"Paiements mobiles avec Joyn (uniquement disponible en Belgique) - Joyn","og_description":"18 Aug Rian Tavares Comment puis-je suivre mes transactions r\u00e9alis\u00e9es avec l\u2019app Joyn\u00a0? 18 Aug Rian Tavares Qu\u2019est-ce qu\u2019Edenred\u00a0? Edenred est un acteur de premier plan dans le domaine des solutions de paiement dans le monde du travail. On les retrouve d\u00e9j\u00e0 \u00e0 l\u2019origine de Ticket Restaurant. Edenred propos 18 Aug Rian Tavares Que doit [&hellip;]","og_url":"https:\/\/joyn.eu\/fr-fr\/merchant-helpcenter\/paiements-mobiles-avec-joyn\/","og_site_name":"Joyn","article_modified_time":"2025-04-25T14:10:53+00:00","twitter_card":"summary_large_image","twitter_misc":{"Dur\u00e9e de lecture estim\u00e9e":"2 minutes"},"schema":{"@context":"https:\/\/schema.org","@graph":[{"@type":"WebPage","@id":"https:\/\/joyn.eu\/fr-fr\/merchant-helpcenter\/paiements-mobiles-avec-joyn\/","url":"https:\/\/joyn.eu\/fr-fr\/merchant-helpcenter\/paiements-mobiles-avec-joyn\/","name":"Paiements mobiles avec Joyn (uniquement disponible en Belgique) - Joyn","isPartOf":{"@id":"https:\/\/joyn.eu\/fr-fr\/#website"},"datePublished":"2023-08-21T13:39:02+00:00","dateModified":"2025-04-25T14:10:53+00:00","breadcrumb":{"@id":"https:\/\/joyn.eu\/fr-fr\/merchant-helpcenter\/paiements-mobiles-avec-joyn\/#breadcrumb"},"inLanguage":"fr-FR","potentialAction":[{"@type":"ReadAction","target":["https:\/\/joyn.eu\/fr-fr\/merchant-helpcenter\/paiements-mobiles-avec-joyn\/"]}]},{"@type":"BreadcrumbList","@id":"https:\/\/joyn.eu\/fr-fr\/merchant-helpcenter\/paiements-mobiles-avec-joyn\/#breadcrumb","itemListElement":[{"@type":"ListItem","position":1,"name":"Home","item":"https:\/\/joyn.eu\/fr-fr\/home-merchant-new\/"},{"@type":"ListItem","position":2,"name":"Merchant Helpcenter","item":"https:\/\/joyn.eu\/fr-fr\/merchant-helpcenter\/"},{"@type":"ListItem","position":3,"name":"Paiements mobiles avec Joyn (uniquement disponible en Belgique)"}]},{"@type":"WebSite","@id":"https:\/\/joyn.eu\/fr-fr\/#website","url":"https:\/\/joyn.eu\/fr-fr\/","name":"Joyn","description":"Just another WordPress site","publisher":{"@id":"https:\/\/joyn.eu\/fr-fr\/#organization"},"potentialAction":[{"@type":"SearchAction","target":{"@type":"EntryPoint","urlTemplate":"https:\/\/joyn.eu\/fr-fr\/?s={search_term_string}"},"query-input":{"@type":"PropertyValueSpecification","valueRequired":true,"valueName":"search_term_string"}}],"inLanguage":"fr-FR"},{"@type":"Organization","@id":"https:\/\/joyn.eu\/fr-fr\/#organization","name":"Joyn","url":"https:\/\/joyn.eu\/fr-fr\/","logo":{"@type":"ImageObject","inLanguage":"fr-FR","@id":"https:\/\/joyn.eu\/fr-fr\/#\/schema\/logo\/image\/","url":"https:\/\/joyn.eu\/wp-content\/uploads\/2021\/02\/Blue-green-h40.png","contentUrl":"https:\/\/joyn.eu\/wp-content\/uploads\/2021\/02\/Blue-green-h40.png","width":83,"height":40,"caption":"Joyn"},"image":{"@id":"https:\/\/joyn.eu\/fr-fr\/#\/schema\/logo\/image\/"}}]}},"_links":{"self":[{"href":"https:\/\/joyn.eu\/fr-fr\/wp-json\/wp\/v2\/pages\/94947","targetHints":{"allow":["GET"]}}],"collection":[{"href":"https:\/\/joyn.eu\/fr-fr\/wp-json\/wp\/v2\/pages"}],"about":[{"href":"https:\/\/joyn.eu\/fr-fr\/wp-json\/wp\/v2\/types\/page"}],"author":[{"embeddable":true,"href":"https:\/\/joyn.eu\/fr-fr\/wp-json\/wp\/v2\/users\/32"}],"replies":[{"embeddable":true,"href":"https:\/\/joyn.eu\/fr-fr\/wp-json\/wp\/v2\/comments?post=94947"}],"version-history":[{"count":7,"href":"https:\/\/joyn.eu\/fr-fr\/wp-json\/wp\/v2\/pages\/94947\/revisions"}],"predecessor-version":[{"id":106299,"href":"https:\/\/joyn.eu\/fr-fr\/wp-json\/wp\/v2\/pages\/94947\/revisions\/106299"}],"up":[{"embeddable":true,"href":"https:\/\/joyn.eu\/fr-fr\/wp-json\/wp\/v2\/pages\/90446"}],"wp:attachment":[{"href":"https:\/\/joyn.eu\/fr-fr\/wp-json\/wp\/v2\/media?parent=94947"}],"curies":[{"name":"wp","href":"https:\/\/api.w.org\/{rel}","templated":true}]}}