{"id":94537,"date":"2023-08-18T09:48:19","date_gmt":"2023-08-18T09:48:19","guid":{"rendered":"https:\/\/joyn.eu\/?page_id=94537"},"modified":"2025-04-25T14:02:54","modified_gmt":"2025-04-25T14:02:54","slug":"le-portail-marchand-joyn","status":"publish","type":"page","link":"https:\/\/joyn.eu\/fr-fr\/merchant-helpcenter\/le-portail-marchand-joyn\/","title":{"rendered":"Le portail marchand Joyn\u200b"},"content":{"rendered":"\t\t<div data-elementor-type=\"wp-page\" data-elementor-id=\"94537\" class=\"elementor elementor-94537\" data-elementor-post-type=\"page\">\n\t\t\t\t<div class=\"elementor-element elementor-element-2acb5af e-flex e-con-boxed e-con e-parent\" data-id=\"2acb5af\" data-element_type=\"container\" data-e-type=\"container\">\n\t\t\t\t\t<div class=\"e-con-inner\">\n\t\t\t\t<div class=\"elementor-element elementor-element-b646997 elementor-widget elementor-widget-qi_addons_for_elementor_blog_list\" data-id=\"b646997\" data-element_type=\"widget\" data-e-type=\"widget\" data-widget_type=\"qi_addons_for_elementor_blog_list.default\">\n\t\t\t\t<div class=\"elementor-widget-container\">\n\t\t\t\t\t<div class=\"qodef-shortcode qodef-m qodef-addons-blog-list qodef-info-no-icons qodef-image--hover-zoom qodef-qi-grid qodef-layout--qi-columns qodef-col-num--3 qodef-item-layout--boxed qodef-responsive--predefined\" >\n\t<div class=\"qodef-grid-inner\">\n\t\t<article class=\"qodef-e qodef-blog-item qodef-grid-item qodef-item--square post-93741 post type-post status-publish format-standard hentry category-le-portail-marchand-joyn category-merchant-helpcenter-fr\">\n\t<div class=\"qodef-e-inner\">\n\t\t<div class=\"qodef-e-media-holder\">\n\t\t\t<div class=\"qodef-e-media\">\n\t<\/div>\n<div itemprop=\"dateCreated\" class=\"qodef-e-info-item qodef-e-info-date entry-date \">\n\t<a itemprop=\"url\" href=\"https:\/\/joyn.eu\/fr-fr\/2023\/08\/\">\n\t\t18 Ao\u00fbt\t<\/a>\n<\/div>\n\t\t<\/div>\n\t\t<div class=\"qodef-e-content\">\n\t\t\t\t\t\t\t<div class=\"qodef-e-info qodef-info--top\">\n\t\t\t\t\t<div class=\"qodef-e-info-item qodef-e-info-author\">\n\t<a itemprop=\"author\" class=\"qodef-e-info-author-link\" href=\"https:\/\/joyn.eu\/fr-fr\/author\/rian-tavares\/\">\n\t\t\t\tRian Tavares\t<\/a>\n<\/div>\n\t\t\t\t<\/div>\n\t\t\t\t\t\t<div class=\"qodef-e-text\">\n\t\t\t\t<h5 itemprop=\"name\" class=\"qodef-e-title entry-title\">\n\t<a itemprop=\"url\" class=\"qodef-e-title-link\" href=\"https:\/\/joyn.eu\/fr-fr\/puis-je-avoir-un-apercu-de-toutes-les-recompenses-et-coupons-qui-ont-ete-enregistres-dans-le-portail-commercants-joyn\/\">\n\t\tPuis-je avoir un aper\u00e7u de toutes les r\u00e9compenses et coupons qui ont \u00e9t\u00e9 enregistr\u00e9s dans le portail commer\u00e7ants Joyn\u00a0?\t<\/a>\n<\/h5>\n\t\t<p itemprop=\"description\" class=\"qodef-e-excerpt\">\n\t\t\tOui, c\u2019est tr\u00e8s simple. Allez sur le portail commer\u00e7ants (business.joyn.eu) et connectez-vous. Allez dans l\u2019onglet \u00ab Transactions \u00bb. Cliquez sur le bouton \u00ab Rapports \u00bb da\t\t<\/p>\n\t\t\t\t<\/div>\n\t\t\t\t\t<\/div>\n\t<\/div>\n<\/article>\n<article class=\"qodef-e qodef-blog-item qodef-grid-item qodef-item--square post-93726 post type-post status-publish format-standard hentry category-le-portail-marchand-joyn category-merchant-helpcenter-fr\">\n\t<div class=\"qodef-e-inner\">\n\t\t<div class=\"qodef-e-media-holder\">\n\t\t\t<div class=\"qodef-e-media\">\n\t<\/div>\n<div itemprop=\"dateCreated\" class=\"qodef-e-info-item qodef-e-info-date entry-date \">\n\t<a itemprop=\"url\" href=\"https:\/\/joyn.eu\/fr-fr\/2023\/08\/\">\n\t\t18 Ao\u00fbt\t<\/a>\n<\/div>\n\t\t<\/div>\n\t\t<div class=\"qodef-e-content\">\n\t\t\t\t\t\t\t<div class=\"qodef-e-info qodef-info--top\">\n\t\t\t\t\t<div class=\"qodef-e-info-item qodef-e-info-author\">\n\t<a itemprop=\"author\" class=\"qodef-e-info-author-link\" href=\"https:\/\/joyn.eu\/fr-fr\/author\/rian-tavares\/\">\n\t\t\t\tRian Tavares\t<\/a>\n<\/div>\n\t\t\t\t<\/div>\n\t\t\t\t\t\t<div class=\"qodef-e-text\">\n\t\t\t\t<h5 itemprop=\"name\" class=\"qodef-e-title entry-title\">\n\t<a itemprop=\"url\" class=\"qodef-e-title-link\" href=\"https:\/\/joyn.eu\/fr-fr\/comment-puis-je-me-connecter-sur-le-portail-commercants-joyn\/\">\n\t\tComment puis-je me connecter sur le portail commer\u00e7ants Joyn\u00a0?\t<\/a>\n<\/h5>\n\t\t<p itemprop=\"description\" class=\"qodef-e-excerpt\">\n\t\t\tSe connecter sur le portail commer\u00e7ants Joyn est un jeu d\u2019enfant. Surfez sur business.joyn.eu\/sign-in. Connectez-vous avec les donn\u00e9es qui figurent dans l\u2019e-mail d\u2019inscript\t\t<\/p>\n\t\t\t\t<\/div>\n\t\t\t\t\t<\/div>\n\t<\/div>\n<\/article>\n<article class=\"qodef-e qodef-blog-item qodef-grid-item qodef-item--square post-93742 post type-post status-publish format-standard hentry category-le-portail-marchand-joyn category-merchant-helpcenter-fr\">\n\t<div class=\"qodef-e-inner\">\n\t\t<div class=\"qodef-e-media-holder\">\n\t\t\t<div class=\"qodef-e-media\">\n\t<\/div>\n<div itemprop=\"dateCreated\" class=\"qodef-e-info-item qodef-e-info-date entry-date \">\n\t<a itemprop=\"url\" href=\"https:\/\/joyn.eu\/fr-fr\/2023\/08\/\">\n\t\t18 Ao\u00fbt\t<\/a>\n<\/div>\n\t\t<\/div>\n\t\t<div class=\"qodef-e-content\">\n\t\t\t\t\t\t\t<div class=\"qodef-e-info qodef-info--top\">\n\t\t\t\t\t<div class=\"qodef-e-info-item qodef-e-info-author\">\n\t<a itemprop=\"author\" class=\"qodef-e-info-author-link\" href=\"https:\/\/joyn.eu\/fr-fr\/author\/rian-tavares\/\">\n\t\t\t\tRian Tavares\t<\/a>\n<\/div>\n\t\t\t\t<\/div>\n\t\t\t\t\t\t<div class=\"qodef-e-text\">\n\t\t\t\t<h5 itemprop=\"name\" class=\"qodef-e-title entry-title\">\n\t<a itemprop=\"url\" class=\"qodef-e-title-link\" href=\"https:\/\/joyn.eu\/fr-fr\/puis-je-trouver-une-preuve-des-transactions-dans-le-portail-commercants-joyn\/\">\n\t\tPuis-je trouver une preuve des transactions dans le portail commer\u00e7ants Joyn\u00a0?\t<\/a>\n<\/h5>\n\t\t<p itemprop=\"description\" class=\"qodef-e-excerpt\">\n\t\t\tOui, allez sur le portail commer\u00e7ants Joyn, puis allez dans \u00ab&nbsp;Transactions&nbsp;\u00bb et ensuite dans l\u2019onglet \u00ab&nbsp;Paiements&nbsp;\u00bb. Vous retrouverez toutes les transact\t\t<\/p>\n\t\t\t\t<\/div>\n\t\t\t\t\t<\/div>\n\t<\/div>\n<\/article>\n<article class=\"qodef-e qodef-blog-item qodef-grid-item qodef-item--square post-93727 post type-post status-publish format-standard hentry category-le-portail-marchand-joyn category-merchant-helpcenter-fr\">\n\t<div class=\"qodef-e-inner\">\n\t\t<div class=\"qodef-e-media-holder\">\n\t\t\t<div class=\"qodef-e-media\">\n\t<\/div>\n<div itemprop=\"dateCreated\" class=\"qodef-e-info-item qodef-e-info-date entry-date \">\n\t<a itemprop=\"url\" href=\"https:\/\/joyn.eu\/fr-fr\/2023\/08\/\">\n\t\t18 Ao\u00fbt\t<\/a>\n<\/div>\n\t\t<\/div>\n\t\t<div class=\"qodef-e-content\">\n\t\t\t\t\t\t\t<div class=\"qodef-e-info qodef-info--top\">\n\t\t\t\t\t<div class=\"qodef-e-info-item qodef-e-info-author\">\n\t<a itemprop=\"author\" class=\"qodef-e-info-author-link\" href=\"https:\/\/joyn.eu\/fr-fr\/author\/rian-tavares\/\">\n\t\t\t\tRian Tavares\t<\/a>\n<\/div>\n\t\t\t\t<\/div>\n\t\t\t\t\t\t<div class=\"qodef-e-text\">\n\t\t\t\t<h5 itemprop=\"name\" class=\"qodef-e-title entry-title\">\n\t<a itemprop=\"url\" class=\"qodef-e-title-link\" href=\"https:\/\/joyn.eu\/fr-fr\/comment-puis-je-modifier-mon-mot-de-passe-sur-le-portail-commercants-joyn\/\">\n\t\tComment puis-je modifier mon mot de passe sur le portail commer\u00e7ants Joyn\u00a0?\t<\/a>\n<\/h5>\n\t\t<p itemprop=\"description\" class=\"qodef-e-excerpt\">\n\t\t\tC\u2019est tr\u00e8s facile de modifier votre mot de passe sur le portail commer\u00e7ants Joyn. Suivez les \u00e9tapes suivantes&nbsp;: Surfez sur business.joyn.eu\/sign-in. Cliquez en dessous su\t\t<\/p>\n\t\t\t\t<\/div>\n\t\t\t\t\t<\/div>\n\t<\/div>\n<\/article>\n<article class=\"qodef-e qodef-blog-item qodef-grid-item qodef-item--square post-93728 post type-post status-publish format-standard hentry category-le-portail-marchand-joyn category-merchant-helpcenter-fr\">\n\t<div class=\"qodef-e-inner\">\n\t\t<div class=\"qodef-e-media-holder\">\n\t\t\t<div class=\"qodef-e-media\">\n\t<\/div>\n<div itemprop=\"dateCreated\" class=\"qodef-e-info-item qodef-e-info-date entry-date \">\n\t<a itemprop=\"url\" href=\"https:\/\/joyn.eu\/fr-fr\/2023\/08\/\">\n\t\t18 Ao\u00fbt\t<\/a>\n<\/div>\n\t\t<\/div>\n\t\t<div class=\"qodef-e-content\">\n\t\t\t\t\t\t\t<div class=\"qodef-e-info qodef-info--top\">\n\t\t\t\t\t<div class=\"qodef-e-info-item qodef-e-info-author\">\n\t<a itemprop=\"author\" class=\"qodef-e-info-author-link\" href=\"https:\/\/joyn.eu\/fr-fr\/author\/rian-tavares\/\">\n\t\t\t\tRian Tavares\t<\/a>\n<\/div>\n\t\t\t\t<\/div>\n\t\t\t\t\t\t<div class=\"qodef-e-text\">\n\t\t\t\t<h5 itemprop=\"name\" class=\"qodef-e-title entry-title\">\n\t<a itemprop=\"url\" class=\"qodef-e-title-link\" href=\"https:\/\/joyn.eu\/fr-fr\/jai-oublie-le-mot-de-passe-de-ma-joyn-business-app-et-du-portail-commercants-joyn-comment-le-reinitialiser\/\">\n\t\tJ\u2019ai oubli\u00e9 le mot de passe de ma Joyn Business app et du portail commer\u00e7ants Joyn. Comment le r\u00e9initialiser\u00a0?\t<\/a>\n<\/h5>\n\t\t<p itemprop=\"description\" class=\"qodef-e-excerpt\">\n\t\t\tPas de souci, \u00e7a arrive \u00e0 tout le monde.Heureusement, vous pouvez rapidement r\u00e9soudre ce petit souci&nbsp;! Surfez sur business.joyn.eu\/sign-in. Cliquez en dessous sur \u00ab Mot de\t\t<\/p>\n\t\t\t\t<\/div>\n\t\t\t\t\t<\/div>\n\t<\/div>\n<\/article>\n<article class=\"qodef-e qodef-blog-item qodef-grid-item qodef-item--square post-93729 post type-post status-publish format-standard hentry category-le-portail-marchand-joyn category-merchant-helpcenter-fr\">\n\t<div class=\"qodef-e-inner\">\n\t\t<div class=\"qodef-e-media-holder\">\n\t\t\t<div class=\"qodef-e-media\">\n\t<\/div>\n<div itemprop=\"dateCreated\" class=\"qodef-e-info-item qodef-e-info-date entry-date \">\n\t<a itemprop=\"url\" href=\"https:\/\/joyn.eu\/fr-fr\/2023\/08\/\">\n\t\t18 Ao\u00fbt\t<\/a>\n<\/div>\n\t\t<\/div>\n\t\t<div class=\"qodef-e-content\">\n\t\t\t\t\t\t\t<div class=\"qodef-e-info qodef-info--top\">\n\t\t\t\t\t<div class=\"qodef-e-info-item qodef-e-info-author\">\n\t<a itemprop=\"author\" class=\"qodef-e-info-author-link\" href=\"https:\/\/joyn.eu\/fr-fr\/author\/rian-tavares\/\">\n\t\t\t\tRian Tavares\t<\/a>\n<\/div>\n\t\t\t\t<\/div>\n\t\t\t\t\t\t<div class=\"qodef-e-text\">\n\t\t\t\t<h5 itemprop=\"name\" class=\"qodef-e-title entry-title\">\n\t<a itemprop=\"url\" class=\"qodef-e-title-link\" href=\"https:\/\/joyn.eu\/fr-fr\/puis-je-exporter-mon-fichier-clients\/\">\n\t\tPuis-je exporter mon fichier clients\u00a0?\t<\/a>\n<\/h5>\n\t\t<p itemprop=\"description\" class=\"qodef-e-excerpt\">\n\t\t\tPour obtenir un export de votre fichier clients, vous devez d\u2019abord compl\u00e9ter le formulaire sur https:\/\/www.joyn.eu\/fr-be\/export. Une fois le document compl\u00e9t\u00e9, nous vous enve\t\t<\/p>\n\t\t\t\t<\/div>\n\t\t\t\t\t<\/div>\n\t<\/div>\n<\/article>\n<article class=\"qodef-e qodef-blog-item qodef-grid-item qodef-item--square post-93730 post type-post status-publish format-standard hentry category-le-portail-marchand-joyn category-merchant-helpcenter-fr\">\n\t<div class=\"qodef-e-inner\">\n\t\t<div class=\"qodef-e-media-holder\">\n\t\t\t<div class=\"qodef-e-media\">\n\t<\/div>\n<div itemprop=\"dateCreated\" class=\"qodef-e-info-item qodef-e-info-date entry-date \">\n\t<a itemprop=\"url\" href=\"https:\/\/joyn.eu\/fr-fr\/2023\/08\/\">\n\t\t18 Ao\u00fbt\t<\/a>\n<\/div>\n\t\t<\/div>\n\t\t<div class=\"qodef-e-content\">\n\t\t\t\t\t\t\t<div class=\"qodef-e-info qodef-info--top\">\n\t\t\t\t\t<div class=\"qodef-e-info-item qodef-e-info-author\">\n\t<a itemprop=\"author\" class=\"qodef-e-info-author-link\" href=\"https:\/\/joyn.eu\/fr-fr\/author\/rian-tavares\/\">\n\t\t\t\tRian Tavares\t<\/a>\n<\/div>\n\t\t\t\t<\/div>\n\t\t\t\t\t\t<div class=\"qodef-e-text\">\n\t\t\t\t<h5 itemprop=\"name\" class=\"qodef-e-title entry-title\">\n\t<a itemprop=\"url\" class=\"qodef-e-title-link\" href=\"https:\/\/joyn.eu\/fr-fr\/puis-je-deduire-des-points-de-mon-portail-commercants-joyn\/\">\n\t\tPuis-je d\u00e9duire des points de mon portail commer\u00e7ants Joyn\u00a0?\t<\/a>\n<\/h5>\n\t\t<p itemprop=\"description\" class=\"qodef-e-excerpt\">\n\t\t\tD\u00e9duire des points est impossible, mais vous pouvez supprimer une transaction. Voici comment faire : Connectez-vous sur business.joyn.eu. Ouvrez l\u2019onglet \u00ab Transactions \u00bb et c\t\t<\/p>\n\t\t\t\t<\/div>\n\t\t\t\t\t<\/div>\n\t<\/div>\n<\/article>\n<article class=\"qodef-e qodef-blog-item qodef-grid-item qodef-item--square post-93731 post type-post status-publish format-standard hentry category-le-portail-marchand-joyn category-merchant-helpcenter-fr\">\n\t<div class=\"qodef-e-inner\">\n\t\t<div class=\"qodef-e-media-holder\">\n\t\t\t<div class=\"qodef-e-media\">\n\t<\/div>\n<div itemprop=\"dateCreated\" class=\"qodef-e-info-item qodef-e-info-date entry-date \">\n\t<a itemprop=\"url\" href=\"https:\/\/joyn.eu\/fr-fr\/2023\/08\/\">\n\t\t18 Ao\u00fbt\t<\/a>\n<\/div>\n\t\t<\/div>\n\t\t<div class=\"qodef-e-content\">\n\t\t\t\t\t\t\t<div class=\"qodef-e-info qodef-info--top\">\n\t\t\t\t\t<div class=\"qodef-e-info-item qodef-e-info-author\">\n\t<a itemprop=\"author\" class=\"qodef-e-info-author-link\" href=\"https:\/\/joyn.eu\/fr-fr\/author\/rian-tavares\/\">\n\t\t\t\tRian Tavares\t<\/a>\n<\/div>\n\t\t\t\t<\/div>\n\t\t\t\t\t\t<div class=\"qodef-e-text\">\n\t\t\t\t<h5 itemprop=\"name\" class=\"qodef-e-title entry-title\">\n\t<a itemprop=\"url\" class=\"qodef-e-title-link\" href=\"https:\/\/joyn.eu\/fr-fr\/quel-est-lavantage-pour-les-clients-qui-enregistrent-leur-carte-ou-installent-lapp\/\">\n\t\tQuel est l\u2019avantage pour les clients qui enregistrent leur carte ou installent l\u2019app ?\t<\/a>\n<\/h5>\n\t\t<p itemprop=\"description\" class=\"qodef-e-excerpt\">\n\t\t\tL\u2019enregistrement pr\u00e9sente non seulement des avantages pour vous en tant que commer\u00e7ant mais aussi pour vos clients. Ils restent toujours inform\u00e9s&nbsp;! Si vous organisez une\t\t<\/p>\n\t\t\t\t<\/div>\n\t\t\t\t\t<\/div>\n\t<\/div>\n<\/article>\n<article class=\"qodef-e qodef-blog-item qodef-grid-item qodef-item--square post-93732 post type-post status-publish format-standard hentry category-le-portail-marchand-joyn category-merchant-helpcenter-fr\">\n\t<div class=\"qodef-e-inner\">\n\t\t<div class=\"qodef-e-media-holder\">\n\t\t\t<div class=\"qodef-e-media\">\n\t<\/div>\n<div itemprop=\"dateCreated\" class=\"qodef-e-info-item qodef-e-info-date entry-date \">\n\t<a itemprop=\"url\" href=\"https:\/\/joyn.eu\/fr-fr\/2023\/08\/\">\n\t\t18 Ao\u00fbt\t<\/a>\n<\/div>\n\t\t<\/div>\n\t\t<div class=\"qodef-e-content\">\n\t\t\t\t\t\t\t<div class=\"qodef-e-info qodef-info--top\">\n\t\t\t\t\t<div class=\"qodef-e-info-item qodef-e-info-author\">\n\t<a itemprop=\"author\" class=\"qodef-e-info-author-link\" href=\"https:\/\/joyn.eu\/fr-fr\/author\/rian-tavares\/\">\n\t\t\t\tRian Tavares\t<\/a>\n<\/div>\n\t\t\t\t<\/div>\n\t\t\t\t\t\t<div class=\"qodef-e-text\">\n\t\t\t\t<h5 itemprop=\"name\" class=\"qodef-e-title entry-title\">\n\t<a itemprop=\"url\" class=\"qodef-e-title-link\" href=\"https:\/\/joyn.eu\/fr-fr\/comment-puis-je-voir-la-difference-entre-les-clients-enregistres-ou-non\/\">\n\t\tComment puis-je voir la diff\u00e9rence entre les clients enregistr\u00e9s ou non\u00a0?\t<\/a>\n<\/h5>\n\t\t<p itemprop=\"description\" class=\"qodef-e-excerpt\">\n\t\t\tVous voyez des tirets dans votre fichier clients pour le nom&nbsp;? Cela signifie que votre client n\u2019est pas encore enregistr\u00e9. Vos clients \u00e9pargnent des points mais il manque\t\t<\/p>\n\t\t\t\t<\/div>\n\t\t\t\t\t<\/div>\n\t<\/div>\n<\/article>\n\t<\/div>\n\t\t<div class=\"qodef-addons-m-pagination qodef--standard\">\n\t\t<nav class=\"navigation pagination\" role=\"navigation\" aria-label=\"Articles\">\n\t\t\t<h2 class=\"screen-reader-text\">Navigation d\u2019articles<\/h2>\n\t\t\t<div class=\"nav-links\">\n\t\t\t\t<span aria-current=\"page\" class=\"page-numbers current\">1<\/span>\n<a class=\"page-numbers\" href=\"https:\/\/joyn.eu\/fr-fr\/wp-json\/wp\/v2\/pages\/94537\/page\/2\/\">2<\/a>\n<a class=\"page-numbers\" href=\"https:\/\/joyn.eu\/fr-fr\/wp-json\/wp\/v2\/pages\/94537\/page\/3\/\">3<\/a>\n<span class=\"page-numbers dots\">\u2026<\/span>\n<a class=\"page-numbers\" href=\"https:\/\/joyn.eu\/fr-fr\/wp-json\/wp\/v2\/pages\/94537\/page\/13\/\">13<\/a>\n<a class=\"next page-numbers\" href=\"https:\/\/joyn.eu\/fr-fr\/wp-json\/wp\/v2\/pages\/94537\/page\/2\/\"><svg class=\"qodef-m-pagination-icon\" xmlns=\"http:\/\/www.w3.org\/2000\/svg\" x=\"0px\" y=\"0px\" viewBox=\"0 0 34.2 32.3\" xml:space=\"preserve\" style=\"stroke-width: 2;\"><line x1=\"0\" y1=\"16\" x2=\"33\" y2=\"16\"\/><line x1=\"17.3\" y1=\"0.7\" x2=\"33.2\" y2=\"16.5\"\/><line x1=\"17.3\" y1=\"31.6\" x2=\"33.5\" y2=\"15.4\"\/><\/svg><\/a>\t\t\t<\/div>\n\t\t<\/nav>\n\t<\/div>\n<\/div>\n\t\t\t\t<\/div>\n\t\t\t\t<\/div>\n\t\t\t\t\t<\/div>\n\t\t\t\t<\/div>\n\t\t\t\t<\/div>\n\t\t","protected":false},"excerpt":{"rendered":"<p>18 Aug Rian Tavares Puis-je avoir un aper\u00e7u de toutes les r\u00e9compenses et coupons qui ont \u00e9t\u00e9 enregistr\u00e9s dans le portail commer\u00e7ants Joyn\u00a0? Oui, c\u2019est tr\u00e8s simple. Allez sur le portail commer\u00e7ants (business.joyn.eu) et connectez-vous. Allez dans l\u2019onglet \u00ab Transactions \u00bb. Cliquez sur le bouton \u00ab Rappor 18 Aug Rian Tavares Comment puis-je me connecter [&hellip;]<\/p>\n","protected":false},"author":32,"featured_media":0,"parent":90446,"menu_order":0,"comment_status":"closed","ping_status":"closed","template":"","meta":{"_acf_changed":false,"inline_featured_image":false,"footnotes":""},"class_list":["post-94537","page","type-page","status-publish","hentry"],"acf":[],"yoast_head":"<!-- This site is optimized with the Yoast SEO plugin v27.3 - https:\/\/yoast.com\/product\/yoast-seo-wordpress\/ -->\n<title>Le portail marchand Joyn\u200b - Joyn<\/title>\n<meta name=\"robots\" content=\"index, follow, max-snippet:-1, max-image-preview:large, max-video-preview:-1\" \/>\n<link rel=\"canonical\" href=\"https:\/\/joyn.eu\/fr-fr\/merchant-helpcenter\/le-portail-marchand-joyn\/\" \/>\n<meta property=\"og:locale\" content=\"fr_FR\" \/>\n<meta property=\"og:type\" content=\"article\" \/>\n<meta property=\"og:title\" content=\"Le portail marchand Joyn\u200b - Joyn\" \/>\n<meta property=\"og:description\" content=\"18 Aug Rian Tavares Puis-je avoir un aper\u00e7u de toutes les r\u00e9compenses et coupons qui ont \u00e9t\u00e9 enregistr\u00e9s dans le portail commer\u00e7ants Joyn\u00a0? Oui, c\u2019est tr\u00e8s simple. Allez sur le portail commer\u00e7ants (business.joyn.eu) et connectez-vous. Allez dans l\u2019onglet \u00ab Transactions \u00bb. Cliquez sur le bouton \u00ab Rappor 18 Aug Rian Tavares Comment puis-je me connecter [&hellip;]\" \/>\n<meta property=\"og:url\" content=\"https:\/\/joyn.eu\/fr-fr\/merchant-helpcenter\/le-portail-marchand-joyn\/\" \/>\n<meta property=\"og:site_name\" content=\"Joyn\" \/>\n<meta property=\"article:modified_time\" content=\"2025-04-25T14:02:54+00:00\" \/>\n<meta name=\"twitter:card\" content=\"summary_large_image\" \/>\n<meta name=\"twitter:label1\" content=\"Dur\u00e9e de lecture estim\u00e9e\" \/>\n\t<meta name=\"twitter:data1\" content=\"2 minutes\" \/>\n<script type=\"application\/ld+json\" class=\"yoast-schema-graph\">{\"@context\":\"https:\\\/\\\/schema.org\",\"@graph\":[{\"@type\":\"WebPage\",\"@id\":\"https:\\\/\\\/joyn.eu\\\/fr-fr\\\/merchant-helpcenter\\\/le-portail-marchand-joyn\\\/\",\"url\":\"https:\\\/\\\/joyn.eu\\\/fr-fr\\\/merchant-helpcenter\\\/le-portail-marchand-joyn\\\/\",\"name\":\"Le portail marchand Joyn\u200b - Joyn\",\"isPartOf\":{\"@id\":\"https:\\\/\\\/joyn.eu\\\/fr-fr\\\/#website\"},\"datePublished\":\"2023-08-18T09:48:19+00:00\",\"dateModified\":\"2025-04-25T14:02:54+00:00\",\"breadcrumb\":{\"@id\":\"https:\\\/\\\/joyn.eu\\\/fr-fr\\\/merchant-helpcenter\\\/le-portail-marchand-joyn\\\/#breadcrumb\"},\"inLanguage\":\"fr-FR\",\"potentialAction\":[{\"@type\":\"ReadAction\",\"target\":[\"https:\\\/\\\/joyn.eu\\\/fr-fr\\\/merchant-helpcenter\\\/le-portail-marchand-joyn\\\/\"]}]},{\"@type\":\"BreadcrumbList\",\"@id\":\"https:\\\/\\\/joyn.eu\\\/fr-fr\\\/merchant-helpcenter\\\/le-portail-marchand-joyn\\\/#breadcrumb\",\"itemListElement\":[{\"@type\":\"ListItem\",\"position\":1,\"name\":\"Home\",\"item\":\"https:\\\/\\\/joyn.eu\\\/fr-fr\\\/home-merchant-new\\\/\"},{\"@type\":\"ListItem\",\"position\":2,\"name\":\"Merchant Helpcenter\",\"item\":\"https:\\\/\\\/joyn.eu\\\/fr-fr\\\/merchant-helpcenter\\\/\"},{\"@type\":\"ListItem\",\"position\":3,\"name\":\"Le portail marchand Joyn\u200b\"}]},{\"@type\":\"WebSite\",\"@id\":\"https:\\\/\\\/joyn.eu\\\/fr-fr\\\/#website\",\"url\":\"https:\\\/\\\/joyn.eu\\\/fr-fr\\\/\",\"name\":\"Joyn\",\"description\":\"Just another WordPress site\",\"publisher\":{\"@id\":\"https:\\\/\\\/joyn.eu\\\/fr-fr\\\/#organization\"},\"potentialAction\":[{\"@type\":\"SearchAction\",\"target\":{\"@type\":\"EntryPoint\",\"urlTemplate\":\"https:\\\/\\\/joyn.eu\\\/fr-fr\\\/?s={search_term_string}\"},\"query-input\":{\"@type\":\"PropertyValueSpecification\",\"valueRequired\":true,\"valueName\":\"search_term_string\"}}],\"inLanguage\":\"fr-FR\"},{\"@type\":\"Organization\",\"@id\":\"https:\\\/\\\/joyn.eu\\\/fr-fr\\\/#organization\",\"name\":\"Joyn\",\"url\":\"https:\\\/\\\/joyn.eu\\\/fr-fr\\\/\",\"logo\":{\"@type\":\"ImageObject\",\"inLanguage\":\"fr-FR\",\"@id\":\"https:\\\/\\\/joyn.eu\\\/fr-fr\\\/#\\\/schema\\\/logo\\\/image\\\/\",\"url\":\"https:\\\/\\\/joyn.eu\\\/wp-content\\\/uploads\\\/2021\\\/02\\\/Blue-green-h40.png\",\"contentUrl\":\"https:\\\/\\\/joyn.eu\\\/wp-content\\\/uploads\\\/2021\\\/02\\\/Blue-green-h40.png\",\"width\":83,\"height\":40,\"caption\":\"Joyn\"},\"image\":{\"@id\":\"https:\\\/\\\/joyn.eu\\\/fr-fr\\\/#\\\/schema\\\/logo\\\/image\\\/\"}}]}<\/script>\n<!-- \/ Yoast SEO plugin. -->","yoast_head_json":{"title":"Le portail marchand Joyn\u200b - Joyn","robots":{"index":"index","follow":"follow","max-snippet":"max-snippet:-1","max-image-preview":"max-image-preview:large","max-video-preview":"max-video-preview:-1"},"canonical":"https:\/\/joyn.eu\/fr-fr\/merchant-helpcenter\/le-portail-marchand-joyn\/","og_locale":"fr_FR","og_type":"article","og_title":"Le portail marchand Joyn\u200b - Joyn","og_description":"18 Aug Rian Tavares Puis-je avoir un aper\u00e7u de toutes les r\u00e9compenses et coupons qui ont \u00e9t\u00e9 enregistr\u00e9s dans le portail commer\u00e7ants Joyn\u00a0? Oui, c\u2019est tr\u00e8s simple. Allez sur le portail commer\u00e7ants (business.joyn.eu) et connectez-vous. Allez dans l\u2019onglet \u00ab Transactions \u00bb. Cliquez sur le bouton \u00ab Rappor 18 Aug Rian Tavares Comment puis-je me connecter [&hellip;]","og_url":"https:\/\/joyn.eu\/fr-fr\/merchant-helpcenter\/le-portail-marchand-joyn\/","og_site_name":"Joyn","article_modified_time":"2025-04-25T14:02:54+00:00","twitter_card":"summary_large_image","twitter_misc":{"Dur\u00e9e de lecture estim\u00e9e":"2 minutes"},"schema":{"@context":"https:\/\/schema.org","@graph":[{"@type":"WebPage","@id":"https:\/\/joyn.eu\/fr-fr\/merchant-helpcenter\/le-portail-marchand-joyn\/","url":"https:\/\/joyn.eu\/fr-fr\/merchant-helpcenter\/le-portail-marchand-joyn\/","name":"Le portail marchand Joyn\u200b - Joyn","isPartOf":{"@id":"https:\/\/joyn.eu\/fr-fr\/#website"},"datePublished":"2023-08-18T09:48:19+00:00","dateModified":"2025-04-25T14:02:54+00:00","breadcrumb":{"@id":"https:\/\/joyn.eu\/fr-fr\/merchant-helpcenter\/le-portail-marchand-joyn\/#breadcrumb"},"inLanguage":"fr-FR","potentialAction":[{"@type":"ReadAction","target":["https:\/\/joyn.eu\/fr-fr\/merchant-helpcenter\/le-portail-marchand-joyn\/"]}]},{"@type":"BreadcrumbList","@id":"https:\/\/joyn.eu\/fr-fr\/merchant-helpcenter\/le-portail-marchand-joyn\/#breadcrumb","itemListElement":[{"@type":"ListItem","position":1,"name":"Home","item":"https:\/\/joyn.eu\/fr-fr\/home-merchant-new\/"},{"@type":"ListItem","position":2,"name":"Merchant Helpcenter","item":"https:\/\/joyn.eu\/fr-fr\/merchant-helpcenter\/"},{"@type":"ListItem","position":3,"name":"Le portail marchand Joyn\u200b"}]},{"@type":"WebSite","@id":"https:\/\/joyn.eu\/fr-fr\/#website","url":"https:\/\/joyn.eu\/fr-fr\/","name":"Joyn","description":"Just another WordPress site","publisher":{"@id":"https:\/\/joyn.eu\/fr-fr\/#organization"},"potentialAction":[{"@type":"SearchAction","target":{"@type":"EntryPoint","urlTemplate":"https:\/\/joyn.eu\/fr-fr\/?s={search_term_string}"},"query-input":{"@type":"PropertyValueSpecification","valueRequired":true,"valueName":"search_term_string"}}],"inLanguage":"fr-FR"},{"@type":"Organization","@id":"https:\/\/joyn.eu\/fr-fr\/#organization","name":"Joyn","url":"https:\/\/joyn.eu\/fr-fr\/","logo":{"@type":"ImageObject","inLanguage":"fr-FR","@id":"https:\/\/joyn.eu\/fr-fr\/#\/schema\/logo\/image\/","url":"https:\/\/joyn.eu\/wp-content\/uploads\/2021\/02\/Blue-green-h40.png","contentUrl":"https:\/\/joyn.eu\/wp-content\/uploads\/2021\/02\/Blue-green-h40.png","width":83,"height":40,"caption":"Joyn"},"image":{"@id":"https:\/\/joyn.eu\/fr-fr\/#\/schema\/logo\/image\/"}}]}},"_links":{"self":[{"href":"https:\/\/joyn.eu\/fr-fr\/wp-json\/wp\/v2\/pages\/94537","targetHints":{"allow":["GET"]}}],"collection":[{"href":"https:\/\/joyn.eu\/fr-fr\/wp-json\/wp\/v2\/pages"}],"about":[{"href":"https:\/\/joyn.eu\/fr-fr\/wp-json\/wp\/v2\/types\/page"}],"author":[{"embeddable":true,"href":"https:\/\/joyn.eu\/fr-fr\/wp-json\/wp\/v2\/users\/32"}],"replies":[{"embeddable":true,"href":"https:\/\/joyn.eu\/fr-fr\/wp-json\/wp\/v2\/comments?post=94537"}],"version-history":[{"count":4,"href":"https:\/\/joyn.eu\/fr-fr\/wp-json\/wp\/v2\/pages\/94537\/revisions"}],"predecessor-version":[{"id":106280,"href":"https:\/\/joyn.eu\/fr-fr\/wp-json\/wp\/v2\/pages\/94537\/revisions\/106280"}],"up":[{"embeddable":true,"href":"https:\/\/joyn.eu\/fr-fr\/wp-json\/wp\/v2\/pages\/90446"}],"wp:attachment":[{"href":"https:\/\/joyn.eu\/fr-fr\/wp-json\/wp\/v2\/media?parent=94537"}],"curies":[{"name":"wp","href":"https:\/\/api.w.org\/{rel}","templated":true}]}}