{"id":94520,"date":"2023-08-15T00:57:11","date_gmt":"2023-08-15T00:57:11","guid":{"rendered":"https:\/\/joyn.eu\/merchant-helpcenter\/over-joyn\/"},"modified":"2025-04-25T13:59:43","modified_gmt":"2025-04-25T13:59:43","slug":"a-propos-de-joyn","status":"publish","type":"page","link":"https:\/\/joyn.eu\/fr-fr\/merchant-helpcenter\/a-propos-de-joyn\/","title":{"rendered":"\u00c0 propos de Joyn"},"content":{"rendered":"\t\t<div data-elementor-type=\"wp-page\" data-elementor-id=\"94520\" class=\"elementor elementor-94520 elementor-91141\" data-elementor-post-type=\"page\">\n\t\t\t\t<div class=\"elementor-element elementor-element-2acb5af e-flex e-con-boxed e-con e-parent\" data-id=\"2acb5af\" data-element_type=\"container\" data-e-type=\"container\">\n\t\t\t\t\t<div class=\"e-con-inner\">\n\t\t\t\t<div class=\"elementor-element elementor-element-b646997 elementor-widget elementor-widget-qi_addons_for_elementor_blog_list\" data-id=\"b646997\" data-element_type=\"widget\" data-e-type=\"widget\" data-widget_type=\"qi_addons_for_elementor_blog_list.default\">\n\t\t\t\t<div class=\"elementor-widget-container\">\n\t\t\t\t\t<div class=\"qodef-shortcode qodef-m qodef-addons-blog-list qodef-info-no-icons qodef-image--hover-zoom qodef-qi-grid qodef-layout--qi-columns qodef-col-num--3 qodef-item-layout--boxed qodef-responsive--predefined\" >\n\t<div class=\"qodef-grid-inner\">\n\t\t<article class=\"qodef-e qodef-blog-item qodef-grid-item qodef-item--square post-93763 post type-post status-publish format-standard hentry category-a-propos-de-joyn-mh category-merchant-helpcenter-fr\">\n\t<div class=\"qodef-e-inner\">\n\t\t<div class=\"qodef-e-media-holder\">\n\t\t\t<div class=\"qodef-e-media\">\n\t<\/div>\n<div itemprop=\"dateCreated\" class=\"qodef-e-info-item qodef-e-info-date entry-date \">\n\t<a itemprop=\"url\" href=\"https:\/\/joyn.eu\/fr-fr\/2023\/08\/\">\n\t\t18 Ao\u00fbt\t<\/a>\n<\/div>\n\t\t<\/div>\n\t\t<div class=\"qodef-e-content\">\n\t\t\t\t\t\t\t<div class=\"qodef-e-info qodef-info--top\">\n\t\t\t\t\t<div class=\"qodef-e-info-item qodef-e-info-author\">\n\t<a itemprop=\"author\" class=\"qodef-e-info-author-link\" href=\"https:\/\/joyn.eu\/fr-fr\/author\/rian-tavares\/\">\n\t\t\t\tRian Tavares\t<\/a>\n<\/div>\n\t\t\t\t<\/div>\n\t\t\t\t\t\t<div class=\"qodef-e-text\">\n\t\t\t\t<h5 itemprop=\"name\" class=\"qodef-e-title entry-title\">\n\t<a itemprop=\"url\" class=\"qodef-e-title-link\" href=\"https:\/\/joyn.eu\/fr-fr\/joyn-cest-quoi-2\/\">\n\t\tJoyn, c&rsquo;est quoi\u00a0?\t<\/a>\n<\/h5>\n\t\t<p itemprop=\"description\" class=\"qodef-e-excerpt\">\n\t\t\tJoyn est une plateforme de fid\u00e9lisation et un leader sur le march\u00e9 en Belgique.Gr\u00e2ce \u00e0 une carte de fid\u00e9lit\u00e9 digitale, une plateforme conviviale et des services compl\u00e9mentai\t\t<\/p>\n\t\t\t\t<\/div>\n\t\t\t\t\t<\/div>\n\t<\/div>\n<\/article>\n<article class=\"qodef-e qodef-blog-item qodef-grid-item qodef-item--square post-93772 post type-post status-publish format-standard hentry category-a-propos-de-joyn-mh category-merchant-helpcenter-fr\">\n\t<div class=\"qodef-e-inner\">\n\t\t<div class=\"qodef-e-media-holder\">\n\t\t\t<div class=\"qodef-e-media\">\n\t<\/div>\n<div itemprop=\"dateCreated\" class=\"qodef-e-info-item qodef-e-info-date entry-date \">\n\t<a itemprop=\"url\" href=\"https:\/\/joyn.eu\/fr-fr\/2023\/08\/\">\n\t\t18 Ao\u00fbt\t<\/a>\n<\/div>\n\t\t<\/div>\n\t\t<div class=\"qodef-e-content\">\n\t\t\t\t\t\t\t<div class=\"qodef-e-info qodef-info--top\">\n\t\t\t\t\t<div class=\"qodef-e-info-item qodef-e-info-author\">\n\t<a itemprop=\"author\" class=\"qodef-e-info-author-link\" href=\"https:\/\/joyn.eu\/fr-fr\/author\/rian-tavares\/\">\n\t\t\t\tRian Tavares\t<\/a>\n<\/div>\n\t\t\t\t<\/div>\n\t\t\t\t\t\t<div class=\"qodef-e-text\">\n\t\t\t\t<h5 itemprop=\"name\" class=\"qodef-e-title entry-title\">\n\t<a itemprop=\"url\" class=\"qodef-e-title-link\" href=\"https:\/\/joyn.eu\/fr-fr\/qui-se-cache-derriere-joyn\/\">\n\t\tQui se cache derri\u00e8re Joyn\u00a0?\t<\/a>\n<\/h5>\n\t\t<p itemprop=\"description\" class=\"qodef-e-excerpt\">\n\t\t\tJoyn a \u00e9t\u00e9 cr\u00e9\u00e9 en 2014 sous le nom \u00ab&nbsp;CityLife&nbsp;\u00bb, une spin-off de Mobile Vikings. La vision des cr\u00e9ateurs Frank Bekkers et Koen Desmedt \u00e9tait la suivante&nbsp;: R\t\t<\/p>\n\t\t\t\t<\/div>\n\t\t\t\t\t<\/div>\n\t<\/div>\n<\/article>\n<article class=\"qodef-e qodef-blog-item qodef-grid-item qodef-item--square post-93775 post type-post status-publish format-standard hentry category-a-propos-de-joyn-mh category-merchant-helpcenter-fr\">\n\t<div class=\"qodef-e-inner\">\n\t\t<div class=\"qodef-e-media-holder\">\n\t\t\t<div class=\"qodef-e-media\">\n\t<\/div>\n<div itemprop=\"dateCreated\" class=\"qodef-e-info-item qodef-e-info-date entry-date \">\n\t<a itemprop=\"url\" href=\"https:\/\/joyn.eu\/fr-fr\/2023\/08\/\">\n\t\t18 Ao\u00fbt\t<\/a>\n<\/div>\n\t\t<\/div>\n\t\t<div class=\"qodef-e-content\">\n\t\t\t\t\t\t\t<div class=\"qodef-e-info qodef-info--top\">\n\t\t\t\t\t<div class=\"qodef-e-info-item qodef-e-info-author\">\n\t<a itemprop=\"author\" class=\"qodef-e-info-author-link\" href=\"https:\/\/joyn.eu\/fr-fr\/author\/rian-tavares\/\">\n\t\t\t\tRian Tavares\t<\/a>\n<\/div>\n\t\t\t\t<\/div>\n\t\t\t\t\t\t<div class=\"qodef-e-text\">\n\t\t\t\t<h5 itemprop=\"name\" class=\"qodef-e-title entry-title\">\n\t<a itemprop=\"url\" class=\"qodef-e-title-link\" href=\"https:\/\/joyn.eu\/fr-fr\/quels-sont-les-avantages-de-joyn-compare-aux-autres-programmes-de-fidelite\/\">\n\t\tQuels sont les avantages de Joyn compar\u00e9 aux autres programmes de fid\u00e9lit\u00e9\u00a0?\t<\/a>\n<\/h5>\n\t\t<p itemprop=\"description\" class=\"qodef-e-excerpt\">\n\t\t\tLe programme de fid\u00e9lit\u00e9 de Joyn est tr\u00e8s avantageux, tant pour vous que pour vos clients. En tant que leader du march\u00e9 europ\u00e9en dans les programmes de fid\u00e9lit\u00e9, il vous off\t\t<\/p>\n\t\t\t\t<\/div>\n\t\t\t\t\t<\/div>\n\t<\/div>\n<\/article>\n<article class=\"qodef-e qodef-blog-item qodef-grid-item qodef-item--square post-93777 post type-post status-publish format-standard hentry category-a-propos-de-joyn-mh category-merchant-helpcenter-fr\">\n\t<div class=\"qodef-e-inner\">\n\t\t<div class=\"qodef-e-media-holder\">\n\t\t\t<div class=\"qodef-e-media\">\n\t<\/div>\n<div itemprop=\"dateCreated\" class=\"qodef-e-info-item qodef-e-info-date entry-date \">\n\t<a itemprop=\"url\" href=\"https:\/\/joyn.eu\/fr-fr\/2023\/08\/\">\n\t\t18 Ao\u00fbt\t<\/a>\n<\/div>\n\t\t<\/div>\n\t\t<div class=\"qodef-e-content\">\n\t\t\t\t\t\t\t<div class=\"qodef-e-info qodef-info--top\">\n\t\t\t\t\t<div class=\"qodef-e-info-item qodef-e-info-author\">\n\t<a itemprop=\"author\" class=\"qodef-e-info-author-link\" href=\"https:\/\/joyn.eu\/fr-fr\/author\/rian-tavares\/\">\n\t\t\t\tRian Tavares\t<\/a>\n<\/div>\n\t\t\t\t<\/div>\n\t\t\t\t\t\t<div class=\"qodef-e-text\">\n\t\t\t\t<h5 itemprop=\"name\" class=\"qodef-e-title entry-title\">\n\t<a itemprop=\"url\" class=\"qodef-e-title-link\" href=\"https:\/\/joyn.eu\/fr-fr\/en-quoi-joyn-se-distingue-t-il-des-autres-programmes-de-fidelite-2\/\">\n\t\tEn quoi Joyn se distingue-t-il des autres programmes de fid\u00e9lit\u00e9\u00a0?\t<\/a>\n<\/h5>\n\t\t<p itemprop=\"description\" class=\"qodef-e-excerpt\">\n\t\t\tLa grande diff\u00e9rence avec les autres programmes de fid\u00e9lit\u00e9, c\u2019est que Joyn propose une plateforme globale pour les commer\u00e7ants. Fini d\u2019utiliser votre propre programme de f\t\t<\/p>\n\t\t\t\t<\/div>\n\t\t\t\t\t<\/div>\n\t<\/div>\n<\/article>\n<article class=\"qodef-e qodef-blog-item qodef-grid-item qodef-item--square post-93779 post type-post status-publish format-standard hentry category-a-propos-de-joyn-mh category-merchant-helpcenter-fr\">\n\t<div class=\"qodef-e-inner\">\n\t\t<div class=\"qodef-e-media-holder\">\n\t\t\t<div class=\"qodef-e-media\">\n\t<\/div>\n<div itemprop=\"dateCreated\" class=\"qodef-e-info-item qodef-e-info-date entry-date \">\n\t<a itemprop=\"url\" href=\"https:\/\/joyn.eu\/fr-fr\/2023\/08\/\">\n\t\t18 Ao\u00fbt\t<\/a>\n<\/div>\n\t\t<\/div>\n\t\t<div class=\"qodef-e-content\">\n\t\t\t\t\t\t\t<div class=\"qodef-e-info qodef-info--top\">\n\t\t\t\t\t<div class=\"qodef-e-info-item qodef-e-info-author\">\n\t<a itemprop=\"author\" class=\"qodef-e-info-author-link\" href=\"https:\/\/joyn.eu\/fr-fr\/author\/rian-tavares\/\">\n\t\t\t\tRian Tavares\t<\/a>\n<\/div>\n\t\t\t\t<\/div>\n\t\t\t\t\t\t<div class=\"qodef-e-text\">\n\t\t\t\t<h5 itemprop=\"name\" class=\"qodef-e-title entry-title\">\n\t<a itemprop=\"url\" class=\"qodef-e-title-link\" href=\"https:\/\/joyn.eu\/fr-fr\/qui-utilise-joyn-2\/\">\n\t\tQui utilise Joyn\u00a0?\t<\/a>\n<\/h5>\n\t\t<p itemprop=\"description\" class=\"qodef-e-excerpt\">\n\t\t\tBoulangers, fleuristes, chocolatiers, exploitants horeca, coiffeurs, p\u00e2tissiers, bouchers et encore bien d\u2019autres. Les commer\u00e7ants avec un seul \u00e9tablissement ou plusieurs sont\t\t<\/p>\n\t\t\t\t<\/div>\n\t\t\t\t\t<\/div>\n\t<\/div>\n<\/article>\n<article class=\"qodef-e qodef-blog-item qodef-grid-item qodef-item--square post-93780 post type-post status-publish format-standard hentry category-a-propos-de-joyn-mh category-merchant-helpcenter-fr\">\n\t<div class=\"qodef-e-inner\">\n\t\t<div class=\"qodef-e-media-holder\">\n\t\t\t<div class=\"qodef-e-media\">\n\t<\/div>\n<div itemprop=\"dateCreated\" class=\"qodef-e-info-item qodef-e-info-date entry-date \">\n\t<a itemprop=\"url\" href=\"https:\/\/joyn.eu\/fr-fr\/2023\/08\/\">\n\t\t18 Ao\u00fbt\t<\/a>\n<\/div>\n\t\t<\/div>\n\t\t<div class=\"qodef-e-content\">\n\t\t\t\t\t\t\t<div class=\"qodef-e-info qodef-info--top\">\n\t\t\t\t\t<div class=\"qodef-e-info-item qodef-e-info-author\">\n\t<a itemprop=\"author\" class=\"qodef-e-info-author-link\" href=\"https:\/\/joyn.eu\/fr-fr\/author\/rian-tavares\/\">\n\t\t\t\tRian Tavares\t<\/a>\n<\/div>\n\t\t\t\t<\/div>\n\t\t\t\t\t\t<div class=\"qodef-e-text\">\n\t\t\t\t<h5 itemprop=\"name\" class=\"qodef-e-title entry-title\">\n\t<a itemprop=\"url\" class=\"qodef-e-title-link\" href=\"https:\/\/joyn.eu\/fr-fr\/comment-commencer-avec-joyn\/\">\n\t\tComment commencer avec Joyn?\t<\/a>\n<\/h5>\n\t\t<p itemprop=\"description\" class=\"qodef-e-excerpt\">\n\t\t\tC&rsquo;est tr\u00e8s simple ! Avant de commencer \u00e0 utiliser Joyn, vous devez choisir la m\u00e9thode de paiement que vous utiliserez pour payer votre abonnement. Rendez-vous sur https:\/\/\t\t<\/p>\n\t\t\t\t<\/div>\n\t\t\t\t\t<\/div>\n\t<\/div>\n<\/article>\n<article class=\"qodef-e qodef-blog-item qodef-grid-item qodef-item--square post-93781 post type-post status-publish format-standard hentry category-a-propos-de-joyn-mh category-merchant-helpcenter-fr\">\n\t<div class=\"qodef-e-inner\">\n\t\t<div class=\"qodef-e-media-holder\">\n\t\t\t<div class=\"qodef-e-media\">\n\t<\/div>\n<div itemprop=\"dateCreated\" class=\"qodef-e-info-item qodef-e-info-date entry-date \">\n\t<a itemprop=\"url\" href=\"https:\/\/joyn.eu\/fr-fr\/2023\/08\/\">\n\t\t18 Ao\u00fbt\t<\/a>\n<\/div>\n\t\t<\/div>\n\t\t<div class=\"qodef-e-content\">\n\t\t\t\t\t\t\t<div class=\"qodef-e-info qodef-info--top\">\n\t\t\t\t\t<div class=\"qodef-e-info-item qodef-e-info-author\">\n\t<a itemprop=\"author\" class=\"qodef-e-info-author-link\" href=\"https:\/\/joyn.eu\/fr-fr\/author\/rian-tavares\/\">\n\t\t\t\tRian Tavares\t<\/a>\n<\/div>\n\t\t\t\t<\/div>\n\t\t\t\t\t\t<div class=\"qodef-e-text\">\n\t\t\t\t<h5 itemprop=\"name\" class=\"qodef-e-title entry-title\">\n\t<a itemprop=\"url\" class=\"qodef-e-title-link\" href=\"https:\/\/joyn.eu\/fr-fr\/ai-je-besoin-dune-tablette-ou-dun-autre-appareil-mobile-pour-utiliser-joyn\/\">\n\t\tAi-je besoin d\u2019une tablette ou d\u2019un autre appareil mobile pour utiliser Joyn\u00a0?\t<\/a>\n<\/h5>\n\t\t<p itemprop=\"description\" class=\"qodef-e-excerpt\">\n\t\t\tEn tant que commer\u00e7ant, vous aurez acc\u00e8s \u00e0 deux plateformes diff\u00e9rentes ou applications&nbsp;: le portail des commer\u00e7ants Joyn et la Joyn Business App. Le portail commer\u00e7ants\t\t<\/p>\n\t\t\t\t<\/div>\n\t\t\t\t\t<\/div>\n\t<\/div>\n<\/article>\n<article class=\"qodef-e qodef-blog-item qodef-grid-item qodef-item--square post-93782 post type-post status-publish format-standard hentry category-a-propos-de-joyn-mh category-merchant-helpcenter-fr\">\n\t<div class=\"qodef-e-inner\">\n\t\t<div class=\"qodef-e-media-holder\">\n\t\t\t<div class=\"qodef-e-media\">\n\t<\/div>\n<div itemprop=\"dateCreated\" class=\"qodef-e-info-item qodef-e-info-date entry-date \">\n\t<a itemprop=\"url\" href=\"https:\/\/joyn.eu\/fr-fr\/2023\/08\/\">\n\t\t18 Ao\u00fbt\t<\/a>\n<\/div>\n\t\t<\/div>\n\t\t<div class=\"qodef-e-content\">\n\t\t\t\t\t\t\t<div class=\"qodef-e-info qodef-info--top\">\n\t\t\t\t\t<div class=\"qodef-e-info-item qodef-e-info-author\">\n\t<a itemprop=\"author\" class=\"qodef-e-info-author-link\" href=\"https:\/\/joyn.eu\/fr-fr\/author\/rian-tavares\/\">\n\t\t\t\tRian Tavares\t<\/a>\n<\/div>\n\t\t\t\t<\/div>\n\t\t\t\t\t\t<div class=\"qodef-e-text\">\n\t\t\t\t<h5 itemprop=\"name\" class=\"qodef-e-title entry-title\">\n\t<a itemprop=\"url\" class=\"qodef-e-title-link\" href=\"https:\/\/joyn.eu\/fr-fr\/jai-deja-travaille-avec-joyn-par-le-passe-quelles-sont-les-nouveautes\/\">\n\t\tJ\u2019ai d\u00e9j\u00e0 travaill\u00e9 avec Joyn par le pass\u00e9. Quelles sont les nouveaut\u00e9s\u00a0?\t<\/a>\n<\/h5>\n\t\t<p itemprop=\"description\" class=\"qodef-e-excerpt\">\n\t\t\tChaque jour, Joyn s\u2019engage \u00e0 rendre votre programme de fid\u00e9lit\u00e9 aussi pratique que possible. De meilleurs processus, plus de fonctionnalit\u00e9s et un syst\u00e8me mis \u00e0 jour&nbsp;:\t\t<\/p>\n\t\t\t\t<\/div>\n\t\t\t\t\t<\/div>\n\t<\/div>\n<\/article>\n<article class=\"qodef-e qodef-blog-item qodef-grid-item qodef-item--square post-93790 post type-post status-publish format-standard hentry category-a-propos-de-joyn-mh category-merchant-helpcenter-fr\">\n\t<div class=\"qodef-e-inner\">\n\t\t<div class=\"qodef-e-media-holder\">\n\t\t\t<div class=\"qodef-e-media\">\n\t<\/div>\n<div itemprop=\"dateCreated\" class=\"qodef-e-info-item qodef-e-info-date entry-date \">\n\t<a itemprop=\"url\" href=\"https:\/\/joyn.eu\/fr-fr\/2023\/08\/\">\n\t\t18 Ao\u00fbt\t<\/a>\n<\/div>\n\t\t<\/div>\n\t\t<div class=\"qodef-e-content\">\n\t\t\t\t\t\t\t<div class=\"qodef-e-info qodef-info--top\">\n\t\t\t\t\t<div class=\"qodef-e-info-item qodef-e-info-author\">\n\t<a itemprop=\"author\" class=\"qodef-e-info-author-link\" href=\"https:\/\/joyn.eu\/fr-fr\/author\/rian-tavares\/\">\n\t\t\t\tRian Tavares\t<\/a>\n<\/div>\n\t\t\t\t<\/div>\n\t\t\t\t\t\t<div class=\"qodef-e-text\">\n\t\t\t\t<h5 itemprop=\"name\" class=\"qodef-e-title entry-title\">\n\t<a itemprop=\"url\" class=\"qodef-e-title-link\" href=\"https:\/\/joyn.eu\/fr-fr\/combien-ca-coute-dutiliser-joyn\/\">\n\t\tCombien \u00e7a co\u00fbte d\u2019utiliser Joyn\u00a0?\t<\/a>\n<\/h5>\n\t\t<p itemprop=\"description\" class=\"qodef-e-excerpt\">\n\t\t\tVous pouvez choisir parmi 3 types d\u2019abonnements. Il y a d\u00e9j\u00e0 un abonnement Joyn \u00e0 partir de seulement 19,95\u20ac par mois ( 16,95\u20ac par mois, factur\u00e9 annuellement ) Vous voule\t\t<\/p>\n\t\t\t\t<\/div>\n\t\t\t\t\t<\/div>\n\t<\/div>\n<\/article>\n\t<\/div>\n\t\t<div class=\"qodef-addons-m-pagination qodef--standard\">\n\t\t<nav class=\"navigation pagination\" role=\"navigation\" aria-label=\"Articles\">\n\t\t\t<h2 class=\"screen-reader-text\">Navigation d\u2019articles<\/h2>\n\t\t\t<div class=\"nav-links\">\n\t\t\t\t<span aria-current=\"page\" class=\"page-numbers current\">1<\/span>\n<a class=\"page-numbers\" href=\"https:\/\/joyn.eu\/fr-fr\/wp-json\/wp\/v2\/pages\/94520\/page\/2\/\">2<\/a>\n<a class=\"page-numbers\" href=\"https:\/\/joyn.eu\/fr-fr\/wp-json\/wp\/v2\/pages\/94520\/page\/3\/\">3<\/a>\n<span class=\"page-numbers dots\">\u2026<\/span>\n<a class=\"page-numbers\" href=\"https:\/\/joyn.eu\/fr-fr\/wp-json\/wp\/v2\/pages\/94520\/page\/5\/\">5<\/a>\n<a class=\"next page-numbers\" href=\"https:\/\/joyn.eu\/fr-fr\/wp-json\/wp\/v2\/pages\/94520\/page\/2\/\"><svg class=\"qodef-m-pagination-icon\" xmlns=\"http:\/\/www.w3.org\/2000\/svg\" x=\"0px\" y=\"0px\" viewBox=\"0 0 34.2 32.3\" xml:space=\"preserve\" style=\"stroke-width: 2;\"><line x1=\"0\" y1=\"16\" x2=\"33\" y2=\"16\"\/><line x1=\"17.3\" y1=\"0.7\" x2=\"33.2\" y2=\"16.5\"\/><line x1=\"17.3\" y1=\"31.6\" x2=\"33.5\" y2=\"15.4\"\/><\/svg><\/a>\t\t\t<\/div>\n\t\t<\/nav>\n\t<\/div>\n<\/div>\n\t\t\t\t<\/div>\n\t\t\t\t<\/div>\n\t\t\t\t\t<\/div>\n\t\t\t\t<\/div>\n\t\t\t\t<\/div>\n\t\t","protected":false},"excerpt":{"rendered":"<p>18 Aug Rian Tavares Joyn, c&#8217;est quoi\u00a0? Joyn est une plateforme de fid\u00e9lisation et un leader sur le march\u00e9 en Belgique.Gr\u00e2ce \u00e0 une carte de fid\u00e9lit\u00e9 digitale, une plateforme conviviale et des services compl\u00e9mentai 18 Aug Rian Tavares Qui se cache derri\u00e8re Joyn\u00a0? Joyn a \u00e9t\u00e9 cr\u00e9\u00e9 en 2014 sous le nom \u00ab&nbsp;CityLife&nbsp;\u00bb, une spin-off [&hellip;]<\/p>\n","protected":false},"author":32,"featured_media":0,"parent":90446,"menu_order":0,"comment_status":"closed","ping_status":"closed","template":"","meta":{"_acf_changed":false,"inline_featured_image":false,"footnotes":""},"class_list":["post-94520","page","type-page","status-publish","hentry"],"acf":[],"yoast_head":"<!-- This site is optimized with the Yoast SEO plugin v27.4 - https:\/\/yoast.com\/product\/yoast-seo-wordpress\/ -->\n<title>\u00c0 propos de Joyn - Joyn<\/title>\n<meta name=\"robots\" content=\"index, follow, max-snippet:-1, max-image-preview:large, max-video-preview:-1\" \/>\n<link rel=\"canonical\" href=\"https:\/\/joyn.eu\/fr-fr\/merchant-helpcenter\/a-propos-de-joyn\/\" \/>\n<meta property=\"og:locale\" content=\"fr_FR\" \/>\n<meta property=\"og:type\" content=\"article\" \/>\n<meta property=\"og:title\" content=\"\u00c0 propos de Joyn - Joyn\" \/>\n<meta property=\"og:description\" content=\"18 Aug Rian Tavares Joyn, c&#8217;est quoi\u00a0? Joyn est une plateforme de fid\u00e9lisation et un leader sur le march\u00e9 en Belgique.Gr\u00e2ce \u00e0 une carte de fid\u00e9lit\u00e9 digitale, une plateforme conviviale et des services compl\u00e9mentai 18 Aug Rian Tavares Qui se cache derri\u00e8re Joyn\u00a0? Joyn a \u00e9t\u00e9 cr\u00e9\u00e9 en 2014 sous le nom \u00ab&nbsp;CityLife&nbsp;\u00bb, une spin-off [&hellip;]\" \/>\n<meta property=\"og:url\" content=\"https:\/\/joyn.eu\/fr-fr\/merchant-helpcenter\/a-propos-de-joyn\/\" \/>\n<meta property=\"og:site_name\" content=\"Joyn\" \/>\n<meta property=\"article:modified_time\" content=\"2025-04-25T13:59:43+00:00\" \/>\n<meta name=\"twitter:card\" content=\"summary_large_image\" \/>\n<meta name=\"twitter:label1\" content=\"Dur\u00e9e de lecture estim\u00e9e\" \/>\n\t<meta name=\"twitter:data1\" content=\"2 minutes\" \/>\n<script type=\"application\/ld+json\" class=\"yoast-schema-graph\">{\"@context\":\"https:\\\/\\\/schema.org\",\"@graph\":[{\"@type\":\"WebPage\",\"@id\":\"https:\\\/\\\/joyn.eu\\\/fr-fr\\\/merchant-helpcenter\\\/a-propos-de-joyn\\\/\",\"url\":\"https:\\\/\\\/joyn.eu\\\/fr-fr\\\/merchant-helpcenter\\\/a-propos-de-joyn\\\/\",\"name\":\"\u00c0 propos de Joyn - Joyn\",\"isPartOf\":{\"@id\":\"https:\\\/\\\/joyn.eu\\\/fr-fr\\\/#website\"},\"datePublished\":\"2023-08-15T00:57:11+00:00\",\"dateModified\":\"2025-04-25T13:59:43+00:00\",\"breadcrumb\":{\"@id\":\"https:\\\/\\\/joyn.eu\\\/fr-fr\\\/merchant-helpcenter\\\/a-propos-de-joyn\\\/#breadcrumb\"},\"inLanguage\":\"fr-FR\",\"potentialAction\":[{\"@type\":\"ReadAction\",\"target\":[\"https:\\\/\\\/joyn.eu\\\/fr-fr\\\/merchant-helpcenter\\\/a-propos-de-joyn\\\/\"]}]},{\"@type\":\"BreadcrumbList\",\"@id\":\"https:\\\/\\\/joyn.eu\\\/fr-fr\\\/merchant-helpcenter\\\/a-propos-de-joyn\\\/#breadcrumb\",\"itemListElement\":[{\"@type\":\"ListItem\",\"position\":1,\"name\":\"Home\",\"item\":\"https:\\\/\\\/joyn.eu\\\/fr-fr\\\/home-merchant-new\\\/\"},{\"@type\":\"ListItem\",\"position\":2,\"name\":\"Merchant Helpcenter\",\"item\":\"https:\\\/\\\/joyn.eu\\\/fr-fr\\\/merchant-helpcenter\\\/\"},{\"@type\":\"ListItem\",\"position\":3,\"name\":\"\u00c0 propos de Joyn\"}]},{\"@type\":\"WebSite\",\"@id\":\"https:\\\/\\\/joyn.eu\\\/fr-fr\\\/#website\",\"url\":\"https:\\\/\\\/joyn.eu\\\/fr-fr\\\/\",\"name\":\"Joyn\",\"description\":\"Just another WordPress site\",\"publisher\":{\"@id\":\"https:\\\/\\\/joyn.eu\\\/fr-fr\\\/#organization\"},\"potentialAction\":[{\"@type\":\"SearchAction\",\"target\":{\"@type\":\"EntryPoint\",\"urlTemplate\":\"https:\\\/\\\/joyn.eu\\\/fr-fr\\\/?s={search_term_string}\"},\"query-input\":{\"@type\":\"PropertyValueSpecification\",\"valueRequired\":true,\"valueName\":\"search_term_string\"}}],\"inLanguage\":\"fr-FR\"},{\"@type\":\"Organization\",\"@id\":\"https:\\\/\\\/joyn.eu\\\/fr-fr\\\/#organization\",\"name\":\"Joyn\",\"url\":\"https:\\\/\\\/joyn.eu\\\/fr-fr\\\/\",\"logo\":{\"@type\":\"ImageObject\",\"inLanguage\":\"fr-FR\",\"@id\":\"https:\\\/\\\/joyn.eu\\\/fr-fr\\\/#\\\/schema\\\/logo\\\/image\\\/\",\"url\":\"https:\\\/\\\/joyn.eu\\\/wp-content\\\/uploads\\\/2021\\\/02\\\/Blue-green-h40.png\",\"contentUrl\":\"https:\\\/\\\/joyn.eu\\\/wp-content\\\/uploads\\\/2021\\\/02\\\/Blue-green-h40.png\",\"width\":83,\"height\":40,\"caption\":\"Joyn\"},\"image\":{\"@id\":\"https:\\\/\\\/joyn.eu\\\/fr-fr\\\/#\\\/schema\\\/logo\\\/image\\\/\"}}]}<\/script>\n<!-- \/ Yoast SEO plugin. -->","yoast_head_json":{"title":"\u00c0 propos de Joyn - Joyn","robots":{"index":"index","follow":"follow","max-snippet":"max-snippet:-1","max-image-preview":"max-image-preview:large","max-video-preview":"max-video-preview:-1"},"canonical":"https:\/\/joyn.eu\/fr-fr\/merchant-helpcenter\/a-propos-de-joyn\/","og_locale":"fr_FR","og_type":"article","og_title":"\u00c0 propos de Joyn - Joyn","og_description":"18 Aug Rian Tavares Joyn, c&#8217;est quoi\u00a0? Joyn est une plateforme de fid\u00e9lisation et un leader sur le march\u00e9 en Belgique.Gr\u00e2ce \u00e0 une carte de fid\u00e9lit\u00e9 digitale, une plateforme conviviale et des services compl\u00e9mentai 18 Aug Rian Tavares Qui se cache derri\u00e8re Joyn\u00a0? Joyn a \u00e9t\u00e9 cr\u00e9\u00e9 en 2014 sous le nom \u00ab&nbsp;CityLife&nbsp;\u00bb, une spin-off [&hellip;]","og_url":"https:\/\/joyn.eu\/fr-fr\/merchant-helpcenter\/a-propos-de-joyn\/","og_site_name":"Joyn","article_modified_time":"2025-04-25T13:59:43+00:00","twitter_card":"summary_large_image","twitter_misc":{"Dur\u00e9e de lecture estim\u00e9e":"2 minutes"},"schema":{"@context":"https:\/\/schema.org","@graph":[{"@type":"WebPage","@id":"https:\/\/joyn.eu\/fr-fr\/merchant-helpcenter\/a-propos-de-joyn\/","url":"https:\/\/joyn.eu\/fr-fr\/merchant-helpcenter\/a-propos-de-joyn\/","name":"\u00c0 propos de Joyn - Joyn","isPartOf":{"@id":"https:\/\/joyn.eu\/fr-fr\/#website"},"datePublished":"2023-08-15T00:57:11+00:00","dateModified":"2025-04-25T13:59:43+00:00","breadcrumb":{"@id":"https:\/\/joyn.eu\/fr-fr\/merchant-helpcenter\/a-propos-de-joyn\/#breadcrumb"},"inLanguage":"fr-FR","potentialAction":[{"@type":"ReadAction","target":["https:\/\/joyn.eu\/fr-fr\/merchant-helpcenter\/a-propos-de-joyn\/"]}]},{"@type":"BreadcrumbList","@id":"https:\/\/joyn.eu\/fr-fr\/merchant-helpcenter\/a-propos-de-joyn\/#breadcrumb","itemListElement":[{"@type":"ListItem","position":1,"name":"Home","item":"https:\/\/joyn.eu\/fr-fr\/home-merchant-new\/"},{"@type":"ListItem","position":2,"name":"Merchant Helpcenter","item":"https:\/\/joyn.eu\/fr-fr\/merchant-helpcenter\/"},{"@type":"ListItem","position":3,"name":"\u00c0 propos de Joyn"}]},{"@type":"WebSite","@id":"https:\/\/joyn.eu\/fr-fr\/#website","url":"https:\/\/joyn.eu\/fr-fr\/","name":"Joyn","description":"Just another WordPress site","publisher":{"@id":"https:\/\/joyn.eu\/fr-fr\/#organization"},"potentialAction":[{"@type":"SearchAction","target":{"@type":"EntryPoint","urlTemplate":"https:\/\/joyn.eu\/fr-fr\/?s={search_term_string}"},"query-input":{"@type":"PropertyValueSpecification","valueRequired":true,"valueName":"search_term_string"}}],"inLanguage":"fr-FR"},{"@type":"Organization","@id":"https:\/\/joyn.eu\/fr-fr\/#organization","name":"Joyn","url":"https:\/\/joyn.eu\/fr-fr\/","logo":{"@type":"ImageObject","inLanguage":"fr-FR","@id":"https:\/\/joyn.eu\/fr-fr\/#\/schema\/logo\/image\/","url":"https:\/\/joyn.eu\/wp-content\/uploads\/2021\/02\/Blue-green-h40.png","contentUrl":"https:\/\/joyn.eu\/wp-content\/uploads\/2021\/02\/Blue-green-h40.png","width":83,"height":40,"caption":"Joyn"},"image":{"@id":"https:\/\/joyn.eu\/fr-fr\/#\/schema\/logo\/image\/"}}]}},"_links":{"self":[{"href":"https:\/\/joyn.eu\/fr-fr\/wp-json\/wp\/v2\/pages\/94520","targetHints":{"allow":["GET"]}}],"collection":[{"href":"https:\/\/joyn.eu\/fr-fr\/wp-json\/wp\/v2\/pages"}],"about":[{"href":"https:\/\/joyn.eu\/fr-fr\/wp-json\/wp\/v2\/types\/page"}],"author":[{"embeddable":true,"href":"https:\/\/joyn.eu\/fr-fr\/wp-json\/wp\/v2\/users\/32"}],"replies":[{"embeddable":true,"href":"https:\/\/joyn.eu\/fr-fr\/wp-json\/wp\/v2\/comments?post=94520"}],"version-history":[{"count":10,"href":"https:\/\/joyn.eu\/fr-fr\/wp-json\/wp\/v2\/pages\/94520\/revisions"}],"predecessor-version":[{"id":106271,"href":"https:\/\/joyn.eu\/fr-fr\/wp-json\/wp\/v2\/pages\/94520\/revisions\/106271"}],"up":[{"embeddable":true,"href":"https:\/\/joyn.eu\/fr-fr\/wp-json\/wp\/v2\/pages\/90446"}],"wp:attachment":[{"href":"https:\/\/joyn.eu\/fr-fr\/wp-json\/wp\/v2\/media?parent=94520"}],"curies":[{"name":"wp","href":"https:\/\/api.w.org\/{rel}","templated":true}]}}