{"id":90492,"date":"2023-08-11T12:31:03","date_gmt":"2023-08-11T12:31:03","guid":{"rendered":"https:\/\/joyn.eu\/merchant-helpcenter\/loyaliteit-voor-dummies\/"},"modified":"2025-04-25T14:00:03","modified_gmt":"2025-04-25T14:00:03","slug":"loyaliteit-voor-dummies","status":"publish","type":"page","link":"https:\/\/joyn.eu\/fr-fr\/merchant-helpcenter\/loyaliteit-voor-dummies\/","title":{"rendered":"La loyaut\u00e9 pour les nuls"},"content":{"rendered":"\t\t<div data-elementor-type=\"wp-page\" data-elementor-id=\"90492\" class=\"elementor elementor-90492 elementor-90281\" data-elementor-post-type=\"page\">\n\t\t\t\t<div class=\"elementor-element elementor-element-9275785 e-flex e-con-boxed e-con e-parent\" data-id=\"9275785\" data-element_type=\"container\" data-e-type=\"container\">\n\t\t\t\t\t<div class=\"e-con-inner\">\n\t\t\t\t<div class=\"elementor-element elementor-element-0db0693 elementor-widget elementor-widget-qi_addons_for_elementor_blog_list\" data-id=\"0db0693\" data-element_type=\"widget\" data-e-type=\"widget\" data-widget_type=\"qi_addons_for_elementor_blog_list.default\">\n\t\t\t\t<div class=\"elementor-widget-container\">\n\t\t\t\t\t<div class=\"qodef-shortcode qodef-m qodef-addons-blog-list qodef-info-no-icons qodef-image--hover-zoom qodef-qi-grid qodef-layout--qi-columns qodef-col-num--3 qodef-item-layout--boxed qodef-responsive--predefined\" >\n\t<div class=\"qodef-grid-inner\">\n\t\t<article class=\"qodef-e qodef-blog-item qodef-grid-item qodef-item--square post-93718 post type-post status-publish format-standard hentry category-la-loyaute-pour-les-nuls category-merchant-helpcenter-fr\">\n\t<div class=\"qodef-e-inner\">\n\t\t<div class=\"qodef-e-media-holder\">\n\t\t\t<div class=\"qodef-e-media\">\n\t<\/div>\n<div itemprop=\"dateCreated\" class=\"qodef-e-info-item qodef-e-info-date entry-date \">\n\t<a itemprop=\"url\" href=\"https:\/\/joyn.eu\/fr-fr\/2023\/08\/\">\n\t\t18 Ao\u00fbt\t<\/a>\n<\/div>\n\t\t<\/div>\n\t\t<div class=\"qodef-e-content\">\n\t\t\t\t\t\t\t<div class=\"qodef-e-info qodef-info--top\">\n\t\t\t\t\t<div class=\"qodef-e-info-item qodef-e-info-author\">\n\t<a itemprop=\"author\" class=\"qodef-e-info-author-link\" href=\"https:\/\/joyn.eu\/fr-fr\/author\/rian-tavares\/\">\n\t\t\t\tRian Tavares\t<\/a>\n<\/div>\n\t\t\t\t<\/div>\n\t\t\t\t\t\t<div class=\"qodef-e-text\">\n\t\t\t\t<h5 itemprop=\"name\" class=\"qodef-e-title entry-title\">\n\t<a itemprop=\"url\" class=\"qodef-e-title-link\" href=\"https:\/\/joyn.eu\/fr-fr\/comment-rendre-les-e-mails-a-mes-clients-aussi-efficaces-que-possible\/\">\n\t\tComment rendre les e-mails \u00e0 mes clients aussi efficaces que possible ?\t<\/a>\n<\/h5>\n\t\t<p itemprop=\"description\" class=\"qodef-e-excerpt\">\n\t\t\tUtilisez votre base de donn\u00e9es clients : c&rsquo;est une mine d\u2019or d\u2019informations. Informations que vous pouvez utiliser pour envoyer des e-mails cibl\u00e9s. Afin d\u2019envoyer des\t\t<\/p>\n\t\t\t\t<\/div>\n\t\t\t\t\t<\/div>\n\t<\/div>\n<\/article>\n<article class=\"qodef-e qodef-blog-item qodef-grid-item qodef-item--square post-93703 post type-post status-publish format-standard hentry category-la-loyaute-pour-les-nuls category-merchant-helpcenter-fr\">\n\t<div class=\"qodef-e-inner\">\n\t\t<div class=\"qodef-e-media-holder\">\n\t\t\t<div class=\"qodef-e-media\">\n\t<\/div>\n<div itemprop=\"dateCreated\" class=\"qodef-e-info-item qodef-e-info-date entry-date \">\n\t<a itemprop=\"url\" href=\"https:\/\/joyn.eu\/fr-fr\/2023\/08\/\">\n\t\t18 Ao\u00fbt\t<\/a>\n<\/div>\n\t\t<\/div>\n\t\t<div class=\"qodef-e-content\">\n\t\t\t\t\t\t\t<div class=\"qodef-e-info qodef-info--top\">\n\t\t\t\t\t<div class=\"qodef-e-info-item qodef-e-info-author\">\n\t<a itemprop=\"author\" class=\"qodef-e-info-author-link\" href=\"https:\/\/joyn.eu\/fr-fr\/author\/rian-tavares\/\">\n\t\t\t\tRian Tavares\t<\/a>\n<\/div>\n\t\t\t\t<\/div>\n\t\t\t\t\t\t<div class=\"qodef-e-text\">\n\t\t\t\t<h5 itemprop=\"name\" class=\"qodef-e-title entry-title\">\n\t<a itemprop=\"url\" class=\"qodef-e-title-link\" href=\"https:\/\/joyn.eu\/fr-fr\/quest-ce-que-la-fidelisation\/\">\n\t\tQu\u2019est-ce que la fid\u00e9lisation ?\t<\/a>\n<\/h5>\n\t\t<p itemprop=\"description\" class=\"qodef-e-excerpt\">\n\t\t\tFid\u00e9lit\u00e9, loyaut\u00e9, engagement, sinc\u00e9rit\u00e9\u2026 Ce sont tous des synonymes du m\u00eame mot. Mais quelle est la bonne d\u00e9finition dans tout \u00e7a ? Difficile \u00e0 r\u00e9sumer et pourtant si\t\t<\/p>\n\t\t\t\t<\/div>\n\t\t\t\t\t<\/div>\n\t<\/div>\n<\/article>\n<article class=\"qodef-e qodef-blog-item qodef-grid-item qodef-item--square post-93719 post type-post status-publish format-standard hentry category-la-loyaute-pour-les-nuls category-merchant-helpcenter-fr\">\n\t<div class=\"qodef-e-inner\">\n\t\t<div class=\"qodef-e-media-holder\">\n\t\t\t<div class=\"qodef-e-media\">\n\t<\/div>\n<div itemprop=\"dateCreated\" class=\"qodef-e-info-item qodef-e-info-date entry-date \">\n\t<a itemprop=\"url\" href=\"https:\/\/joyn.eu\/fr-fr\/2023\/08\/\">\n\t\t18 Ao\u00fbt\t<\/a>\n<\/div>\n\t\t<\/div>\n\t\t<div class=\"qodef-e-content\">\n\t\t\t\t\t\t\t<div class=\"qodef-e-info qodef-info--top\">\n\t\t\t\t\t<div class=\"qodef-e-info-item qodef-e-info-author\">\n\t<a itemprop=\"author\" class=\"qodef-e-info-author-link\" href=\"https:\/\/joyn.eu\/fr-fr\/author\/rian-tavares\/\">\n\t\t\t\tRian Tavares\t<\/a>\n<\/div>\n\t\t\t\t<\/div>\n\t\t\t\t\t\t<div class=\"qodef-e-text\">\n\t\t\t\t<h5 itemprop=\"name\" class=\"qodef-e-title entry-title\">\n\t<a itemprop=\"url\" class=\"qodef-e-title-link\" href=\"https:\/\/joyn.eu\/fr-fr\/quel-genre-de-mails-puis-je-envoyer-pour-accroitre-la-fidelite-de-mes-clients\/\">\n\t\tQuel genre d\u2019e-mails puis-je envoyer pour accro\u00eetre la fid\u00e9lit\u00e9 de mes clients ?\t<\/a>\n<\/h5>\n\t\t<p itemprop=\"description\" class=\"qodef-e-excerpt\">\n\t\t\tSoyez cr\u00e9atif ! Pour accro\u00eetre la fid\u00e9lit\u00e9 de vos clients, votre message doit \u00eatre sinc\u00e8re et votre offre attrayante et utile. Envoyez donc un e-mail personnalis\u00e9 \u00e0 vos cli\t\t<\/p>\n\t\t\t\t<\/div>\n\t\t\t\t\t<\/div>\n\t<\/div>\n<\/article>\n<article class=\"qodef-e qodef-blog-item qodef-grid-item qodef-item--square post-93704 post type-post status-publish format-standard hentry category-la-loyaute-pour-les-nuls category-merchant-helpcenter-fr\">\n\t<div class=\"qodef-e-inner\">\n\t\t<div class=\"qodef-e-media-holder\">\n\t\t\t<div class=\"qodef-e-media\">\n\t<\/div>\n<div itemprop=\"dateCreated\" class=\"qodef-e-info-item qodef-e-info-date entry-date \">\n\t<a itemprop=\"url\" href=\"https:\/\/joyn.eu\/fr-fr\/2023\/08\/\">\n\t\t18 Ao\u00fbt\t<\/a>\n<\/div>\n\t\t<\/div>\n\t\t<div class=\"qodef-e-content\">\n\t\t\t\t\t\t\t<div class=\"qodef-e-info qodef-info--top\">\n\t\t\t\t\t<div class=\"qodef-e-info-item qodef-e-info-author\">\n\t<a itemprop=\"author\" class=\"qodef-e-info-author-link\" href=\"https:\/\/joyn.eu\/fr-fr\/author\/rian-tavares\/\">\n\t\t\t\tRian Tavares\t<\/a>\n<\/div>\n\t\t\t\t<\/div>\n\t\t\t\t\t\t<div class=\"qodef-e-text\">\n\t\t\t\t<h5 itemprop=\"name\" class=\"qodef-e-title entry-title\">\n\t<a itemprop=\"url\" class=\"qodef-e-title-link\" href=\"https:\/\/joyn.eu\/fr-fr\/quest-ce-que-la-fidelisation-client\/\">\n\t\tQu\u2019est-ce que la fid\u00e9lisation client ?\t<\/a>\n<\/h5>\n\t\t<p itemprop=\"description\" class=\"qodef-e-excerpt\">\n\t\t\tVous connaissez bien vos clients fid\u00e8les, n\u2019est-ce pas ? \u00ab Et pour vous, qu\u2019est-ce que ce sera ? Comme d\u2019habitude ? \u00bb. C\u2019est \u00ab donnant-donnant \u00bb comme on dit : Si vous\t\t<\/p>\n\t\t\t\t<\/div>\n\t\t\t\t\t<\/div>\n\t<\/div>\n<\/article>\n<article class=\"qodef-e qodef-blog-item qodef-grid-item qodef-item--square post-93720 post type-post status-publish format-standard hentry category-la-loyaute-pour-les-nuls category-merchant-helpcenter-fr\">\n\t<div class=\"qodef-e-inner\">\n\t\t<div class=\"qodef-e-media-holder\">\n\t\t\t<div class=\"qodef-e-media\">\n\t<\/div>\n<div itemprop=\"dateCreated\" class=\"qodef-e-info-item qodef-e-info-date entry-date \">\n\t<a itemprop=\"url\" href=\"https:\/\/joyn.eu\/fr-fr\/2023\/08\/\">\n\t\t18 Ao\u00fbt\t<\/a>\n<\/div>\n\t\t<\/div>\n\t\t<div class=\"qodef-e-content\">\n\t\t\t\t\t\t\t<div class=\"qodef-e-info qodef-info--top\">\n\t\t\t\t\t<div class=\"qodef-e-info-item qodef-e-info-author\">\n\t<a itemprop=\"author\" class=\"qodef-e-info-author-link\" href=\"https:\/\/joyn.eu\/fr-fr\/author\/rian-tavares\/\">\n\t\t\t\tRian Tavares\t<\/a>\n<\/div>\n\t\t\t\t<\/div>\n\t\t\t\t\t\t<div class=\"qodef-e-text\">\n\t\t\t\t<h5 itemprop=\"name\" class=\"qodef-e-title entry-title\">\n\t<a itemprop=\"url\" class=\"qodef-e-title-link\" href=\"https:\/\/joyn.eu\/fr-fr\/quel-est-le-lien-entre-un-e-mail-marketing-et-la-fidelisation-client\/\">\n\t\tQuel est le lien entre un e-mail marketing et la fid\u00e9lisation client ?\t<\/a>\n<\/h5>\n\t\t<p itemprop=\"description\" class=\"qodef-e-excerpt\">\n\t\t\tVous voulez accro\u00eetre la fid\u00e9lit\u00e9 de vos clients ? Dans ce cas, l\u2019e-mail marketing est indispensable. Tandis que l\u2019e-mail marketing sensibilise votre client \u00e0 votre offre,\t\t<\/p>\n\t\t\t\t<\/div>\n\t\t\t\t\t<\/div>\n\t<\/div>\n<\/article>\n<article class=\"qodef-e qodef-blog-item qodef-grid-item qodef-item--square post-93705 post type-post status-publish format-standard hentry category-la-loyaute-pour-les-nuls category-merchant-helpcenter-fr\">\n\t<div class=\"qodef-e-inner\">\n\t\t<div class=\"qodef-e-media-holder\">\n\t\t\t<div class=\"qodef-e-media\">\n\t<\/div>\n<div itemprop=\"dateCreated\" class=\"qodef-e-info-item qodef-e-info-date entry-date \">\n\t<a itemprop=\"url\" href=\"https:\/\/joyn.eu\/fr-fr\/2023\/08\/\">\n\t\t18 Ao\u00fbt\t<\/a>\n<\/div>\n\t\t<\/div>\n\t\t<div class=\"qodef-e-content\">\n\t\t\t\t\t\t\t<div class=\"qodef-e-info qodef-info--top\">\n\t\t\t\t\t<div class=\"qodef-e-info-item qodef-e-info-author\">\n\t<a itemprop=\"author\" class=\"qodef-e-info-author-link\" href=\"https:\/\/joyn.eu\/fr-fr\/author\/rian-tavares\/\">\n\t\t\t\tRian Tavares\t<\/a>\n<\/div>\n\t\t\t\t<\/div>\n\t\t\t\t\t\t<div class=\"qodef-e-text\">\n\t\t\t\t<h5 itemprop=\"name\" class=\"qodef-e-title entry-title\">\n\t<a itemprop=\"url\" class=\"qodef-e-title-link\" href=\"https:\/\/joyn.eu\/fr-fr\/pourquoi-est-ce-si-important-de-fideliser-ses-clients\/\">\n\t\tPourquoi est-ce si important de fid\u00e9liser ses clients ?\t<\/a>\n<\/h5>\n\t\t<p itemprop=\"description\" class=\"qodef-e-excerpt\">\n\t\t\tSatisfaction, fid\u00e9lit\u00e9 et confiance&#8230; voil\u00e0 les fondements de la fid\u00e9lisation client. Et qui dit clients fid\u00e8les, dit commerce fleurissant. Vos clients vous font vite par\t\t<\/p>\n\t\t\t\t<\/div>\n\t\t\t\t\t<\/div>\n\t<\/div>\n<\/article>\n<article class=\"qodef-e qodef-blog-item qodef-grid-item qodef-item--square post-93706 post type-post status-publish format-standard hentry category-la-loyaute-pour-les-nuls category-merchant-helpcenter-fr\">\n\t<div class=\"qodef-e-inner\">\n\t\t<div class=\"qodef-e-media-holder\">\n\t\t\t<div class=\"qodef-e-media\">\n\t<\/div>\n<div itemprop=\"dateCreated\" class=\"qodef-e-info-item qodef-e-info-date entry-date \">\n\t<a itemprop=\"url\" href=\"https:\/\/joyn.eu\/fr-fr\/2023\/08\/\">\n\t\t18 Ao\u00fbt\t<\/a>\n<\/div>\n\t\t<\/div>\n\t\t<div class=\"qodef-e-content\">\n\t\t\t\t\t\t\t<div class=\"qodef-e-info qodef-info--top\">\n\t\t\t\t\t<div class=\"qodef-e-info-item qodef-e-info-author\">\n\t<a itemprop=\"author\" class=\"qodef-e-info-author-link\" href=\"https:\/\/joyn.eu\/fr-fr\/author\/rian-tavares\/\">\n\t\t\t\tRian Tavares\t<\/a>\n<\/div>\n\t\t\t\t<\/div>\n\t\t\t\t\t\t<div class=\"qodef-e-text\">\n\t\t\t\t<h5 itemprop=\"name\" class=\"qodef-e-title entry-title\">\n\t<a itemprop=\"url\" class=\"qodef-e-title-link\" href=\"https:\/\/joyn.eu\/fr-fr\/comment-fideliser-mes-clients\/\">\n\t\tComment fid\u00e9liser mes clients ?\t<\/a>\n<\/h5>\n\t\t<p itemprop=\"description\" class=\"qodef-e-excerpt\">\n\t\t\tLa fid\u00e9lit\u00e9 est la relation la plus forte qui existe entre un commer\u00e7ant et son client. Comment fid\u00e9liser vos clients : Veillez \u00e0 personnaliser votre communication. Informez v\t\t<\/p>\n\t\t\t\t<\/div>\n\t\t\t\t\t<\/div>\n\t<\/div>\n<\/article>\n<article class=\"qodef-e qodef-blog-item qodef-grid-item qodef-item--square post-93707 post type-post status-publish format-standard hentry category-la-loyaute-pour-les-nuls category-merchant-helpcenter-fr\">\n\t<div class=\"qodef-e-inner\">\n\t\t<div class=\"qodef-e-media-holder\">\n\t\t\t<div class=\"qodef-e-media\">\n\t<\/div>\n<div itemprop=\"dateCreated\" class=\"qodef-e-info-item qodef-e-info-date entry-date \">\n\t<a itemprop=\"url\" href=\"https:\/\/joyn.eu\/fr-fr\/2023\/08\/\">\n\t\t18 Ao\u00fbt\t<\/a>\n<\/div>\n\t\t<\/div>\n\t\t<div class=\"qodef-e-content\">\n\t\t\t\t\t\t\t<div class=\"qodef-e-info qodef-info--top\">\n\t\t\t\t\t<div class=\"qodef-e-info-item qodef-e-info-author\">\n\t<a itemprop=\"author\" class=\"qodef-e-info-author-link\" href=\"https:\/\/joyn.eu\/fr-fr\/author\/rian-tavares\/\">\n\t\t\t\tRian Tavares\t<\/a>\n<\/div>\n\t\t\t\t<\/div>\n\t\t\t\t\t\t<div class=\"qodef-e-text\">\n\t\t\t\t<h5 itemprop=\"name\" class=\"qodef-e-title entry-title\">\n\t<a itemprop=\"url\" class=\"qodef-e-title-link\" href=\"https:\/\/joyn.eu\/fr-fr\/quest-ce-quun-programme-de-fidelite\/\">\n\t\tQu\u2019est-ce qu\u2019un programme de fid\u00e9lit\u00e9 ?\t<\/a>\n<\/h5>\n\t\t<p itemprop=\"description\" class=\"qodef-e-excerpt\">\n\t\t\tUn programme de fid\u00e9lit\u00e9 est le meilleur ami du commer\u00e7ant. C\u2019est le meilleur moyen pour montrer \u00e0 vos clients toute votre gratitude. Vos clients \u00e9pargnent des points et les\t\t<\/p>\n\t\t\t\t<\/div>\n\t\t\t\t\t<\/div>\n\t<\/div>\n<\/article>\n<article class=\"qodef-e qodef-blog-item qodef-grid-item qodef-item--square post-93708 post type-post status-publish format-standard hentry category-la-loyaute-pour-les-nuls category-merchant-helpcenter-fr\">\n\t<div class=\"qodef-e-inner\">\n\t\t<div class=\"qodef-e-media-holder\">\n\t\t\t<div class=\"qodef-e-media\">\n\t<\/div>\n<div itemprop=\"dateCreated\" class=\"qodef-e-info-item qodef-e-info-date entry-date \">\n\t<a itemprop=\"url\" href=\"https:\/\/joyn.eu\/fr-fr\/2023\/08\/\">\n\t\t18 Ao\u00fbt\t<\/a>\n<\/div>\n\t\t<\/div>\n\t\t<div class=\"qodef-e-content\">\n\t\t\t\t\t\t\t<div class=\"qodef-e-info qodef-info--top\">\n\t\t\t\t\t<div class=\"qodef-e-info-item qodef-e-info-author\">\n\t<a itemprop=\"author\" class=\"qodef-e-info-author-link\" href=\"https:\/\/joyn.eu\/fr-fr\/author\/rian-tavares\/\">\n\t\t\t\tRian Tavares\t<\/a>\n<\/div>\n\t\t\t\t<\/div>\n\t\t\t\t\t\t<div class=\"qodef-e-text\">\n\t\t\t\t<h5 itemprop=\"name\" class=\"qodef-e-title entry-title\">\n\t<a itemprop=\"url\" class=\"qodef-e-title-link\" href=\"https:\/\/joyn.eu\/fr-fr\/quest-ce-quune-base-de-donnees-clients\/\">\n\t\tQu\u2019est-ce qu\u2019une base de donn\u00e9es clients ?\t<\/a>\n<\/h5>\n\t\t<p itemprop=\"description\" class=\"qodef-e-excerpt\">\n\t\t\tUne base de donn\u00e9es clients est un aper\u00e7u de tous vos clients et de leurs donn\u00e9es. Qu\u2019elles soient \u00e9crites \u00e0 la main dans un \u00e9pais livre en cuir, r\u00e9pertori\u00e9es dans plusie\t\t<\/p>\n\t\t\t\t<\/div>\n\t\t\t\t\t<\/div>\n\t<\/div>\n<\/article>\n\t<\/div>\n\t\t<div class=\"qodef-addons-m-pagination qodef--standard\">\n\t\t<nav class=\"navigation pagination\" role=\"navigation\" aria-label=\"Articles\">\n\t\t\t<h2 class=\"screen-reader-text\">Navigation d\u2019articles<\/h2>\n\t\t\t<div class=\"nav-links\">\n\t\t\t\t<span aria-current=\"page\" class=\"page-numbers current\">1<\/span>\n<a class=\"page-numbers\" href=\"https:\/\/joyn.eu\/fr-fr\/wp-json\/wp\/v2\/pages\/90492\/page\/2\/\">2<\/a>\n<a class=\"next page-numbers\" href=\"https:\/\/joyn.eu\/fr-fr\/wp-json\/wp\/v2\/pages\/90492\/page\/2\/\"><svg class=\"qodef-m-pagination-icon\" xmlns=\"http:\/\/www.w3.org\/2000\/svg\" x=\"0px\" y=\"0px\" viewBox=\"0 0 34.2 32.3\" xml:space=\"preserve\" style=\"stroke-width: 2;\"><line x1=\"0\" y1=\"16\" x2=\"33\" y2=\"16\"\/><line x1=\"17.3\" y1=\"0.7\" x2=\"33.2\" y2=\"16.5\"\/><line x1=\"17.3\" y1=\"31.6\" x2=\"33.5\" y2=\"15.4\"\/><\/svg><\/a>\t\t\t<\/div>\n\t\t<\/nav>\n\t<\/div>\n<\/div>\n\t\t\t\t<\/div>\n\t\t\t\t<\/div>\n\t\t\t\t\t<\/div>\n\t\t\t\t<\/div>\n\t\t\t\t<\/div>\n\t\t","protected":false},"excerpt":{"rendered":"<p>18 Aug Rian Tavares Comment rendre les e-mails \u00e0 mes clients aussi efficaces que possible ? Utilisez votre base de donn\u00e9es clients : c&#8217;est une mine d\u2019or d\u2019informations. Informations que vous pouvez utiliser pour envoyer des e-mails cibl\u00e9s. Afin d\u2019envoyer des 18 Aug Rian Tavares Qu\u2019est-ce que la fid\u00e9lisation ? Fid\u00e9lit\u00e9, loyaut\u00e9, engagement, sinc\u00e9rit\u00e9\u2026 Ce [&hellip;]<\/p>\n","protected":false},"author":32,"featured_media":0,"parent":90446,"menu_order":0,"comment_status":"closed","ping_status":"closed","template":"","meta":{"_acf_changed":false,"inline_featured_image":false,"footnotes":""},"class_list":["post-90492","page","type-page","status-publish","hentry"],"acf":[],"yoast_head":"<!-- This site is optimized with the Yoast SEO plugin v27.4 - https:\/\/yoast.com\/product\/yoast-seo-wordpress\/ -->\n<title>La loyaut\u00e9 pour les nuls - Joyn<\/title>\n<meta name=\"robots\" content=\"index, follow, max-snippet:-1, max-image-preview:large, max-video-preview:-1\" \/>\n<link rel=\"canonical\" href=\"https:\/\/joyn.eu\/fr-fr\/merchant-helpcenter\/loyaliteit-voor-dummies\/\" \/>\n<meta property=\"og:locale\" content=\"fr_FR\" \/>\n<meta property=\"og:type\" content=\"article\" \/>\n<meta property=\"og:title\" content=\"La loyaut\u00e9 pour les nuls - Joyn\" \/>\n<meta property=\"og:description\" content=\"18 Aug Rian Tavares Comment rendre les e-mails \u00e0 mes clients aussi efficaces que possible ? Utilisez votre base de donn\u00e9es clients : c&#8217;est une mine d\u2019or d\u2019informations. Informations que vous pouvez utiliser pour envoyer des e-mails cibl\u00e9s. Afin d\u2019envoyer des 18 Aug Rian Tavares Qu\u2019est-ce que la fid\u00e9lisation ? Fid\u00e9lit\u00e9, loyaut\u00e9, engagement, sinc\u00e9rit\u00e9\u2026 Ce [&hellip;]\" \/>\n<meta property=\"og:url\" content=\"https:\/\/joyn.eu\/fr-fr\/merchant-helpcenter\/loyaliteit-voor-dummies\/\" \/>\n<meta property=\"og:site_name\" content=\"Joyn\" \/>\n<meta property=\"article:modified_time\" content=\"2025-04-25T14:00:03+00:00\" \/>\n<meta property=\"og:image\" content=\"https:\/\/joyn.eu\/wp-content\/uploads\/2023\/03\/Joyn_One2ThreeHeader-650x650.jpg\" \/>\n<meta name=\"twitter:card\" content=\"summary_large_image\" \/>\n<meta name=\"twitter:label1\" content=\"Dur\u00e9e de lecture estim\u00e9e\" \/>\n\t<meta name=\"twitter:data1\" content=\"3 minutes\" \/>\n<script type=\"application\/ld+json\" class=\"yoast-schema-graph\">{\"@context\":\"https:\\\/\\\/schema.org\",\"@graph\":[{\"@type\":\"WebPage\",\"@id\":\"https:\\\/\\\/joyn.eu\\\/fr-fr\\\/merchant-helpcenter\\\/loyaliteit-voor-dummies\\\/\",\"url\":\"https:\\\/\\\/joyn.eu\\\/fr-fr\\\/merchant-helpcenter\\\/loyaliteit-voor-dummies\\\/\",\"name\":\"La loyaut\u00e9 pour les nuls - Joyn\",\"isPartOf\":{\"@id\":\"https:\\\/\\\/joyn.eu\\\/fr-fr\\\/#website\"},\"datePublished\":\"2023-08-11T12:31:03+00:00\",\"dateModified\":\"2025-04-25T14:00:03+00:00\",\"breadcrumb\":{\"@id\":\"https:\\\/\\\/joyn.eu\\\/fr-fr\\\/merchant-helpcenter\\\/loyaliteit-voor-dummies\\\/#breadcrumb\"},\"inLanguage\":\"fr-FR\",\"potentialAction\":[{\"@type\":\"ReadAction\",\"target\":[\"https:\\\/\\\/joyn.eu\\\/fr-fr\\\/merchant-helpcenter\\\/loyaliteit-voor-dummies\\\/\"]}]},{\"@type\":\"BreadcrumbList\",\"@id\":\"https:\\\/\\\/joyn.eu\\\/fr-fr\\\/merchant-helpcenter\\\/loyaliteit-voor-dummies\\\/#breadcrumb\",\"itemListElement\":[{\"@type\":\"ListItem\",\"position\":1,\"name\":\"Home\",\"item\":\"https:\\\/\\\/joyn.eu\\\/fr-fr\\\/home-merchant-new\\\/\"},{\"@type\":\"ListItem\",\"position\":2,\"name\":\"Merchant Helpcenter\",\"item\":\"https:\\\/\\\/joyn.eu\\\/fr-fr\\\/merchant-helpcenter\\\/\"},{\"@type\":\"ListItem\",\"position\":3,\"name\":\"La loyaut\u00e9 pour les nuls\"}]},{\"@type\":\"WebSite\",\"@id\":\"https:\\\/\\\/joyn.eu\\\/fr-fr\\\/#website\",\"url\":\"https:\\\/\\\/joyn.eu\\\/fr-fr\\\/\",\"name\":\"Joyn\",\"description\":\"Just another WordPress site\",\"publisher\":{\"@id\":\"https:\\\/\\\/joyn.eu\\\/fr-fr\\\/#organization\"},\"potentialAction\":[{\"@type\":\"SearchAction\",\"target\":{\"@type\":\"EntryPoint\",\"urlTemplate\":\"https:\\\/\\\/joyn.eu\\\/fr-fr\\\/?s={search_term_string}\"},\"query-input\":{\"@type\":\"PropertyValueSpecification\",\"valueRequired\":true,\"valueName\":\"search_term_string\"}}],\"inLanguage\":\"fr-FR\"},{\"@type\":\"Organization\",\"@id\":\"https:\\\/\\\/joyn.eu\\\/fr-fr\\\/#organization\",\"name\":\"Joyn\",\"url\":\"https:\\\/\\\/joyn.eu\\\/fr-fr\\\/\",\"logo\":{\"@type\":\"ImageObject\",\"inLanguage\":\"fr-FR\",\"@id\":\"https:\\\/\\\/joyn.eu\\\/fr-fr\\\/#\\\/schema\\\/logo\\\/image\\\/\",\"url\":\"https:\\\/\\\/joyn.eu\\\/wp-content\\\/uploads\\\/2021\\\/02\\\/Blue-green-h40.png\",\"contentUrl\":\"https:\\\/\\\/joyn.eu\\\/wp-content\\\/uploads\\\/2021\\\/02\\\/Blue-green-h40.png\",\"width\":83,\"height\":40,\"caption\":\"Joyn\"},\"image\":{\"@id\":\"https:\\\/\\\/joyn.eu\\\/fr-fr\\\/#\\\/schema\\\/logo\\\/image\\\/\"}}]}<\/script>\n<!-- \/ Yoast SEO plugin. -->","yoast_head_json":{"title":"La loyaut\u00e9 pour les nuls - Joyn","robots":{"index":"index","follow":"follow","max-snippet":"max-snippet:-1","max-image-preview":"max-image-preview:large","max-video-preview":"max-video-preview:-1"},"canonical":"https:\/\/joyn.eu\/fr-fr\/merchant-helpcenter\/loyaliteit-voor-dummies\/","og_locale":"fr_FR","og_type":"article","og_title":"La loyaut\u00e9 pour les nuls - Joyn","og_description":"18 Aug Rian Tavares Comment rendre les e-mails \u00e0 mes clients aussi efficaces que possible ? Utilisez votre base de donn\u00e9es clients : c&#8217;est une mine d\u2019or d\u2019informations. Informations que vous pouvez utiliser pour envoyer des e-mails cibl\u00e9s. Afin d\u2019envoyer des 18 Aug Rian Tavares Qu\u2019est-ce que la fid\u00e9lisation ? Fid\u00e9lit\u00e9, loyaut\u00e9, engagement, sinc\u00e9rit\u00e9\u2026 Ce [&hellip;]","og_url":"https:\/\/joyn.eu\/fr-fr\/merchant-helpcenter\/loyaliteit-voor-dummies\/","og_site_name":"Joyn","article_modified_time":"2025-04-25T14:00:03+00:00","og_image":[{"url":"https:\/\/joyn.eu\/wp-content\/uploads\/2023\/03\/Joyn_One2ThreeHeader-650x650.jpg","type":"","width":"","height":""}],"twitter_card":"summary_large_image","twitter_misc":{"Dur\u00e9e de lecture estim\u00e9e":"3 minutes"},"schema":{"@context":"https:\/\/schema.org","@graph":[{"@type":"WebPage","@id":"https:\/\/joyn.eu\/fr-fr\/merchant-helpcenter\/loyaliteit-voor-dummies\/","url":"https:\/\/joyn.eu\/fr-fr\/merchant-helpcenter\/loyaliteit-voor-dummies\/","name":"La loyaut\u00e9 pour les nuls - Joyn","isPartOf":{"@id":"https:\/\/joyn.eu\/fr-fr\/#website"},"datePublished":"2023-08-11T12:31:03+00:00","dateModified":"2025-04-25T14:00:03+00:00","breadcrumb":{"@id":"https:\/\/joyn.eu\/fr-fr\/merchant-helpcenter\/loyaliteit-voor-dummies\/#breadcrumb"},"inLanguage":"fr-FR","potentialAction":[{"@type":"ReadAction","target":["https:\/\/joyn.eu\/fr-fr\/merchant-helpcenter\/loyaliteit-voor-dummies\/"]}]},{"@type":"BreadcrumbList","@id":"https:\/\/joyn.eu\/fr-fr\/merchant-helpcenter\/loyaliteit-voor-dummies\/#breadcrumb","itemListElement":[{"@type":"ListItem","position":1,"name":"Home","item":"https:\/\/joyn.eu\/fr-fr\/home-merchant-new\/"},{"@type":"ListItem","position":2,"name":"Merchant Helpcenter","item":"https:\/\/joyn.eu\/fr-fr\/merchant-helpcenter\/"},{"@type":"ListItem","position":3,"name":"La loyaut\u00e9 pour les nuls"}]},{"@type":"WebSite","@id":"https:\/\/joyn.eu\/fr-fr\/#website","url":"https:\/\/joyn.eu\/fr-fr\/","name":"Joyn","description":"Just another WordPress site","publisher":{"@id":"https:\/\/joyn.eu\/fr-fr\/#organization"},"potentialAction":[{"@type":"SearchAction","target":{"@type":"EntryPoint","urlTemplate":"https:\/\/joyn.eu\/fr-fr\/?s={search_term_string}"},"query-input":{"@type":"PropertyValueSpecification","valueRequired":true,"valueName":"search_term_string"}}],"inLanguage":"fr-FR"},{"@type":"Organization","@id":"https:\/\/joyn.eu\/fr-fr\/#organization","name":"Joyn","url":"https:\/\/joyn.eu\/fr-fr\/","logo":{"@type":"ImageObject","inLanguage":"fr-FR","@id":"https:\/\/joyn.eu\/fr-fr\/#\/schema\/logo\/image\/","url":"https:\/\/joyn.eu\/wp-content\/uploads\/2021\/02\/Blue-green-h40.png","contentUrl":"https:\/\/joyn.eu\/wp-content\/uploads\/2021\/02\/Blue-green-h40.png","width":83,"height":40,"caption":"Joyn"},"image":{"@id":"https:\/\/joyn.eu\/fr-fr\/#\/schema\/logo\/image\/"}}]}},"_links":{"self":[{"href":"https:\/\/joyn.eu\/fr-fr\/wp-json\/wp\/v2\/pages\/90492","targetHints":{"allow":["GET"]}}],"collection":[{"href":"https:\/\/joyn.eu\/fr-fr\/wp-json\/wp\/v2\/pages"}],"about":[{"href":"https:\/\/joyn.eu\/fr-fr\/wp-json\/wp\/v2\/types\/page"}],"author":[{"embeddable":true,"href":"https:\/\/joyn.eu\/fr-fr\/wp-json\/wp\/v2\/users\/32"}],"replies":[{"embeddable":true,"href":"https:\/\/joyn.eu\/fr-fr\/wp-json\/wp\/v2\/comments?post=90492"}],"version-history":[{"count":4,"href":"https:\/\/joyn.eu\/fr-fr\/wp-json\/wp\/v2\/pages\/90492\/revisions"}],"predecessor-version":[{"id":106274,"href":"https:\/\/joyn.eu\/fr-fr\/wp-json\/wp\/v2\/pages\/90492\/revisions\/106274"}],"up":[{"embeddable":true,"href":"https:\/\/joyn.eu\/fr-fr\/wp-json\/wp\/v2\/pages\/90446"}],"wp:attachment":[{"href":"https:\/\/joyn.eu\/fr-fr\/wp-json\/wp\/v2\/media?parent=90492"}],"curies":[{"name":"wp","href":"https:\/\/api.w.org\/{rel}","templated":true}]}}