{"id":35815,"date":"2021-04-26T08:46:18","date_gmt":"2021-04-26T08:46:18","guid":{"rendered":"https:\/\/joyn.eu\/platform\/demo-aanvraag-ontvangen\/"},"modified":"2021-04-30T09:43:58","modified_gmt":"2021-04-30T09:43:58","slug":"demande-de-demo-bien-recu","status":"publish","type":"page","link":"https:\/\/joyn.eu\/fr-fr\/platform\/demo\/demande-de-demo-bien-recu\/","title":{"rendered":"demande de d\u00e9mo bien re\u00e7u"},"content":{"rendered":"\t\t<div data-elementor-type=\"wp-page\" data-elementor-id=\"35815\" class=\"elementor elementor-35815 elementor-35666\" data-elementor-post-type=\"page\">\n\t\t\t\t\t\t<section class=\"elementor-section elementor-top-section elementor-element elementor-element-48aa92e elementor-section-boxed elementor-section-height-default elementor-section-height-default\" data-id=\"48aa92e\" data-element_type=\"section\" data-e-type=\"section\" data-settings=\"{&quot;background_background&quot;:&quot;classic&quot;}\">\n\t\t\t\t\t\t<div class=\"elementor-container elementor-column-gap-default\">\n\t\t\t\t\t<div class=\"elementor-column elementor-col-100 elementor-top-column elementor-element elementor-element-0affeb1\" data-id=\"0affeb1\" data-element_type=\"column\" data-e-type=\"column\">\n\t\t\t<div class=\"elementor-widget-wrap elementor-element-populated\">\n\t\t\t\t\t\t<div class=\"elementor-element elementor-element-2ae8b0a elementor-widget elementor-widget-heading\" data-id=\"2ae8b0a\" data-element_type=\"widget\" data-e-type=\"widget\" data-widget_type=\"heading.default\">\n\t\t\t\t<div class=\"elementor-widget-container\">\n\t\t\t\t\t<h2 class=\"elementor-heading-title elementor-size-default\">Nous avons bien re\u00e7u votre demande<br><\/h2>\t\t\t\t<\/div>\n\t\t\t\t<\/div>\n\t\t\t\t<div class=\"elementor-element elementor-element-d8f05e6 elementor-widget elementor-widget-text-editor\" data-id=\"d8f05e6\" data-element_type=\"widget\" data-e-type=\"widget\" data-widget_type=\"text-editor.default\">\n\t\t\t\t<div class=\"elementor-widget-container\">\n\t\t\t\t\t\t\t\t\t<p style=\"text-align: center;\"><span style=\"color: #ffffff;\"><span style=\"caret-color: #ffffff; font-size: 20px;\">L\u2019un de nos experts vous contactera dans les 24 heures pour fixer un rendez-vous. Durant cette d\u00e9mo, il vous expliquera toutes les fonctionnalit\u00e9s et options de notre plateforme de fid\u00e9lisation et vous pourrez poser toutes vos questions. En attendant, n\u2019h\u00e9sitez pas \u00e0 consulter le centre d\u2019aide.<\/span><\/span><\/p>\t\t\t\t\t\t\t\t<\/div>\n\t\t\t\t<\/div>\n\t\t\t\t<section class=\"elementor-section elementor-inner-section elementor-element elementor-element-fbb1082 elementor-section-boxed elementor-section-height-default elementor-section-height-default\" data-id=\"fbb1082\" data-element_type=\"section\" data-e-type=\"section\">\n\t\t\t\t\t\t<div class=\"elementor-container elementor-column-gap-default\">\n\t\t\t\t\t<div class=\"elementor-column elementor-col-100 elementor-inner-column elementor-element elementor-element-7067086\" data-id=\"7067086\" data-element_type=\"column\" data-e-type=\"column\">\n\t\t\t<div class=\"elementor-widget-wrap\">\n\t\t\t\t\t\t\t<\/div>\n\t\t<\/div>\n\t\t\t\t\t<\/div>\n\t\t<\/section>\n\t\t\t\t\t<\/div>\n\t\t<\/div>\n\t\t\t\t\t<\/div>\n\t\t<\/section>\n\t\t\t\t<section class=\"elementor-section elementor-top-section elementor-element elementor-element-260b36f elementor-section-full_width elementor-section-height-default elementor-section-height-default\" data-id=\"260b36f\" data-element_type=\"section\" data-e-type=\"section\" data-settings=\"{&quot;background_background&quot;:&quot;classic&quot;}\">\n\t\t\t\t\t\t<div class=\"elementor-container elementor-column-gap-wide\">\n\t\t\t\t\t<div class=\"elementor-column elementor-col-100 elementor-top-column elementor-element elementor-element-9558d5e\" data-id=\"9558d5e\" data-element_type=\"column\" data-e-type=\"column\" data-settings=\"{&quot;background_background&quot;:&quot;classic&quot;}\">\n\t\t\t<div class=\"elementor-widget-wrap elementor-element-populated\">\n\t\t\t\t\t\t<section class=\"elementor-section elementor-inner-section elementor-element elementor-element-ed15de4 elementor-section-height-min-height elementor-section-content-middle elementor-section-boxed elementor-section-height-default\" data-id=\"ed15de4\" data-element_type=\"section\" data-e-type=\"section\">\n\t\t\t\t\t\t<div class=\"elementor-container elementor-column-gap-default\">\n\t\t\t\t\t<div class=\"elementor-column elementor-col-100 elementor-inner-column elementor-element elementor-element-4d8d4ee\" data-id=\"4d8d4ee\" data-element_type=\"column\" data-e-type=\"column\">\n\t\t\t<div class=\"elementor-widget-wrap elementor-element-populated\">\n\t\t\t\t\t\t<div class=\"elementor-element elementor-element-fc1baab elementor-widget elementor-widget-spacer\" data-id=\"fc1baab\" data-element_type=\"widget\" data-e-type=\"widget\" data-widget_type=\"spacer.default\">\n\t\t\t\t<div class=\"elementor-widget-container\">\n\t\t\t\t\t\t\t<div class=\"elementor-spacer\">\n\t\t\t<div class=\"elementor-spacer-inner\"><\/div>\n\t\t<\/div>\n\t\t\t\t\t\t<\/div>\n\t\t\t\t<\/div>\n\t\t\t\t\t<\/div>\n\t\t<\/div>\n\t\t\t\t\t<\/div>\n\t\t<\/section>\n\t\t\t\t\t<\/div>\n\t\t<\/div>\n\t\t\t\t\t<\/div>\n\t\t<\/section>\n\t\t\t\t<\/div>\n\t\t","protected":false},"excerpt":{"rendered":"<p>Nous avons bien re\u00e7u votre demande L\u2019un de nos experts vous contactera dans les 24 heures pour fixer un rendez-vous. Durant cette d\u00e9mo, il vous expliquera toutes les fonctionnalit\u00e9s et options de notre plateforme de fid\u00e9lisation et vous pourrez poser toutes vos questions. En attendant, n\u2019h\u00e9sitez pas \u00e0 consulter le centre d\u2019aide. Vers le centre [&hellip;]<\/p>\n","protected":false},"author":1,"featured_media":54836,"parent":66215,"menu_order":1,"comment_status":"closed","ping_status":"closed","template":"","meta":{"_acf_changed":false,"inline_featured_image":false,"footnotes":""},"class_list":["post-35815","page","type-page","status-publish","has-post-thumbnail","hentry"],"acf":[],"yoast_head":"<!-- This site is optimized with the Yoast SEO plugin v27.3 - https:\/\/yoast.com\/product\/yoast-seo-wordpress\/ -->\n<title>demande de d\u00e9mo bien re\u00e7u - Joyn<\/title>\n<meta name=\"description\" content=\"Nous avons bien re\u00e7u votre demande de d\u00e9mo. Un de nos experts vous contactera dans les 24 heures pour fixer un rendez-vous.\" \/>\n<meta name=\"robots\" content=\"index, follow, max-snippet:-1, max-image-preview:large, max-video-preview:-1\" \/>\n<link rel=\"canonical\" href=\"https:\/\/joyn.eu\/fr-fr\/platform\/demo\/demande-de-demo-bien-recu\/\" \/>\n<meta property=\"og:locale\" content=\"fr_FR\" \/>\n<meta property=\"og:type\" content=\"article\" \/>\n<meta property=\"og:title\" content=\"demande de d\u00e9mo bien re\u00e7u - Joyn\" \/>\n<meta property=\"og:description\" content=\"Nous avons bien re\u00e7u votre demande de d\u00e9mo. Un de nos experts vous contactera dans les 24 heures pour fixer un rendez-vous.\" \/>\n<meta property=\"og:url\" content=\"https:\/\/joyn.eu\/fr-fr\/platform\/demo\/demande-de-demo-bien-recu\/\" \/>\n<meta property=\"og:site_name\" content=\"Joyn\" \/>\n<meta property=\"article:modified_time\" content=\"2021-04-30T09:43:58+00:00\" \/>\n<meta property=\"og:image\" content=\"https:\/\/joyn.eu\/wp-content\/uploads\/2021\/03\/contact-us.jpg\" \/>\n\t<meta property=\"og:image:width\" content=\"1920\" \/>\n\t<meta property=\"og:image:height\" content=\"936\" \/>\n\t<meta property=\"og:image:type\" content=\"image\/jpeg\" \/>\n<meta name=\"twitter:card\" content=\"summary_large_image\" \/>\n<meta name=\"twitter:label1\" content=\"Dur\u00e9e de lecture estim\u00e9e\" \/>\n\t<meta name=\"twitter:data1\" content=\"1 minute\" \/>\n<script type=\"application\/ld+json\" class=\"yoast-schema-graph\">{\"@context\":\"https:\\\/\\\/schema.org\",\"@graph\":[{\"@type\":\"WebPage\",\"@id\":\"https:\\\/\\\/joyn.eu\\\/fr-fr\\\/platform\\\/demo\\\/demande-de-demo-bien-recu\\\/\",\"url\":\"https:\\\/\\\/joyn.eu\\\/fr-fr\\\/platform\\\/demo\\\/demande-de-demo-bien-recu\\\/\",\"name\":\"demande de d\u00e9mo bien re\u00e7u - Joyn\",\"isPartOf\":{\"@id\":\"https:\\\/\\\/joyn.eu\\\/fr-fr\\\/#website\"},\"primaryImageOfPage\":{\"@id\":\"https:\\\/\\\/joyn.eu\\\/fr-fr\\\/platform\\\/demo\\\/demande-de-demo-bien-recu\\\/#primaryimage\"},\"image\":{\"@id\":\"https:\\\/\\\/joyn.eu\\\/fr-fr\\\/platform\\\/demo\\\/demande-de-demo-bien-recu\\\/#primaryimage\"},\"thumbnailUrl\":\"https:\\\/\\\/joyn.eu\\\/wp-content\\\/uploads\\\/2022\\\/04\\\/volledig-omnichannel.jpg\",\"datePublished\":\"2021-04-26T08:46:18+00:00\",\"dateModified\":\"2021-04-30T09:43:58+00:00\",\"description\":\"Nous avons bien re\u00e7u votre demande de d\u00e9mo. Un de nos experts vous contactera dans les 24 heures pour fixer un rendez-vous.\",\"breadcrumb\":{\"@id\":\"https:\\\/\\\/joyn.eu\\\/fr-fr\\\/platform\\\/demo\\\/demande-de-demo-bien-recu\\\/#breadcrumb\"},\"inLanguage\":\"fr-FR\",\"potentialAction\":[{\"@type\":\"ReadAction\",\"target\":[\"https:\\\/\\\/joyn.eu\\\/fr-fr\\\/platform\\\/demo\\\/demande-de-demo-bien-recu\\\/\"]}]},{\"@type\":\"ImageObject\",\"inLanguage\":\"fr-FR\",\"@id\":\"https:\\\/\\\/joyn.eu\\\/fr-fr\\\/platform\\\/demo\\\/demande-de-demo-bien-recu\\\/#primaryimage\",\"url\":\"https:\\\/\\\/joyn.eu\\\/wp-content\\\/uploads\\\/2022\\\/04\\\/volledig-omnichannel.jpg\",\"contentUrl\":\"https:\\\/\\\/joyn.eu\\\/wp-content\\\/uploads\\\/2022\\\/04\\\/volledig-omnichannel.jpg\",\"width\":500,\"height\":377},{\"@type\":\"BreadcrumbList\",\"@id\":\"https:\\\/\\\/joyn.eu\\\/fr-fr\\\/platform\\\/demo\\\/demande-de-demo-bien-recu\\\/#breadcrumb\",\"itemListElement\":[{\"@type\":\"ListItem\",\"position\":1,\"name\":\"Home\",\"item\":\"https:\\\/\\\/joyn.eu\\\/fr-fr\\\/home-merchant-new\\\/\"},{\"@type\":\"ListItem\",\"position\":2,\"name\":\"Plate-forme\",\"item\":\"https:\\\/\\\/joyn.eu\\\/fr-fr\\\/commercant__trashed\\\/platform\\\/\"},{\"@type\":\"ListItem\",\"position\":3,\"name\":\"Demo\",\"item\":\"https:\\\/\\\/joyn.eu\\\/fr-fr\\\/platform\\\/demo\\\/\"},{\"@type\":\"ListItem\",\"position\":4,\"name\":\"demande de d\u00e9mo bien re\u00e7u\"}]},{\"@type\":\"WebSite\",\"@id\":\"https:\\\/\\\/joyn.eu\\\/fr-fr\\\/#website\",\"url\":\"https:\\\/\\\/joyn.eu\\\/fr-fr\\\/\",\"name\":\"Joyn\",\"description\":\"Just another WordPress site\",\"publisher\":{\"@id\":\"https:\\\/\\\/joyn.eu\\\/fr-fr\\\/#organization\"},\"potentialAction\":[{\"@type\":\"SearchAction\",\"target\":{\"@type\":\"EntryPoint\",\"urlTemplate\":\"https:\\\/\\\/joyn.eu\\\/fr-fr\\\/?s={search_term_string}\"},\"query-input\":{\"@type\":\"PropertyValueSpecification\",\"valueRequired\":true,\"valueName\":\"search_term_string\"}}],\"inLanguage\":\"fr-FR\"},{\"@type\":\"Organization\",\"@id\":\"https:\\\/\\\/joyn.eu\\\/fr-fr\\\/#organization\",\"name\":\"Joyn\",\"url\":\"https:\\\/\\\/joyn.eu\\\/fr-fr\\\/\",\"logo\":{\"@type\":\"ImageObject\",\"inLanguage\":\"fr-FR\",\"@id\":\"https:\\\/\\\/joyn.eu\\\/fr-fr\\\/#\\\/schema\\\/logo\\\/image\\\/\",\"url\":\"https:\\\/\\\/joyn.eu\\\/wp-content\\\/uploads\\\/2021\\\/02\\\/Blue-green-h40.png\",\"contentUrl\":\"https:\\\/\\\/joyn.eu\\\/wp-content\\\/uploads\\\/2021\\\/02\\\/Blue-green-h40.png\",\"width\":83,\"height\":40,\"caption\":\"Joyn\"},\"image\":{\"@id\":\"https:\\\/\\\/joyn.eu\\\/fr-fr\\\/#\\\/schema\\\/logo\\\/image\\\/\"}}]}<\/script>\n<!-- \/ Yoast SEO plugin. -->","yoast_head_json":{"title":"demande de d\u00e9mo bien re\u00e7u - Joyn","description":"Nous avons bien re\u00e7u votre demande de d\u00e9mo. Un de nos experts vous contactera dans les 24 heures pour fixer un rendez-vous.","robots":{"index":"index","follow":"follow","max-snippet":"max-snippet:-1","max-image-preview":"max-image-preview:large","max-video-preview":"max-video-preview:-1"},"canonical":"https:\/\/joyn.eu\/fr-fr\/platform\/demo\/demande-de-demo-bien-recu\/","og_locale":"fr_FR","og_type":"article","og_title":"demande de d\u00e9mo bien re\u00e7u - Joyn","og_description":"Nous avons bien re\u00e7u votre demande de d\u00e9mo. Un de nos experts vous contactera dans les 24 heures pour fixer un rendez-vous.","og_url":"https:\/\/joyn.eu\/fr-fr\/platform\/demo\/demande-de-demo-bien-recu\/","og_site_name":"Joyn","article_modified_time":"2021-04-30T09:43:58+00:00","og_image":[{"width":1920,"height":936,"url":"https:\/\/joyn.eu\/wp-content\/uploads\/2021\/03\/contact-us.jpg","type":"image\/jpeg"}],"twitter_card":"summary_large_image","twitter_misc":{"Dur\u00e9e de lecture estim\u00e9e":"1 minute"},"schema":{"@context":"https:\/\/schema.org","@graph":[{"@type":"WebPage","@id":"https:\/\/joyn.eu\/fr-fr\/platform\/demo\/demande-de-demo-bien-recu\/","url":"https:\/\/joyn.eu\/fr-fr\/platform\/demo\/demande-de-demo-bien-recu\/","name":"demande de d\u00e9mo bien re\u00e7u - Joyn","isPartOf":{"@id":"https:\/\/joyn.eu\/fr-fr\/#website"},"primaryImageOfPage":{"@id":"https:\/\/joyn.eu\/fr-fr\/platform\/demo\/demande-de-demo-bien-recu\/#primaryimage"},"image":{"@id":"https:\/\/joyn.eu\/fr-fr\/platform\/demo\/demande-de-demo-bien-recu\/#primaryimage"},"thumbnailUrl":"https:\/\/joyn.eu\/wp-content\/uploads\/2022\/04\/volledig-omnichannel.jpg","datePublished":"2021-04-26T08:46:18+00:00","dateModified":"2021-04-30T09:43:58+00:00","description":"Nous avons bien re\u00e7u votre demande de d\u00e9mo. Un de nos experts vous contactera dans les 24 heures pour fixer un rendez-vous.","breadcrumb":{"@id":"https:\/\/joyn.eu\/fr-fr\/platform\/demo\/demande-de-demo-bien-recu\/#breadcrumb"},"inLanguage":"fr-FR","potentialAction":[{"@type":"ReadAction","target":["https:\/\/joyn.eu\/fr-fr\/platform\/demo\/demande-de-demo-bien-recu\/"]}]},{"@type":"ImageObject","inLanguage":"fr-FR","@id":"https:\/\/joyn.eu\/fr-fr\/platform\/demo\/demande-de-demo-bien-recu\/#primaryimage","url":"https:\/\/joyn.eu\/wp-content\/uploads\/2022\/04\/volledig-omnichannel.jpg","contentUrl":"https:\/\/joyn.eu\/wp-content\/uploads\/2022\/04\/volledig-omnichannel.jpg","width":500,"height":377},{"@type":"BreadcrumbList","@id":"https:\/\/joyn.eu\/fr-fr\/platform\/demo\/demande-de-demo-bien-recu\/#breadcrumb","itemListElement":[{"@type":"ListItem","position":1,"name":"Home","item":"https:\/\/joyn.eu\/fr-fr\/home-merchant-new\/"},{"@type":"ListItem","position":2,"name":"Plate-forme","item":"https:\/\/joyn.eu\/fr-fr\/commercant__trashed\/platform\/"},{"@type":"ListItem","position":3,"name":"Demo","item":"https:\/\/joyn.eu\/fr-fr\/platform\/demo\/"},{"@type":"ListItem","position":4,"name":"demande de d\u00e9mo bien re\u00e7u"}]},{"@type":"WebSite","@id":"https:\/\/joyn.eu\/fr-fr\/#website","url":"https:\/\/joyn.eu\/fr-fr\/","name":"Joyn","description":"Just another WordPress site","publisher":{"@id":"https:\/\/joyn.eu\/fr-fr\/#organization"},"potentialAction":[{"@type":"SearchAction","target":{"@type":"EntryPoint","urlTemplate":"https:\/\/joyn.eu\/fr-fr\/?s={search_term_string}"},"query-input":{"@type":"PropertyValueSpecification","valueRequired":true,"valueName":"search_term_string"}}],"inLanguage":"fr-FR"},{"@type":"Organization","@id":"https:\/\/joyn.eu\/fr-fr\/#organization","name":"Joyn","url":"https:\/\/joyn.eu\/fr-fr\/","logo":{"@type":"ImageObject","inLanguage":"fr-FR","@id":"https:\/\/joyn.eu\/fr-fr\/#\/schema\/logo\/image\/","url":"https:\/\/joyn.eu\/wp-content\/uploads\/2021\/02\/Blue-green-h40.png","contentUrl":"https:\/\/joyn.eu\/wp-content\/uploads\/2021\/02\/Blue-green-h40.png","width":83,"height":40,"caption":"Joyn"},"image":{"@id":"https:\/\/joyn.eu\/fr-fr\/#\/schema\/logo\/image\/"}}]}},"_links":{"self":[{"href":"https:\/\/joyn.eu\/fr-fr\/wp-json\/wp\/v2\/pages\/35815","targetHints":{"allow":["GET"]}}],"collection":[{"href":"https:\/\/joyn.eu\/fr-fr\/wp-json\/wp\/v2\/pages"}],"about":[{"href":"https:\/\/joyn.eu\/fr-fr\/wp-json\/wp\/v2\/types\/page"}],"author":[{"embeddable":true,"href":"https:\/\/joyn.eu\/fr-fr\/wp-json\/wp\/v2\/users\/1"}],"replies":[{"embeddable":true,"href":"https:\/\/joyn.eu\/fr-fr\/wp-json\/wp\/v2\/comments?post=35815"}],"version-history":[{"count":8,"href":"https:\/\/joyn.eu\/fr-fr\/wp-json\/wp\/v2\/pages\/35815\/revisions"}],"predecessor-version":[{"id":36217,"href":"https:\/\/joyn.eu\/fr-fr\/wp-json\/wp\/v2\/pages\/35815\/revisions\/36217"}],"up":[{"embeddable":true,"href":"https:\/\/joyn.eu\/fr-fr\/wp-json\/wp\/v2\/pages\/66215"}],"wp:featuredmedia":[{"embeddable":true,"href":"https:\/\/joyn.eu\/fr-fr\/wp-json\/wp\/v2\/media\/54836"}],"wp:attachment":[{"href":"https:\/\/joyn.eu\/fr-fr\/wp-json\/wp\/v2\/media?parent=35815"}],"curies":[{"name":"wp","href":"https:\/\/api.w.org\/{rel}","templated":true}]}}