{"id":34582,"date":"2021-03-11T13:56:03","date_gmt":"2021-03-11T13:56:03","guid":{"rendered":"https:\/\/joyn.eu\/?page_id=34582"},"modified":"2021-03-11T22:08:39","modified_gmt":"2021-03-11T22:08:39","slug":"merci-pour-la-presentation","status":"publish","type":"page","link":"https:\/\/joyn.eu\/fr-fr\/lp\/merci-pour-la-presentation\/","title":{"rendered":"Merci pour la pr\u00e9sentation !"},"content":{"rendered":"\t\t<div data-elementor-type=\"wp-page\" data-elementor-id=\"34582\" class=\"elementor elementor-34582 elementor-34578\" data-elementor-post-type=\"page\">\n\t\t\t\t\t\t<section class=\"elementor-section elementor-top-section elementor-element elementor-element-3b5ee31 elementor-section-full_width elementor-section-items-stretch elementor-section-height-min-height elementor-section-height-default\" data-id=\"3b5ee31\" data-element_type=\"section\" data-e-type=\"section\" data-settings=\"{&quot;background_background&quot;:&quot;classic&quot;}\">\n\t\t\t\t\t\t<div class=\"elementor-container elementor-column-gap-wide\">\n\t\t\t\t\t<div class=\"elementor-column elementor-col-100 elementor-top-column elementor-element elementor-element-4dabd54\" data-id=\"4dabd54\" data-element_type=\"column\" data-e-type=\"column\" data-settings=\"{&quot;background_background&quot;:&quot;classic&quot;}\">\n\t\t\t<div class=\"elementor-widget-wrap elementor-element-populated\">\n\t\t\t\t\t\t<section class=\"elementor-section elementor-inner-section elementor-element elementor-element-f1d2db3 elementor-section-height-min-height elementor-section-content-middle elementor-section-boxed elementor-section-height-default\" data-id=\"f1d2db3\" data-element_type=\"section\" data-e-type=\"section\">\n\t\t\t\t\t\t<div class=\"elementor-container elementor-column-gap-default\">\n\t\t\t\t\t<div class=\"elementor-column elementor-col-100 elementor-inner-column elementor-element elementor-element-496f45b\" data-id=\"496f45b\" data-element_type=\"column\" data-e-type=\"column\">\n\t\t\t<div class=\"elementor-widget-wrap elementor-element-populated\">\n\t\t\t\t\t\t<div class=\"elementor-element elementor-element-d43ff33 elementor-widget elementor-widget-spacer\" data-id=\"d43ff33\" data-element_type=\"widget\" data-e-type=\"widget\" data-widget_type=\"spacer.default\">\n\t\t\t\t<div class=\"elementor-widget-container\">\n\t\t\t\t\t\t\t<div class=\"elementor-spacer\">\n\t\t\t<div class=\"elementor-spacer-inner\"><\/div>\n\t\t<\/div>\n\t\t\t\t\t\t<\/div>\n\t\t\t\t<\/div>\n\t\t\t\t<div class=\"elementor-element elementor-element-dd23070 elementor-widget elementor-widget-heading\" data-id=\"dd23070\" data-element_type=\"widget\" data-e-type=\"widget\" data-widget_type=\"heading.default\">\n\t\t\t\t<div class=\"elementor-widget-container\">\n\t\t\t\t\t<h1 class=\"elementor-heading-title elementor-size-default\">Merci pour la pr\u00e9sentation !<\/h1>\t\t\t\t<\/div>\n\t\t\t\t<\/div>\n\t\t\t\t\t<\/div>\n\t\t<\/div>\n\t\t\t\t\t<\/div>\n\t\t<\/section>\n\t\t\t\t\t<\/div>\n\t\t<\/div>\n\t\t\t\t\t<\/div>\n\t\t<\/section>\n\t\t\t\t<section class=\"elementor-section elementor-top-section elementor-element elementor-element-f8ff96b elementor-section-boxed elementor-section-height-default elementor-section-height-default\" data-id=\"f8ff96b\" data-element_type=\"section\" data-e-type=\"section\">\n\t\t\t\t\t\t<div class=\"elementor-container elementor-column-gap-default\">\n\t\t\t\t\t<div class=\"elementor-column elementor-col-100 elementor-top-column elementor-element elementor-element-3b10a3b\" data-id=\"3b10a3b\" data-element_type=\"column\" data-e-type=\"column\">\n\t\t\t<div class=\"elementor-widget-wrap elementor-element-populated\">\n\t\t\t\t\t\t<div class=\"elementor-element elementor-element-25615e4 elementor-widget elementor-widget-heading\" data-id=\"25615e4\" data-element_type=\"widget\" data-e-type=\"widget\" data-widget_type=\"heading.default\">\n\t\t\t\t<div class=\"elementor-widget-container\">\n\t\t\t\t\t<h2 class=\"elementor-heading-title elementor-size-default\">Vous connaissez un commer\u00e7ant qui aimerait utiliser Joyn ? Faite-le nous savoir.<\/h2>\t\t\t\t<\/div>\n\t\t\t\t<\/div>\n\t\t\t\t\t<\/div>\n\t\t<\/div>\n\t\t\t\t\t<\/div>\n\t\t<\/section>\n\t\t\t\t<section class=\"elementor-section elementor-top-section elementor-element elementor-element-1322401 elementor-section-boxed elementor-section-height-default elementor-section-height-default\" data-id=\"1322401\" data-element_type=\"section\" data-e-type=\"section\">\n\t\t\t\t\t\t<div class=\"elementor-container elementor-column-gap-default\">\n\t\t\t\t\t<div class=\"elementor-column elementor-col-100 elementor-top-column elementor-element elementor-element-b643cd8\" data-id=\"b643cd8\" data-element_type=\"column\" data-e-type=\"column\">\n\t\t\t<div class=\"elementor-widget-wrap elementor-element-populated\">\n\t\t\t\t\t\t<div class=\"elementor-element elementor-element-c3c10e6 elementor-widget elementor-widget-heading\" data-id=\"c3c10e6\" data-element_type=\"widget\" data-e-type=\"widget\" data-widget_type=\"heading.default\">\n\t\t\t\t<div class=\"elementor-widget-container\">\n\t\t\t\t\t<h3 class=\"elementor-heading-title elementor-size-default\">Plus les commer\u00e7ants utilisent Joyn, mieux c\u2019est pour vous et votre quartier. <br><br>De plus, pour chaque commer\u00e7ant que vous pr\u00e9sentez et qui souscrit un abonnement \u00e0 Joyn, vous gagnez un mois d\u2019acc\u00e8s gratuit \u00e0 la plateforme Joyn.<\/h3>\t\t\t\t<\/div>\n\t\t\t\t<\/div>\n\t\t\t\t<section class=\"elementor-section elementor-inner-section elementor-element elementor-element-aa89bac elementor-section-boxed elementor-section-height-default elementor-section-height-default\" data-id=\"aa89bac\" data-element_type=\"section\" data-e-type=\"section\">\n\t\t\t\t\t\t<div class=\"elementor-container elementor-column-gap-default\">\n\t\t\t\t\t<div class=\"elementor-column elementor-col-100 elementor-inner-column elementor-element elementor-element-7cf01f4\" data-id=\"7cf01f4\" data-element_type=\"column\" data-e-type=\"column\">\n\t\t\t<div class=\"elementor-widget-wrap\">\n\t\t\t\t\t\t\t<\/div>\n\t\t<\/div>\n\t\t\t\t\t<\/div>\n\t\t<\/section>\n\t\t\t\t<div class=\"elementor-element elementor-element-efe39da elementor-widget elementor-widget-text-editor\" data-id=\"efe39da\" data-element_type=\"widget\" data-e-type=\"widget\" data-widget_type=\"text-editor.default\">\n\t\t\t\t<div class=\"elementor-widget-container\">\n\t\t\t\t\t\t\t\t\t<p style=\"text-align: center;\"><a href=\"https:\/\/joyndev.kinsta.cloud\/fr-fr\/lp\/connaissez-vous-des-commercants-de-votre-quartier-qui-aimeraient-egalement-utiliser-joyn\/conditions\/\">Conditions<\/a><\/p>\t\t\t\t\t\t\t\t<\/div>\n\t\t\t\t<\/div>\n\t\t\t\t\t<\/div>\n\t\t<\/div>\n\t\t\t\t\t<\/div>\n\t\t<\/section>\n\t\t\t\t<\/div>\n\t\t","protected":false},"excerpt":{"rendered":"<p>Merci pour la pr\u00e9sentation ! Vous connaissez un commer\u00e7ant qui aimerait utiliser Joyn ? Faite-le nous savoir. Plus les commer\u00e7ants utilisent Joyn, mieux c\u2019est pour vous et votre quartier. De plus, pour chaque commer\u00e7ant que vous pr\u00e9sentez et qui souscrit un abonnement \u00e0 Joyn, vous gagnez un mois d\u2019acc\u00e8s gratuit \u00e0 la plateforme Joyn. Vous [&hellip;]<\/p>\n","protected":false},"author":1,"featured_media":34107,"parent":30394,"menu_order":0,"comment_status":"closed","ping_status":"closed","template":"full_width.php","meta":{"_acf_changed":false,"inline_featured_image":false,"footnotes":""},"class_list":["post-34582","page","type-page","status-publish","has-post-thumbnail","hentry"],"acf":[],"yoast_head":"<!-- This site is optimized with the Yoast SEO plugin v27.4 - https:\/\/yoast.com\/product\/yoast-seo-wordpress\/ -->\n<title>Merci pour la pr\u00e9sentation ! - Joyn<\/title>\n<meta name=\"description\" content=\"Merci pour la pr\u00e9sentation ! Plus les commer\u00e7ants utilisent Joyn, mieux c\u2019est pour vous et votre quartier.\" \/>\n<meta name=\"robots\" content=\"index, follow, max-snippet:-1, max-image-preview:large, max-video-preview:-1\" \/>\n<link rel=\"canonical\" href=\"https:\/\/joyn.eu\/fr-fr\/lp\/merci-pour-la-presentation\/\" \/>\n<meta property=\"og:locale\" content=\"fr_FR\" \/>\n<meta property=\"og:type\" content=\"article\" \/>\n<meta property=\"og:title\" content=\"Merci pour la pr\u00e9sentation ! - Joyn\" \/>\n<meta property=\"og:description\" content=\"Merci pour la pr\u00e9sentation ! Plus les commer\u00e7ants utilisent Joyn, mieux c\u2019est pour vous et votre quartier.\" \/>\n<meta property=\"og:url\" content=\"https:\/\/joyn.eu\/fr-fr\/lp\/merci-pour-la-presentation\/\" \/>\n<meta property=\"og:site_name\" content=\"Joyn\" \/>\n<meta property=\"article:modified_time\" content=\"2021-03-11T22:08:39+00:00\" \/>\n<meta property=\"og:image\" content=\"https:\/\/joyn.eu\/wp-content\/uploads\/2021\/03\/hero-mgm.jpg\" \/>\n\t<meta property=\"og:image:width\" content=\"1920\" \/>\n\t<meta property=\"og:image:height\" content=\"936\" \/>\n\t<meta property=\"og:image:type\" content=\"image\/jpeg\" \/>\n<meta name=\"twitter:card\" content=\"summary_large_image\" \/>\n<meta name=\"twitter:label1\" content=\"Dur\u00e9e de lecture estim\u00e9e\" \/>\n\t<meta name=\"twitter:data1\" content=\"1 minute\" \/>\n<script type=\"application\/ld+json\" class=\"yoast-schema-graph\">{\"@context\":\"https:\\\/\\\/schema.org\",\"@graph\":[{\"@type\":\"WebPage\",\"@id\":\"https:\\\/\\\/joyn.eu\\\/fr-fr\\\/lp\\\/merci-pour-la-presentation\\\/\",\"url\":\"https:\\\/\\\/joyn.eu\\\/fr-fr\\\/lp\\\/merci-pour-la-presentation\\\/\",\"name\":\"Merci pour la pr\u00e9sentation ! - Joyn\",\"isPartOf\":{\"@id\":\"https:\\\/\\\/joyn.eu\\\/fr-fr\\\/#website\"},\"primaryImageOfPage\":{\"@id\":\"https:\\\/\\\/joyn.eu\\\/fr-fr\\\/lp\\\/merci-pour-la-presentation\\\/#primaryimage\"},\"image\":{\"@id\":\"https:\\\/\\\/joyn.eu\\\/fr-fr\\\/lp\\\/merci-pour-la-presentation\\\/#primaryimage\"},\"thumbnailUrl\":\"https:\\\/\\\/joyn.eu\\\/wp-content\\\/uploads\\\/2021\\\/03\\\/hero-mgm.jpg\",\"datePublished\":\"2021-03-11T13:56:03+00:00\",\"dateModified\":\"2021-03-11T22:08:39+00:00\",\"description\":\"Merci pour la pr\u00e9sentation ! Plus les commer\u00e7ants utilisent Joyn, mieux c\u2019est pour vous et votre quartier.\",\"breadcrumb\":{\"@id\":\"https:\\\/\\\/joyn.eu\\\/fr-fr\\\/lp\\\/merci-pour-la-presentation\\\/#breadcrumb\"},\"inLanguage\":\"fr-FR\",\"potentialAction\":[{\"@type\":\"ReadAction\",\"target\":[\"https:\\\/\\\/joyn.eu\\\/fr-fr\\\/lp\\\/merci-pour-la-presentation\\\/\"]}]},{\"@type\":\"ImageObject\",\"inLanguage\":\"fr-FR\",\"@id\":\"https:\\\/\\\/joyn.eu\\\/fr-fr\\\/lp\\\/merci-pour-la-presentation\\\/#primaryimage\",\"url\":\"https:\\\/\\\/joyn.eu\\\/wp-content\\\/uploads\\\/2021\\\/03\\\/hero-mgm.jpg\",\"contentUrl\":\"https:\\\/\\\/joyn.eu\\\/wp-content\\\/uploads\\\/2021\\\/03\\\/hero-mgm.jpg\",\"width\":1920,\"height\":936,\"caption\":\"commer\u00e7ants de votre quartier\"},{\"@type\":\"BreadcrumbList\",\"@id\":\"https:\\\/\\\/joyn.eu\\\/fr-fr\\\/lp\\\/merci-pour-la-presentation\\\/#breadcrumb\",\"itemListElement\":[{\"@type\":\"ListItem\",\"position\":1,\"name\":\"Home\",\"item\":\"https:\\\/\\\/joyn.eu\\\/fr-fr\\\/home-merchant-new\\\/\"},{\"@type\":\"ListItem\",\"position\":2,\"name\":\"LP\",\"item\":\"https:\\\/\\\/joyn.eu\\\/fr-fr\\\/lp\\\/\"},{\"@type\":\"ListItem\",\"position\":3,\"name\":\"Connaissez-vous des commer\u00e7ants de votre quartier qui aimeraient \u00e9galement utiliser Joyn\",\"item\":\"https:\\\/\\\/joyn.eu\\\/fr-fr\\\/lp\\\/connaissez-vous-des-commercants-de-votre-quartier-qui-aimeraient-egalement-utiliser-joyn\\\/\"},{\"@type\":\"ListItem\",\"position\":4,\"name\":\"Merci pour la pr\u00e9sentation !\"}]},{\"@type\":\"WebSite\",\"@id\":\"https:\\\/\\\/joyn.eu\\\/fr-fr\\\/#website\",\"url\":\"https:\\\/\\\/joyn.eu\\\/fr-fr\\\/\",\"name\":\"Joyn\",\"description\":\"Just another WordPress site\",\"publisher\":{\"@id\":\"https:\\\/\\\/joyn.eu\\\/fr-fr\\\/#organization\"},\"potentialAction\":[{\"@type\":\"SearchAction\",\"target\":{\"@type\":\"EntryPoint\",\"urlTemplate\":\"https:\\\/\\\/joyn.eu\\\/fr-fr\\\/?s={search_term_string}\"},\"query-input\":{\"@type\":\"PropertyValueSpecification\",\"valueRequired\":true,\"valueName\":\"search_term_string\"}}],\"inLanguage\":\"fr-FR\"},{\"@type\":\"Organization\",\"@id\":\"https:\\\/\\\/joyn.eu\\\/fr-fr\\\/#organization\",\"name\":\"Joyn\",\"url\":\"https:\\\/\\\/joyn.eu\\\/fr-fr\\\/\",\"logo\":{\"@type\":\"ImageObject\",\"inLanguage\":\"fr-FR\",\"@id\":\"https:\\\/\\\/joyn.eu\\\/fr-fr\\\/#\\\/schema\\\/logo\\\/image\\\/\",\"url\":\"https:\\\/\\\/joyn.eu\\\/wp-content\\\/uploads\\\/2021\\\/02\\\/Blue-green-h40.png\",\"contentUrl\":\"https:\\\/\\\/joyn.eu\\\/wp-content\\\/uploads\\\/2021\\\/02\\\/Blue-green-h40.png\",\"width\":83,\"height\":40,\"caption\":\"Joyn\"},\"image\":{\"@id\":\"https:\\\/\\\/joyn.eu\\\/fr-fr\\\/#\\\/schema\\\/logo\\\/image\\\/\"}}]}<\/script>\n<!-- \/ Yoast SEO plugin. -->","yoast_head_json":{"title":"Merci pour la pr\u00e9sentation ! - Joyn","description":"Merci pour la pr\u00e9sentation ! Plus les commer\u00e7ants utilisent Joyn, mieux c\u2019est pour vous et votre quartier.","robots":{"index":"index","follow":"follow","max-snippet":"max-snippet:-1","max-image-preview":"max-image-preview:large","max-video-preview":"max-video-preview:-1"},"canonical":"https:\/\/joyn.eu\/fr-fr\/lp\/merci-pour-la-presentation\/","og_locale":"fr_FR","og_type":"article","og_title":"Merci pour la pr\u00e9sentation ! - Joyn","og_description":"Merci pour la pr\u00e9sentation ! Plus les commer\u00e7ants utilisent Joyn, mieux c\u2019est pour vous et votre quartier.","og_url":"https:\/\/joyn.eu\/fr-fr\/lp\/merci-pour-la-presentation\/","og_site_name":"Joyn","article_modified_time":"2021-03-11T22:08:39+00:00","og_image":[{"width":1920,"height":936,"url":"https:\/\/joyn.eu\/wp-content\/uploads\/2021\/03\/hero-mgm.jpg","type":"image\/jpeg"}],"twitter_card":"summary_large_image","twitter_misc":{"Dur\u00e9e de lecture estim\u00e9e":"1 minute"},"schema":{"@context":"https:\/\/schema.org","@graph":[{"@type":"WebPage","@id":"https:\/\/joyn.eu\/fr-fr\/lp\/merci-pour-la-presentation\/","url":"https:\/\/joyn.eu\/fr-fr\/lp\/merci-pour-la-presentation\/","name":"Merci pour la pr\u00e9sentation ! - Joyn","isPartOf":{"@id":"https:\/\/joyn.eu\/fr-fr\/#website"},"primaryImageOfPage":{"@id":"https:\/\/joyn.eu\/fr-fr\/lp\/merci-pour-la-presentation\/#primaryimage"},"image":{"@id":"https:\/\/joyn.eu\/fr-fr\/lp\/merci-pour-la-presentation\/#primaryimage"},"thumbnailUrl":"https:\/\/joyn.eu\/wp-content\/uploads\/2021\/03\/hero-mgm.jpg","datePublished":"2021-03-11T13:56:03+00:00","dateModified":"2021-03-11T22:08:39+00:00","description":"Merci pour la pr\u00e9sentation ! Plus les commer\u00e7ants utilisent Joyn, mieux c\u2019est pour vous et votre quartier.","breadcrumb":{"@id":"https:\/\/joyn.eu\/fr-fr\/lp\/merci-pour-la-presentation\/#breadcrumb"},"inLanguage":"fr-FR","potentialAction":[{"@type":"ReadAction","target":["https:\/\/joyn.eu\/fr-fr\/lp\/merci-pour-la-presentation\/"]}]},{"@type":"ImageObject","inLanguage":"fr-FR","@id":"https:\/\/joyn.eu\/fr-fr\/lp\/merci-pour-la-presentation\/#primaryimage","url":"https:\/\/joyn.eu\/wp-content\/uploads\/2021\/03\/hero-mgm.jpg","contentUrl":"https:\/\/joyn.eu\/wp-content\/uploads\/2021\/03\/hero-mgm.jpg","width":1920,"height":936,"caption":"commer\u00e7ants de votre quartier"},{"@type":"BreadcrumbList","@id":"https:\/\/joyn.eu\/fr-fr\/lp\/merci-pour-la-presentation\/#breadcrumb","itemListElement":[{"@type":"ListItem","position":1,"name":"Home","item":"https:\/\/joyn.eu\/fr-fr\/home-merchant-new\/"},{"@type":"ListItem","position":2,"name":"LP","item":"https:\/\/joyn.eu\/fr-fr\/lp\/"},{"@type":"ListItem","position":3,"name":"Connaissez-vous des commer\u00e7ants de votre quartier qui aimeraient \u00e9galement utiliser Joyn","item":"https:\/\/joyn.eu\/fr-fr\/lp\/connaissez-vous-des-commercants-de-votre-quartier-qui-aimeraient-egalement-utiliser-joyn\/"},{"@type":"ListItem","position":4,"name":"Merci pour la pr\u00e9sentation !"}]},{"@type":"WebSite","@id":"https:\/\/joyn.eu\/fr-fr\/#website","url":"https:\/\/joyn.eu\/fr-fr\/","name":"Joyn","description":"Just another WordPress site","publisher":{"@id":"https:\/\/joyn.eu\/fr-fr\/#organization"},"potentialAction":[{"@type":"SearchAction","target":{"@type":"EntryPoint","urlTemplate":"https:\/\/joyn.eu\/fr-fr\/?s={search_term_string}"},"query-input":{"@type":"PropertyValueSpecification","valueRequired":true,"valueName":"search_term_string"}}],"inLanguage":"fr-FR"},{"@type":"Organization","@id":"https:\/\/joyn.eu\/fr-fr\/#organization","name":"Joyn","url":"https:\/\/joyn.eu\/fr-fr\/","logo":{"@type":"ImageObject","inLanguage":"fr-FR","@id":"https:\/\/joyn.eu\/fr-fr\/#\/schema\/logo\/image\/","url":"https:\/\/joyn.eu\/wp-content\/uploads\/2021\/02\/Blue-green-h40.png","contentUrl":"https:\/\/joyn.eu\/wp-content\/uploads\/2021\/02\/Blue-green-h40.png","width":83,"height":40,"caption":"Joyn"},"image":{"@id":"https:\/\/joyn.eu\/fr-fr\/#\/schema\/logo\/image\/"}}]}},"_links":{"self":[{"href":"https:\/\/joyn.eu\/fr-fr\/wp-json\/wp\/v2\/pages\/34582","targetHints":{"allow":["GET"]}}],"collection":[{"href":"https:\/\/joyn.eu\/fr-fr\/wp-json\/wp\/v2\/pages"}],"about":[{"href":"https:\/\/joyn.eu\/fr-fr\/wp-json\/wp\/v2\/types\/page"}],"author":[{"embeddable":true,"href":"https:\/\/joyn.eu\/fr-fr\/wp-json\/wp\/v2\/users\/1"}],"replies":[{"embeddable":true,"href":"https:\/\/joyn.eu\/fr-fr\/wp-json\/wp\/v2\/comments?post=34582"}],"version-history":[{"count":13,"href":"https:\/\/joyn.eu\/fr-fr\/wp-json\/wp\/v2\/pages\/34582\/revisions"}],"predecessor-version":[{"id":34830,"href":"https:\/\/joyn.eu\/fr-fr\/wp-json\/wp\/v2\/pages\/34582\/revisions\/34830"}],"up":[{"embeddable":true,"href":"https:\/\/joyn.eu\/fr-fr\/wp-json\/wp\/v2\/pages\/30394"}],"wp:featuredmedia":[{"embeddable":true,"href":"https:\/\/joyn.eu\/fr-fr\/wp-json\/wp\/v2\/media\/34107"}],"wp:attachment":[{"href":"https:\/\/joyn.eu\/fr-fr\/wp-json\/wp\/v2\/media?parent=34582"}],"curies":[{"name":"wp","href":"https:\/\/api.w.org\/{rel}","templated":true}]}}