{"id":34408,"date":"2021-03-05T11:06:14","date_gmt":"2021-03-05T11:06:14","guid":{"rendered":"https:\/\/joyn.eu\/?page_id=34408"},"modified":"2021-05-14T12:59:27","modified_gmt":"2021-05-14T12:59:27","slug":"je-suis-commercant-et-jai-une-question","status":"publish","type":"page","link":"https:\/\/joyn.eu\/fr-fr\/a-propos-de-nous\/contactez-nous\/je-suis-commercant-et-jai-une-question\/","title":{"rendered":"Je suis commer\u00e7ant et j&rsquo;ai une question"},"content":{"rendered":"\t\t<div data-elementor-type=\"wp-page\" data-elementor-id=\"34408\" class=\"elementor elementor-34408 elementor-34404\" data-elementor-post-type=\"page\">\n\t\t\t\t\t\t<section class=\"elementor-section elementor-top-section elementor-element elementor-element-8745b17 elementor-section-full_width elementor-section-items-stretch elementor-section-height-min-height elementor-section-height-default\" data-id=\"8745b17\" data-element_type=\"section\" data-e-type=\"section\" data-settings=\"{&quot;background_background&quot;:&quot;classic&quot;}\">\n\t\t\t\t\t\t<div class=\"elementor-container elementor-column-gap-wide\">\n\t\t\t\t\t<div class=\"elementor-column elementor-col-100 elementor-top-column elementor-element elementor-element-7c1a09e\" data-id=\"7c1a09e\" data-element_type=\"column\" data-e-type=\"column\" data-settings=\"{&quot;background_background&quot;:&quot;classic&quot;}\">\n\t\t\t<div class=\"elementor-widget-wrap elementor-element-populated\">\n\t\t\t\t\t\t<section class=\"elementor-section elementor-inner-section elementor-element elementor-element-02ab189 elementor-section-height-min-height elementor-section-content-middle elementor-section-boxed elementor-section-height-default\" data-id=\"02ab189\" data-element_type=\"section\" data-e-type=\"section\">\n\t\t\t\t\t\t<div class=\"elementor-container elementor-column-gap-default\">\n\t\t\t\t\t<div class=\"elementor-column elementor-col-100 elementor-inner-column elementor-element elementor-element-966e1f2\" data-id=\"966e1f2\" data-element_type=\"column\" data-e-type=\"column\">\n\t\t\t<div class=\"elementor-widget-wrap elementor-element-populated\">\n\t\t\t\t\t\t<div class=\"elementor-element elementor-element-c6cdd84 elementor-widget elementor-widget-spacer\" data-id=\"c6cdd84\" data-element_type=\"widget\" data-e-type=\"widget\" data-widget_type=\"spacer.default\">\n\t\t\t\t<div class=\"elementor-widget-container\">\n\t\t\t\t\t\t\t<div class=\"elementor-spacer\">\n\t\t\t<div class=\"elementor-spacer-inner\"><\/div>\n\t\t<\/div>\n\t\t\t\t\t\t<\/div>\n\t\t\t\t<\/div>\n\t\t\t\t<div class=\"elementor-element elementor-element-9fd785c elementor-widget elementor-widget-heading\" data-id=\"9fd785c\" data-element_type=\"widget\" data-e-type=\"widget\" data-widget_type=\"heading.default\">\n\t\t\t\t<div class=\"elementor-widget-container\">\n\t\t\t\t\t<h1 class=\"elementor-heading-title elementor-size-default\">D\u00e9couvrez notre centre d'aide<\/h1>\t\t\t\t<\/div>\n\t\t\t\t<\/div>\n\t\t\t\t\t<\/div>\n\t\t<\/div>\n\t\t\t\t\t<\/div>\n\t\t<\/section>\n\t\t\t\t\t<\/div>\n\t\t<\/div>\n\t\t\t\t\t<\/div>\n\t\t<\/section>\n\t\t\t\t<section class=\"elementor-section elementor-top-section elementor-element elementor-element-61918ce elementor-section-boxed elementor-section-height-default elementor-section-height-default\" data-id=\"61918ce\" data-element_type=\"section\" data-e-type=\"section\" data-settings=\"{&quot;background_background&quot;:&quot;classic&quot;}\">\n\t\t\t\t\t\t<div class=\"elementor-container elementor-column-gap-no\">\n\t\t\t\t\t<div class=\"elementor-column elementor-col-100 elementor-top-column elementor-element elementor-element-2edacd3\" data-id=\"2edacd3\" data-element_type=\"column\" data-e-type=\"column\">\n\t\t\t<div class=\"elementor-widget-wrap elementor-element-populated\">\n\t\t\t\t\t\t<div class=\"elementor-element elementor-element-03d8e43 elementor-widget elementor-widget-heading\" data-id=\"03d8e43\" data-element_type=\"widget\" data-e-type=\"widget\" data-widget_type=\"heading.default\">\n\t\t\t\t<div class=\"elementor-widget-container\">\n\t\t\t\t\t<h2 class=\"elementor-heading-title elementor-size-default\">Vous \u00eates commer\u00e7ant et vous avez une question? Remplissez le formulaire ci-dessous. Nous sommes heureux de vous aider.<\/h2>\t\t\t\t<\/div>\n\t\t\t\t<\/div>\n\t\t\t\t<section class=\"elementor-section elementor-inner-section elementor-element elementor-element-321d485 elementor-section-boxed elementor-section-height-default elementor-section-height-default\" data-id=\"321d485\" data-element_type=\"section\" data-e-type=\"section\">\n\t\t\t\t\t\t<div class=\"elementor-container elementor-column-gap-no\">\n\t\t\t\t\t<div class=\"elementor-column elementor-col-100 elementor-inner-column elementor-element elementor-element-52cb1f1\" data-id=\"52cb1f1\" data-element_type=\"column\" data-e-type=\"column\">\n\t\t\t<div class=\"elementor-widget-wrap elementor-element-populated\">\n\t\t\t\t\t\t<div class=\"elementor-element elementor-element-e40bf92 elementor-widget elementor-widget-shortcode\" data-id=\"e40bf92\" data-element_type=\"widget\" data-e-type=\"widget\" data-widget_type=\"shortcode.default\">\n\t\t\t\t<div class=\"elementor-widget-container\">\n\t\t\t\t\t\t\t<div class=\"elementor-shortcode\">[hubspot type=form portal=4513559 id=b97e9e8d-f646-4c2a-87ea-7249501fe814]<\/div>\n\t\t\t\t\t\t<\/div>\n\t\t\t\t<\/div>\n\t\t\t\t\t<\/div>\n\t\t<\/div>\n\t\t\t\t\t<\/div>\n\t\t<\/section>\n\t\t\t\t\t<\/div>\n\t\t<\/div>\n\t\t\t\t\t<\/div>\n\t\t<\/section>\n\t\t\t\t<\/div>\n\t\t","protected":false},"excerpt":{"rendered":"<p>D\u00e9couvrez notre centre d&rsquo;aide Centre d\u2019 aide Vous \u00eates commer\u00e7ant et vous avez une question? Remplissez le formulaire ci-dessous. Nous sommes heureux de vous aider. [hubspot type=form portal=4513559 id=b97e9e8d-f646-4c2a-87ea-7249501fe814]<\/p>\n","protected":false},"author":1,"featured_media":34370,"parent":59668,"menu_order":0,"comment_status":"closed","ping_status":"closed","template":"","meta":{"_acf_changed":false,"inline_featured_image":false,"footnotes":""},"class_list":["post-34408","page","type-page","status-publish","has-post-thumbnail","hentry"],"acf":[],"yoast_head":"<!-- This site is optimized with the Yoast SEO plugin v27.3 - https:\/\/yoast.com\/product\/yoast-seo-wordpress\/ -->\n<title>Je suis commer\u00e7ant et j&#039;ai une question - Joyn<\/title>\n<meta name=\"description\" content=\"Vous \u00eates commer\u00e7ant et vous avez une question? Remplissez le formulaire ci-dessous. Nous sommes heureux de vous aider.\u200b\" \/>\n<meta name=\"robots\" content=\"index, follow, max-snippet:-1, max-image-preview:large, max-video-preview:-1\" \/>\n<link rel=\"canonical\" href=\"https:\/\/joyn.eu\/fr-fr\/a-propos-de-nous\/contactez-nous\/je-suis-commercant-et-jai-une-question\/\" \/>\n<meta property=\"og:locale\" content=\"fr_FR\" \/>\n<meta property=\"og:type\" content=\"article\" \/>\n<meta property=\"og:title\" content=\"Je suis commer\u00e7ant et j&#039;ai une question - Joyn\" \/>\n<meta property=\"og:description\" content=\"Vous \u00eates commer\u00e7ant et vous avez une question? Remplissez le formulaire ci-dessous. Nous sommes heureux de vous aider.\u200b\" \/>\n<meta property=\"og:url\" content=\"https:\/\/joyn.eu\/fr-fr\/a-propos-de-nous\/contactez-nous\/je-suis-commercant-et-jai-une-question\/\" \/>\n<meta property=\"og:site_name\" content=\"Joyn\" \/>\n<meta property=\"article:modified_time\" content=\"2021-05-14T12:59:27+00:00\" \/>\n<meta property=\"og:image\" content=\"https:\/\/joyn.eu\/wp-content\/uploads\/2021\/03\/contact-us.jpg\" \/>\n\t<meta property=\"og:image:width\" content=\"1920\" \/>\n\t<meta property=\"og:image:height\" content=\"936\" \/>\n\t<meta property=\"og:image:type\" content=\"image\/jpeg\" \/>\n<meta name=\"twitter:card\" content=\"summary_large_image\" \/>\n<meta name=\"twitter:label1\" content=\"Dur\u00e9e de lecture estim\u00e9e\" \/>\n\t<meta name=\"twitter:data1\" content=\"1 minute\" \/>\n<script type=\"application\/ld+json\" class=\"yoast-schema-graph\">{\"@context\":\"https:\\\/\\\/schema.org\",\"@graph\":[{\"@type\":\"WebPage\",\"@id\":\"https:\\\/\\\/joyn.eu\\\/fr-fr\\\/a-propos-de-nous\\\/contactez-nous\\\/je-suis-commercant-et-jai-une-question\\\/\",\"url\":\"https:\\\/\\\/joyn.eu\\\/fr-fr\\\/a-propos-de-nous\\\/contactez-nous\\\/je-suis-commercant-et-jai-une-question\\\/\",\"name\":\"Je suis commer\u00e7ant et j'ai une question - Joyn\",\"isPartOf\":{\"@id\":\"https:\\\/\\\/joyn.eu\\\/fr-fr\\\/#website\"},\"primaryImageOfPage\":{\"@id\":\"https:\\\/\\\/joyn.eu\\\/fr-fr\\\/a-propos-de-nous\\\/contactez-nous\\\/je-suis-commercant-et-jai-une-question\\\/#primaryimage\"},\"image\":{\"@id\":\"https:\\\/\\\/joyn.eu\\\/fr-fr\\\/a-propos-de-nous\\\/contactez-nous\\\/je-suis-commercant-et-jai-une-question\\\/#primaryimage\"},\"thumbnailUrl\":\"https:\\\/\\\/joyn.eu\\\/wp-content\\\/uploads\\\/2021\\\/03\\\/contact-us.jpg\",\"datePublished\":\"2021-03-05T11:06:14+00:00\",\"dateModified\":\"2021-05-14T12:59:27+00:00\",\"description\":\"Vous \u00eates commer\u00e7ant et vous avez une question? Remplissez le formulaire ci-dessous. Nous sommes heureux de vous aider.\u200b\",\"breadcrumb\":{\"@id\":\"https:\\\/\\\/joyn.eu\\\/fr-fr\\\/a-propos-de-nous\\\/contactez-nous\\\/je-suis-commercant-et-jai-une-question\\\/#breadcrumb\"},\"inLanguage\":\"fr-FR\",\"potentialAction\":[{\"@type\":\"ReadAction\",\"target\":[\"https:\\\/\\\/joyn.eu\\\/fr-fr\\\/a-propos-de-nous\\\/contactez-nous\\\/je-suis-commercant-et-jai-une-question\\\/\"]}]},{\"@type\":\"ImageObject\",\"inLanguage\":\"fr-FR\",\"@id\":\"https:\\\/\\\/joyn.eu\\\/fr-fr\\\/a-propos-de-nous\\\/contactez-nous\\\/je-suis-commercant-et-jai-une-question\\\/#primaryimage\",\"url\":\"https:\\\/\\\/joyn.eu\\\/wp-content\\\/uploads\\\/2021\\\/03\\\/contact-us.jpg\",\"contentUrl\":\"https:\\\/\\\/joyn.eu\\\/wp-content\\\/uploads\\\/2021\\\/03\\\/contact-us.jpg\",\"width\":1920,\"height\":936,\"caption\":\"Hoe kunnen we je helpen?\"},{\"@type\":\"BreadcrumbList\",\"@id\":\"https:\\\/\\\/joyn.eu\\\/fr-fr\\\/a-propos-de-nous\\\/contactez-nous\\\/je-suis-commercant-et-jai-une-question\\\/#breadcrumb\",\"itemListElement\":[{\"@type\":\"ListItem\",\"position\":1,\"name\":\"Home\",\"item\":\"https:\\\/\\\/joyn.eu\\\/fr-fr\\\/home-merchant-new\\\/\"},{\"@type\":\"ListItem\",\"position\":2,\"name\":\"Je suis commer\u00e7ant et j&#8217;ai une question\"}]},{\"@type\":\"WebSite\",\"@id\":\"https:\\\/\\\/joyn.eu\\\/fr-fr\\\/#website\",\"url\":\"https:\\\/\\\/joyn.eu\\\/fr-fr\\\/\",\"name\":\"Joyn\",\"description\":\"Just another WordPress site\",\"publisher\":{\"@id\":\"https:\\\/\\\/joyn.eu\\\/fr-fr\\\/#organization\"},\"potentialAction\":[{\"@type\":\"SearchAction\",\"target\":{\"@type\":\"EntryPoint\",\"urlTemplate\":\"https:\\\/\\\/joyn.eu\\\/fr-fr\\\/?s={search_term_string}\"},\"query-input\":{\"@type\":\"PropertyValueSpecification\",\"valueRequired\":true,\"valueName\":\"search_term_string\"}}],\"inLanguage\":\"fr-FR\"},{\"@type\":\"Organization\",\"@id\":\"https:\\\/\\\/joyn.eu\\\/fr-fr\\\/#organization\",\"name\":\"Joyn\",\"url\":\"https:\\\/\\\/joyn.eu\\\/fr-fr\\\/\",\"logo\":{\"@type\":\"ImageObject\",\"inLanguage\":\"fr-FR\",\"@id\":\"https:\\\/\\\/joyn.eu\\\/fr-fr\\\/#\\\/schema\\\/logo\\\/image\\\/\",\"url\":\"https:\\\/\\\/joyn.eu\\\/wp-content\\\/uploads\\\/2021\\\/02\\\/Blue-green-h40.png\",\"contentUrl\":\"https:\\\/\\\/joyn.eu\\\/wp-content\\\/uploads\\\/2021\\\/02\\\/Blue-green-h40.png\",\"width\":83,\"height\":40,\"caption\":\"Joyn\"},\"image\":{\"@id\":\"https:\\\/\\\/joyn.eu\\\/fr-fr\\\/#\\\/schema\\\/logo\\\/image\\\/\"}}]}<\/script>\n<!-- \/ Yoast SEO plugin. -->","yoast_head_json":{"title":"Je suis commer\u00e7ant et j'ai une question - Joyn","description":"Vous \u00eates commer\u00e7ant et vous avez une question? Remplissez le formulaire ci-dessous. Nous sommes heureux de vous aider.\u200b","robots":{"index":"index","follow":"follow","max-snippet":"max-snippet:-1","max-image-preview":"max-image-preview:large","max-video-preview":"max-video-preview:-1"},"canonical":"https:\/\/joyn.eu\/fr-fr\/a-propos-de-nous\/contactez-nous\/je-suis-commercant-et-jai-une-question\/","og_locale":"fr_FR","og_type":"article","og_title":"Je suis commer\u00e7ant et j'ai une question - Joyn","og_description":"Vous \u00eates commer\u00e7ant et vous avez une question? Remplissez le formulaire ci-dessous. Nous sommes heureux de vous aider.\u200b","og_url":"https:\/\/joyn.eu\/fr-fr\/a-propos-de-nous\/contactez-nous\/je-suis-commercant-et-jai-une-question\/","og_site_name":"Joyn","article_modified_time":"2021-05-14T12:59:27+00:00","og_image":[{"width":1920,"height":936,"url":"https:\/\/joyn.eu\/wp-content\/uploads\/2021\/03\/contact-us.jpg","type":"image\/jpeg"}],"twitter_card":"summary_large_image","twitter_misc":{"Dur\u00e9e de lecture estim\u00e9e":"1 minute"},"schema":{"@context":"https:\/\/schema.org","@graph":[{"@type":"WebPage","@id":"https:\/\/joyn.eu\/fr-fr\/a-propos-de-nous\/contactez-nous\/je-suis-commercant-et-jai-une-question\/","url":"https:\/\/joyn.eu\/fr-fr\/a-propos-de-nous\/contactez-nous\/je-suis-commercant-et-jai-une-question\/","name":"Je suis commer\u00e7ant et j'ai une question - Joyn","isPartOf":{"@id":"https:\/\/joyn.eu\/fr-fr\/#website"},"primaryImageOfPage":{"@id":"https:\/\/joyn.eu\/fr-fr\/a-propos-de-nous\/contactez-nous\/je-suis-commercant-et-jai-une-question\/#primaryimage"},"image":{"@id":"https:\/\/joyn.eu\/fr-fr\/a-propos-de-nous\/contactez-nous\/je-suis-commercant-et-jai-une-question\/#primaryimage"},"thumbnailUrl":"https:\/\/joyn.eu\/wp-content\/uploads\/2021\/03\/contact-us.jpg","datePublished":"2021-03-05T11:06:14+00:00","dateModified":"2021-05-14T12:59:27+00:00","description":"Vous \u00eates commer\u00e7ant et vous avez une question? Remplissez le formulaire ci-dessous. Nous sommes heureux de vous aider.\u200b","breadcrumb":{"@id":"https:\/\/joyn.eu\/fr-fr\/a-propos-de-nous\/contactez-nous\/je-suis-commercant-et-jai-une-question\/#breadcrumb"},"inLanguage":"fr-FR","potentialAction":[{"@type":"ReadAction","target":["https:\/\/joyn.eu\/fr-fr\/a-propos-de-nous\/contactez-nous\/je-suis-commercant-et-jai-une-question\/"]}]},{"@type":"ImageObject","inLanguage":"fr-FR","@id":"https:\/\/joyn.eu\/fr-fr\/a-propos-de-nous\/contactez-nous\/je-suis-commercant-et-jai-une-question\/#primaryimage","url":"https:\/\/joyn.eu\/wp-content\/uploads\/2021\/03\/contact-us.jpg","contentUrl":"https:\/\/joyn.eu\/wp-content\/uploads\/2021\/03\/contact-us.jpg","width":1920,"height":936,"caption":"Hoe kunnen we je helpen?"},{"@type":"BreadcrumbList","@id":"https:\/\/joyn.eu\/fr-fr\/a-propos-de-nous\/contactez-nous\/je-suis-commercant-et-jai-une-question\/#breadcrumb","itemListElement":[{"@type":"ListItem","position":1,"name":"Home","item":"https:\/\/joyn.eu\/fr-fr\/home-merchant-new\/"},{"@type":"ListItem","position":2,"name":"Je suis commer\u00e7ant et j&#8217;ai une question"}]},{"@type":"WebSite","@id":"https:\/\/joyn.eu\/fr-fr\/#website","url":"https:\/\/joyn.eu\/fr-fr\/","name":"Joyn","description":"Just another WordPress site","publisher":{"@id":"https:\/\/joyn.eu\/fr-fr\/#organization"},"potentialAction":[{"@type":"SearchAction","target":{"@type":"EntryPoint","urlTemplate":"https:\/\/joyn.eu\/fr-fr\/?s={search_term_string}"},"query-input":{"@type":"PropertyValueSpecification","valueRequired":true,"valueName":"search_term_string"}}],"inLanguage":"fr-FR"},{"@type":"Organization","@id":"https:\/\/joyn.eu\/fr-fr\/#organization","name":"Joyn","url":"https:\/\/joyn.eu\/fr-fr\/","logo":{"@type":"ImageObject","inLanguage":"fr-FR","@id":"https:\/\/joyn.eu\/fr-fr\/#\/schema\/logo\/image\/","url":"https:\/\/joyn.eu\/wp-content\/uploads\/2021\/02\/Blue-green-h40.png","contentUrl":"https:\/\/joyn.eu\/wp-content\/uploads\/2021\/02\/Blue-green-h40.png","width":83,"height":40,"caption":"Joyn"},"image":{"@id":"https:\/\/joyn.eu\/fr-fr\/#\/schema\/logo\/image\/"}}]}},"_links":{"self":[{"href":"https:\/\/joyn.eu\/fr-fr\/wp-json\/wp\/v2\/pages\/34408","targetHints":{"allow":["GET"]}}],"collection":[{"href":"https:\/\/joyn.eu\/fr-fr\/wp-json\/wp\/v2\/pages"}],"about":[{"href":"https:\/\/joyn.eu\/fr-fr\/wp-json\/wp\/v2\/types\/page"}],"author":[{"embeddable":true,"href":"https:\/\/joyn.eu\/fr-fr\/wp-json\/wp\/v2\/users\/1"}],"replies":[{"embeddable":true,"href":"https:\/\/joyn.eu\/fr-fr\/wp-json\/wp\/v2\/comments?post=34408"}],"version-history":[{"count":12,"href":"https:\/\/joyn.eu\/fr-fr\/wp-json\/wp\/v2\/pages\/34408\/revisions"}],"predecessor-version":[{"id":36635,"href":"https:\/\/joyn.eu\/fr-fr\/wp-json\/wp\/v2\/pages\/34408\/revisions\/36635"}],"up":[{"embeddable":true,"href":"https:\/\/joyn.eu\/fr-fr\/wp-json\/wp\/v2\/pages\/59668"}],"wp:featuredmedia":[{"embeddable":true,"href":"https:\/\/joyn.eu\/fr-fr\/wp-json\/wp\/v2\/media\/34370"}],"wp:attachment":[{"href":"https:\/\/joyn.eu\/fr-fr\/wp-json\/wp\/v2\/media?parent=34408"}],"curies":[{"name":"wp","href":"https:\/\/api.w.org\/{rel}","templated":true}]}}