{"id":34256,"date":"2021-06-14T12:47:05","date_gmt":"2021-06-14T12:47:05","guid":{"rendered":"https:\/\/joyn.eu\/?page_id=34256"},"modified":"2022-02-10T12:10:14","modified_gmt":"2022-02-10T12:10:14","slug":"qui-sommes-nous","status":"publish","type":"page","link":"https:\/\/joyn.eu\/fr-fr\/a-propos-de-nous\/qui-sommes-nous\/","title":{"rendered":"Qui sommes nous?"},"content":{"rendered":"\t\t<div data-elementor-type=\"wp-page\" data-elementor-id=\"34256\" class=\"elementor elementor-34256 elementor-34255\" data-elementor-post-type=\"page\">\n\t\t\t\t\t\t<section class=\"elementor-section elementor-top-section elementor-element elementor-element-3790b16 elementor-section-full_width elementor-section-height-default elementor-section-height-default\" data-id=\"3790b16\" data-element_type=\"section\" data-e-type=\"section\" data-settings=\"{&quot;background_background&quot;:&quot;classic&quot;}\">\n\t\t\t\t\t\t<div class=\"elementor-container elementor-column-gap-wide\">\n\t\t\t\t\t<div class=\"elementor-column elementor-col-100 elementor-top-column elementor-element elementor-element-cfe1ce5\" data-id=\"cfe1ce5\" data-element_type=\"column\" data-e-type=\"column\" data-settings=\"{&quot;background_background&quot;:&quot;classic&quot;}\">\n\t\t\t<div class=\"elementor-widget-wrap elementor-element-populated\">\n\t\t\t\t\t\t<section class=\"elementor-section elementor-inner-section elementor-element elementor-element-93ec580 elementor-section-height-min-height elementor-section-content-middle elementor-section-boxed elementor-section-height-default\" data-id=\"93ec580\" data-element_type=\"section\" data-e-type=\"section\">\n\t\t\t\t\t\t<div class=\"elementor-container elementor-column-gap-default\">\n\t\t\t\t\t<div class=\"elementor-column elementor-col-100 elementor-inner-column elementor-element elementor-element-39935c0\" data-id=\"39935c0\" data-element_type=\"column\" data-e-type=\"column\">\n\t\t\t<div class=\"elementor-widget-wrap elementor-element-populated\">\n\t\t\t\t\t\t<div class=\"elementor-element elementor-element-c9ee895 elementor-widget elementor-widget-spacer\" data-id=\"c9ee895\" data-element_type=\"widget\" data-e-type=\"widget\" data-widget_type=\"spacer.default\">\n\t\t\t\t<div class=\"elementor-widget-container\">\n\t\t\t\t\t\t\t<div class=\"elementor-spacer\">\n\t\t\t<div class=\"elementor-spacer-inner\"><\/div>\n\t\t<\/div>\n\t\t\t\t\t\t<\/div>\n\t\t\t\t<\/div>\n\t\t\t\t<div class=\"elementor-element elementor-element-94cb4ff elementor-widget elementor-widget-heading\" data-id=\"94cb4ff\" data-element_type=\"widget\" data-e-type=\"widget\" data-widget_type=\"heading.default\">\n\t\t\t\t<div class=\"elementor-widget-container\">\n\t\t\t\t\t<h1 class=\"elementor-heading-title elementor-size-large\">Joyn<\/h1>\t\t\t\t<\/div>\n\t\t\t\t<\/div>\n\t\t\t\t<div class=\"elementor-element elementor-element-ba1c252 elementor-widget elementor-widget-heading\" data-id=\"ba1c252\" data-element_type=\"widget\" data-e-type=\"widget\" data-widget_type=\"heading.default\">\n\t\t\t\t<div class=\"elementor-widget-container\">\n\t\t\t\t\t<h2 class=\"elementor-heading-title elementor-size-default\">le leader du march\u00e9 europ\u00e9en de la fid\u00e9lisation clients <\/h2>\t\t\t\t<\/div>\n\t\t\t\t<\/div>\n\t\t\t\t\t<\/div>\n\t\t<\/div>\n\t\t\t\t\t<\/div>\n\t\t<\/section>\n\t\t\t\t\t<\/div>\n\t\t<\/div>\n\t\t\t\t\t<\/div>\n\t\t<\/section>\n\t\t\t\t<section class=\"elementor-section elementor-top-section elementor-element elementor-element-5736d91 elementor-section-boxed elementor-section-height-default elementor-section-height-default\" data-id=\"5736d91\" data-element_type=\"section\" data-e-type=\"section\" data-settings=\"{&quot;background_background&quot;:&quot;classic&quot;}\">\n\t\t\t\t\t\t<div class=\"elementor-container elementor-column-gap-default\">\n\t\t\t\t\t<div class=\"elementor-column elementor-col-100 elementor-top-column elementor-element elementor-element-94bda52\" data-id=\"94bda52\" data-element_type=\"column\" data-e-type=\"column\">\n\t\t\t<div class=\"elementor-widget-wrap elementor-element-populated\">\n\t\t\t\t\t\t<section class=\"elementor-section elementor-inner-section elementor-element elementor-element-ebd5a7e elementor-section-boxed elementor-section-height-default elementor-section-height-default\" data-id=\"ebd5a7e\" data-element_type=\"section\" data-e-type=\"section\">\n\t\t\t\t\t\t<div class=\"elementor-container elementor-column-gap-default\">\n\t\t\t\t\t<div class=\"elementor-column elementor-col-100 elementor-inner-column elementor-element elementor-element-cd0a62a\" data-id=\"cd0a62a\" data-element_type=\"column\" data-e-type=\"column\">\n\t\t\t<div class=\"elementor-widget-wrap elementor-element-populated\">\n\t\t\t\t\t\t<div class=\"elementor-element elementor-element-c892667 elementor-widget elementor-widget-heading\" data-id=\"c892667\" data-element_type=\"widget\" data-e-type=\"widget\" data-widget_type=\"heading.default\">\n\t\t\t\t<div class=\"elementor-widget-container\">\n\t\t\t\t\t<h2 class=\"elementor-heading-title elementor-size-default\">La solution de fid\u00e9lisation pour les commerces de proximit\u00e9<\/h2>\t\t\t\t<\/div>\n\t\t\t\t<\/div>\n\t\t\t\t<div class=\"elementor-element elementor-element-a86f8ce elementor-widget elementor-widget-text-editor\" data-id=\"a86f8ce\" data-element_type=\"widget\" data-e-type=\"widget\" data-widget_type=\"text-editor.default\">\n\t\t\t\t<div class=\"elementor-widget-container\">\n\t\t\t\t\t\t\t\t\t<p style=\"text-align: left;\"><strong>Chez Joyn, revenus r\u00e9guliers et clients fid\u00e8les<\/strong> sont indissociables. C\u2019est pourquoi, gr\u00e2ce \u00e0 sa carte de fid\u00e9lit\u00e9 digitale pratique et sa <strong>plateforme de fid\u00e9lisation<\/strong> conviviale, Joyn vous permet de renforcer votre relation avec vos clients et vous aide \u00e0 \u00eatre encore plus proche d\u2019eux.<\/p>\n<p style=\"text-align: left;\">Gr\u00e2ce \u00e0 sa <strong>solution de fid\u00e9lisation, Joyn est l\u2019outil par excellence pour les commerces de proximit\u00e9,<\/strong> quelle que soit la taille de l\u2019\u00e9tablissement.<\/p><p style=\"text-align: left;\">Joyn est donc <strong>le leader incontest\u00e9 du march\u00e9<\/strong> de la fid\u00e9lisation clients en Europe. Chaque jour, <strong>plus de 7 500 commer\u00e7ants<\/strong> utilisent la plateforme Joyn ! Ces commer\u00e7ants servent pr\u00e8s de <strong>2 millions d\u2019utilisateurs Joyn<\/strong> et r\u00e9alisent <strong>100 000 transactions Joyn par jour.<\/strong><\/p>\t\t\t\t\t\t\t\t<\/div>\n\t\t\t\t<\/div>\n\t\t\t\t\t<\/div>\n\t\t<\/div>\n\t\t\t\t\t<\/div>\n\t\t<\/section>\n\t\t\t\t\t<\/div>\n\t\t<\/div>\n\t\t\t\t\t<\/div>\n\t\t<\/section>\n\t\t\t\t<section class=\"elementor-section elementor-top-section elementor-element elementor-element-046f6c6 elementor-section-full_width elementor-section-height-default elementor-section-height-default\" data-id=\"046f6c6\" data-element_type=\"section\" data-e-type=\"section\" data-settings=\"{&quot;background_background&quot;:&quot;classic&quot;}\">\n\t\t\t\t\t\t<div class=\"elementor-container elementor-column-gap-no\">\n\t\t\t\t\t<div class=\"elementor-column elementor-col-50 elementor-top-column elementor-element elementor-element-c0f1795\" data-id=\"c0f1795\" data-element_type=\"column\" data-e-type=\"column\">\n\t\t\t<div class=\"elementor-widget-wrap elementor-element-populated\">\n\t\t\t\t\t\t<div class=\"elementor-element elementor-element-fbcd6b6 elementor-widget elementor-widget-image\" data-id=\"fbcd6b6\" data-element_type=\"widget\" data-e-type=\"widget\" data-widget_type=\"image.default\">\n\t\t\t\t<div class=\"elementor-widget-container\">\n\t\t\t\t\t\t\t\t\t\t\t\t\t\t\t<img fetchpriority=\"high\" decoding=\"async\" width=\"861\" height=\"799\" src=\"https:\/\/joyn.eu\/wp-content\/uploads\/2021\/03\/bruisende-partner.jpg\" class=\"attachment-full size-full wp-image-34275\" alt=\"\" \/>\t\t\t\t\t\t\t\t\t\t\t\t\t\t\t<\/div>\n\t\t\t\t<\/div>\n\t\t\t\t\t<\/div>\n\t\t<\/div>\n\t\t\t\t<div class=\"elementor-column elementor-col-50 elementor-top-column elementor-element elementor-element-425e931\" data-id=\"425e931\" data-element_type=\"column\" data-e-type=\"column\">\n\t\t\t<div class=\"elementor-widget-wrap elementor-element-populated\">\n\t\t\t\t\t\t<div class=\"elementor-element elementor-element-89a1d4c elementor-widget elementor-widget-heading\" data-id=\"89a1d4c\" data-element_type=\"widget\" data-e-type=\"widget\" data-widget_type=\"heading.default\">\n\t\t\t\t<div class=\"elementor-widget-container\">\n\t\t\t\t\t<h2 class=\"elementor-heading-title elementor-size-default\">Partenaire dynamique des villes et communes<\/h2>\t\t\t\t<\/div>\n\t\t\t\t<\/div>\n\t\t\t\t<div class=\"elementor-element elementor-element-43bdf10 elementor-widget elementor-widget-text-editor\" data-id=\"43bdf10\" data-element_type=\"widget\" data-e-type=\"widget\" data-widget_type=\"text-editor.default\">\n\t\t\t\t<div class=\"elementor-widget-container\">\n\t\t\t\t\t\t\t\t\t<p>Qui n\u2019aurait pas envie de vivre dans un quartier agr\u00e9able et dynamique ? O\u00f9 le boucher et le boulanger connaissent votre nom ? O\u00f9 votre verre vous attend quand vous entrez dans le caf\u00e9 et o\u00f9 les enfants peuvent jouer sans souci sur la place tandis que leurs parents profitent d\u2019un magnifique soleil d\u2019automne sur une terrasse.<\/p><p>\u00a0Il n\u2019y a pas de secret. <strong>Ce sont nos commer\u00e7ants qui repr\u00e9sentent le c\u0153ur de la ville, commune ou quartier.<\/strong> Parce que tout le monde se porte mieux dans un quartier dynamique, Joyn travaille en collaboration avec plusieurs villes et communes.<\/p><p>D\u00e9couvrez nos solutions intelligentes pour les villes et communes.<\/p><p>\u00a0<\/p>\t\t\t\t\t\t\t\t<\/div>\n\t\t\t\t<\/div>\n\t\t\t\t\t<\/div>\n\t\t<\/div>\n\t\t\t\t\t<\/div>\n\t\t<\/section>\n\t\t\t\t<section class=\"elementor-section elementor-top-section elementor-element elementor-element-817946f elementor-section-full_width elementor-section-height-default elementor-section-height-default\" data-id=\"817946f\" data-element_type=\"section\" data-e-type=\"section\" data-settings=\"{&quot;background_background&quot;:&quot;classic&quot;}\">\n\t\t\t\t\t\t<div class=\"elementor-container elementor-column-gap-default\">\n\t\t\t\t\t<div class=\"elementor-column elementor-col-100 elementor-top-column elementor-element elementor-element-3aba585\" data-id=\"3aba585\" data-element_type=\"column\" data-e-type=\"column\">\n\t\t\t<div class=\"elementor-widget-wrap elementor-element-populated\">\n\t\t\t\t\t\t<section class=\"elementor-section elementor-inner-section elementor-element elementor-element-c4739bb elementor-section-boxed elementor-section-height-default elementor-section-height-default\" data-id=\"c4739bb\" data-element_type=\"section\" data-e-type=\"section\">\n\t\t\t\t\t\t<div class=\"elementor-container elementor-column-gap-default\">\n\t\t\t\t\t<div class=\"elementor-column elementor-col-100 elementor-inner-column elementor-element elementor-element-aecd8f0\" data-id=\"aecd8f0\" data-element_type=\"column\" data-e-type=\"column\">\n\t\t\t<div class=\"elementor-widget-wrap elementor-element-populated\">\n\t\t\t\t\t\t<div class=\"elementor-element elementor-element-eb40930 elementor-widget elementor-widget-heading\" data-id=\"eb40930\" data-element_type=\"widget\" data-e-type=\"widget\" data-widget_type=\"heading.default\">\n\t\t\t\t<div class=\"elementor-widget-container\">\n\t\t\t\t\t<h2 class=\"elementor-heading-title elementor-size-default\">Nos bureaux<\/h2>\t\t\t\t<\/div>\n\t\t\t\t<\/div>\n\t\t\t\t\t<\/div>\n\t\t<\/div>\n\t\t\t\t\t<\/div>\n\t\t<\/section>\n\t\t\t\t<section class=\"elementor-section elementor-inner-section elementor-element elementor-element-c230b93 elementor-section-boxed elementor-section-height-default elementor-section-height-default\" data-id=\"c230b93\" data-element_type=\"section\" data-e-type=\"section\">\n\t\t\t\t\t\t<div class=\"elementor-container elementor-column-gap-default\">\n\t\t\t\t\t<div class=\"elementor-column elementor-col-33 elementor-inner-column elementor-element elementor-element-53d3680\" data-id=\"53d3680\" data-element_type=\"column\" data-e-type=\"column\">\n\t\t\t<div class=\"elementor-widget-wrap elementor-element-populated\">\n\t\t\t\t\t\t<div class=\"elementor-element elementor-element-ef8c946 elementor-widget elementor-widget-text-editor\" data-id=\"ef8c946\" data-element_type=\"widget\" data-e-type=\"widget\" data-widget_type=\"text-editor.default\">\n\t\t\t\t<div class=\"elementor-widget-container\">\n\t\t\t\t\t\t\t\t\t<h3 style=\"text-align: center;\" contenteditable=\"true\" data-elementor-setting-key=\"title\" data-pen-placeholder=\"Type Here...\">Belgique<\/h3><p style=\"background-color: #ffffff;\"><span style=\"background-color: #ffffff; font-weight: bold;\">Si\u00e8ge social\u00a0<\/span><strong style=\"background-color: #ffffff;\">Bruxelles<br \/><\/strong><span style=\"background-color: #ffffff;\">Avenue Fonsny 46 box 59<\/span><br \/><span style=\"background-color: #ffffff;\">1060 Bruxelles<\/span><strong><br \/><\/strong><\/p><p style=\"background-color: #ffffff;\"><strong>Agence Hasselt<br \/><\/strong><span style=\"background-color: #ffffff;\">Ilgatlaan 9 bte 3<\/span><br \/>3500 Hasselt<\/p>\t\t\t\t\t\t\t\t<\/div>\n\t\t\t\t<\/div>\n\t\t\t\t\t<\/div>\n\t\t<\/div>\n\t\t\t\t<div class=\"elementor-column elementor-col-33 elementor-inner-column elementor-element elementor-element-7e1342d\" data-id=\"7e1342d\" data-element_type=\"column\" data-e-type=\"column\">\n\t\t\t<div class=\"elementor-widget-wrap elementor-element-populated\">\n\t\t\t\t\t\t<div class=\"elementor-element elementor-element-fc7ca0c elementor-widget elementor-widget-text-editor\" data-id=\"fc7ca0c\" data-element_type=\"widget\" data-e-type=\"widget\" data-widget_type=\"text-editor.default\">\n\t\t\t\t<div class=\"elementor-widget-container\">\n\t\t\t\t\t\t\t\t\t<h3 class=\"elementor-heading-title elementor-size-default elementor-inline-editing pen\" style=\"text-align: center;\" contenteditable=\"true\" data-elementor-setting-key=\"title\" data-pen-placeholder=\"Type Here...\">Allemagne<\/h3><p style=\"text-align: center;\"><strong>D\u00fcsseldorf<br \/><\/strong>Three George\u2029<br \/><span style=\"background-color: #ffffff;\">Kaiserswerther Stra\u00dfe 215<\/span><br \/>\u202940474 D\u00fcsseldorf\u2029<\/p><p style=\"text-align: center;\">\u00a0<\/p>\t\t\t\t\t\t\t\t<\/div>\n\t\t\t\t<\/div>\n\t\t\t\t\t<\/div>\n\t\t<\/div>\n\t\t\t\t<div class=\"elementor-column elementor-col-33 elementor-inner-column elementor-element elementor-element-1812887\" data-id=\"1812887\" data-element_type=\"column\" data-e-type=\"column\">\n\t\t\t<div class=\"elementor-widget-wrap elementor-element-populated\">\n\t\t\t\t\t\t<div class=\"elementor-element elementor-element-40670e2 elementor-widget elementor-widget-text-editor\" data-id=\"40670e2\" data-element_type=\"widget\" data-e-type=\"widget\" data-widget_type=\"text-editor.default\">\n\t\t\t\t<div class=\"elementor-widget-container\">\n\t\t\t\t\t\t\t\t\t<h3 style=\"text-align: center;\" contenteditable=\"true\" data-elementor-setting-key=\"title\" data-pen-placeholder=\"Type Here...\">France<\/h3><p style=\"text-align: center;\"><strong>Paris<br \/><\/strong><span style=\"background-color: #ffffff;\">Rue de Provence 94<\/span><br \/><span style=\"background-color: #ffffff;\">\u202975009 Paris<\/span><\/p><p style=\"text-align: center;\">\u00a0<\/p>\t\t\t\t\t\t\t\t<\/div>\n\t\t\t\t<\/div>\n\t\t\t\t\t<\/div>\n\t\t<\/div>\n\t\t\t\t\t<\/div>\n\t\t<\/section>\n\t\t\t\t\t<\/div>\n\t\t<\/div>\n\t\t\t\t\t<\/div>\n\t\t<\/section>\n\t\t\t\t<\/div>\n\t\t","protected":false},"excerpt":{"rendered":"<p>Joyn le leader du march\u00e9 europ\u00e9en de la fid\u00e9lisation clients La solution de fid\u00e9lisation pour les commerces de proximit\u00e9 Chez Joyn, revenus r\u00e9guliers et clients fid\u00e8les sont indissociables. C\u2019est pourquoi, gr\u00e2ce \u00e0 sa carte de fid\u00e9lit\u00e9 digitale pratique et sa plateforme de fid\u00e9lisation conviviale, Joyn vous permet de renforcer votre relation avec vos clients et [&hellip;]<\/p>\n","protected":false},"author":1,"featured_media":34265,"parent":71667,"menu_order":0,"comment_status":"closed","ping_status":"closed","template":"","meta":{"_acf_changed":false,"inline_featured_image":false,"footnotes":""},"class_list":["post-34256","page","type-page","status-publish","has-post-thumbnail","hentry"],"acf":[],"yoast_head":"<!-- This site is optimized with the Yoast SEO plugin v27.5 - https:\/\/yoast.com\/product\/yoast-seo-wordpress\/ -->\n<title>Qui sommes nous? - Joyn<\/title>\n<meta name=\"description\" content=\"Chez Joyn, revenus r\u00e9guliers et clients fid\u00e8les sont indissociables. C\u2019est pourquoi, gr\u00e2ce \u00e0 sa carte de fid\u00e9lit\u00e9 digitale pratique et sa plateforme de fid\u00e9lisation conviviale, Joyn vous permet de renforcer votre relation avec vos clients et vous aide \u00e0 \u00eatre encore plus proche d\u2019eux.\" \/>\n<meta name=\"robots\" content=\"index, follow, max-snippet:-1, max-image-preview:large, max-video-preview:-1\" \/>\n<link rel=\"canonical\" href=\"https:\/\/joyn.eu\/fr-fr\/a-propos-de-nous\/qui-sommes-nous\/\" \/>\n<meta property=\"og:locale\" content=\"fr_FR\" \/>\n<meta property=\"og:type\" content=\"article\" \/>\n<meta property=\"og:title\" content=\"Qui sommes nous? - Joyn\" \/>\n<meta property=\"og:description\" content=\"Chez Joyn, revenus r\u00e9guliers et clients fid\u00e8les sont indissociables. C\u2019est pourquoi, gr\u00e2ce \u00e0 sa carte de fid\u00e9lit\u00e9 digitale pratique et sa plateforme de fid\u00e9lisation conviviale, Joyn vous permet de renforcer votre relation avec vos clients et vous aide \u00e0 \u00eatre encore plus proche d\u2019eux.\" \/>\n<meta property=\"og:url\" content=\"https:\/\/joyn.eu\/fr-fr\/a-propos-de-nous\/qui-sommes-nous\/\" \/>\n<meta property=\"og:site_name\" content=\"Joyn\" \/>\n<meta property=\"article:modified_time\" content=\"2022-02-10T12:10:14+00:00\" \/>\n<meta property=\"og:image\" content=\"https:\/\/joyn.eu\/wp-content\/uploads\/2021\/03\/hero-about-us.jpg\" \/>\n\t<meta property=\"og:image:width\" content=\"1920\" \/>\n\t<meta property=\"og:image:height\" content=\"936\" \/>\n\t<meta property=\"og:image:type\" content=\"image\/jpeg\" \/>\n<meta name=\"twitter:card\" content=\"summary_large_image\" \/>\n<meta name=\"twitter:label1\" content=\"Dur\u00e9e de lecture estim\u00e9e\" \/>\n\t<meta name=\"twitter:data1\" content=\"2 minutes\" \/>\n<script type=\"application\/ld+json\" class=\"yoast-schema-graph\">{\"@context\":\"https:\\\/\\\/schema.org\",\"@graph\":[{\"@type\":\"WebPage\",\"@id\":\"https:\\\/\\\/joyn.eu\\\/fr-fr\\\/a-propos-de-nous\\\/qui-sommes-nous\\\/\",\"url\":\"https:\\\/\\\/joyn.eu\\\/fr-fr\\\/a-propos-de-nous\\\/qui-sommes-nous\\\/\",\"name\":\"Qui sommes nous? - Joyn\",\"isPartOf\":{\"@id\":\"https:\\\/\\\/joyn.eu\\\/fr-fr\\\/#website\"},\"primaryImageOfPage\":{\"@id\":\"https:\\\/\\\/joyn.eu\\\/fr-fr\\\/a-propos-de-nous\\\/qui-sommes-nous\\\/#primaryimage\"},\"image\":{\"@id\":\"https:\\\/\\\/joyn.eu\\\/fr-fr\\\/a-propos-de-nous\\\/qui-sommes-nous\\\/#primaryimage\"},\"thumbnailUrl\":\"https:\\\/\\\/joyn.eu\\\/wp-content\\\/uploads\\\/2021\\\/03\\\/hero-about-us.jpg\",\"datePublished\":\"2021-06-14T12:47:05+00:00\",\"dateModified\":\"2022-02-10T12:10:14+00:00\",\"description\":\"Chez Joyn, revenus r\u00e9guliers et clients fid\u00e8les sont indissociables. C\u2019est pourquoi, gr\u00e2ce \u00e0 sa carte de fid\u00e9lit\u00e9 digitale pratique et sa plateforme de fid\u00e9lisation conviviale, Joyn vous permet de renforcer votre relation avec vos clients et vous aide \u00e0 \u00eatre encore plus proche d\u2019eux.\",\"breadcrumb\":{\"@id\":\"https:\\\/\\\/joyn.eu\\\/fr-fr\\\/a-propos-de-nous\\\/qui-sommes-nous\\\/#breadcrumb\"},\"inLanguage\":\"fr-FR\",\"potentialAction\":[{\"@type\":\"ReadAction\",\"target\":[\"https:\\\/\\\/joyn.eu\\\/fr-fr\\\/a-propos-de-nous\\\/qui-sommes-nous\\\/\"]}]},{\"@type\":\"ImageObject\",\"inLanguage\":\"fr-FR\",\"@id\":\"https:\\\/\\\/joyn.eu\\\/fr-fr\\\/a-propos-de-nous\\\/qui-sommes-nous\\\/#primaryimage\",\"url\":\"https:\\\/\\\/joyn.eu\\\/wp-content\\\/uploads\\\/2021\\\/03\\\/hero-about-us.jpg\",\"contentUrl\":\"https:\\\/\\\/joyn.eu\\\/wp-content\\\/uploads\\\/2021\\\/03\\\/hero-about-us.jpg\",\"width\":1920,\"height\":936},{\"@type\":\"BreadcrumbList\",\"@id\":\"https:\\\/\\\/joyn.eu\\\/fr-fr\\\/a-propos-de-nous\\\/qui-sommes-nous\\\/#breadcrumb\",\"itemListElement\":[{\"@type\":\"ListItem\",\"position\":1,\"name\":\"Home\",\"item\":\"https:\\\/\\\/joyn.eu\\\/fr-fr\\\/home-merchant-new\\\/\"},{\"@type\":\"ListItem\",\"position\":2,\"name\":\"Qui sommes nous?\"}]},{\"@type\":\"WebSite\",\"@id\":\"https:\\\/\\\/joyn.eu\\\/fr-fr\\\/#website\",\"url\":\"https:\\\/\\\/joyn.eu\\\/fr-fr\\\/\",\"name\":\"Joyn\",\"description\":\"Just another WordPress site\",\"publisher\":{\"@id\":\"https:\\\/\\\/joyn.eu\\\/fr-fr\\\/#organization\"},\"potentialAction\":[{\"@type\":\"SearchAction\",\"target\":{\"@type\":\"EntryPoint\",\"urlTemplate\":\"https:\\\/\\\/joyn.eu\\\/fr-fr\\\/?s={search_term_string}\"},\"query-input\":{\"@type\":\"PropertyValueSpecification\",\"valueRequired\":true,\"valueName\":\"search_term_string\"}}],\"inLanguage\":\"fr-FR\"},{\"@type\":\"Organization\",\"@id\":\"https:\\\/\\\/joyn.eu\\\/fr-fr\\\/#organization\",\"name\":\"Joyn\",\"url\":\"https:\\\/\\\/joyn.eu\\\/fr-fr\\\/\",\"logo\":{\"@type\":\"ImageObject\",\"inLanguage\":\"fr-FR\",\"@id\":\"https:\\\/\\\/joyn.eu\\\/fr-fr\\\/#\\\/schema\\\/logo\\\/image\\\/\",\"url\":\"https:\\\/\\\/joyn.eu\\\/wp-content\\\/uploads\\\/2021\\\/02\\\/Blue-green-h40.png\",\"contentUrl\":\"https:\\\/\\\/joyn.eu\\\/wp-content\\\/uploads\\\/2021\\\/02\\\/Blue-green-h40.png\",\"width\":83,\"height\":40,\"caption\":\"Joyn\"},\"image\":{\"@id\":\"https:\\\/\\\/joyn.eu\\\/fr-fr\\\/#\\\/schema\\\/logo\\\/image\\\/\"}}]}<\/script>\n<!-- \/ Yoast SEO plugin. -->","yoast_head_json":{"title":"Qui sommes nous? - Joyn","description":"Chez Joyn, revenus r\u00e9guliers et clients fid\u00e8les sont indissociables. C\u2019est pourquoi, gr\u00e2ce \u00e0 sa carte de fid\u00e9lit\u00e9 digitale pratique et sa plateforme de fid\u00e9lisation conviviale, Joyn vous permet de renforcer votre relation avec vos clients et vous aide \u00e0 \u00eatre encore plus proche d\u2019eux.","robots":{"index":"index","follow":"follow","max-snippet":"max-snippet:-1","max-image-preview":"max-image-preview:large","max-video-preview":"max-video-preview:-1"},"canonical":"https:\/\/joyn.eu\/fr-fr\/a-propos-de-nous\/qui-sommes-nous\/","og_locale":"fr_FR","og_type":"article","og_title":"Qui sommes nous? - Joyn","og_description":"Chez Joyn, revenus r\u00e9guliers et clients fid\u00e8les sont indissociables. C\u2019est pourquoi, gr\u00e2ce \u00e0 sa carte de fid\u00e9lit\u00e9 digitale pratique et sa plateforme de fid\u00e9lisation conviviale, Joyn vous permet de renforcer votre relation avec vos clients et vous aide \u00e0 \u00eatre encore plus proche d\u2019eux.","og_url":"https:\/\/joyn.eu\/fr-fr\/a-propos-de-nous\/qui-sommes-nous\/","og_site_name":"Joyn","article_modified_time":"2022-02-10T12:10:14+00:00","og_image":[{"width":1920,"height":936,"url":"https:\/\/joyn.eu\/wp-content\/uploads\/2021\/03\/hero-about-us.jpg","type":"image\/jpeg"}],"twitter_card":"summary_large_image","twitter_misc":{"Dur\u00e9e de lecture estim\u00e9e":"2 minutes"},"schema":{"@context":"https:\/\/schema.org","@graph":[{"@type":"WebPage","@id":"https:\/\/joyn.eu\/fr-fr\/a-propos-de-nous\/qui-sommes-nous\/","url":"https:\/\/joyn.eu\/fr-fr\/a-propos-de-nous\/qui-sommes-nous\/","name":"Qui sommes nous? - Joyn","isPartOf":{"@id":"https:\/\/joyn.eu\/fr-fr\/#website"},"primaryImageOfPage":{"@id":"https:\/\/joyn.eu\/fr-fr\/a-propos-de-nous\/qui-sommes-nous\/#primaryimage"},"image":{"@id":"https:\/\/joyn.eu\/fr-fr\/a-propos-de-nous\/qui-sommes-nous\/#primaryimage"},"thumbnailUrl":"https:\/\/joyn.eu\/wp-content\/uploads\/2021\/03\/hero-about-us.jpg","datePublished":"2021-06-14T12:47:05+00:00","dateModified":"2022-02-10T12:10:14+00:00","description":"Chez Joyn, revenus r\u00e9guliers et clients fid\u00e8les sont indissociables. C\u2019est pourquoi, gr\u00e2ce \u00e0 sa carte de fid\u00e9lit\u00e9 digitale pratique et sa plateforme de fid\u00e9lisation conviviale, Joyn vous permet de renforcer votre relation avec vos clients et vous aide \u00e0 \u00eatre encore plus proche d\u2019eux.","breadcrumb":{"@id":"https:\/\/joyn.eu\/fr-fr\/a-propos-de-nous\/qui-sommes-nous\/#breadcrumb"},"inLanguage":"fr-FR","potentialAction":[{"@type":"ReadAction","target":["https:\/\/joyn.eu\/fr-fr\/a-propos-de-nous\/qui-sommes-nous\/"]}]},{"@type":"ImageObject","inLanguage":"fr-FR","@id":"https:\/\/joyn.eu\/fr-fr\/a-propos-de-nous\/qui-sommes-nous\/#primaryimage","url":"https:\/\/joyn.eu\/wp-content\/uploads\/2021\/03\/hero-about-us.jpg","contentUrl":"https:\/\/joyn.eu\/wp-content\/uploads\/2021\/03\/hero-about-us.jpg","width":1920,"height":936},{"@type":"BreadcrumbList","@id":"https:\/\/joyn.eu\/fr-fr\/a-propos-de-nous\/qui-sommes-nous\/#breadcrumb","itemListElement":[{"@type":"ListItem","position":1,"name":"Home","item":"https:\/\/joyn.eu\/fr-fr\/home-merchant-new\/"},{"@type":"ListItem","position":2,"name":"Qui sommes nous?"}]},{"@type":"WebSite","@id":"https:\/\/joyn.eu\/fr-fr\/#website","url":"https:\/\/joyn.eu\/fr-fr\/","name":"Joyn","description":"Just another WordPress site","publisher":{"@id":"https:\/\/joyn.eu\/fr-fr\/#organization"},"potentialAction":[{"@type":"SearchAction","target":{"@type":"EntryPoint","urlTemplate":"https:\/\/joyn.eu\/fr-fr\/?s={search_term_string}"},"query-input":{"@type":"PropertyValueSpecification","valueRequired":true,"valueName":"search_term_string"}}],"inLanguage":"fr-FR"},{"@type":"Organization","@id":"https:\/\/joyn.eu\/fr-fr\/#organization","name":"Joyn","url":"https:\/\/joyn.eu\/fr-fr\/","logo":{"@type":"ImageObject","inLanguage":"fr-FR","@id":"https:\/\/joyn.eu\/fr-fr\/#\/schema\/logo\/image\/","url":"https:\/\/joyn.eu\/wp-content\/uploads\/2021\/02\/Blue-green-h40.png","contentUrl":"https:\/\/joyn.eu\/wp-content\/uploads\/2021\/02\/Blue-green-h40.png","width":83,"height":40,"caption":"Joyn"},"image":{"@id":"https:\/\/joyn.eu\/fr-fr\/#\/schema\/logo\/image\/"}}]}},"_links":{"self":[{"href":"https:\/\/joyn.eu\/fr-fr\/wp-json\/wp\/v2\/pages\/34256","targetHints":{"allow":["GET"]}}],"collection":[{"href":"https:\/\/joyn.eu\/fr-fr\/wp-json\/wp\/v2\/pages"}],"about":[{"href":"https:\/\/joyn.eu\/fr-fr\/wp-json\/wp\/v2\/types\/page"}],"author":[{"embeddable":true,"href":"https:\/\/joyn.eu\/fr-fr\/wp-json\/wp\/v2\/users\/1"}],"replies":[{"embeddable":true,"href":"https:\/\/joyn.eu\/fr-fr\/wp-json\/wp\/v2\/comments?post=34256"}],"version-history":[{"count":28,"href":"https:\/\/joyn.eu\/fr-fr\/wp-json\/wp\/v2\/pages\/34256\/revisions"}],"predecessor-version":[{"id":52371,"href":"https:\/\/joyn.eu\/fr-fr\/wp-json\/wp\/v2\/pages\/34256\/revisions\/52371"}],"up":[{"embeddable":true,"href":"https:\/\/joyn.eu\/fr-fr\/wp-json\/wp\/v2\/pages\/71667"}],"wp:featuredmedia":[{"embeddable":true,"href":"https:\/\/joyn.eu\/fr-fr\/wp-json\/wp\/v2\/media\/34265"}],"wp:attachment":[{"href":"https:\/\/joyn.eu\/fr-fr\/wp-json\/wp\/v2\/media?parent=34256"}],"curies":[{"name":"wp","href":"https:\/\/api.w.org\/{rel}","templated":true}]}}