{"id":21626,"date":"2020-11-25T23:06:27","date_gmt":"2020-11-25T23:06:27","guid":{"rendered":"https:\/\/joyn.eu\/bienvenue-chez-joyn\/"},"modified":"2021-03-09T18:04:37","modified_gmt":"2021-03-09T18:04:37","slug":"bienvenue-chez-joyn","status":"publish","type":"page","link":"https:\/\/joyn.eu\/fr-fr\/commencer-avec-joyn\/bienvenue-chez-joyn\/","title":{"rendered":"Bienvenue chez Joyn"},"content":{"rendered":"\t\t<div data-elementor-type=\"wp-page\" data-elementor-id=\"21626\" class=\"elementor elementor-21626 elementor-20396\" data-elementor-post-type=\"page\">\n\t\t\t\t\t\t<section class=\"elementor-section elementor-top-section elementor-element elementor-element-2836bf8 elementor-section-full_width elementor-section-height-default elementor-section-height-default\" data-id=\"2836bf8\" data-element_type=\"section\" data-e-type=\"section\" data-settings=\"{&quot;background_background&quot;:&quot;classic&quot;}\">\n\t\t\t\t\t\t<div class=\"elementor-container elementor-column-gap-default\">\n\t\t\t\t\t<div class=\"elementor-column elementor-col-100 elementor-top-column elementor-element elementor-element-70c3f74\" data-id=\"70c3f74\" data-element_type=\"column\" data-e-type=\"column\" data-settings=\"{&quot;background_background&quot;:&quot;classic&quot;}\">\n\t\t\t<div class=\"elementor-widget-wrap elementor-element-populated\">\n\t\t\t\t\t\t<section class=\"elementor-section elementor-inner-section elementor-element elementor-element-0b3b862 elementor-section-height-min-height elementor-section-content-middle elementor-section-boxed elementor-section-height-default\" data-id=\"0b3b862\" data-element_type=\"section\" data-e-type=\"section\">\n\t\t\t\t\t\t<div class=\"elementor-container elementor-column-gap-default\">\n\t\t\t\t\t<div class=\"elementor-column elementor-col-100 elementor-inner-column elementor-element elementor-element-3dafd01\" data-id=\"3dafd01\" data-element_type=\"column\" data-e-type=\"column\">\n\t\t\t<div class=\"elementor-widget-wrap elementor-element-populated\">\n\t\t\t\t\t\t<div class=\"elementor-element elementor-element-dc3e597 elementor-widget elementor-widget-spacer\" data-id=\"dc3e597\" data-element_type=\"widget\" data-e-type=\"widget\" data-widget_type=\"spacer.default\">\n\t\t\t\t<div class=\"elementor-widget-container\">\n\t\t\t\t\t\t\t<div class=\"elementor-spacer\">\n\t\t\t<div class=\"elementor-spacer-inner\"><\/div>\n\t\t<\/div>\n\t\t\t\t\t\t<\/div>\n\t\t\t\t<\/div>\n\t\t\t\t<div class=\"elementor-element elementor-element-109422e elementor-widget elementor-widget-heading\" data-id=\"109422e\" data-element_type=\"widget\" data-e-type=\"widget\" data-widget_type=\"heading.default\">\n\t\t\t\t<div class=\"elementor-widget-container\">\n\t\t\t\t\t<h1 class=\"elementor-heading-title elementor-size-large\">Bienvenue chez Joyn<\/h1>\t\t\t\t<\/div>\n\t\t\t\t<\/div>\n\t\t\t\t\t<\/div>\n\t\t<\/div>\n\t\t\t\t\t<\/div>\n\t\t<\/section>\n\t\t\t\t\t<\/div>\n\t\t<\/div>\n\t\t\t\t\t<\/div>\n\t\t<\/section>\n\t\t\t\t<section class=\"elementor-section elementor-top-section elementor-element elementor-element-07cc7c9 elementor-section-boxed elementor-section-height-default elementor-section-height-default\" data-id=\"07cc7c9\" data-element_type=\"section\" data-e-type=\"section\" data-settings=\"{&quot;background_background&quot;:&quot;classic&quot;}\">\n\t\t\t\t\t\t<div class=\"elementor-container elementor-column-gap-default\">\n\t\t\t\t\t<div class=\"elementor-column elementor-col-100 elementor-top-column elementor-element elementor-element-9032b8c\" data-id=\"9032b8c\" data-element_type=\"column\" data-e-type=\"column\">\n\t\t\t<div class=\"elementor-widget-wrap elementor-element-populated\">\n\t\t\t\t\t\t<div class=\"elementor-element elementor-element-455f868 elementor-widget elementor-widget-text-editor\" data-id=\"455f868\" data-element_type=\"widget\" data-e-type=\"widget\" data-widget_type=\"text-editor.default\">\n\t\t\t\t<div class=\"elementor-widget-container\">\n\t\t\t\t\t\t\t\t\t<p style=\"text-align: center;\">Nous avons bien re\u00e7u votre commande. Une fois vos donn\u00e9es trait\u00e9es, vous recevrez une copie du contrat et un kit de bienvenue. La facturation commence \u00e0 la livraison du kit.<\/p>\n\t\t\t\t\t\t\t\t<\/div>\n\t\t\t\t<\/div>\n\t\t\t\t\t<\/div>\n\t\t<\/div>\n\t\t\t\t\t<\/div>\n\t\t<\/section>\n\t\t\t\t<\/div>\n\t\t","protected":false},"excerpt":{"rendered":"<p>Bienvenue chez Joyn Nous avons bien re\u00e7u votre commande. Une fois vos donn\u00e9es trait\u00e9es, vous recevrez une copie du contrat et un kit de bienvenue. La facturation commence \u00e0 la livraison du kit.<\/p>\n","protected":false},"author":1,"featured_media":20122,"parent":34493,"menu_order":0,"comment_status":"closed","ping_status":"closed","template":"full_width.php","meta":{"_acf_changed":false,"inline_featured_image":false,"footnotes":""},"class_list":["post-21626","page","type-page","status-publish","has-post-thumbnail","hentry"],"acf":[],"yoast_head":"<!-- This site is optimized with the Yoast SEO plugin v27.4 - https:\/\/yoast.com\/product\/yoast-seo-wordpress\/ -->\n<title>Bienvenue chez Joyn - Joyn<\/title>\n<meta name=\"description\" content=\"Nous avons bien re\u00e7u votre commande. Une fois vos donn\u00e9es trait\u00e9es, vous recevrez une copie du contrat et un kit de bienvenue. La facturation commence \u00e0 la livraison du kit.\" \/>\n<meta name=\"robots\" content=\"index, follow, max-snippet:-1, max-image-preview:large, max-video-preview:-1\" \/>\n<link rel=\"canonical\" href=\"https:\/\/joyn.eu\/fr-fr\/commencer-avec-joyn\/bienvenue-chez-joyn\/\" \/>\n<meta property=\"og:locale\" content=\"fr_FR\" \/>\n<meta property=\"og:type\" content=\"article\" \/>\n<meta property=\"og:title\" content=\"Bienvenue chez Joyn - Joyn\" \/>\n<meta property=\"og:description\" content=\"Nous avons bien re\u00e7u votre commande. Une fois vos donn\u00e9es trait\u00e9es, vous recevrez une copie du contrat et un kit de bienvenue. La facturation commence \u00e0 la livraison du kit.\" \/>\n<meta property=\"og:url\" content=\"https:\/\/joyn.eu\/fr-fr\/commencer-avec-joyn\/bienvenue-chez-joyn\/\" \/>\n<meta property=\"og:site_name\" content=\"Joyn\" \/>\n<meta property=\"article:modified_time\" content=\"2021-03-09T18:04:37+00:00\" \/>\n<meta property=\"og:image\" content=\"https:\/\/joyn.eu\/wp-content\/uploads\/2020\/09\/hero.jpg\" \/>\n\t<meta property=\"og:image:width\" content=\"1920\" \/>\n\t<meta property=\"og:image:height\" content=\"1200\" \/>\n\t<meta property=\"og:image:type\" content=\"image\/jpeg\" \/>\n<meta name=\"twitter:card\" content=\"summary_large_image\" \/>\n<meta name=\"twitter:label1\" content=\"Dur\u00e9e de lecture estim\u00e9e\" \/>\n\t<meta name=\"twitter:data1\" content=\"1 minute\" \/>\n<script type=\"application\/ld+json\" class=\"yoast-schema-graph\">{\"@context\":\"https:\\\/\\\/schema.org\",\"@graph\":[{\"@type\":\"WebPage\",\"@id\":\"https:\\\/\\\/joyn.eu\\\/fr-fr\\\/commencer-avec-joyn\\\/bienvenue-chez-joyn\\\/\",\"url\":\"https:\\\/\\\/joyn.eu\\\/fr-fr\\\/commencer-avec-joyn\\\/bienvenue-chez-joyn\\\/\",\"name\":\"Bienvenue chez Joyn - Joyn\",\"isPartOf\":{\"@id\":\"https:\\\/\\\/joyn.eu\\\/fr-fr\\\/#website\"},\"primaryImageOfPage\":{\"@id\":\"https:\\\/\\\/joyn.eu\\\/fr-fr\\\/commencer-avec-joyn\\\/bienvenue-chez-joyn\\\/#primaryimage\"},\"image\":{\"@id\":\"https:\\\/\\\/joyn.eu\\\/fr-fr\\\/commencer-avec-joyn\\\/bienvenue-chez-joyn\\\/#primaryimage\"},\"thumbnailUrl\":\"https:\\\/\\\/joyn.eu\\\/wp-content\\\/uploads\\\/2020\\\/09\\\/hero.jpg\",\"datePublished\":\"2020-11-25T23:06:27+00:00\",\"dateModified\":\"2021-03-09T18:04:37+00:00\",\"description\":\"Nous avons bien re\u00e7u votre commande. Une fois vos donn\u00e9es trait\u00e9es, vous recevrez une copie du contrat et un kit de bienvenue. La facturation commence \u00e0 la livraison du kit.\",\"breadcrumb\":{\"@id\":\"https:\\\/\\\/joyn.eu\\\/fr-fr\\\/commencer-avec-joyn\\\/bienvenue-chez-joyn\\\/#breadcrumb\"},\"inLanguage\":\"fr-FR\",\"potentialAction\":[{\"@type\":\"ReadAction\",\"target\":[\"https:\\\/\\\/joyn.eu\\\/fr-fr\\\/commencer-avec-joyn\\\/bienvenue-chez-joyn\\\/\"]}]},{\"@type\":\"ImageObject\",\"inLanguage\":\"fr-FR\",\"@id\":\"https:\\\/\\\/joyn.eu\\\/fr-fr\\\/commencer-avec-joyn\\\/bienvenue-chez-joyn\\\/#primaryimage\",\"url\":\"https:\\\/\\\/joyn.eu\\\/wp-content\\\/uploads\\\/2020\\\/09\\\/hero.jpg\",\"contentUrl\":\"https:\\\/\\\/joyn.eu\\\/wp-content\\\/uploads\\\/2020\\\/09\\\/hero.jpg\",\"width\":1920,\"height\":1200},{\"@type\":\"BreadcrumbList\",\"@id\":\"https:\\\/\\\/joyn.eu\\\/fr-fr\\\/commencer-avec-joyn\\\/bienvenue-chez-joyn\\\/#breadcrumb\",\"itemListElement\":[{\"@type\":\"ListItem\",\"position\":1,\"name\":\"Home\",\"item\":\"https:\\\/\\\/joyn.eu\\\/fr-fr\\\/home-merchant-new\\\/\"},{\"@type\":\"ListItem\",\"position\":2,\"name\":\"commencer avec Joyn?\",\"item\":\"https:\\\/\\\/joyn.eu\\\/fr-fr\\\/commencer-avec-joyn\\\/\"},{\"@type\":\"ListItem\",\"position\":3,\"name\":\"Bienvenue chez Joyn\"}]},{\"@type\":\"WebSite\",\"@id\":\"https:\\\/\\\/joyn.eu\\\/fr-fr\\\/#website\",\"url\":\"https:\\\/\\\/joyn.eu\\\/fr-fr\\\/\",\"name\":\"Joyn\",\"description\":\"Just another WordPress site\",\"publisher\":{\"@id\":\"https:\\\/\\\/joyn.eu\\\/fr-fr\\\/#organization\"},\"potentialAction\":[{\"@type\":\"SearchAction\",\"target\":{\"@type\":\"EntryPoint\",\"urlTemplate\":\"https:\\\/\\\/joyn.eu\\\/fr-fr\\\/?s={search_term_string}\"},\"query-input\":{\"@type\":\"PropertyValueSpecification\",\"valueRequired\":true,\"valueName\":\"search_term_string\"}}],\"inLanguage\":\"fr-FR\"},{\"@type\":\"Organization\",\"@id\":\"https:\\\/\\\/joyn.eu\\\/fr-fr\\\/#organization\",\"name\":\"Joyn\",\"url\":\"https:\\\/\\\/joyn.eu\\\/fr-fr\\\/\",\"logo\":{\"@type\":\"ImageObject\",\"inLanguage\":\"fr-FR\",\"@id\":\"https:\\\/\\\/joyn.eu\\\/fr-fr\\\/#\\\/schema\\\/logo\\\/image\\\/\",\"url\":\"https:\\\/\\\/joyn.eu\\\/wp-content\\\/uploads\\\/2021\\\/02\\\/Blue-green-h40.png\",\"contentUrl\":\"https:\\\/\\\/joyn.eu\\\/wp-content\\\/uploads\\\/2021\\\/02\\\/Blue-green-h40.png\",\"width\":83,\"height\":40,\"caption\":\"Joyn\"},\"image\":{\"@id\":\"https:\\\/\\\/joyn.eu\\\/fr-fr\\\/#\\\/schema\\\/logo\\\/image\\\/\"}}]}<\/script>\n<!-- \/ Yoast SEO plugin. -->","yoast_head_json":{"title":"Bienvenue chez Joyn - Joyn","description":"Nous avons bien re\u00e7u votre commande. Une fois vos donn\u00e9es trait\u00e9es, vous recevrez une copie du contrat et un kit de bienvenue. La facturation commence \u00e0 la livraison du kit.","robots":{"index":"index","follow":"follow","max-snippet":"max-snippet:-1","max-image-preview":"max-image-preview:large","max-video-preview":"max-video-preview:-1"},"canonical":"https:\/\/joyn.eu\/fr-fr\/commencer-avec-joyn\/bienvenue-chez-joyn\/","og_locale":"fr_FR","og_type":"article","og_title":"Bienvenue chez Joyn - Joyn","og_description":"Nous avons bien re\u00e7u votre commande. Une fois vos donn\u00e9es trait\u00e9es, vous recevrez une copie du contrat et un kit de bienvenue. La facturation commence \u00e0 la livraison du kit.","og_url":"https:\/\/joyn.eu\/fr-fr\/commencer-avec-joyn\/bienvenue-chez-joyn\/","og_site_name":"Joyn","article_modified_time":"2021-03-09T18:04:37+00:00","og_image":[{"width":1920,"height":1200,"url":"https:\/\/joyn.eu\/wp-content\/uploads\/2020\/09\/hero.jpg","type":"image\/jpeg"}],"twitter_card":"summary_large_image","twitter_misc":{"Dur\u00e9e de lecture estim\u00e9e":"1 minute"},"schema":{"@context":"https:\/\/schema.org","@graph":[{"@type":"WebPage","@id":"https:\/\/joyn.eu\/fr-fr\/commencer-avec-joyn\/bienvenue-chez-joyn\/","url":"https:\/\/joyn.eu\/fr-fr\/commencer-avec-joyn\/bienvenue-chez-joyn\/","name":"Bienvenue chez Joyn - Joyn","isPartOf":{"@id":"https:\/\/joyn.eu\/fr-fr\/#website"},"primaryImageOfPage":{"@id":"https:\/\/joyn.eu\/fr-fr\/commencer-avec-joyn\/bienvenue-chez-joyn\/#primaryimage"},"image":{"@id":"https:\/\/joyn.eu\/fr-fr\/commencer-avec-joyn\/bienvenue-chez-joyn\/#primaryimage"},"thumbnailUrl":"https:\/\/joyn.eu\/wp-content\/uploads\/2020\/09\/hero.jpg","datePublished":"2020-11-25T23:06:27+00:00","dateModified":"2021-03-09T18:04:37+00:00","description":"Nous avons bien re\u00e7u votre commande. Une fois vos donn\u00e9es trait\u00e9es, vous recevrez une copie du contrat et un kit de bienvenue. La facturation commence \u00e0 la livraison du kit.","breadcrumb":{"@id":"https:\/\/joyn.eu\/fr-fr\/commencer-avec-joyn\/bienvenue-chez-joyn\/#breadcrumb"},"inLanguage":"fr-FR","potentialAction":[{"@type":"ReadAction","target":["https:\/\/joyn.eu\/fr-fr\/commencer-avec-joyn\/bienvenue-chez-joyn\/"]}]},{"@type":"ImageObject","inLanguage":"fr-FR","@id":"https:\/\/joyn.eu\/fr-fr\/commencer-avec-joyn\/bienvenue-chez-joyn\/#primaryimage","url":"https:\/\/joyn.eu\/wp-content\/uploads\/2020\/09\/hero.jpg","contentUrl":"https:\/\/joyn.eu\/wp-content\/uploads\/2020\/09\/hero.jpg","width":1920,"height":1200},{"@type":"BreadcrumbList","@id":"https:\/\/joyn.eu\/fr-fr\/commencer-avec-joyn\/bienvenue-chez-joyn\/#breadcrumb","itemListElement":[{"@type":"ListItem","position":1,"name":"Home","item":"https:\/\/joyn.eu\/fr-fr\/home-merchant-new\/"},{"@type":"ListItem","position":2,"name":"commencer avec Joyn?","item":"https:\/\/joyn.eu\/fr-fr\/commencer-avec-joyn\/"},{"@type":"ListItem","position":3,"name":"Bienvenue chez Joyn"}]},{"@type":"WebSite","@id":"https:\/\/joyn.eu\/fr-fr\/#website","url":"https:\/\/joyn.eu\/fr-fr\/","name":"Joyn","description":"Just another WordPress site","publisher":{"@id":"https:\/\/joyn.eu\/fr-fr\/#organization"},"potentialAction":[{"@type":"SearchAction","target":{"@type":"EntryPoint","urlTemplate":"https:\/\/joyn.eu\/fr-fr\/?s={search_term_string}"},"query-input":{"@type":"PropertyValueSpecification","valueRequired":true,"valueName":"search_term_string"}}],"inLanguage":"fr-FR"},{"@type":"Organization","@id":"https:\/\/joyn.eu\/fr-fr\/#organization","name":"Joyn","url":"https:\/\/joyn.eu\/fr-fr\/","logo":{"@type":"ImageObject","inLanguage":"fr-FR","@id":"https:\/\/joyn.eu\/fr-fr\/#\/schema\/logo\/image\/","url":"https:\/\/joyn.eu\/wp-content\/uploads\/2021\/02\/Blue-green-h40.png","contentUrl":"https:\/\/joyn.eu\/wp-content\/uploads\/2021\/02\/Blue-green-h40.png","width":83,"height":40,"caption":"Joyn"},"image":{"@id":"https:\/\/joyn.eu\/fr-fr\/#\/schema\/logo\/image\/"}}]}},"_links":{"self":[{"href":"https:\/\/joyn.eu\/fr-fr\/wp-json\/wp\/v2\/pages\/21626","targetHints":{"allow":["GET"]}}],"collection":[{"href":"https:\/\/joyn.eu\/fr-fr\/wp-json\/wp\/v2\/pages"}],"about":[{"href":"https:\/\/joyn.eu\/fr-fr\/wp-json\/wp\/v2\/types\/page"}],"author":[{"embeddable":true,"href":"https:\/\/joyn.eu\/fr-fr\/wp-json\/wp\/v2\/users\/1"}],"replies":[{"embeddable":true,"href":"https:\/\/joyn.eu\/fr-fr\/wp-json\/wp\/v2\/comments?post=21626"}],"version-history":[{"count":9,"href":"https:\/\/joyn.eu\/fr-fr\/wp-json\/wp\/v2\/pages\/21626\/revisions"}],"predecessor-version":[{"id":34703,"href":"https:\/\/joyn.eu\/fr-fr\/wp-json\/wp\/v2\/pages\/21626\/revisions\/34703"}],"up":[{"embeddable":true,"href":"https:\/\/joyn.eu\/fr-fr\/wp-json\/wp\/v2\/pages\/34493"}],"wp:featuredmedia":[{"embeddable":true,"href":"https:\/\/joyn.eu\/fr-fr\/wp-json\/wp\/v2\/media\/20122"}],"wp:attachment":[{"href":"https:\/\/joyn.eu\/fr-fr\/wp-json\/wp\/v2\/media?parent=21626"}],"curies":[{"name":"wp","href":"https:\/\/api.w.org\/{rel}","templated":true}]}}