{"id":21539,"date":"2020-11-25T13:39:50","date_gmt":"2020-11-25T13:39:50","guid":{"rendered":"https:\/\/joyn.eu\/voulez-vous-aussi-commencer-avec-joyn\/"},"modified":"2020-11-26T14:01:37","modified_gmt":"2020-11-26T14:01:37","slug":"voulez-vous-aussi-commencer-avec-joyn","status":"publish","type":"page","link":"https:\/\/joyn.eu\/fr-fr\/voulez-vous-aussi-commencer-avec-joyn\/","title":{"rendered":"Voulez-vous aussi commencer avec Joyn?"},"content":{"rendered":"\t\t<div data-elementor-type=\"wp-page\" data-elementor-id=\"21539\" class=\"elementor elementor-21539\" data-elementor-post-type=\"page\">\n\t\t\t\t\t\t<section class=\"elementor-section elementor-top-section elementor-element elementor-element-07cc7c9 elementor-section-boxed elementor-section-height-default elementor-section-height-default\" data-id=\"07cc7c9\" data-element_type=\"section\" data-e-type=\"section\" data-settings=\"{&quot;background_background&quot;:&quot;classic&quot;}\">\n\t\t\t\t\t\t<div class=\"elementor-container elementor-column-gap-default\">\n\t\t\t\t\t<div class=\"elementor-column elementor-col-100 elementor-top-column elementor-element elementor-element-9032b8c\" data-id=\"9032b8c\" data-element_type=\"column\" data-e-type=\"column\">\n\t\t\t<div class=\"elementor-widget-wrap elementor-element-populated\">\n\t\t\t\t\t\t<div class=\"elementor-element elementor-element-455f868 elementor-widget elementor-widget-text-editor\" data-id=\"455f868\" data-element_type=\"widget\" data-e-type=\"widget\" data-widget_type=\"text-editor.default\">\n\t\t\t\t<div class=\"elementor-widget-container\">\n\t\t\t\t\t\t\t\t\t<h2 style=\"text-align: center;\"><span style=\"color: #000000;\">G\u00e9nial!<\/span><\/h2>\n<h2 style=\"text-align: center;\"><span style=\"color: #000000;\">Vous avez d\u00e9j\u00e0 un abonnement annuel<\/span><\/h2>\n<h2 style=\"text-align: center;\"><span style=\"color: #000000;\">pour seulement 50,95 \u20ac par mois.<\/span><\/h2>\t\t\t\t\t\t\t\t<\/div>\n\t\t\t\t<\/div>\n\t\t\t\t\t<\/div>\n\t\t<\/div>\n\t\t\t\t\t<\/div>\n\t\t<\/section>\n\t\t\t\t<section class=\"elementor-section elementor-top-section elementor-element elementor-element-54fa0259 elementor-section-boxed elementor-section-height-default elementor-section-height-default\" data-id=\"54fa0259\" data-element_type=\"section\" data-e-type=\"section\" data-settings=\"{&quot;background_background&quot;:&quot;classic&quot;}\">\n\t\t\t\t\t\t<div class=\"elementor-container elementor-column-gap-no\">\n\t\t\t\t\t<div class=\"elementor-column elementor-col-100 elementor-top-column elementor-element elementor-element-fff3ea2\" data-id=\"fff3ea2\" data-element_type=\"column\" data-e-type=\"column\">\n\t\t\t<div class=\"elementor-widget-wrap elementor-element-populated\">\n\t\t\t\t\t\t<section class=\"elementor-section elementor-inner-section elementor-element elementor-element-5501875a elementor-section-boxed elementor-section-height-default elementor-section-height-default\" data-id=\"5501875a\" data-element_type=\"section\" data-e-type=\"section\">\n\t\t\t\t\t\t<div class=\"elementor-container elementor-column-gap-no\">\n\t\t\t\t\t<div class=\"elementor-column elementor-col-100 elementor-inner-column elementor-element elementor-element-1edf21a\" data-id=\"1edf21a\" data-element_type=\"column\" data-e-type=\"column\" data-settings=\"{&quot;background_background&quot;:&quot;classic&quot;}\">\n\t\t\t<div class=\"elementor-widget-wrap elementor-element-populated\">\n\t\t\t\t\t\t<div class=\"elementor-element elementor-element-fcb6d04 elementor-widget elementor-widget-shortcode\" data-id=\"fcb6d04\" data-element_type=\"widget\" data-e-type=\"widget\" data-widget_type=\"shortcode.default\">\n\t\t\t\t<div class=\"elementor-widget-container\">\n\t\t\t\t\t\t\t<div class=\"elementor-shortcode\">[hubspot type=form portal=4513559 id=992d1f2b-3a04-4f0b-afe3-08048b522f9c]<\/div>\n\t\t\t\t\t\t<\/div>\n\t\t\t\t<\/div>\n\t\t\t\t\t<\/div>\n\t\t<\/div>\n\t\t\t\t\t<\/div>\n\t\t<\/section>\n\t\t\t\t\t<\/div>\n\t\t<\/div>\n\t\t\t\t\t<\/div>\n\t\t<\/section>\n\t\t\t\t<\/div>\n\t\t","protected":false},"excerpt":{"rendered":"<p>G\u00e9nial! Vous avez d\u00e9j\u00e0 un abonnement annuel pour seulement 50,95 \u20ac par mois. [hubspot type=form portal=4513559 id=992d1f2b-3a04-4f0b-afe3-08048b522f9c]<\/p>\n","protected":false},"author":1,"featured_media":20381,"parent":0,"menu_order":1,"comment_status":"closed","ping_status":"closed","template":"full_width.php","meta":{"_acf_changed":false,"inline_featured_image":false,"footnotes":""},"class_list":["post-21539","page","type-page","status-publish","has-post-thumbnail","hentry"],"acf":[],"yoast_head":"<!-- This site is optimized with the Yoast SEO plugin v27.5 - https:\/\/yoast.com\/product\/yoast-seo-wordpress\/ -->\n<title>Voulez-vous aussi commencer avec Joyn? - Joyn<\/title>\n<meta name=\"description\" content=\"Voulez-vous aussi commencer avec Joyn?\" \/>\n<meta name=\"robots\" content=\"index, follow, max-snippet:-1, max-image-preview:large, max-video-preview:-1\" \/>\n<link rel=\"canonical\" href=\"https:\/\/joyn.eu\/fr-fr\/voulez-vous-aussi-commencer-avec-joyn\/\" \/>\n<meta property=\"og:locale\" content=\"fr_FR\" \/>\n<meta property=\"og:type\" content=\"article\" \/>\n<meta property=\"og:title\" content=\"Voulez-vous aussi commencer avec Joyn? - Joyn\" \/>\n<meta property=\"og:description\" content=\"Voulez-vous aussi commencer avec Joyn?\" \/>\n<meta property=\"og:url\" content=\"https:\/\/joyn.eu\/fr-fr\/voulez-vous-aussi-commencer-avec-joyn\/\" \/>\n<meta property=\"og:site_name\" content=\"Joyn\" \/>\n<meta property=\"article:modified_time\" content=\"2020-11-26T14:01:37+00:00\" \/>\n<meta property=\"og:image\" content=\"https:\/\/joyn.eu\/wp-content\/uploads\/2020\/09\/Bakker-2000-x-550.jpg\" \/>\n\t<meta property=\"og:image:width\" content=\"2000\" \/>\n\t<meta property=\"og:image:height\" content=\"550\" \/>\n\t<meta property=\"og:image:type\" content=\"image\/jpeg\" \/>\n<meta name=\"twitter:card\" content=\"summary_large_image\" \/>\n<script type=\"application\/ld+json\" class=\"yoast-schema-graph\">{\"@context\":\"https:\\\/\\\/schema.org\",\"@graph\":[{\"@type\":\"WebPage\",\"@id\":\"https:\\\/\\\/joyn.eu\\\/fr-fr\\\/voulez-vous-aussi-commencer-avec-joyn\\\/\",\"url\":\"https:\\\/\\\/joyn.eu\\\/fr-fr\\\/voulez-vous-aussi-commencer-avec-joyn\\\/\",\"name\":\"Voulez-vous aussi commencer avec Joyn? - Joyn\",\"isPartOf\":{\"@id\":\"https:\\\/\\\/joyn.eu\\\/fr-fr\\\/#website\"},\"primaryImageOfPage\":{\"@id\":\"https:\\\/\\\/joyn.eu\\\/fr-fr\\\/voulez-vous-aussi-commencer-avec-joyn\\\/#primaryimage\"},\"image\":{\"@id\":\"https:\\\/\\\/joyn.eu\\\/fr-fr\\\/voulez-vous-aussi-commencer-avec-joyn\\\/#primaryimage\"},\"thumbnailUrl\":\"https:\\\/\\\/joyn.eu\\\/wp-content\\\/uploads\\\/2020\\\/09\\\/Bakker-2000-x-550.jpg\",\"datePublished\":\"2020-11-25T13:39:50+00:00\",\"dateModified\":\"2020-11-26T14:01:37+00:00\",\"description\":\"Voulez-vous aussi commencer avec Joyn?\",\"breadcrumb\":{\"@id\":\"https:\\\/\\\/joyn.eu\\\/fr-fr\\\/voulez-vous-aussi-commencer-avec-joyn\\\/#breadcrumb\"},\"inLanguage\":\"fr-FR\",\"potentialAction\":[{\"@type\":\"ReadAction\",\"target\":[\"https:\\\/\\\/joyn.eu\\\/fr-fr\\\/voulez-vous-aussi-commencer-avec-joyn\\\/\"]}]},{\"@type\":\"ImageObject\",\"inLanguage\":\"fr-FR\",\"@id\":\"https:\\\/\\\/joyn.eu\\\/fr-fr\\\/voulez-vous-aussi-commencer-avec-joyn\\\/#primaryimage\",\"url\":\"https:\\\/\\\/joyn.eu\\\/wp-content\\\/uploads\\\/2020\\\/09\\\/Bakker-2000-x-550.jpg\",\"contentUrl\":\"https:\\\/\\\/joyn.eu\\\/wp-content\\\/uploads\\\/2020\\\/09\\\/Bakker-2000-x-550.jpg\",\"width\":2000,\"height\":550},{\"@type\":\"BreadcrumbList\",\"@id\":\"https:\\\/\\\/joyn.eu\\\/fr-fr\\\/voulez-vous-aussi-commencer-avec-joyn\\\/#breadcrumb\",\"itemListElement\":[{\"@type\":\"ListItem\",\"position\":1,\"name\":\"Home\",\"item\":\"https:\\\/\\\/joyn.eu\\\/fr-fr\\\/home-merchant-new\\\/\"},{\"@type\":\"ListItem\",\"position\":2,\"name\":\"Voulez-vous aussi commencer avec Joyn?\"}]},{\"@type\":\"WebSite\",\"@id\":\"https:\\\/\\\/joyn.eu\\\/fr-fr\\\/#website\",\"url\":\"https:\\\/\\\/joyn.eu\\\/fr-fr\\\/\",\"name\":\"Joyn\",\"description\":\"Just another WordPress site\",\"publisher\":{\"@id\":\"https:\\\/\\\/joyn.eu\\\/fr-fr\\\/#organization\"},\"potentialAction\":[{\"@type\":\"SearchAction\",\"target\":{\"@type\":\"EntryPoint\",\"urlTemplate\":\"https:\\\/\\\/joyn.eu\\\/fr-fr\\\/?s={search_term_string}\"},\"query-input\":{\"@type\":\"PropertyValueSpecification\",\"valueRequired\":true,\"valueName\":\"search_term_string\"}}],\"inLanguage\":\"fr-FR\"},{\"@type\":\"Organization\",\"@id\":\"https:\\\/\\\/joyn.eu\\\/fr-fr\\\/#organization\",\"name\":\"Joyn\",\"url\":\"https:\\\/\\\/joyn.eu\\\/fr-fr\\\/\",\"logo\":{\"@type\":\"ImageObject\",\"inLanguage\":\"fr-FR\",\"@id\":\"https:\\\/\\\/joyn.eu\\\/fr-fr\\\/#\\\/schema\\\/logo\\\/image\\\/\",\"url\":\"https:\\\/\\\/joyn.eu\\\/wp-content\\\/uploads\\\/2021\\\/02\\\/Blue-green-h40.png\",\"contentUrl\":\"https:\\\/\\\/joyn.eu\\\/wp-content\\\/uploads\\\/2021\\\/02\\\/Blue-green-h40.png\",\"width\":83,\"height\":40,\"caption\":\"Joyn\"},\"image\":{\"@id\":\"https:\\\/\\\/joyn.eu\\\/fr-fr\\\/#\\\/schema\\\/logo\\\/image\\\/\"}}]}<\/script>\n<!-- \/ Yoast SEO plugin. -->","yoast_head_json":{"title":"Voulez-vous aussi commencer avec Joyn? - Joyn","description":"Voulez-vous aussi commencer avec Joyn?","robots":{"index":"index","follow":"follow","max-snippet":"max-snippet:-1","max-image-preview":"max-image-preview:large","max-video-preview":"max-video-preview:-1"},"canonical":"https:\/\/joyn.eu\/fr-fr\/voulez-vous-aussi-commencer-avec-joyn\/","og_locale":"fr_FR","og_type":"article","og_title":"Voulez-vous aussi commencer avec Joyn? - Joyn","og_description":"Voulez-vous aussi commencer avec Joyn?","og_url":"https:\/\/joyn.eu\/fr-fr\/voulez-vous-aussi-commencer-avec-joyn\/","og_site_name":"Joyn","article_modified_time":"2020-11-26T14:01:37+00:00","og_image":[{"width":2000,"height":550,"url":"https:\/\/joyn.eu\/wp-content\/uploads\/2020\/09\/Bakker-2000-x-550.jpg","type":"image\/jpeg"}],"twitter_card":"summary_large_image","schema":{"@context":"https:\/\/schema.org","@graph":[{"@type":"WebPage","@id":"https:\/\/joyn.eu\/fr-fr\/voulez-vous-aussi-commencer-avec-joyn\/","url":"https:\/\/joyn.eu\/fr-fr\/voulez-vous-aussi-commencer-avec-joyn\/","name":"Voulez-vous aussi commencer avec Joyn? - Joyn","isPartOf":{"@id":"https:\/\/joyn.eu\/fr-fr\/#website"},"primaryImageOfPage":{"@id":"https:\/\/joyn.eu\/fr-fr\/voulez-vous-aussi-commencer-avec-joyn\/#primaryimage"},"image":{"@id":"https:\/\/joyn.eu\/fr-fr\/voulez-vous-aussi-commencer-avec-joyn\/#primaryimage"},"thumbnailUrl":"https:\/\/joyn.eu\/wp-content\/uploads\/2020\/09\/Bakker-2000-x-550.jpg","datePublished":"2020-11-25T13:39:50+00:00","dateModified":"2020-11-26T14:01:37+00:00","description":"Voulez-vous aussi commencer avec Joyn?","breadcrumb":{"@id":"https:\/\/joyn.eu\/fr-fr\/voulez-vous-aussi-commencer-avec-joyn\/#breadcrumb"},"inLanguage":"fr-FR","potentialAction":[{"@type":"ReadAction","target":["https:\/\/joyn.eu\/fr-fr\/voulez-vous-aussi-commencer-avec-joyn\/"]}]},{"@type":"ImageObject","inLanguage":"fr-FR","@id":"https:\/\/joyn.eu\/fr-fr\/voulez-vous-aussi-commencer-avec-joyn\/#primaryimage","url":"https:\/\/joyn.eu\/wp-content\/uploads\/2020\/09\/Bakker-2000-x-550.jpg","contentUrl":"https:\/\/joyn.eu\/wp-content\/uploads\/2020\/09\/Bakker-2000-x-550.jpg","width":2000,"height":550},{"@type":"BreadcrumbList","@id":"https:\/\/joyn.eu\/fr-fr\/voulez-vous-aussi-commencer-avec-joyn\/#breadcrumb","itemListElement":[{"@type":"ListItem","position":1,"name":"Home","item":"https:\/\/joyn.eu\/fr-fr\/home-merchant-new\/"},{"@type":"ListItem","position":2,"name":"Voulez-vous aussi commencer avec Joyn?"}]},{"@type":"WebSite","@id":"https:\/\/joyn.eu\/fr-fr\/#website","url":"https:\/\/joyn.eu\/fr-fr\/","name":"Joyn","description":"Just another WordPress site","publisher":{"@id":"https:\/\/joyn.eu\/fr-fr\/#organization"},"potentialAction":[{"@type":"SearchAction","target":{"@type":"EntryPoint","urlTemplate":"https:\/\/joyn.eu\/fr-fr\/?s={search_term_string}"},"query-input":{"@type":"PropertyValueSpecification","valueRequired":true,"valueName":"search_term_string"}}],"inLanguage":"fr-FR"},{"@type":"Organization","@id":"https:\/\/joyn.eu\/fr-fr\/#organization","name":"Joyn","url":"https:\/\/joyn.eu\/fr-fr\/","logo":{"@type":"ImageObject","inLanguage":"fr-FR","@id":"https:\/\/joyn.eu\/fr-fr\/#\/schema\/logo\/image\/","url":"https:\/\/joyn.eu\/wp-content\/uploads\/2021\/02\/Blue-green-h40.png","contentUrl":"https:\/\/joyn.eu\/wp-content\/uploads\/2021\/02\/Blue-green-h40.png","width":83,"height":40,"caption":"Joyn"},"image":{"@id":"https:\/\/joyn.eu\/fr-fr\/#\/schema\/logo\/image\/"}}]}},"_links":{"self":[{"href":"https:\/\/joyn.eu\/fr-fr\/wp-json\/wp\/v2\/pages\/21539","targetHints":{"allow":["GET"]}}],"collection":[{"href":"https:\/\/joyn.eu\/fr-fr\/wp-json\/wp\/v2\/pages"}],"about":[{"href":"https:\/\/joyn.eu\/fr-fr\/wp-json\/wp\/v2\/types\/page"}],"author":[{"embeddable":true,"href":"https:\/\/joyn.eu\/fr-fr\/wp-json\/wp\/v2\/users\/1"}],"replies":[{"embeddable":true,"href":"https:\/\/joyn.eu\/fr-fr\/wp-json\/wp\/v2\/comments?post=21539"}],"version-history":[{"count":27,"href":"https:\/\/joyn.eu\/fr-fr\/wp-json\/wp\/v2\/pages\/21539\/revisions"}],"predecessor-version":[{"id":21711,"href":"https:\/\/joyn.eu\/fr-fr\/wp-json\/wp\/v2\/pages\/21539\/revisions\/21711"}],"wp:featuredmedia":[{"embeddable":true,"href":"https:\/\/joyn.eu\/fr-fr\/wp-json\/wp\/v2\/media\/20381"}],"wp:attachment":[{"href":"https:\/\/joyn.eu\/fr-fr\/wp-json\/wp\/v2\/media?parent=21539"}],"curies":[{"name":"wp","href":"https:\/\/api.w.org\/{rel}","templated":true}]}}