{"id":54288,"date":"2022-04-13T10:04:36","date_gmt":"2022-04-13T10:04:36","guid":{"rendered":"https:\/\/joyn.eu\/?page_id=54288"},"modified":"2022-04-13T10:06:55","modified_gmt":"2022-04-13T10:06:55","slug":"support-e-mail-anniversaire","status":"publish","type":"page","link":"https:\/\/joyn.eu\/fr-be\/commercant\/a-propos-de-nous\/contactez-nous\/support-e-mail-anniversaire\/","title":{"rendered":"support e-mail anniversaire"},"content":{"rendered":"\t\t<div data-elementor-type=\"wp-page\" data-elementor-id=\"54288\" class=\"elementor elementor-54288 elementor-54285\" data-elementor-post-type=\"page\">\n\t\t\t\t\t\t<section class=\"elementor-section elementor-top-section elementor-element elementor-element-864e70b elementor-section-boxed elementor-section-height-default elementor-section-height-default\" data-id=\"864e70b\" data-element_type=\"section\" data-e-type=\"section\" data-settings=\"{&quot;background_background&quot;:&quot;classic&quot;}\">\n\t\t\t\t\t\t<div class=\"elementor-container elementor-column-gap-default\">\n\t\t\t\t\t<div class=\"elementor-column elementor-col-100 elementor-top-column elementor-element elementor-element-faf8e48\" data-id=\"faf8e48\" data-element_type=\"column\" data-e-type=\"column\">\n\t\t\t<div class=\"elementor-widget-wrap elementor-element-populated\">\n\t\t\t\t\t\t<div class=\"elementor-element elementor-element-e96a992 elementor-widget elementor-widget-heading\" data-id=\"e96a992\" data-element_type=\"widget\" data-e-type=\"widget\" data-widget_type=\"heading.default\">\n\t\t\t\t<div class=\"elementor-widget-container\">\n\t\t\t\t\t<h2 class=\"elementor-heading-title elementor-size-default\">Besoin d'aide ? Prenez rendez-vous avec l'un de nos experts en fid\u00e9lisation. Ensuite, ils cr\u00e9eront une campagne d'anniversaire avec vous \u00e0 l'heure convenue.<\/h2>\t\t\t\t<\/div>\n\t\t\t\t<\/div>\n\t\t\t\t\t<\/div>\n\t\t<\/div>\n\t\t\t\t\t<\/div>\n\t\t<\/section>\n\t\t\t\t<section class=\"elementor-section elementor-top-section elementor-element elementor-element-9ea0023 elementor-section-boxed elementor-section-height-default elementor-section-height-default\" data-id=\"9ea0023\" data-element_type=\"section\" data-e-type=\"section\" data-settings=\"{&quot;background_background&quot;:&quot;classic&quot;}\">\n\t\t\t\t\t\t<div class=\"elementor-container elementor-column-gap-no\">\n\t\t\t\t\t<div class=\"elementor-column elementor-col-100 elementor-top-column elementor-element elementor-element-bd4fdcd\" data-id=\"bd4fdcd\" data-element_type=\"column\" data-e-type=\"column\">\n\t\t\t<div class=\"elementor-widget-wrap elementor-element-populated\">\n\t\t\t\t\t\t<section class=\"elementor-section elementor-inner-section elementor-element elementor-element-ff111fb elementor-section-boxed elementor-section-height-default elementor-section-height-default\" data-id=\"ff111fb\" data-element_type=\"section\" data-e-type=\"section\">\n\t\t\t\t\t\t<div class=\"elementor-container elementor-column-gap-no\">\n\t\t\t\t\t<div class=\"elementor-column elementor-col-100 elementor-inner-column elementor-element elementor-element-8d21379\" data-id=\"8d21379\" data-element_type=\"column\" data-e-type=\"column\">\n\t\t\t<div class=\"elementor-widget-wrap elementor-element-populated\">\n\t\t\t\t\t\t<div class=\"elementor-element elementor-element-b9f6f59 elementor-widget elementor-widget-html\" data-id=\"b9f6f59\" data-element_type=\"widget\" data-e-type=\"widget\" data-widget_type=\"html.default\">\n\t\t\t\t<div class=\"elementor-widget-container\">\n\t\t\t\t\t<!-- Start of Meetings Embed Script -->\n    <div class=\"meetings-iframe-container\" data-src=\"https:\/\/helpcenter.joyndev.kinsta.cloud\/meetings\/online-installation\/aide-campagnes-automatiques?embed=true\"><\/div>\n    <script type=\"text\/javascript\" src=\"https:\/\/static.hsappstatic.net\/MeetingsEmbed\/ex\/MeetingsEmbedCode.js\"><\/script>\n  <!-- End of Meetings Embed Script -->\t\t\t\t<\/div>\n\t\t\t\t<\/div>\n\t\t\t\t\t<\/div>\n\t\t<\/div>\n\t\t\t\t\t<\/div>\n\t\t<\/section>\n\t\t\t\t\t<\/div>\n\t\t<\/div>\n\t\t\t\t\t<\/div>\n\t\t<\/section>\n\t\t\t\t<\/div>\n\t\t","protected":false},"excerpt":{"rendered":"<p>Besoin d&rsquo;aide ? Prenez rendez-vous avec l&rsquo;un de nos experts en fid\u00e9lisation. Ensuite, ils cr\u00e9eront une campagne d&rsquo;anniversaire avec vous \u00e0 l&rsquo;heure convenue.<\/p>\n","protected":false},"author":1,"featured_media":34369,"parent":59667,"menu_order":0,"comment_status":"closed","ping_status":"closed","template":"","meta":{"_acf_changed":false,"inline_featured_image":false,"footnotes":""},"class_list":["post-54288","page","type-page","status-publish","has-post-thumbnail","hentry"],"acf":[],"yoast_head":"<!-- This site is optimized with the Yoast SEO plugin v27.4 - https:\/\/yoast.com\/product\/yoast-seo-wordpress\/ -->\n<title>support e-mail anniversaire - Joyn<\/title>\n<meta name=\"description\" content=\"Besoin d&#039;aide ? Prenez rendez-vous avec l&#039;un de nos experts en fid\u00e9lisation. Ensuite, ils cr\u00e9eront une campagne d&#039;anniversaire avec vous \u00e0 l&#039;heure convenue.\" \/>\n<meta name=\"robots\" content=\"index, follow, max-snippet:-1, max-image-preview:large, max-video-preview:-1\" \/>\n<link rel=\"canonical\" href=\"https:\/\/joyn.eu\/fr-be\/commercant\/a-propos-de-nous\/contactez-nous\/support-e-mail-anniversaire\/\" \/>\n<meta property=\"og:locale\" content=\"fr_FR\" \/>\n<meta property=\"og:type\" content=\"article\" \/>\n<meta property=\"og:title\" content=\"support e-mail anniversaire - Joyn\" \/>\n<meta property=\"og:description\" content=\"Besoin d&#039;aide ? Prenez rendez-vous avec l&#039;un de nos experts en fid\u00e9lisation. Ensuite, ils cr\u00e9eront une campagne d&#039;anniversaire avec vous \u00e0 l&#039;heure convenue.\" \/>\n<meta property=\"og:url\" content=\"https:\/\/joyn.eu\/fr-be\/commercant\/a-propos-de-nous\/contactez-nous\/support-e-mail-anniversaire\/\" \/>\n<meta property=\"og:site_name\" content=\"Joyn\" \/>\n<meta property=\"article:modified_time\" content=\"2022-04-13T10:06:55+00:00\" \/>\n<meta property=\"og:image\" content=\"https:\/\/joyn.eu\/wp-content\/uploads\/2021\/03\/contact-us.jpg\" \/>\n\t<meta property=\"og:image:width\" content=\"1920\" \/>\n\t<meta property=\"og:image:height\" content=\"936\" \/>\n\t<meta property=\"og:image:type\" content=\"image\/jpeg\" \/>\n<meta name=\"twitter:card\" content=\"summary_large_image\" \/>\n<meta name=\"twitter:label1\" content=\"Dur\u00e9e de lecture est.\" \/>\n\t<meta name=\"twitter:data1\" content=\"1 minute\" \/>\n<script type=\"application\/ld+json\" class=\"yoast-schema-graph\">{\"@context\":\"https:\\\/\\\/schema.org\",\"@graph\":[{\"@type\":\"WebPage\",\"@id\":\"https:\\\/\\\/joyn.eu\\\/fr-be\\\/commercant\\\/a-propos-de-nous\\\/contactez-nous\\\/support-e-mail-anniversaire\\\/\",\"url\":\"https:\\\/\\\/joyn.eu\\\/fr-be\\\/commercant\\\/a-propos-de-nous\\\/contactez-nous\\\/support-e-mail-anniversaire\\\/\",\"name\":\"support e-mail anniversaire - Joyn\",\"isPartOf\":{\"@id\":\"https:\\\/\\\/joyn.eu\\\/fr-be\\\/#website\"},\"primaryImageOfPage\":{\"@id\":\"https:\\\/\\\/joyn.eu\\\/fr-be\\\/commercant\\\/a-propos-de-nous\\\/contactez-nous\\\/support-e-mail-anniversaire\\\/#primaryimage\"},\"image\":{\"@id\":\"https:\\\/\\\/joyn.eu\\\/fr-be\\\/commercant\\\/a-propos-de-nous\\\/contactez-nous\\\/support-e-mail-anniversaire\\\/#primaryimage\"},\"thumbnailUrl\":\"https:\\\/\\\/joyn.eu\\\/wp-content\\\/uploads\\\/2021\\\/03\\\/contact-us.jpg\",\"datePublished\":\"2022-04-13T10:04:36+00:00\",\"dateModified\":\"2022-04-13T10:06:55+00:00\",\"description\":\"Besoin d'aide ? Prenez rendez-vous avec l'un de nos experts en fid\u00e9lisation. Ensuite, ils cr\u00e9eront une campagne d'anniversaire avec vous \u00e0 l'heure convenue.\",\"breadcrumb\":{\"@id\":\"https:\\\/\\\/joyn.eu\\\/fr-be\\\/commercant\\\/a-propos-de-nous\\\/contactez-nous\\\/support-e-mail-anniversaire\\\/#breadcrumb\"},\"inLanguage\":\"fr-BE\",\"potentialAction\":[{\"@type\":\"ReadAction\",\"target\":[\"https:\\\/\\\/joyn.eu\\\/fr-be\\\/commercant\\\/a-propos-de-nous\\\/contactez-nous\\\/support-e-mail-anniversaire\\\/\"]}]},{\"@type\":\"ImageObject\",\"inLanguage\":\"fr-BE\",\"@id\":\"https:\\\/\\\/joyn.eu\\\/fr-be\\\/commercant\\\/a-propos-de-nous\\\/contactez-nous\\\/support-e-mail-anniversaire\\\/#primaryimage\",\"url\":\"https:\\\/\\\/joyn.eu\\\/wp-content\\\/uploads\\\/2021\\\/03\\\/contact-us.jpg\",\"contentUrl\":\"https:\\\/\\\/joyn.eu\\\/wp-content\\\/uploads\\\/2021\\\/03\\\/contact-us.jpg\",\"width\":1920,\"height\":936,\"caption\":\"Comment nous pouvons vous aider ?\"},{\"@type\":\"BreadcrumbList\",\"@id\":\"https:\\\/\\\/joyn.eu\\\/fr-be\\\/commercant\\\/a-propos-de-nous\\\/contactez-nous\\\/support-e-mail-anniversaire\\\/#breadcrumb\",\"itemListElement\":[{\"@type\":\"ListItem\",\"position\":1,\"name\":\"Home\",\"item\":\"https:\\\/\\\/joyn.eu\\\/fr-be\\\/home-merchant-new-fr\\\/\"},{\"@type\":\"ListItem\",\"position\":2,\"name\":\"formulaire commer\u00e7ant\",\"item\":\"https:\\\/\\\/joyn.eu\\\/fr-be\\\/formulaire-commercant\\\/\"},{\"@type\":\"ListItem\",\"position\":3,\"name\":\"support e-mail anniversaire\"}]},{\"@type\":\"WebSite\",\"@id\":\"https:\\\/\\\/joyn.eu\\\/fr-be\\\/#website\",\"url\":\"https:\\\/\\\/joyn.eu\\\/fr-be\\\/\",\"name\":\"Joyn\",\"description\":\"Quand vos clients deviennent des fans\",\"publisher\":{\"@id\":\"https:\\\/\\\/joyn.eu\\\/fr-be\\\/#organization\"},\"potentialAction\":[{\"@type\":\"SearchAction\",\"target\":{\"@type\":\"EntryPoint\",\"urlTemplate\":\"https:\\\/\\\/joyn.eu\\\/fr-be\\\/?s={search_term_string}\"},\"query-input\":{\"@type\":\"PropertyValueSpecification\",\"valueRequired\":true,\"valueName\":\"search_term_string\"}}],\"inLanguage\":\"fr-BE\"},{\"@type\":\"Organization\",\"@id\":\"https:\\\/\\\/joyn.eu\\\/fr-be\\\/#organization\",\"name\":\"Joyn\",\"url\":\"https:\\\/\\\/joyn.eu\\\/fr-be\\\/\",\"logo\":{\"@type\":\"ImageObject\",\"inLanguage\":\"fr-BE\",\"@id\":\"https:\\\/\\\/joyn.eu\\\/fr-be\\\/#\\\/schema\\\/logo\\\/image\\\/\",\"url\":\"https:\\\/\\\/joyn.eu\\\/wp-content\\\/uploads\\\/2021\\\/02\\\/Blue-green-h40.png\",\"contentUrl\":\"https:\\\/\\\/joyn.eu\\\/wp-content\\\/uploads\\\/2021\\\/02\\\/Blue-green-h40.png\",\"width\":83,\"height\":40,\"caption\":\"Joyn\"},\"image\":{\"@id\":\"https:\\\/\\\/joyn.eu\\\/fr-be\\\/#\\\/schema\\\/logo\\\/image\\\/\"}}]}<\/script>\n<!-- \/ Yoast SEO plugin. -->","yoast_head_json":{"title":"support e-mail anniversaire - Joyn","description":"Besoin d'aide ? Prenez rendez-vous avec l'un de nos experts en fid\u00e9lisation. Ensuite, ils cr\u00e9eront une campagne d'anniversaire avec vous \u00e0 l'heure convenue.","robots":{"index":"index","follow":"follow","max-snippet":"max-snippet:-1","max-image-preview":"max-image-preview:large","max-video-preview":"max-video-preview:-1"},"canonical":"https:\/\/joyn.eu\/fr-be\/commercant\/a-propos-de-nous\/contactez-nous\/support-e-mail-anniversaire\/","og_locale":"fr_FR","og_type":"article","og_title":"support e-mail anniversaire - Joyn","og_description":"Besoin d'aide ? Prenez rendez-vous avec l'un de nos experts en fid\u00e9lisation. Ensuite, ils cr\u00e9eront une campagne d'anniversaire avec vous \u00e0 l'heure convenue.","og_url":"https:\/\/joyn.eu\/fr-be\/commercant\/a-propos-de-nous\/contactez-nous\/support-e-mail-anniversaire\/","og_site_name":"Joyn","article_modified_time":"2022-04-13T10:06:55+00:00","og_image":[{"width":1920,"height":936,"url":"https:\/\/joyn.eu\/wp-content\/uploads\/2021\/03\/contact-us.jpg","type":"image\/jpeg"}],"twitter_card":"summary_large_image","twitter_misc":{"Dur\u00e9e de lecture est.":"1 minute"},"schema":{"@context":"https:\/\/schema.org","@graph":[{"@type":"WebPage","@id":"https:\/\/joyn.eu\/fr-be\/commercant\/a-propos-de-nous\/contactez-nous\/support-e-mail-anniversaire\/","url":"https:\/\/joyn.eu\/fr-be\/commercant\/a-propos-de-nous\/contactez-nous\/support-e-mail-anniversaire\/","name":"support e-mail anniversaire - Joyn","isPartOf":{"@id":"https:\/\/joyn.eu\/fr-be\/#website"},"primaryImageOfPage":{"@id":"https:\/\/joyn.eu\/fr-be\/commercant\/a-propos-de-nous\/contactez-nous\/support-e-mail-anniversaire\/#primaryimage"},"image":{"@id":"https:\/\/joyn.eu\/fr-be\/commercant\/a-propos-de-nous\/contactez-nous\/support-e-mail-anniversaire\/#primaryimage"},"thumbnailUrl":"https:\/\/joyn.eu\/wp-content\/uploads\/2021\/03\/contact-us.jpg","datePublished":"2022-04-13T10:04:36+00:00","dateModified":"2022-04-13T10:06:55+00:00","description":"Besoin d'aide ? Prenez rendez-vous avec l'un de nos experts en fid\u00e9lisation. Ensuite, ils cr\u00e9eront une campagne d'anniversaire avec vous \u00e0 l'heure convenue.","breadcrumb":{"@id":"https:\/\/joyn.eu\/fr-be\/commercant\/a-propos-de-nous\/contactez-nous\/support-e-mail-anniversaire\/#breadcrumb"},"inLanguage":"fr-BE","potentialAction":[{"@type":"ReadAction","target":["https:\/\/joyn.eu\/fr-be\/commercant\/a-propos-de-nous\/contactez-nous\/support-e-mail-anniversaire\/"]}]},{"@type":"ImageObject","inLanguage":"fr-BE","@id":"https:\/\/joyn.eu\/fr-be\/commercant\/a-propos-de-nous\/contactez-nous\/support-e-mail-anniversaire\/#primaryimage","url":"https:\/\/joyn.eu\/wp-content\/uploads\/2021\/03\/contact-us.jpg","contentUrl":"https:\/\/joyn.eu\/wp-content\/uploads\/2021\/03\/contact-us.jpg","width":1920,"height":936,"caption":"Comment nous pouvons vous aider ?"},{"@type":"BreadcrumbList","@id":"https:\/\/joyn.eu\/fr-be\/commercant\/a-propos-de-nous\/contactez-nous\/support-e-mail-anniversaire\/#breadcrumb","itemListElement":[{"@type":"ListItem","position":1,"name":"Home","item":"https:\/\/joyn.eu\/fr-be\/home-merchant-new-fr\/"},{"@type":"ListItem","position":2,"name":"formulaire commer\u00e7ant","item":"https:\/\/joyn.eu\/fr-be\/formulaire-commercant\/"},{"@type":"ListItem","position":3,"name":"support e-mail anniversaire"}]},{"@type":"WebSite","@id":"https:\/\/joyn.eu\/fr-be\/#website","url":"https:\/\/joyn.eu\/fr-be\/","name":"Joyn","description":"Quand vos clients deviennent des fans","publisher":{"@id":"https:\/\/joyn.eu\/fr-be\/#organization"},"potentialAction":[{"@type":"SearchAction","target":{"@type":"EntryPoint","urlTemplate":"https:\/\/joyn.eu\/fr-be\/?s={search_term_string}"},"query-input":{"@type":"PropertyValueSpecification","valueRequired":true,"valueName":"search_term_string"}}],"inLanguage":"fr-BE"},{"@type":"Organization","@id":"https:\/\/joyn.eu\/fr-be\/#organization","name":"Joyn","url":"https:\/\/joyn.eu\/fr-be\/","logo":{"@type":"ImageObject","inLanguage":"fr-BE","@id":"https:\/\/joyn.eu\/fr-be\/#\/schema\/logo\/image\/","url":"https:\/\/joyn.eu\/wp-content\/uploads\/2021\/02\/Blue-green-h40.png","contentUrl":"https:\/\/joyn.eu\/wp-content\/uploads\/2021\/02\/Blue-green-h40.png","width":83,"height":40,"caption":"Joyn"},"image":{"@id":"https:\/\/joyn.eu\/fr-be\/#\/schema\/logo\/image\/"}}]}},"_links":{"self":[{"href":"https:\/\/joyn.eu\/fr-be\/wp-json\/wp\/v2\/pages\/54288","targetHints":{"allow":["GET"]}}],"collection":[{"href":"https:\/\/joyn.eu\/fr-be\/wp-json\/wp\/v2\/pages"}],"about":[{"href":"https:\/\/joyn.eu\/fr-be\/wp-json\/wp\/v2\/types\/page"}],"author":[{"embeddable":true,"href":"https:\/\/joyn.eu\/fr-be\/wp-json\/wp\/v2\/users\/1"}],"replies":[{"embeddable":true,"href":"https:\/\/joyn.eu\/fr-be\/wp-json\/wp\/v2\/comments?post=54288"}],"version-history":[{"count":7,"href":"https:\/\/joyn.eu\/fr-be\/wp-json\/wp\/v2\/pages\/54288\/revisions"}],"predecessor-version":[{"id":54306,"href":"https:\/\/joyn.eu\/fr-be\/wp-json\/wp\/v2\/pages\/54288\/revisions\/54306"}],"up":[{"embeddable":true,"href":"https:\/\/joyn.eu\/fr-be\/wp-json\/wp\/v2\/pages\/59667"}],"wp:featuredmedia":[{"embeddable":true,"href":"https:\/\/joyn.eu\/fr-be\/wp-json\/wp\/v2\/media\/34369"}],"wp:attachment":[{"href":"https:\/\/joyn.eu\/fr-be\/wp-json\/wp\/v2\/media?parent=54288"}],"curies":[{"name":"wp","href":"https:\/\/api.w.org\/{rel}","templated":true}]}}