{"id":54010,"date":"2022-03-24T10:51:41","date_gmt":"2022-03-24T10:51:41","guid":{"rendered":"https:\/\/joyn.eu\/?page_id=54010"},"modified":"2022-03-24T10:51:41","modified_gmt":"2022-03-24T10:51:41","slug":"demande-de-demo-bien-recu","status":"publish","type":"page","link":"https:\/\/joyn.eu\/fr-be\/lp\/bnpparibasfortis\/demande-de-demo-bien-recu\/","title":{"rendered":"demande de d\u00e9mo bien re\u00e7u"},"content":{"rendered":"\t\t<div data-elementor-type=\"wp-page\" data-elementor-id=\"54010\" class=\"elementor elementor-54010 elementor-54007\" data-elementor-post-type=\"page\">\n\t\t\t\t\t\t<section class=\"elementor-section elementor-top-section elementor-element elementor-element-48aa92e elementor-section-boxed elementor-section-height-default elementor-section-height-default\" data-id=\"48aa92e\" data-element_type=\"section\" data-e-type=\"section\" data-settings=\"{&quot;background_background&quot;:&quot;classic&quot;}\">\n\t\t\t\t\t\t<div class=\"elementor-container elementor-column-gap-default\">\n\t\t\t\t\t<div class=\"elementor-column elementor-col-100 elementor-top-column elementor-element elementor-element-0affeb1\" data-id=\"0affeb1\" data-element_type=\"column\" data-e-type=\"column\">\n\t\t\t<div class=\"elementor-widget-wrap elementor-element-populated\">\n\t\t\t\t\t\t<div class=\"elementor-element elementor-element-2ae8b0a elementor-widget elementor-widget-heading\" data-id=\"2ae8b0a\" data-element_type=\"widget\" data-e-type=\"widget\" data-widget_type=\"heading.default\">\n\t\t\t\t<div class=\"elementor-widget-container\">\n\t\t\t\t\t<h2 class=\"elementor-heading-title elementor-size-default\">La d\u00e9mo a bien \u00e9t\u00e9 r\u00e9serv\u00e9e<\/h2>\t\t\t\t<\/div>\n\t\t\t\t<\/div>\n\t\t\t\t<div class=\"elementor-element elementor-element-d8f05e6 elementor-widget elementor-widget-text-editor\" data-id=\"d8f05e6\" data-element_type=\"widget\" data-e-type=\"widget\" data-widget_type=\"text-editor.default\">\n\t\t\t\t<div class=\"elementor-widget-container\">\n\t\t\t\t\t\t\t\t\t<p style=\"text-align: center;\"><span style=\"color: #ffffff;\"><span style=\"caret-color: #ffffff; font-size: 20px;\">Durant cette d\u00e9mo, nous vous expliquerons toutes les fonctionnalit\u00e9s et options de notre plateforme de fid\u00e9lisation.<\/span><\/span><\/p>\t\t\t\t\t\t\t\t<\/div>\n\t\t\t\t<\/div>\n\t\t\t\t\t<\/div>\n\t\t<\/div>\n\t\t\t\t\t<\/div>\n\t\t<\/section>\n\t\t\t\t<section class=\"elementor-section elementor-top-section elementor-element elementor-element-260b36f elementor-section-full_width elementor-section-height-default elementor-section-height-default\" data-id=\"260b36f\" data-element_type=\"section\" data-e-type=\"section\" data-settings=\"{&quot;background_background&quot;:&quot;classic&quot;}\">\n\t\t\t\t\t\t<div class=\"elementor-container elementor-column-gap-wide\">\n\t\t\t\t\t<div class=\"elementor-column elementor-col-100 elementor-top-column elementor-element elementor-element-9558d5e\" data-id=\"9558d5e\" data-element_type=\"column\" data-e-type=\"column\" data-settings=\"{&quot;background_background&quot;:&quot;classic&quot;}\">\n\t\t\t<div class=\"elementor-widget-wrap elementor-element-populated\">\n\t\t\t\t\t\t<section class=\"elementor-section elementor-inner-section elementor-element elementor-element-ed15de4 elementor-section-height-min-height elementor-section-content-middle elementor-section-boxed elementor-section-height-default\" data-id=\"ed15de4\" data-element_type=\"section\" data-e-type=\"section\">\n\t\t\t\t\t\t<div class=\"elementor-container elementor-column-gap-default\">\n\t\t\t\t\t<div class=\"elementor-column elementor-col-100 elementor-inner-column elementor-element elementor-element-4d8d4ee\" data-id=\"4d8d4ee\" data-element_type=\"column\" data-e-type=\"column\">\n\t\t\t<div class=\"elementor-widget-wrap elementor-element-populated\">\n\t\t\t\t\t\t<div class=\"elementor-element elementor-element-fc1baab elementor-widget elementor-widget-spacer\" data-id=\"fc1baab\" data-element_type=\"widget\" data-e-type=\"widget\" data-widget_type=\"spacer.default\">\n\t\t\t\t<div class=\"elementor-widget-container\">\n\t\t\t\t\t\t\t<div class=\"elementor-spacer\">\n\t\t\t<div class=\"elementor-spacer-inner\"><\/div>\n\t\t<\/div>\n\t\t\t\t\t\t<\/div>\n\t\t\t\t<\/div>\n\t\t\t\t\t<\/div>\n\t\t<\/div>\n\t\t\t\t\t<\/div>\n\t\t<\/section>\n\t\t\t\t\t<\/div>\n\t\t<\/div>\n\t\t\t\t\t<\/div>\n\t\t<\/section>\n\t\t\t\t<\/div>\n\t\t","protected":false},"excerpt":{"rendered":"<p>La d\u00e9mo a bien \u00e9t\u00e9 r\u00e9serv\u00e9e Durant cette d\u00e9mo, nous vous expliquerons toutes les fonctionnalit\u00e9s et options de notre plateforme de fid\u00e9lisation.<\/p>\n","protected":false},"author":1,"featured_media":34369,"parent":51470,"menu_order":1,"comment_status":"closed","ping_status":"closed","template":"full_width.php","meta":{"_acf_changed":false,"inline_featured_image":false,"footnotes":""},"class_list":["post-54010","page","type-page","status-publish","has-post-thumbnail","hentry"],"acf":[],"yoast_head":"<!-- This site is optimized with the Yoast SEO plugin v27.5 - https:\/\/yoast.com\/product\/yoast-seo-wordpress\/ -->\n<title>demande de d\u00e9mo bien re\u00e7u - Joyn<\/title>\n<meta name=\"description\" content=\"La d\u00e9mo a bien \u00e9t\u00e9 r\u00e9serv\u00e9e\" \/>\n<meta name=\"robots\" content=\"index, follow, max-snippet:-1, max-image-preview:large, max-video-preview:-1\" \/>\n<link rel=\"canonical\" href=\"https:\/\/joyn.eu\/fr-be\/lp\/bnpparibasfortis\/demande-de-demo-bien-recu\/\" \/>\n<meta property=\"og:locale\" content=\"fr_FR\" \/>\n<meta property=\"og:type\" content=\"article\" \/>\n<meta property=\"og:title\" content=\"demande de d\u00e9mo bien re\u00e7u - Joyn\" \/>\n<meta property=\"og:description\" content=\"La d\u00e9mo a bien \u00e9t\u00e9 r\u00e9serv\u00e9e\" \/>\n<meta property=\"og:url\" content=\"https:\/\/joyn.eu\/fr-be\/lp\/bnpparibasfortis\/demande-de-demo-bien-recu\/\" \/>\n<meta property=\"og:site_name\" content=\"Joyn\" \/>\n<meta property=\"og:image\" content=\"https:\/\/joyn.eu\/wp-content\/uploads\/2021\/03\/contact-us.jpg\" \/>\n\t<meta property=\"og:image:width\" content=\"1920\" \/>\n\t<meta property=\"og:image:height\" content=\"936\" \/>\n\t<meta property=\"og:image:type\" content=\"image\/jpeg\" \/>\n<meta name=\"twitter:card\" content=\"summary_large_image\" \/>\n<meta name=\"twitter:label1\" content=\"Dur\u00e9e de lecture est.\" \/>\n\t<meta name=\"twitter:data1\" content=\"1 minute\" \/>\n<script type=\"application\/ld+json\" class=\"yoast-schema-graph\">{\"@context\":\"https:\\\/\\\/schema.org\",\"@graph\":[{\"@type\":\"WebPage\",\"@id\":\"https:\\\/\\\/joyn.eu\\\/fr-be\\\/lp\\\/bnpparibasfortis\\\/demande-de-demo-bien-recu\\\/\",\"url\":\"https:\\\/\\\/joyn.eu\\\/fr-be\\\/lp\\\/bnpparibasfortis\\\/demande-de-demo-bien-recu\\\/\",\"name\":\"demande de d\u00e9mo bien re\u00e7u - Joyn\",\"isPartOf\":{\"@id\":\"https:\\\/\\\/joyn.eu\\\/fr-be\\\/#website\"},\"primaryImageOfPage\":{\"@id\":\"https:\\\/\\\/joyn.eu\\\/fr-be\\\/lp\\\/bnpparibasfortis\\\/demande-de-demo-bien-recu\\\/#primaryimage\"},\"image\":{\"@id\":\"https:\\\/\\\/joyn.eu\\\/fr-be\\\/lp\\\/bnpparibasfortis\\\/demande-de-demo-bien-recu\\\/#primaryimage\"},\"thumbnailUrl\":\"https:\\\/\\\/joyn.eu\\\/wp-content\\\/uploads\\\/2021\\\/03\\\/contact-us.jpg\",\"datePublished\":\"2022-03-24T10:51:41+00:00\",\"description\":\"La d\u00e9mo a bien \u00e9t\u00e9 r\u00e9serv\u00e9e\",\"breadcrumb\":{\"@id\":\"https:\\\/\\\/joyn.eu\\\/fr-be\\\/lp\\\/bnpparibasfortis\\\/demande-de-demo-bien-recu\\\/#breadcrumb\"},\"inLanguage\":\"fr-BE\",\"potentialAction\":[{\"@type\":\"ReadAction\",\"target\":[\"https:\\\/\\\/joyn.eu\\\/fr-be\\\/lp\\\/bnpparibasfortis\\\/demande-de-demo-bien-recu\\\/\"]}]},{\"@type\":\"ImageObject\",\"inLanguage\":\"fr-BE\",\"@id\":\"https:\\\/\\\/joyn.eu\\\/fr-be\\\/lp\\\/bnpparibasfortis\\\/demande-de-demo-bien-recu\\\/#primaryimage\",\"url\":\"https:\\\/\\\/joyn.eu\\\/wp-content\\\/uploads\\\/2021\\\/03\\\/contact-us.jpg\",\"contentUrl\":\"https:\\\/\\\/joyn.eu\\\/wp-content\\\/uploads\\\/2021\\\/03\\\/contact-us.jpg\",\"width\":1920,\"height\":936,\"caption\":\"Comment nous pouvons vous aider ?\"},{\"@type\":\"BreadcrumbList\",\"@id\":\"https:\\\/\\\/joyn.eu\\\/fr-be\\\/lp\\\/bnpparibasfortis\\\/demande-de-demo-bien-recu\\\/#breadcrumb\",\"itemListElement\":[{\"@type\":\"ListItem\",\"position\":1,\"name\":\"Home\",\"item\":\"https:\\\/\\\/joyn.eu\\\/fr-be\\\/home-merchant-new-fr\\\/\"},{\"@type\":\"ListItem\",\"position\":2,\"name\":\"LP\",\"item\":\"https:\\\/\\\/joyn.eu\\\/fr-be\\\/lp\\\/\"},{\"@type\":\"ListItem\",\"position\":3,\"name\":\"BNP Paribas Fortis booking\",\"item\":\"https:\\\/\\\/joyn.eu\\\/fr-be\\\/lp\\\/bnpparibasfortis\\\/\"},{\"@type\":\"ListItem\",\"position\":4,\"name\":\"demande de d\u00e9mo bien re\u00e7u\"}]},{\"@type\":\"WebSite\",\"@id\":\"https:\\\/\\\/joyn.eu\\\/fr-be\\\/#website\",\"url\":\"https:\\\/\\\/joyn.eu\\\/fr-be\\\/\",\"name\":\"Joyn\",\"description\":\"Quand vos clients deviennent des fans\",\"publisher\":{\"@id\":\"https:\\\/\\\/joyn.eu\\\/fr-be\\\/#organization\"},\"potentialAction\":[{\"@type\":\"SearchAction\",\"target\":{\"@type\":\"EntryPoint\",\"urlTemplate\":\"https:\\\/\\\/joyn.eu\\\/fr-be\\\/?s={search_term_string}\"},\"query-input\":{\"@type\":\"PropertyValueSpecification\",\"valueRequired\":true,\"valueName\":\"search_term_string\"}}],\"inLanguage\":\"fr-BE\"},{\"@type\":\"Organization\",\"@id\":\"https:\\\/\\\/joyn.eu\\\/fr-be\\\/#organization\",\"name\":\"Joyn\",\"url\":\"https:\\\/\\\/joyn.eu\\\/fr-be\\\/\",\"logo\":{\"@type\":\"ImageObject\",\"inLanguage\":\"fr-BE\",\"@id\":\"https:\\\/\\\/joyn.eu\\\/fr-be\\\/#\\\/schema\\\/logo\\\/image\\\/\",\"url\":\"https:\\\/\\\/joyn.eu\\\/wp-content\\\/uploads\\\/2021\\\/02\\\/Blue-green-h40.png\",\"contentUrl\":\"https:\\\/\\\/joyn.eu\\\/wp-content\\\/uploads\\\/2021\\\/02\\\/Blue-green-h40.png\",\"width\":83,\"height\":40,\"caption\":\"Joyn\"},\"image\":{\"@id\":\"https:\\\/\\\/joyn.eu\\\/fr-be\\\/#\\\/schema\\\/logo\\\/image\\\/\"}}]}<\/script>\n<!-- \/ Yoast SEO plugin. -->","yoast_head_json":{"title":"demande de d\u00e9mo bien re\u00e7u - Joyn","description":"La d\u00e9mo a bien \u00e9t\u00e9 r\u00e9serv\u00e9e","robots":{"index":"index","follow":"follow","max-snippet":"max-snippet:-1","max-image-preview":"max-image-preview:large","max-video-preview":"max-video-preview:-1"},"canonical":"https:\/\/joyn.eu\/fr-be\/lp\/bnpparibasfortis\/demande-de-demo-bien-recu\/","og_locale":"fr_FR","og_type":"article","og_title":"demande de d\u00e9mo bien re\u00e7u - Joyn","og_description":"La d\u00e9mo a bien \u00e9t\u00e9 r\u00e9serv\u00e9e","og_url":"https:\/\/joyn.eu\/fr-be\/lp\/bnpparibasfortis\/demande-de-demo-bien-recu\/","og_site_name":"Joyn","og_image":[{"width":1920,"height":936,"url":"https:\/\/joyn.eu\/wp-content\/uploads\/2021\/03\/contact-us.jpg","type":"image\/jpeg"}],"twitter_card":"summary_large_image","twitter_misc":{"Dur\u00e9e de lecture est.":"1 minute"},"schema":{"@context":"https:\/\/schema.org","@graph":[{"@type":"WebPage","@id":"https:\/\/joyn.eu\/fr-be\/lp\/bnpparibasfortis\/demande-de-demo-bien-recu\/","url":"https:\/\/joyn.eu\/fr-be\/lp\/bnpparibasfortis\/demande-de-demo-bien-recu\/","name":"demande de d\u00e9mo bien re\u00e7u - Joyn","isPartOf":{"@id":"https:\/\/joyn.eu\/fr-be\/#website"},"primaryImageOfPage":{"@id":"https:\/\/joyn.eu\/fr-be\/lp\/bnpparibasfortis\/demande-de-demo-bien-recu\/#primaryimage"},"image":{"@id":"https:\/\/joyn.eu\/fr-be\/lp\/bnpparibasfortis\/demande-de-demo-bien-recu\/#primaryimage"},"thumbnailUrl":"https:\/\/joyn.eu\/wp-content\/uploads\/2021\/03\/contact-us.jpg","datePublished":"2022-03-24T10:51:41+00:00","description":"La d\u00e9mo a bien \u00e9t\u00e9 r\u00e9serv\u00e9e","breadcrumb":{"@id":"https:\/\/joyn.eu\/fr-be\/lp\/bnpparibasfortis\/demande-de-demo-bien-recu\/#breadcrumb"},"inLanguage":"fr-BE","potentialAction":[{"@type":"ReadAction","target":["https:\/\/joyn.eu\/fr-be\/lp\/bnpparibasfortis\/demande-de-demo-bien-recu\/"]}]},{"@type":"ImageObject","inLanguage":"fr-BE","@id":"https:\/\/joyn.eu\/fr-be\/lp\/bnpparibasfortis\/demande-de-demo-bien-recu\/#primaryimage","url":"https:\/\/joyn.eu\/wp-content\/uploads\/2021\/03\/contact-us.jpg","contentUrl":"https:\/\/joyn.eu\/wp-content\/uploads\/2021\/03\/contact-us.jpg","width":1920,"height":936,"caption":"Comment nous pouvons vous aider ?"},{"@type":"BreadcrumbList","@id":"https:\/\/joyn.eu\/fr-be\/lp\/bnpparibasfortis\/demande-de-demo-bien-recu\/#breadcrumb","itemListElement":[{"@type":"ListItem","position":1,"name":"Home","item":"https:\/\/joyn.eu\/fr-be\/home-merchant-new-fr\/"},{"@type":"ListItem","position":2,"name":"LP","item":"https:\/\/joyn.eu\/fr-be\/lp\/"},{"@type":"ListItem","position":3,"name":"BNP Paribas Fortis booking","item":"https:\/\/joyn.eu\/fr-be\/lp\/bnpparibasfortis\/"},{"@type":"ListItem","position":4,"name":"demande de d\u00e9mo bien re\u00e7u"}]},{"@type":"WebSite","@id":"https:\/\/joyn.eu\/fr-be\/#website","url":"https:\/\/joyn.eu\/fr-be\/","name":"Joyn","description":"Quand vos clients deviennent des fans","publisher":{"@id":"https:\/\/joyn.eu\/fr-be\/#organization"},"potentialAction":[{"@type":"SearchAction","target":{"@type":"EntryPoint","urlTemplate":"https:\/\/joyn.eu\/fr-be\/?s={search_term_string}"},"query-input":{"@type":"PropertyValueSpecification","valueRequired":true,"valueName":"search_term_string"}}],"inLanguage":"fr-BE"},{"@type":"Organization","@id":"https:\/\/joyn.eu\/fr-be\/#organization","name":"Joyn","url":"https:\/\/joyn.eu\/fr-be\/","logo":{"@type":"ImageObject","inLanguage":"fr-BE","@id":"https:\/\/joyn.eu\/fr-be\/#\/schema\/logo\/image\/","url":"https:\/\/joyn.eu\/wp-content\/uploads\/2021\/02\/Blue-green-h40.png","contentUrl":"https:\/\/joyn.eu\/wp-content\/uploads\/2021\/02\/Blue-green-h40.png","width":83,"height":40,"caption":"Joyn"},"image":{"@id":"https:\/\/joyn.eu\/fr-be\/#\/schema\/logo\/image\/"}}]}},"_links":{"self":[{"href":"https:\/\/joyn.eu\/fr-be\/wp-json\/wp\/v2\/pages\/54010","targetHints":{"allow":["GET"]}}],"collection":[{"href":"https:\/\/joyn.eu\/fr-be\/wp-json\/wp\/v2\/pages"}],"about":[{"href":"https:\/\/joyn.eu\/fr-be\/wp-json\/wp\/v2\/types\/page"}],"author":[{"embeddable":true,"href":"https:\/\/joyn.eu\/fr-be\/wp-json\/wp\/v2\/users\/1"}],"replies":[{"embeddable":true,"href":"https:\/\/joyn.eu\/fr-be\/wp-json\/wp\/v2\/comments?post=54010"}],"version-history":[{"count":1,"href":"https:\/\/joyn.eu\/fr-be\/wp-json\/wp\/v2\/pages\/54010\/revisions"}],"predecessor-version":[{"id":54033,"href":"https:\/\/joyn.eu\/fr-be\/wp-json\/wp\/v2\/pages\/54010\/revisions\/54033"}],"up":[{"embeddable":true,"href":"https:\/\/joyn.eu\/fr-be\/wp-json\/wp\/v2\/pages\/51470"}],"wp:featuredmedia":[{"embeddable":true,"href":"https:\/\/joyn.eu\/fr-be\/wp-json\/wp\/v2\/media\/34369"}],"wp:attachment":[{"href":"https:\/\/joyn.eu\/fr-be\/wp-json\/wp\/v2\/media?parent=54010"}],"curies":[{"name":"wp","href":"https:\/\/api.w.org\/{rel}","templated":true}]}}