{"id":53876,"date":"2022-03-28T13:35:49","date_gmt":"2022-03-28T13:35:49","guid":{"rendered":"https:\/\/joyn.eu\/?page_id=53876"},"modified":"2022-03-28T13:49:49","modified_gmt":"2022-03-28T13:49:49","slug":"devenez-partenaire-joyn-des-aujourdhui","status":"publish","type":"page","link":"https:\/\/joyn.eu\/fr-be\/commercant\/a-propos-de-nous\/partenaires-old\/devenez-partenaire-joyn-des-aujourdhui\/","title":{"rendered":"Devenez partenaire Joyn d\u00e8s aujourd&rsquo;hui"},"content":{"rendered":"\t\t<div data-elementor-type=\"wp-page\" data-elementor-id=\"53876\" class=\"elementor elementor-53876 elementor-53873\" data-elementor-post-type=\"page\">\n\t\t\t\t\t\t<section class=\"elementor-section elementor-top-section elementor-element elementor-element-864e70b elementor-section-boxed elementor-section-height-default elementor-section-height-default\" data-id=\"864e70b\" data-element_type=\"section\" data-e-type=\"section\" data-settings=\"{&quot;background_background&quot;:&quot;classic&quot;}\">\n\t\t\t\t\t\t<div class=\"elementor-container elementor-column-gap-default\">\n\t\t\t\t\t<div class=\"elementor-column elementor-col-100 elementor-top-column elementor-element elementor-element-faf8e48\" data-id=\"faf8e48\" data-element_type=\"column\" data-e-type=\"column\">\n\t\t\t<div class=\"elementor-widget-wrap elementor-element-populated\">\n\t\t\t\t\t\t<div class=\"elementor-element elementor-element-e96a992 elementor-widget elementor-widget-heading\" data-id=\"e96a992\" data-element_type=\"widget\" data-e-type=\"widget\" data-widget_type=\"heading.default\">\n\t\t\t\t<div class=\"elementor-widget-container\">\n\t\t\t\t\t<h2 class=\"elementor-heading-title elementor-size-default\">Devenez partenaire Joyn d\u00e8s aujourd'hui<\/h2>\t\t\t\t<\/div>\n\t\t\t\t<\/div>\n\t\t\t\t<div class=\"elementor-element elementor-element-977a110 elementor-widget elementor-widget-text-editor\" data-id=\"977a110\" data-element_type=\"widget\" data-e-type=\"widget\" data-widget_type=\"text-editor.default\">\n\t\t\t\t<div class=\"elementor-widget-container\">\n\t\t\t\t\t\t\t\t\t<p style=\"text-align: center;\"><span style=\"font-size: 20px;\">Laissez vos coordonn\u00e9es et un de nos experts en fid\u00e9lit\u00e9 vous contactera. dans les plus brefs d\u00e9lais. <\/span><\/p>\t\t\t\t\t\t\t\t<\/div>\n\t\t\t\t<\/div>\n\t\t\t\t\t<\/div>\n\t\t<\/div>\n\t\t\t\t\t<\/div>\n\t\t<\/section>\n\t\t\t\t<section class=\"elementor-section elementor-top-section elementor-element elementor-element-0237c0d elementor-section-boxed elementor-section-height-default elementor-section-height-default\" data-id=\"0237c0d\" data-element_type=\"section\" data-e-type=\"section\" data-settings=\"{&quot;background_background&quot;:&quot;classic&quot;}\">\n\t\t\t\t\t\t<div class=\"elementor-container elementor-column-gap-no\">\n\t\t\t\t\t<div class=\"elementor-column elementor-col-100 elementor-top-column elementor-element elementor-element-9a88af9\" data-id=\"9a88af9\" data-element_type=\"column\" data-e-type=\"column\">\n\t\t\t<div class=\"elementor-widget-wrap elementor-element-populated\">\n\t\t\t\t\t\t<section class=\"elementor-section elementor-inner-section elementor-element elementor-element-2284450 elementor-section-boxed elementor-section-height-default elementor-section-height-default\" data-id=\"2284450\" data-element_type=\"section\" data-e-type=\"section\">\n\t\t\t\t\t\t<div class=\"elementor-container elementor-column-gap-no\">\n\t\t\t\t\t<div class=\"elementor-column elementor-col-100 elementor-inner-column elementor-element elementor-element-1f92891\" data-id=\"1f92891\" data-element_type=\"column\" data-e-type=\"column\">\n\t\t\t<div class=\"elementor-widget-wrap elementor-element-populated\">\n\t\t\t\t\t\t<div class=\"elementor-element elementor-element-5d31f1e elementor-widget elementor-widget-shortcode\" data-id=\"5d31f1e\" data-element_type=\"widget\" data-e-type=\"widget\" data-widget_type=\"shortcode.default\">\n\t\t\t\t<div class=\"elementor-widget-container\">\n\t\t\t\t\t\t\t<div class=\"elementor-shortcode\">[hubspot type=\"form\" portal=\"4513559\" id=\"d6fdc624-89eb-4083-9075-785d289ddedd\"]<\/div>\n\t\t\t\t\t\t<\/div>\n\t\t\t\t<\/div>\n\t\t\t\t\t<\/div>\n\t\t<\/div>\n\t\t\t\t\t<\/div>\n\t\t<\/section>\n\t\t\t\t\t<\/div>\n\t\t<\/div>\n\t\t\t\t\t<\/div>\n\t\t<\/section>\n\t\t\t\t<\/div>\n\t\t","protected":false},"excerpt":{"rendered":"<p>Devenez partenaire Joyn d\u00e8s aujourd&rsquo;hui Laissez vos coordonn\u00e9es et un de nos experts en fid\u00e9lit\u00e9 vous contactera. dans les plus brefs d\u00e9lais. [hubspot type=\u00a0\u00bbform\u00a0\u00bb portal=\u00a0\u00bb4513559&Prime; id=\u00a0\u00bbd6fdc624-89eb-4083-9075-785d289ddedd\u00a0\u00bb]<\/p>\n","protected":false},"author":1,"featured_media":34369,"parent":54063,"menu_order":0,"comment_status":"closed","ping_status":"closed","template":"","meta":{"_acf_changed":false,"inline_featured_image":false,"footnotes":""},"class_list":["post-53876","page","type-page","status-publish","has-post-thumbnail","hentry"],"acf":[],"yoast_head":"<!-- This site is optimized with the Yoast SEO plugin v27.3 - https:\/\/yoast.com\/product\/yoast-seo-wordpress\/ -->\n<title>Devenez partenaire Joyn d\u00e8s aujourd&#039;hui - Joyn<\/title>\n<meta name=\"description\" content=\"Laissez vos coordonn\u00e9es et un de nos experts en fid\u00e9lit\u00e9 vous contactera. dans les plus brefs d\u00e9lais.\" \/>\n<meta name=\"robots\" content=\"index, follow, max-snippet:-1, max-image-preview:large, max-video-preview:-1\" \/>\n<link rel=\"canonical\" href=\"https:\/\/joyn.eu\/fr-be\/commercant\/a-propos-de-nous\/partenaires-old\/devenez-partenaire-joyn-des-aujourdhui\/\" \/>\n<meta property=\"og:locale\" content=\"fr_FR\" \/>\n<meta property=\"og:type\" content=\"article\" \/>\n<meta property=\"og:title\" content=\"Devenez partenaire Joyn d\u00e8s aujourd&#039;hui - Joyn\" \/>\n<meta property=\"og:description\" content=\"Laissez vos coordonn\u00e9es et un de nos experts en fid\u00e9lit\u00e9 vous contactera. dans les plus brefs d\u00e9lais.\" \/>\n<meta property=\"og:url\" content=\"https:\/\/joyn.eu\/fr-be\/commercant\/a-propos-de-nous\/partenaires-old\/devenez-partenaire-joyn-des-aujourdhui\/\" \/>\n<meta property=\"og:site_name\" content=\"Joyn\" \/>\n<meta property=\"article:modified_time\" content=\"2022-03-28T13:49:49+00:00\" \/>\n<meta property=\"og:image\" content=\"https:\/\/joyn.eu\/wp-content\/uploads\/2021\/03\/contact-us.jpg\" \/>\n\t<meta property=\"og:image:width\" content=\"1920\" \/>\n\t<meta property=\"og:image:height\" content=\"936\" \/>\n\t<meta property=\"og:image:type\" content=\"image\/jpeg\" \/>\n<meta name=\"twitter:card\" content=\"summary_large_image\" \/>\n<meta name=\"twitter:label1\" content=\"Dur\u00e9e de lecture est.\" \/>\n\t<meta name=\"twitter:data1\" content=\"1 minute\" \/>\n<script type=\"application\/ld+json\" class=\"yoast-schema-graph\">{\"@context\":\"https:\\\/\\\/schema.org\",\"@graph\":[{\"@type\":\"WebPage\",\"@id\":\"https:\\\/\\\/joyn.eu\\\/fr-be\\\/commercant\\\/a-propos-de-nous\\\/partenaires-old\\\/devenez-partenaire-joyn-des-aujourdhui\\\/\",\"url\":\"https:\\\/\\\/joyn.eu\\\/fr-be\\\/commercant\\\/a-propos-de-nous\\\/partenaires-old\\\/devenez-partenaire-joyn-des-aujourdhui\\\/\",\"name\":\"Devenez partenaire Joyn d\u00e8s aujourd'hui - Joyn\",\"isPartOf\":{\"@id\":\"https:\\\/\\\/joyn.eu\\\/fr-be\\\/#website\"},\"primaryImageOfPage\":{\"@id\":\"https:\\\/\\\/joyn.eu\\\/fr-be\\\/commercant\\\/a-propos-de-nous\\\/partenaires-old\\\/devenez-partenaire-joyn-des-aujourdhui\\\/#primaryimage\"},\"image\":{\"@id\":\"https:\\\/\\\/joyn.eu\\\/fr-be\\\/commercant\\\/a-propos-de-nous\\\/partenaires-old\\\/devenez-partenaire-joyn-des-aujourdhui\\\/#primaryimage\"},\"thumbnailUrl\":\"https:\\\/\\\/joyn.eu\\\/wp-content\\\/uploads\\\/2021\\\/03\\\/contact-us.jpg\",\"datePublished\":\"2022-03-28T13:35:49+00:00\",\"dateModified\":\"2022-03-28T13:49:49+00:00\",\"description\":\"Laissez vos coordonn\u00e9es et un de nos experts en fid\u00e9lit\u00e9 vous contactera. dans les plus brefs d\u00e9lais.\",\"breadcrumb\":{\"@id\":\"https:\\\/\\\/joyn.eu\\\/fr-be\\\/commercant\\\/a-propos-de-nous\\\/partenaires-old\\\/devenez-partenaire-joyn-des-aujourdhui\\\/#breadcrumb\"},\"inLanguage\":\"fr-BE\",\"potentialAction\":[{\"@type\":\"ReadAction\",\"target\":[\"https:\\\/\\\/joyn.eu\\\/fr-be\\\/commercant\\\/a-propos-de-nous\\\/partenaires-old\\\/devenez-partenaire-joyn-des-aujourdhui\\\/\"]}]},{\"@type\":\"ImageObject\",\"inLanguage\":\"fr-BE\",\"@id\":\"https:\\\/\\\/joyn.eu\\\/fr-be\\\/commercant\\\/a-propos-de-nous\\\/partenaires-old\\\/devenez-partenaire-joyn-des-aujourdhui\\\/#primaryimage\",\"url\":\"https:\\\/\\\/joyn.eu\\\/wp-content\\\/uploads\\\/2021\\\/03\\\/contact-us.jpg\",\"contentUrl\":\"https:\\\/\\\/joyn.eu\\\/wp-content\\\/uploads\\\/2021\\\/03\\\/contact-us.jpg\",\"width\":1920,\"height\":936,\"caption\":\"Comment nous pouvons vous aider ?\"},{\"@type\":\"BreadcrumbList\",\"@id\":\"https:\\\/\\\/joyn.eu\\\/fr-be\\\/commercant\\\/a-propos-de-nous\\\/partenaires-old\\\/devenez-partenaire-joyn-des-aujourdhui\\\/#breadcrumb\",\"itemListElement\":[{\"@type\":\"ListItem\",\"position\":1,\"name\":\"Home\",\"item\":\"https:\\\/\\\/joyn.eu\\\/fr-be\\\/home-merchant-new-fr\\\/\"},{\"@type\":\"ListItem\",\"position\":2,\"name\":\"commer\u00e7ant\",\"item\":\"https:\\\/\\\/joyn.eu\\\/fr-be\\\/commercant\\\/\"},{\"@type\":\"ListItem\",\"position\":3,\"name\":\"\u00c0 propos de nous\",\"item\":\"https:\\\/\\\/joyn.eu\\\/fr-be\\\/a-propos-de-nous\\\/\"},{\"@type\":\"ListItem\",\"position\":4,\"name\":\"partenaires-old\",\"item\":\"https:\\\/\\\/joyn.eu\\\/fr-be\\\/commercant\\\/a-propos-de-nous\\\/partenaires-old\\\/\"},{\"@type\":\"ListItem\",\"position\":5,\"name\":\"Devenez partenaire Joyn d\u00e8s aujourd&#8217;hui\"}]},{\"@type\":\"WebSite\",\"@id\":\"https:\\\/\\\/joyn.eu\\\/fr-be\\\/#website\",\"url\":\"https:\\\/\\\/joyn.eu\\\/fr-be\\\/\",\"name\":\"Joyn\",\"description\":\"Quand vos clients deviennent des fans\",\"publisher\":{\"@id\":\"https:\\\/\\\/joyn.eu\\\/fr-be\\\/#organization\"},\"potentialAction\":[{\"@type\":\"SearchAction\",\"target\":{\"@type\":\"EntryPoint\",\"urlTemplate\":\"https:\\\/\\\/joyn.eu\\\/fr-be\\\/?s={search_term_string}\"},\"query-input\":{\"@type\":\"PropertyValueSpecification\",\"valueRequired\":true,\"valueName\":\"search_term_string\"}}],\"inLanguage\":\"fr-BE\"},{\"@type\":\"Organization\",\"@id\":\"https:\\\/\\\/joyn.eu\\\/fr-be\\\/#organization\",\"name\":\"Joyn\",\"url\":\"https:\\\/\\\/joyn.eu\\\/fr-be\\\/\",\"logo\":{\"@type\":\"ImageObject\",\"inLanguage\":\"fr-BE\",\"@id\":\"https:\\\/\\\/joyn.eu\\\/fr-be\\\/#\\\/schema\\\/logo\\\/image\\\/\",\"url\":\"https:\\\/\\\/joyn.eu\\\/wp-content\\\/uploads\\\/2021\\\/02\\\/Blue-green-h40.png\",\"contentUrl\":\"https:\\\/\\\/joyn.eu\\\/wp-content\\\/uploads\\\/2021\\\/02\\\/Blue-green-h40.png\",\"width\":83,\"height\":40,\"caption\":\"Joyn\"},\"image\":{\"@id\":\"https:\\\/\\\/joyn.eu\\\/fr-be\\\/#\\\/schema\\\/logo\\\/image\\\/\"}}]}<\/script>\n<!-- \/ Yoast SEO plugin. -->","yoast_head_json":{"title":"Devenez partenaire Joyn d\u00e8s aujourd'hui - Joyn","description":"Laissez vos coordonn\u00e9es et un de nos experts en fid\u00e9lit\u00e9 vous contactera. dans les plus brefs d\u00e9lais.","robots":{"index":"index","follow":"follow","max-snippet":"max-snippet:-1","max-image-preview":"max-image-preview:large","max-video-preview":"max-video-preview:-1"},"canonical":"https:\/\/joyn.eu\/fr-be\/commercant\/a-propos-de-nous\/partenaires-old\/devenez-partenaire-joyn-des-aujourdhui\/","og_locale":"fr_FR","og_type":"article","og_title":"Devenez partenaire Joyn d\u00e8s aujourd'hui - Joyn","og_description":"Laissez vos coordonn\u00e9es et un de nos experts en fid\u00e9lit\u00e9 vous contactera. dans les plus brefs d\u00e9lais.","og_url":"https:\/\/joyn.eu\/fr-be\/commercant\/a-propos-de-nous\/partenaires-old\/devenez-partenaire-joyn-des-aujourdhui\/","og_site_name":"Joyn","article_modified_time":"2022-03-28T13:49:49+00:00","og_image":[{"width":1920,"height":936,"url":"https:\/\/joyn.eu\/wp-content\/uploads\/2021\/03\/contact-us.jpg","type":"image\/jpeg"}],"twitter_card":"summary_large_image","twitter_misc":{"Dur\u00e9e de lecture est.":"1 minute"},"schema":{"@context":"https:\/\/schema.org","@graph":[{"@type":"WebPage","@id":"https:\/\/joyn.eu\/fr-be\/commercant\/a-propos-de-nous\/partenaires-old\/devenez-partenaire-joyn-des-aujourdhui\/","url":"https:\/\/joyn.eu\/fr-be\/commercant\/a-propos-de-nous\/partenaires-old\/devenez-partenaire-joyn-des-aujourdhui\/","name":"Devenez partenaire Joyn d\u00e8s aujourd'hui - Joyn","isPartOf":{"@id":"https:\/\/joyn.eu\/fr-be\/#website"},"primaryImageOfPage":{"@id":"https:\/\/joyn.eu\/fr-be\/commercant\/a-propos-de-nous\/partenaires-old\/devenez-partenaire-joyn-des-aujourdhui\/#primaryimage"},"image":{"@id":"https:\/\/joyn.eu\/fr-be\/commercant\/a-propos-de-nous\/partenaires-old\/devenez-partenaire-joyn-des-aujourdhui\/#primaryimage"},"thumbnailUrl":"https:\/\/joyn.eu\/wp-content\/uploads\/2021\/03\/contact-us.jpg","datePublished":"2022-03-28T13:35:49+00:00","dateModified":"2022-03-28T13:49:49+00:00","description":"Laissez vos coordonn\u00e9es et un de nos experts en fid\u00e9lit\u00e9 vous contactera. dans les plus brefs d\u00e9lais.","breadcrumb":{"@id":"https:\/\/joyn.eu\/fr-be\/commercant\/a-propos-de-nous\/partenaires-old\/devenez-partenaire-joyn-des-aujourdhui\/#breadcrumb"},"inLanguage":"fr-BE","potentialAction":[{"@type":"ReadAction","target":["https:\/\/joyn.eu\/fr-be\/commercant\/a-propos-de-nous\/partenaires-old\/devenez-partenaire-joyn-des-aujourdhui\/"]}]},{"@type":"ImageObject","inLanguage":"fr-BE","@id":"https:\/\/joyn.eu\/fr-be\/commercant\/a-propos-de-nous\/partenaires-old\/devenez-partenaire-joyn-des-aujourdhui\/#primaryimage","url":"https:\/\/joyn.eu\/wp-content\/uploads\/2021\/03\/contact-us.jpg","contentUrl":"https:\/\/joyn.eu\/wp-content\/uploads\/2021\/03\/contact-us.jpg","width":1920,"height":936,"caption":"Comment nous pouvons vous aider ?"},{"@type":"BreadcrumbList","@id":"https:\/\/joyn.eu\/fr-be\/commercant\/a-propos-de-nous\/partenaires-old\/devenez-partenaire-joyn-des-aujourdhui\/#breadcrumb","itemListElement":[{"@type":"ListItem","position":1,"name":"Home","item":"https:\/\/joyn.eu\/fr-be\/home-merchant-new-fr\/"},{"@type":"ListItem","position":2,"name":"commer\u00e7ant","item":"https:\/\/joyn.eu\/fr-be\/commercant\/"},{"@type":"ListItem","position":3,"name":"\u00c0 propos de nous","item":"https:\/\/joyn.eu\/fr-be\/a-propos-de-nous\/"},{"@type":"ListItem","position":4,"name":"partenaires-old","item":"https:\/\/joyn.eu\/fr-be\/commercant\/a-propos-de-nous\/partenaires-old\/"},{"@type":"ListItem","position":5,"name":"Devenez partenaire Joyn d\u00e8s aujourd&#8217;hui"}]},{"@type":"WebSite","@id":"https:\/\/joyn.eu\/fr-be\/#website","url":"https:\/\/joyn.eu\/fr-be\/","name":"Joyn","description":"Quand vos clients deviennent des fans","publisher":{"@id":"https:\/\/joyn.eu\/fr-be\/#organization"},"potentialAction":[{"@type":"SearchAction","target":{"@type":"EntryPoint","urlTemplate":"https:\/\/joyn.eu\/fr-be\/?s={search_term_string}"},"query-input":{"@type":"PropertyValueSpecification","valueRequired":true,"valueName":"search_term_string"}}],"inLanguage":"fr-BE"},{"@type":"Organization","@id":"https:\/\/joyn.eu\/fr-be\/#organization","name":"Joyn","url":"https:\/\/joyn.eu\/fr-be\/","logo":{"@type":"ImageObject","inLanguage":"fr-BE","@id":"https:\/\/joyn.eu\/fr-be\/#\/schema\/logo\/image\/","url":"https:\/\/joyn.eu\/wp-content\/uploads\/2021\/02\/Blue-green-h40.png","contentUrl":"https:\/\/joyn.eu\/wp-content\/uploads\/2021\/02\/Blue-green-h40.png","width":83,"height":40,"caption":"Joyn"},"image":{"@id":"https:\/\/joyn.eu\/fr-be\/#\/schema\/logo\/image\/"}}]}},"_links":{"self":[{"href":"https:\/\/joyn.eu\/fr-be\/wp-json\/wp\/v2\/pages\/53876","targetHints":{"allow":["GET"]}}],"collection":[{"href":"https:\/\/joyn.eu\/fr-be\/wp-json\/wp\/v2\/pages"}],"about":[{"href":"https:\/\/joyn.eu\/fr-be\/wp-json\/wp\/v2\/types\/page"}],"author":[{"embeddable":true,"href":"https:\/\/joyn.eu\/fr-be\/wp-json\/wp\/v2\/users\/1"}],"replies":[{"embeddable":true,"href":"https:\/\/joyn.eu\/fr-be\/wp-json\/wp\/v2\/comments?post=53876"}],"version-history":[{"count":7,"href":"https:\/\/joyn.eu\/fr-be\/wp-json\/wp\/v2\/pages\/53876\/revisions"}],"predecessor-version":[{"id":54133,"href":"https:\/\/joyn.eu\/fr-be\/wp-json\/wp\/v2\/pages\/53876\/revisions\/54133"}],"up":[{"embeddable":true,"href":"https:\/\/joyn.eu\/fr-be\/wp-json\/wp\/v2\/pages\/54063"}],"wp:featuredmedia":[{"embeddable":true,"href":"https:\/\/joyn.eu\/fr-be\/wp-json\/wp\/v2\/media\/34369"}],"wp:attachment":[{"href":"https:\/\/joyn.eu\/fr-be\/wp-json\/wp\/v2\/media?parent=53876"}],"curies":[{"name":"wp","href":"https:\/\/api.w.org\/{rel}","templated":true}]}}