{"id":53758,"date":"2022-03-15T14:10:32","date_gmt":"2022-03-15T14:10:32","guid":{"rendered":"https:\/\/joyn.eu\/payconiq\/je-suis-deja-payconiq-mais-pas-encore-joyn\/"},"modified":"2022-03-15T15:18:30","modified_gmt":"2022-03-15T15:18:30","slug":"je-suis-deja-payconiq-mais-pas-encore-joyn","status":"publish","type":"page","link":"https:\/\/joyn.eu\/fr-be\/commercant\/payer-avec-joyn\/payconiq\/je-suis-deja-payconiq-mais-pas-encore-joyn\/","title":{"rendered":"Je suis d\u00e9j\u00e0 Payconiq, mais pas encore Joyn"},"content":{"rendered":"\t\t<div data-elementor-type=\"wp-page\" data-elementor-id=\"53758\" class=\"elementor elementor-53758 elementor-53059\" data-elementor-post-type=\"page\">\n\t\t\t\t\t\t<section class=\"elementor-section elementor-top-section elementor-element elementor-element-677da6b elementor-section-full_width elementor-section-height-default elementor-section-height-default\" data-id=\"677da6b\" data-element_type=\"section\" data-e-type=\"section\" data-settings=\"{&quot;background_background&quot;:&quot;classic&quot;}\">\n\t\t\t\t\t\t<div class=\"elementor-container elementor-column-gap-default\">\n\t\t\t\t\t<div class=\"elementor-column elementor-col-100 elementor-top-column elementor-element elementor-element-68a59eb\" data-id=\"68a59eb\" data-element_type=\"column\" data-e-type=\"column\" data-settings=\"{&quot;background_background&quot;:&quot;classic&quot;}\">\n\t\t\t<div class=\"elementor-widget-wrap elementor-element-populated\">\n\t\t\t\t\t\t<section class=\"elementor-section elementor-inner-section elementor-element elementor-element-c1e1df9 elementor-section-height-min-height elementor-section-content-middle elementor-section-boxed elementor-section-height-default\" data-id=\"c1e1df9\" data-element_type=\"section\" data-e-type=\"section\">\n\t\t\t\t\t\t<div class=\"elementor-container elementor-column-gap-default\">\n\t\t\t\t\t<div class=\"elementor-column elementor-col-100 elementor-inner-column elementor-element elementor-element-85a0aa5\" data-id=\"85a0aa5\" data-element_type=\"column\" data-e-type=\"column\">\n\t\t\t<div class=\"elementor-widget-wrap elementor-element-populated\">\n\t\t\t\t\t\t<div class=\"elementor-element elementor-element-4f77ac1 elementor-widget elementor-widget-spacer\" data-id=\"4f77ac1\" data-element_type=\"widget\" data-e-type=\"widget\" data-widget_type=\"spacer.default\">\n\t\t\t\t<div class=\"elementor-widget-container\">\n\t\t\t\t\t\t\t<div class=\"elementor-spacer\">\n\t\t\t<div class=\"elementor-spacer-inner\"><\/div>\n\t\t<\/div>\n\t\t\t\t\t\t<\/div>\n\t\t\t\t<\/div>\n\t\t\t\t\t<\/div>\n\t\t<\/div>\n\t\t\t\t\t<\/div>\n\t\t<\/section>\n\t\t\t\t\t<\/div>\n\t\t<\/div>\n\t\t\t\t\t<\/div>\n\t\t<\/section>\n\t\t\t\t<section class=\"elementor-section elementor-top-section elementor-element elementor-element-f6ec639 elementor-section-boxed elementor-section-height-default elementor-section-height-default\" data-id=\"f6ec639\" data-element_type=\"section\" data-e-type=\"section\">\n\t\t\t\t\t\t<div class=\"elementor-container elementor-column-gap-default\">\n\t\t\t\t\t<div class=\"elementor-column elementor-col-100 elementor-top-column elementor-element elementor-element-545071a\" data-id=\"545071a\" data-element_type=\"column\" data-e-type=\"column\">\n\t\t\t<div class=\"elementor-widget-wrap elementor-element-populated\">\n\t\t\t\t\t\t<div class=\"elementor-element elementor-element-0660534 elementor-widget elementor-widget-heading\" data-id=\"0660534\" data-element_type=\"widget\" data-e-type=\"widget\" data-widget_type=\"heading.default\">\n\t\t\t\t<div class=\"elementor-widget-container\">\n\t\t\t\t\t<h1 class=\"elementor-heading-title elementor-size-large\">D\u00e9j\u00e0 Payconiq mais pas de Joyn <\/h1>\t\t\t\t<\/div>\n\t\t\t\t<\/div>\n\t\t\t\t<div class=\"elementor-element elementor-element-29eca2f elementor-widget elementor-widget-text-editor\" data-id=\"29eca2f\" data-element_type=\"widget\" data-e-type=\"widget\" data-widget_type=\"text-editor.default\">\n\t\t\t\t<div class=\"elementor-widget-container\">\n\t\t\t\t\t\t\t\t\t<p style=\"text-align: center;\">Envie de savoir comment fid\u00e9liser vos clients ? Alors r\u00e9servez vite une d\u00e9mo avec l\u2019un de nos experts en fid\u00e9lisation. Durant cette d\u00e9mo, il vous expliquera toutes les fonctionnalit\u00e9s et options de notre plateforme de fid\u00e9lisation.  <\/p>\t\t\t\t\t\t\t\t<\/div>\n\t\t\t\t<\/div>\n\t\t\t\t\t<\/div>\n\t\t<\/div>\n\t\t\t\t\t<\/div>\n\t\t<\/section>\n\t\t\t\t<section class=\"elementor-section elementor-top-section elementor-element elementor-element-3d8399e elementor-section-boxed elementor-section-height-default elementor-section-height-default\" data-id=\"3d8399e\" data-element_type=\"section\" data-e-type=\"section\" data-settings=\"{&quot;background_background&quot;:&quot;classic&quot;}\">\n\t\t\t\t\t\t\t<div class=\"elementor-background-overlay\"><\/div>\n\t\t\t\t\t\t\t<div class=\"elementor-container elementor-column-gap-no\">\n\t\t\t\t\t<div class=\"elementor-column elementor-col-100 elementor-top-column elementor-element elementor-element-f5bb517\" data-id=\"f5bb517\" data-element_type=\"column\" data-e-type=\"column\">\n\t\t\t<div class=\"elementor-widget-wrap elementor-element-populated\">\n\t\t\t\t\t\t<section class=\"elementor-section elementor-inner-section elementor-element elementor-element-a8e914c elementor-section-boxed elementor-section-height-default elementor-section-height-default\" data-id=\"a8e914c\" data-element_type=\"section\" data-e-type=\"section\">\n\t\t\t\t\t\t<div class=\"elementor-container elementor-column-gap-no\">\n\t\t\t\t\t<div class=\"elementor-column elementor-col-100 elementor-inner-column elementor-element elementor-element-b78147d\" data-id=\"b78147d\" data-element_type=\"column\" data-e-type=\"column\">\n\t\t\t<div class=\"elementor-widget-wrap elementor-element-populated\">\n\t\t\t\t\t\t<div class=\"elementor-element elementor-element-d2c8839 elementor-widget elementor-widget-html\" data-id=\"d2c8839\" data-element_type=\"widget\" data-e-type=\"widget\" data-widget_type=\"html.default\">\n\t\t\t\t<div class=\"elementor-widget-container\">\n\t\t\t\t\t<!-- Start of Meetings Embed Script -->\n    <div class=\"meetings-iframe-container\" data-src=\"https:\/\/helpcenter.joyndev.kinsta.cloud\/meetings\/consultation-gratuite\/demo-fr?embed=true\"><\/div>\n    <script type=\"text\/javascript\" src=\"https:\/\/static.hsappstatic.net\/MeetingsEmbed\/ex\/MeetingsEmbedCode.js\"><\/script>\n  <!-- End of Meetings Embed Script -->\t\t\t\t<\/div>\n\t\t\t\t<\/div>\n\t\t\t\t\t<\/div>\n\t\t<\/div>\n\t\t\t\t\t<\/div>\n\t\t<\/section>\n\t\t\t\t\t<\/div>\n\t\t<\/div>\n\t\t\t\t\t<\/div>\n\t\t<\/section>\n\t\t\t\t<section class=\"elementor-section elementor-top-section elementor-element elementor-element-9797c2d elementor-section-boxed elementor-section-height-default elementor-section-height-default\" data-id=\"9797c2d\" data-element_type=\"section\" data-e-type=\"section\" data-settings=\"{&quot;background_background&quot;:&quot;classic&quot;}\">\n\t\t\t\t\t\t<div class=\"elementor-container elementor-column-gap-default\">\n\t\t\t\t\t<div class=\"elementor-column elementor-col-100 elementor-top-column elementor-element elementor-element-c487829\" data-id=\"c487829\" data-element_type=\"column\" data-e-type=\"column\">\n\t\t\t<div class=\"elementor-widget-wrap elementor-element-populated\">\n\t\t\t\t\t\t<section class=\"elementor-section elementor-inner-section elementor-element elementor-element-037bcaa elementor-section-height-min-height elementor-section-content-middle elementor-section-boxed elementor-section-height-default\" data-id=\"037bcaa\" data-element_type=\"section\" data-e-type=\"section\" data-settings=\"{&quot;background_background&quot;:&quot;classic&quot;}\">\n\t\t\t\t\t\t<div class=\"elementor-container elementor-column-gap-default\">\n\t\t\t\t\t<div class=\"elementor-column elementor-col-50 elementor-inner-column elementor-element elementor-element-dedc083\" data-id=\"dedc083\" data-element_type=\"column\" data-e-type=\"column\">\n\t\t\t<div class=\"elementor-widget-wrap\">\n\t\t\t\t\t\t\t<\/div>\n\t\t<\/div>\n\t\t\t\t<div class=\"elementor-column elementor-col-33 elementor-inner-column elementor-element elementor-element-eacd706\" data-id=\"eacd706\" data-element_type=\"column\" data-e-type=\"column\" data-settings=\"{&quot;background_background&quot;:&quot;classic&quot;}\">\n\t\t\t<div class=\"elementor-widget-wrap elementor-element-populated\">\n\t\t\t\t\t\t<div class=\"elementor-element elementor-element-2071682 elementor-widget elementor-widget-heading\" data-id=\"2071682\" data-element_type=\"widget\" data-e-type=\"widget\" data-widget_type=\"heading.default\">\n\t\t\t\t<div class=\"elementor-widget-container\">\n\t\t\t\t\t<h2 class=\"elementor-heading-title elementor-size-default\">En savoir plus sur comment payer et \u00e9pargner en un seul geste?<\/h2>\t\t\t\t<\/div>\n\t\t\t\t<\/div>\n\t\t\t\t<div class=\"elementor-element elementor-element-e9fe024 elementor-widget elementor-widget-text-editor\" data-id=\"e9fe024\" data-element_type=\"widget\" data-e-type=\"widget\" data-widget_type=\"text-editor.default\">\n\t\t\t\t<div class=\"elementor-widget-container\">\n\t\t\t\t\t\t\t\t\t<p>Consultez notre centre d&rsquo;aide<\/p>\t\t\t\t\t\t\t\t<\/div>\n\t\t\t\t<\/div>\n\t\t\t\t\t<\/div>\n\t\t<\/div>\n\t\t\t\t<div class=\"elementor-column elementor-col-50 elementor-inner-column elementor-element elementor-element-8c31927\" data-id=\"8c31927\" data-element_type=\"column\" data-e-type=\"column\">\n\t\t\t<div class=\"elementor-widget-wrap\">\n\t\t\t\t\t\t\t<\/div>\n\t\t<\/div>\n\t\t\t\t\t<\/div>\n\t\t<\/section>\n\t\t\t\t\t<\/div>\n\t\t<\/div>\n\t\t\t\t\t<\/div>\n\t\t<\/section>\n\t\t\t\t<\/div>\n\t\t","protected":false},"excerpt":{"rendered":"<p>D\u00e9j\u00e0 Payconiq mais pas de Joyn Envie de savoir comment fid\u00e9liser vos clients ? Alors r\u00e9servez vite une d\u00e9mo avec l\u2019un de nos experts en fid\u00e9lisation. Durant cette d\u00e9mo, il vous expliquera toutes les fonctionnalit\u00e9s et options de notre plateforme de fid\u00e9lisation. En savoir plus sur comment payer et \u00e9pargner en un seul geste? Consultez [&hellip;]<\/p>\n","protected":false},"author":1,"featured_media":0,"parent":53749,"menu_order":0,"comment_status":"closed","ping_status":"closed","template":"","meta":{"_acf_changed":false,"inline_featured_image":false,"footnotes":""},"class_list":["post-53758","page","type-page","status-publish","hentry"],"acf":[],"yoast_head":"<!-- This site is optimized with the Yoast SEO plugin v27.4 - https:\/\/yoast.com\/product\/yoast-seo-wordpress\/ -->\n<title>Je suis d\u00e9j\u00e0 Payconiq, mais pas encore Joyn - Joyn<\/title>\n<meta name=\"robots\" content=\"index, follow, max-snippet:-1, max-image-preview:large, max-video-preview:-1\" \/>\n<link rel=\"canonical\" href=\"https:\/\/joyn.eu\/fr-be\/commercant\/payer-avec-joyn\/payconiq\/je-suis-deja-payconiq-mais-pas-encore-joyn\/\" \/>\n<meta property=\"og:locale\" content=\"fr_FR\" \/>\n<meta property=\"og:type\" content=\"article\" \/>\n<meta property=\"og:title\" content=\"Je suis d\u00e9j\u00e0 Payconiq, mais pas encore Joyn - Joyn\" \/>\n<meta property=\"og:description\" content=\"D\u00e9j\u00e0 Payconiq mais pas de Joyn Envie de savoir comment fid\u00e9liser vos clients ? Alors r\u00e9servez vite une d\u00e9mo avec l\u2019un de nos experts en fid\u00e9lisation. Durant cette d\u00e9mo, il vous expliquera toutes les fonctionnalit\u00e9s et options de notre plateforme de fid\u00e9lisation. En savoir plus sur comment payer et \u00e9pargner en un seul geste? Consultez [&hellip;]\" \/>\n<meta property=\"og:url\" content=\"https:\/\/joyn.eu\/fr-be\/commercant\/payer-avec-joyn\/payconiq\/je-suis-deja-payconiq-mais-pas-encore-joyn\/\" \/>\n<meta property=\"og:site_name\" content=\"Joyn\" \/>\n<meta property=\"article:modified_time\" content=\"2022-03-15T15:18:30+00:00\" \/>\n<meta name=\"twitter:card\" content=\"summary_large_image\" \/>\n<meta name=\"twitter:label1\" content=\"Dur\u00e9e de lecture est.\" \/>\n\t<meta name=\"twitter:data1\" content=\"1 minute\" \/>\n<script type=\"application\/ld+json\" class=\"yoast-schema-graph\">{\"@context\":\"https:\\\/\\\/schema.org\",\"@graph\":[{\"@type\":\"WebPage\",\"@id\":\"https:\\\/\\\/joyn.eu\\\/fr-be\\\/commercant\\\/payer-avec-joyn\\\/payconiq\\\/je-suis-deja-payconiq-mais-pas-encore-joyn\\\/\",\"url\":\"https:\\\/\\\/joyn.eu\\\/fr-be\\\/commercant\\\/payer-avec-joyn\\\/payconiq\\\/je-suis-deja-payconiq-mais-pas-encore-joyn\\\/\",\"name\":\"Je suis d\u00e9j\u00e0 Payconiq, mais pas encore Joyn - Joyn\",\"isPartOf\":{\"@id\":\"https:\\\/\\\/joyn.eu\\\/fr-be\\\/#website\"},\"datePublished\":\"2022-03-15T14:10:32+00:00\",\"dateModified\":\"2022-03-15T15:18:30+00:00\",\"breadcrumb\":{\"@id\":\"https:\\\/\\\/joyn.eu\\\/fr-be\\\/commercant\\\/payer-avec-joyn\\\/payconiq\\\/je-suis-deja-payconiq-mais-pas-encore-joyn\\\/#breadcrumb\"},\"inLanguage\":\"fr-BE\",\"potentialAction\":[{\"@type\":\"ReadAction\",\"target\":[\"https:\\\/\\\/joyn.eu\\\/fr-be\\\/commercant\\\/payer-avec-joyn\\\/payconiq\\\/je-suis-deja-payconiq-mais-pas-encore-joyn\\\/\"]}]},{\"@type\":\"BreadcrumbList\",\"@id\":\"https:\\\/\\\/joyn.eu\\\/fr-be\\\/commercant\\\/payer-avec-joyn\\\/payconiq\\\/je-suis-deja-payconiq-mais-pas-encore-joyn\\\/#breadcrumb\",\"itemListElement\":[{\"@type\":\"ListItem\",\"position\":1,\"name\":\"Home\",\"item\":\"https:\\\/\\\/joyn.eu\\\/fr-be\\\/home-merchant-new-fr\\\/\"},{\"@type\":\"ListItem\",\"position\":2,\"name\":\"commer\u00e7ant\",\"item\":\"https:\\\/\\\/joyn.eu\\\/fr-be\\\/commercant\\\/\"},{\"@type\":\"ListItem\",\"position\":3,\"name\":\"Payer avec Joyn\",\"item\":\"https:\\\/\\\/joyn.eu\\\/fr-be\\\/commercant\\\/payer-avec-joyn\\\/\"},{\"@type\":\"ListItem\",\"position\":4,\"name\":\"Payconiq\",\"item\":\"https:\\\/\\\/joyn.eu\\\/fr-be\\\/commercant\\\/payer-avec-joyn\\\/payconiq\\\/\"},{\"@type\":\"ListItem\",\"position\":5,\"name\":\"Je suis d\u00e9j\u00e0 Payconiq, mais pas encore Joyn\"}]},{\"@type\":\"WebSite\",\"@id\":\"https:\\\/\\\/joyn.eu\\\/fr-be\\\/#website\",\"url\":\"https:\\\/\\\/joyn.eu\\\/fr-be\\\/\",\"name\":\"Joyn\",\"description\":\"Quand vos clients deviennent des fans\",\"publisher\":{\"@id\":\"https:\\\/\\\/joyn.eu\\\/fr-be\\\/#organization\"},\"potentialAction\":[{\"@type\":\"SearchAction\",\"target\":{\"@type\":\"EntryPoint\",\"urlTemplate\":\"https:\\\/\\\/joyn.eu\\\/fr-be\\\/?s={search_term_string}\"},\"query-input\":{\"@type\":\"PropertyValueSpecification\",\"valueRequired\":true,\"valueName\":\"search_term_string\"}}],\"inLanguage\":\"fr-BE\"},{\"@type\":\"Organization\",\"@id\":\"https:\\\/\\\/joyn.eu\\\/fr-be\\\/#organization\",\"name\":\"Joyn\",\"url\":\"https:\\\/\\\/joyn.eu\\\/fr-be\\\/\",\"logo\":{\"@type\":\"ImageObject\",\"inLanguage\":\"fr-BE\",\"@id\":\"https:\\\/\\\/joyn.eu\\\/fr-be\\\/#\\\/schema\\\/logo\\\/image\\\/\",\"url\":\"https:\\\/\\\/joyn.eu\\\/wp-content\\\/uploads\\\/2021\\\/02\\\/Blue-green-h40.png\",\"contentUrl\":\"https:\\\/\\\/joyn.eu\\\/wp-content\\\/uploads\\\/2021\\\/02\\\/Blue-green-h40.png\",\"width\":83,\"height\":40,\"caption\":\"Joyn\"},\"image\":{\"@id\":\"https:\\\/\\\/joyn.eu\\\/fr-be\\\/#\\\/schema\\\/logo\\\/image\\\/\"}}]}<\/script>\n<!-- \/ Yoast SEO plugin. -->","yoast_head_json":{"title":"Je suis d\u00e9j\u00e0 Payconiq, mais pas encore Joyn - Joyn","robots":{"index":"index","follow":"follow","max-snippet":"max-snippet:-1","max-image-preview":"max-image-preview:large","max-video-preview":"max-video-preview:-1"},"canonical":"https:\/\/joyn.eu\/fr-be\/commercant\/payer-avec-joyn\/payconiq\/je-suis-deja-payconiq-mais-pas-encore-joyn\/","og_locale":"fr_FR","og_type":"article","og_title":"Je suis d\u00e9j\u00e0 Payconiq, mais pas encore Joyn - Joyn","og_description":"D\u00e9j\u00e0 Payconiq mais pas de Joyn Envie de savoir comment fid\u00e9liser vos clients ? Alors r\u00e9servez vite une d\u00e9mo avec l\u2019un de nos experts en fid\u00e9lisation. Durant cette d\u00e9mo, il vous expliquera toutes les fonctionnalit\u00e9s et options de notre plateforme de fid\u00e9lisation. En savoir plus sur comment payer et \u00e9pargner en un seul geste? Consultez [&hellip;]","og_url":"https:\/\/joyn.eu\/fr-be\/commercant\/payer-avec-joyn\/payconiq\/je-suis-deja-payconiq-mais-pas-encore-joyn\/","og_site_name":"Joyn","article_modified_time":"2022-03-15T15:18:30+00:00","twitter_card":"summary_large_image","twitter_misc":{"Dur\u00e9e de lecture est.":"1 minute"},"schema":{"@context":"https:\/\/schema.org","@graph":[{"@type":"WebPage","@id":"https:\/\/joyn.eu\/fr-be\/commercant\/payer-avec-joyn\/payconiq\/je-suis-deja-payconiq-mais-pas-encore-joyn\/","url":"https:\/\/joyn.eu\/fr-be\/commercant\/payer-avec-joyn\/payconiq\/je-suis-deja-payconiq-mais-pas-encore-joyn\/","name":"Je suis d\u00e9j\u00e0 Payconiq, mais pas encore Joyn - Joyn","isPartOf":{"@id":"https:\/\/joyn.eu\/fr-be\/#website"},"datePublished":"2022-03-15T14:10:32+00:00","dateModified":"2022-03-15T15:18:30+00:00","breadcrumb":{"@id":"https:\/\/joyn.eu\/fr-be\/commercant\/payer-avec-joyn\/payconiq\/je-suis-deja-payconiq-mais-pas-encore-joyn\/#breadcrumb"},"inLanguage":"fr-BE","potentialAction":[{"@type":"ReadAction","target":["https:\/\/joyn.eu\/fr-be\/commercant\/payer-avec-joyn\/payconiq\/je-suis-deja-payconiq-mais-pas-encore-joyn\/"]}]},{"@type":"BreadcrumbList","@id":"https:\/\/joyn.eu\/fr-be\/commercant\/payer-avec-joyn\/payconiq\/je-suis-deja-payconiq-mais-pas-encore-joyn\/#breadcrumb","itemListElement":[{"@type":"ListItem","position":1,"name":"Home","item":"https:\/\/joyn.eu\/fr-be\/home-merchant-new-fr\/"},{"@type":"ListItem","position":2,"name":"commer\u00e7ant","item":"https:\/\/joyn.eu\/fr-be\/commercant\/"},{"@type":"ListItem","position":3,"name":"Payer avec Joyn","item":"https:\/\/joyn.eu\/fr-be\/commercant\/payer-avec-joyn\/"},{"@type":"ListItem","position":4,"name":"Payconiq","item":"https:\/\/joyn.eu\/fr-be\/commercant\/payer-avec-joyn\/payconiq\/"},{"@type":"ListItem","position":5,"name":"Je suis d\u00e9j\u00e0 Payconiq, mais pas encore Joyn"}]},{"@type":"WebSite","@id":"https:\/\/joyn.eu\/fr-be\/#website","url":"https:\/\/joyn.eu\/fr-be\/","name":"Joyn","description":"Quand vos clients deviennent des fans","publisher":{"@id":"https:\/\/joyn.eu\/fr-be\/#organization"},"potentialAction":[{"@type":"SearchAction","target":{"@type":"EntryPoint","urlTemplate":"https:\/\/joyn.eu\/fr-be\/?s={search_term_string}"},"query-input":{"@type":"PropertyValueSpecification","valueRequired":true,"valueName":"search_term_string"}}],"inLanguage":"fr-BE"},{"@type":"Organization","@id":"https:\/\/joyn.eu\/fr-be\/#organization","name":"Joyn","url":"https:\/\/joyn.eu\/fr-be\/","logo":{"@type":"ImageObject","inLanguage":"fr-BE","@id":"https:\/\/joyn.eu\/fr-be\/#\/schema\/logo\/image\/","url":"https:\/\/joyn.eu\/wp-content\/uploads\/2021\/02\/Blue-green-h40.png","contentUrl":"https:\/\/joyn.eu\/wp-content\/uploads\/2021\/02\/Blue-green-h40.png","width":83,"height":40,"caption":"Joyn"},"image":{"@id":"https:\/\/joyn.eu\/fr-be\/#\/schema\/logo\/image\/"}}]}},"_links":{"self":[{"href":"https:\/\/joyn.eu\/fr-be\/wp-json\/wp\/v2\/pages\/53758","targetHints":{"allow":["GET"]}}],"collection":[{"href":"https:\/\/joyn.eu\/fr-be\/wp-json\/wp\/v2\/pages"}],"about":[{"href":"https:\/\/joyn.eu\/fr-be\/wp-json\/wp\/v2\/types\/page"}],"author":[{"embeddable":true,"href":"https:\/\/joyn.eu\/fr-be\/wp-json\/wp\/v2\/users\/1"}],"replies":[{"embeddable":true,"href":"https:\/\/joyn.eu\/fr-be\/wp-json\/wp\/v2\/comments?post=53758"}],"version-history":[{"count":10,"href":"https:\/\/joyn.eu\/fr-be\/wp-json\/wp\/v2\/pages\/53758\/revisions"}],"predecessor-version":[{"id":53822,"href":"https:\/\/joyn.eu\/fr-be\/wp-json\/wp\/v2\/pages\/53758\/revisions\/53822"}],"up":[{"embeddable":true,"href":"https:\/\/joyn.eu\/fr-be\/wp-json\/wp\/v2\/pages\/53749"}],"wp:attachment":[{"href":"https:\/\/joyn.eu\/fr-be\/wp-json\/wp\/v2\/media?parent=53758"}],"curies":[{"name":"wp","href":"https:\/\/api.w.org\/{rel}","templated":true}]}}