{"id":53749,"date":"2022-03-15T13:52:52","date_gmt":"2022-03-15T13:52:52","guid":{"rendered":"https:\/\/joyn.eu\/payconiq\/"},"modified":"2022-03-15T14:33:09","modified_gmt":"2022-03-15T14:33:09","slug":"payconiq","status":"publish","type":"page","link":"https:\/\/joyn.eu\/fr-be\/commercant\/payer-avec-joyn\/payconiq\/","title":{"rendered":"Payconiq"},"content":{"rendered":"\t\t<div data-elementor-type=\"wp-page\" data-elementor-id=\"53749\" class=\"elementor elementor-53749\" data-elementor-post-type=\"page\">\n\t\t\t\t\t\t<section class=\"elementor-section elementor-top-section elementor-element elementor-element-7a5c77c elementor-section-full_width elementor-section-height-default elementor-section-height-default\" data-id=\"7a5c77c\" data-element_type=\"section\" data-e-type=\"section\" data-settings=\"{&quot;background_background&quot;:&quot;classic&quot;}\">\n\t\t\t\t\t\t<div class=\"elementor-container elementor-column-gap-default\">\n\t\t\t\t\t<div class=\"elementor-column elementor-col-100 elementor-top-column elementor-element elementor-element-fe3ffed\" data-id=\"fe3ffed\" data-element_type=\"column\" data-e-type=\"column\" data-settings=\"{&quot;background_background&quot;:&quot;classic&quot;}\">\n\t\t\t<div class=\"elementor-widget-wrap elementor-element-populated\">\n\t\t\t\t\t\t<section class=\"elementor-section elementor-inner-section elementor-element elementor-element-e20df8c elementor-section-height-min-height elementor-section-content-middle elementor-section-boxed elementor-section-height-default\" data-id=\"e20df8c\" data-element_type=\"section\" data-e-type=\"section\">\n\t\t\t\t\t\t<div class=\"elementor-container elementor-column-gap-default\">\n\t\t\t\t\t<div class=\"elementor-column elementor-col-100 elementor-inner-column elementor-element elementor-element-94e75f1\" data-id=\"94e75f1\" data-element_type=\"column\" data-e-type=\"column\">\n\t\t\t<div class=\"elementor-widget-wrap elementor-element-populated\">\n\t\t\t\t\t\t<div class=\"elementor-element elementor-element-1fe730d elementor-widget elementor-widget-spacer\" data-id=\"1fe730d\" data-element_type=\"widget\" data-e-type=\"widget\" data-widget_type=\"spacer.default\">\n\t\t\t\t<div class=\"elementor-widget-container\">\n\t\t\t\t\t\t\t<div class=\"elementor-spacer\">\n\t\t\t<div class=\"elementor-spacer-inner\"><\/div>\n\t\t<\/div>\n\t\t\t\t\t\t<\/div>\n\t\t\t\t<\/div>\n\t\t\t\t<div class=\"elementor-element elementor-element-9755663 elementor-widget elementor-widget-heading\" data-id=\"9755663\" data-element_type=\"widget\" data-e-type=\"widget\" data-widget_type=\"heading.default\">\n\t\t\t\t<div class=\"elementor-widget-container\">\n\t\t\t\t\t<h1 class=\"elementor-heading-title elementor-size-large\">Epargnez et payez en un seul geste <\/h1>\t\t\t\t<\/div>\n\t\t\t\t<\/div>\n\t\t\t\t\t<\/div>\n\t\t<\/div>\n\t\t\t\t\t<\/div>\n\t\t<\/section>\n\t\t\t\t\t<\/div>\n\t\t<\/div>\n\t\t\t\t\t<\/div>\n\t\t<\/section>\n\t\t\t\t<section class=\"elementor-section elementor-top-section elementor-element elementor-element-caf5477 elementor-section-boxed elementor-section-height-default elementor-section-height-default\" data-id=\"caf5477\" data-element_type=\"section\" data-e-type=\"section\">\n\t\t\t\t\t\t<div class=\"elementor-container elementor-column-gap-default\">\n\t\t\t\t\t<div class=\"elementor-column elementor-col-100 elementor-top-column elementor-element elementor-element-76ac335\" data-id=\"76ac335\" data-element_type=\"column\" data-e-type=\"column\">\n\t\t\t<div class=\"elementor-widget-wrap elementor-element-populated\">\n\t\t\t\t\t\t<div class=\"elementor-element elementor-element-e7dfd78 elementor-widget elementor-widget-heading\" data-id=\"e7dfd78\" data-element_type=\"widget\" data-e-type=\"widget\" data-widget_type=\"heading.default\">\n\t\t\t\t<div class=\"elementor-widget-container\">\n\t\t\t\t\t<span class=\"elementor-heading-title elementor-size-default\">Payer avec Payconiq by Bancontact dans l'appli Joyn, \nc'est pratique, rapide et rentable Pas de \nfrais d'abonnement ou de co\u00fbt d'entretien. \nVous ne payez que la transaction.<\/span>\t\t\t\t<\/div>\n\t\t\t\t<\/div>\n\t\t\t\t\t<\/div>\n\t\t<\/div>\n\t\t\t\t\t<\/div>\n\t\t<\/section>\n\t\t\t\t<section class=\"elementor-section elementor-top-section elementor-element elementor-element-029565b elementor-section-boxed elementor-section-height-default elementor-section-height-default\" data-id=\"029565b\" data-element_type=\"section\" data-e-type=\"section\">\n\t\t\t\t\t\t<div class=\"elementor-container elementor-column-gap-wider\">\n\t\t\t\t\t<div class=\"elementor-column elementor-col-50 elementor-top-column elementor-element elementor-element-114e77e\" data-id=\"114e77e\" data-element_type=\"column\" data-e-type=\"column\" data-settings=\"{&quot;background_background&quot;:&quot;classic&quot;}\">\n\t\t\t<div class=\"elementor-widget-wrap elementor-element-populated\">\n\t\t\t\t\t\t<div class=\"elementor-element elementor-element-7730d9f elementor-widget elementor-widget-heading\" data-id=\"7730d9f\" data-element_type=\"widget\" data-e-type=\"widget\" data-widget_type=\"heading.default\">\n\t\t\t\t<div class=\"elementor-widget-container\">\n\t\t\t\t\t<h2 class=\"elementor-heading-title elementor-size-default\">Facile pour <\/br> le commer\u00e7ant<\/h2>\t\t\t\t<\/div>\n\t\t\t\t<\/div>\n\t\t\t\t<div class=\"elementor-element elementor-element-15167ff elementor-widget elementor-widget-text-editor\" data-id=\"15167ff\" data-element_type=\"widget\" data-e-type=\"widget\" data-widget_type=\"text-editor.default\">\n\t\t\t\t<div class=\"elementor-widget-container\">\n\t\t\t\t\t\t\t\t\t<p style=\"text-align: center;\">Vous entrez le montant \u00e0 payer. L&rsquo;application Joyn sur votre iPad fait le reste. Donner des points et recevoir un paiement n&rsquo;a jamais \u00e9t\u00e9 aussi simple. Le bouton de paiement Payconiq by Bancontact appara\u00eet automatiquement pour votre client.<\/p>\t\t\t\t\t\t\t\t<\/div>\n\t\t\t\t<\/div>\n\t\t\t\t\t<\/div>\n\t\t<\/div>\n\t\t\t\t<div class=\"elementor-column elementor-col-50 elementor-top-column elementor-element elementor-element-53c0c62\" data-id=\"53c0c62\" data-element_type=\"column\" data-e-type=\"column\" data-settings=\"{&quot;background_background&quot;:&quot;classic&quot;}\">\n\t\t\t<div class=\"elementor-widget-wrap elementor-element-populated\">\n\t\t\t\t\t\t<div class=\"elementor-element elementor-element-206cff7 elementor-widget elementor-widget-heading\" data-id=\"206cff7\" data-element_type=\"widget\" data-e-type=\"widget\" data-widget_type=\"heading.default\">\n\t\t\t\t<div class=\"elementor-widget-container\">\n\t\t\t\t\t<h2 class=\"elementor-heading-title elementor-size-default\">Facile pour <\/br>le client<\/h2>\t\t\t\t<\/div>\n\t\t\t\t<\/div>\n\t\t\t\t<div class=\"elementor-element elementor-element-aac5e7e elementor-widget elementor-widget-text-editor\" data-id=\"aac5e7e\" data-element_type=\"widget\" data-e-type=\"widget\" data-widget_type=\"text-editor.default\">\n\t\t\t\t<div class=\"elementor-widget-container\">\n\t\t\t\t\t\t\t\t\t<p style=\"text-align: center;\">Votre client scanne le QR-code via l&rsquo;appli Joyn sur son smartphone et confirme le paiement dans son appli Payconiq by Bancontact. C&rsquo;est fait ! Les points sont \u00e9pargn\u00e9s et le paiement est r\u00e9alis\u00e9.<\/p>\t\t\t\t\t\t\t\t<\/div>\n\t\t\t\t<\/div>\n\t\t\t\t\t<\/div>\n\t\t<\/div>\n\t\t\t\t\t<\/div>\n\t\t<\/section>\n\t\t\t\t<section class=\"elementor-section elementor-top-section elementor-element elementor-element-2e784fa elementor-section-boxed elementor-section-height-default elementor-section-height-default\" data-id=\"2e784fa\" data-element_type=\"section\" data-e-type=\"section\">\n\t\t\t\t\t\t<div class=\"elementor-container elementor-column-gap-default\">\n\t\t\t\t\t<div class=\"elementor-column elementor-col-100 elementor-top-column elementor-element elementor-element-0540169\" data-id=\"0540169\" data-element_type=\"column\" data-e-type=\"column\">\n\t\t\t<div class=\"elementor-widget-wrap elementor-element-populated\">\n\t\t\t\t\t\t<div class=\"elementor-element elementor-element-6d36c33 elementor-widget elementor-widget-heading\" data-id=\"6d36c33\" data-element_type=\"widget\" data-e-type=\"widget\" data-widget_type=\"heading.default\">\n\t\t\t\t<div class=\"elementor-widget-container\">\n\t\t\t\t\t<h3 class=\"elementor-heading-title elementor-size-default\">Nous pouvons relier Joyn et Payconiq \nen 3 petites \u00e9tapes<\/h3>\t\t\t\t<\/div>\n\t\t\t\t<\/div>\n\t\t\t\t<div class=\"elementor-element elementor-element-579edef elementor-widget elementor-widget-qi_addons_for_elementor_process\" data-id=\"579edef\" data-element_type=\"widget\" data-e-type=\"widget\" data-widget_type=\"qi_addons_for_elementor_process.default\">\n\t\t\t\t<div class=\"elementor-widget-container\">\n\t\t\t\t\t<div class=\"qodef-shortcode qodef-m qodef-qi-process qodef-qi--has-appear qodef-qi-grid qodef-layout--qi-columns qodef-col-num--3 qodef-item-layout--horizontal qodef-responsive--predefined\">\n\t<div class=\"qodef-grid-inner\">\n\t\t<div class=\"qodef-e qodef-process-item qodef-grid-item elementor-repeater-item-fa43bf5\">\n\t<div class=\"qodef-e-inner\">\n\t\t<div class=\"qodef-e-content\">\n\t\t\t<div class=\"qodef-e-icon-holder\">\n\t<div class=\"qodef-e-icon\">\n\t\t\t\t\t<span class=\"qodef-e-item-icon-text\">\n\t\t\t\t1.\t\t\t<\/span>\n\t\t\t<\/div>\n\t<div class=\"qodef-e-line\">\n\t\t<div class=\"qodef-e-line-inner\"><\/div>\n\t<\/div>\n<\/div>\n\t\t\t\t<h5 class=\"qodef-e-title\">\n\t\tRemplissez\t<\/h5>\n\t\t\t\t<p class=\"qodef-e-text\">\n\t\tle formulaire de demande Cela prend exactement 1 minute. Nous vous enverrons par mail les documents n\u00e9cessaires.\n\t<\/p>\n\t\t<\/div>\n\t<\/div>\n<\/div>\n<div class=\"qodef-e qodef-process-item qodef-grid-item elementor-repeater-item-e2d3129\">\n\t<div class=\"qodef-e-inner\">\n\t\t<div class=\"qodef-e-content\">\n\t\t\t<div class=\"qodef-e-icon-holder\">\n\t<div class=\"qodef-e-icon\">\n\t\t\t\t\t<span class=\"qodef-e-item-icon-text\">\n\t\t\t\t2.\t\t\t<\/span>\n\t\t\t<\/div>\n\t<div class=\"qodef-e-line\">\n\t\t<div class=\"qodef-e-line-inner\"><\/div>\n\t<\/div>\n<\/div>\n\t\t\t\t<h5 class=\"qodef-e-title\">\n\t\tCompl\u00e9tez les documents\t<\/h5>\n\t\t\t\t<p class=\"qodef-e-text\">\n\t\tSignez et renvoyez-les par mail.\n\t<\/p>\n\t\t<\/div>\n\t<\/div>\n<\/div>\n<div class=\"qodef-e qodef-process-item qodef-grid-item elementor-repeater-item-c22c57b\">\n\t<div class=\"qodef-e-inner\">\n\t\t<div class=\"qodef-e-content\">\n\t\t\t<div class=\"qodef-e-icon-holder\">\n\t<div class=\"qodef-e-icon\">\n\t\t\t\t\t<span class=\"qodef-e-item-icon-text\">\n\t\t\t\t3.\t\t\t<\/span>\n\t\t\t<\/div>\n\t<div class=\"qodef-e-line\">\n\t\t<div class=\"qodef-e-line-inner\"><\/div>\n\t<\/div>\n<\/div>\n\t\t\t\t<h5 class=\"qodef-e-title\">\n\t\tNous activons le lien\t<\/h5>\n\t\t\t\t<p class=\"qodef-e-text\">\n\t\tVos clients pourront alors \u00e9pargner et payer via l'appli Joyn et Payconiq by Bancontact.\t<\/p>\n\t\t<\/div>\n\t<\/div>\n<\/div>\n\t<\/div>\n<\/div>\n\t\t\t\t<\/div>\n\t\t\t\t<\/div>\n\t\t\t\t\t<\/div>\n\t\t<\/div>\n\t\t\t\t\t<\/div>\n\t\t<\/section>\n\t\t\t\t<section class=\"elementor-section elementor-top-section elementor-element elementor-element-9be590c elementor-section-boxed elementor-section-height-default elementor-section-height-default\" data-id=\"9be590c\" data-element_type=\"section\" data-e-type=\"section\" data-settings=\"{&quot;background_background&quot;:&quot;classic&quot;}\">\n\t\t\t\t\t\t<div class=\"elementor-container elementor-column-gap-default\">\n\t\t\t\t\t<div class=\"elementor-column elementor-col-100 elementor-top-column elementor-element elementor-element-5cf93a0\" data-id=\"5cf93a0\" data-element_type=\"column\" data-e-type=\"column\">\n\t\t\t<div class=\"elementor-widget-wrap elementor-element-populated\">\n\t\t\t\t\t\t<div class=\"elementor-element elementor-element-75d88ad elementor-widget elementor-widget-heading\" data-id=\"75d88ad\" data-element_type=\"widget\" data-e-type=\"widget\" data-widget_type=\"heading.default\">\n\t\t\t\t<div class=\"elementor-widget-container\">\n\t\t\t\t\t<h2 class=\"elementor-heading-title elementor-size-default\">S\u00e9lectionnez votre formulaire de demande<\/h2>\t\t\t\t<\/div>\n\t\t\t\t<\/div>\n\t\t\t\t\t<\/div>\n\t\t<\/div>\n\t\t\t\t\t<\/div>\n\t\t<\/section>\n\t\t\t\t<section class=\"elementor-section elementor-top-section elementor-element elementor-element-506ba20 elementor-section-boxed elementor-section-height-default elementor-section-height-default\" data-id=\"506ba20\" data-element_type=\"section\" data-e-type=\"section\" data-settings=\"{&quot;background_background&quot;:&quot;classic&quot;}\">\n\t\t\t\t\t\t<div class=\"elementor-container elementor-column-gap-default\">\n\t\t\t\t\t<div class=\"elementor-column elementor-col-100 elementor-top-column elementor-element elementor-element-03f1ef9\" data-id=\"03f1ef9\" data-element_type=\"column\" data-e-type=\"column\">\n\t\t\t<div class=\"elementor-widget-wrap elementor-element-populated\">\n\t\t\t\t\t\t<section class=\"elementor-section elementor-inner-section elementor-element elementor-element-a2388fb elementor-section-height-min-height elementor-section-content-middle elementor-section-boxed elementor-section-height-default\" data-id=\"a2388fb\" data-element_type=\"section\" data-e-type=\"section\" data-settings=\"{&quot;background_background&quot;:&quot;classic&quot;}\">\n\t\t\t\t\t\t<div class=\"elementor-container elementor-column-gap-default\">\n\t\t\t\t\t<div class=\"elementor-column elementor-col-50 elementor-inner-column elementor-element elementor-element-c70937b\" data-id=\"c70937b\" data-element_type=\"column\" data-e-type=\"column\">\n\t\t\t<div class=\"elementor-widget-wrap\">\n\t\t\t\t\t\t\t<\/div>\n\t\t<\/div>\n\t\t\t\t<div class=\"elementor-column elementor-col-33 elementor-inner-column elementor-element elementor-element-ab26943\" data-id=\"ab26943\" data-element_type=\"column\" data-e-type=\"column\" data-settings=\"{&quot;background_background&quot;:&quot;classic&quot;}\">\n\t\t\t<div class=\"elementor-widget-wrap elementor-element-populated\">\n\t\t\t\t\t\t<div class=\"elementor-element elementor-element-28a6193 elementor-widget elementor-widget-heading\" data-id=\"28a6193\" data-element_type=\"widget\" data-e-type=\"widget\" data-widget_type=\"heading.default\">\n\t\t\t\t<div class=\"elementor-widget-container\">\n\t\t\t\t\t<h2 class=\"elementor-heading-title elementor-size-default\">En savoir plus sur comment payer et \u00e9pargner en un seul geste?<\/h2>\t\t\t\t<\/div>\n\t\t\t\t<\/div>\n\t\t\t\t<div class=\"elementor-element elementor-element-2bcd95c elementor-widget elementor-widget-text-editor\" data-id=\"2bcd95c\" data-element_type=\"widget\" data-e-type=\"widget\" data-widget_type=\"text-editor.default\">\n\t\t\t\t<div class=\"elementor-widget-container\">\n\t\t\t\t\t\t\t\t\t<p><span style=\"color: #1e1e1e; background-color: #ffffff;\">Consultez notre centre d&rsquo;aide<\/span><\/p>\t\t\t\t\t\t\t\t<\/div>\n\t\t\t\t<\/div>\n\t\t\t\t\t<\/div>\n\t\t<\/div>\n\t\t\t\t<div class=\"elementor-column elementor-col-50 elementor-inner-column elementor-element elementor-element-a649d98\" data-id=\"a649d98\" data-element_type=\"column\" data-e-type=\"column\">\n\t\t\t<div class=\"elementor-widget-wrap\">\n\t\t\t\t\t\t\t<\/div>\n\t\t<\/div>\n\t\t\t\t\t<\/div>\n\t\t<\/section>\n\t\t\t\t\t<\/div>\n\t\t<\/div>\n\t\t\t\t\t<\/div>\n\t\t<\/section>\n\t\t\t\t<\/div>\n\t\t","protected":false},"excerpt":{"rendered":"<p>Epargnez et payez en un seul geste Payer avec Payconiq by Bancontact dans l&rsquo;appli Joyn, c&rsquo;est pratique, rapide et rentable Pas de frais d&rsquo;abonnement ou de co\u00fbt d&rsquo;entretien. Vous ne payez que la transaction. Facile pour le commer\u00e7ant Vous entrez le montant \u00e0 payer. L&rsquo;application Joyn sur votre iPad fait le reste. Donner des points [&hellip;]<\/p>\n","protected":false},"author":1,"featured_media":0,"parent":53756,"menu_order":0,"comment_status":"closed","ping_status":"closed","template":"","meta":{"_acf_changed":false,"inline_featured_image":false,"footnotes":""},"class_list":["post-53749","page","type-page","status-publish","hentry"],"acf":[],"yoast_head":"<!-- This site is optimized with the Yoast SEO plugin v27.4 - https:\/\/yoast.com\/product\/yoast-seo-wordpress\/ -->\n<title>Payconiq - Joyn<\/title>\n<meta name=\"description\" content=\"Payer avec Payconiq by Bancontact dans l&#039;appli Joyn, c&#039;est pratique, rapide et rentable Pas de frais d&#039;abonnement ou de co\u00fbt d&#039;entretien. Vous ne payez que la transaction.\" \/>\n<meta name=\"robots\" content=\"index, follow, max-snippet:-1, max-image-preview:large, max-video-preview:-1\" \/>\n<link rel=\"canonical\" href=\"https:\/\/joyn.eu\/fr-be\/commercant\/payer-avec-joyn\/payconiq\/\" \/>\n<meta property=\"og:locale\" content=\"fr_FR\" \/>\n<meta property=\"og:type\" content=\"article\" \/>\n<meta property=\"og:title\" content=\"Payconiq - Joyn\" \/>\n<meta property=\"og:description\" content=\"Payer avec Payconiq by Bancontact dans l&#039;appli Joyn, c&#039;est pratique, rapide et rentable Pas de frais d&#039;abonnement ou de co\u00fbt d&#039;entretien. Vous ne payez que la transaction.\" \/>\n<meta property=\"og:url\" content=\"https:\/\/joyn.eu\/fr-be\/commercant\/payer-avec-joyn\/payconiq\/\" \/>\n<meta property=\"og:site_name\" content=\"Joyn\" \/>\n<meta property=\"article:modified_time\" content=\"2022-03-15T14:33:09+00:00\" \/>\n<meta name=\"twitter:card\" content=\"summary_large_image\" \/>\n<meta name=\"twitter:label1\" content=\"Dur\u00e9e de lecture est.\" \/>\n\t<meta name=\"twitter:data1\" content=\"2 minutes\" \/>\n<script type=\"application\/ld+json\" class=\"yoast-schema-graph\">{\"@context\":\"https:\\\/\\\/schema.org\",\"@graph\":[{\"@type\":\"WebPage\",\"@id\":\"https:\\\/\\\/joyn.eu\\\/fr-be\\\/commercant\\\/payer-avec-joyn\\\/payconiq\\\/\",\"url\":\"https:\\\/\\\/joyn.eu\\\/fr-be\\\/commercant\\\/payer-avec-joyn\\\/payconiq\\\/\",\"name\":\"Payconiq - Joyn\",\"isPartOf\":{\"@id\":\"https:\\\/\\\/joyn.eu\\\/fr-be\\\/#website\"},\"datePublished\":\"2022-03-15T13:52:52+00:00\",\"dateModified\":\"2022-03-15T14:33:09+00:00\",\"description\":\"Payer avec Payconiq by Bancontact dans l'appli Joyn, c'est pratique, rapide et rentable Pas de frais d'abonnement ou de co\u00fbt d'entretien. Vous ne payez que la transaction.\",\"breadcrumb\":{\"@id\":\"https:\\\/\\\/joyn.eu\\\/fr-be\\\/commercant\\\/payer-avec-joyn\\\/payconiq\\\/#breadcrumb\"},\"inLanguage\":\"fr-BE\",\"potentialAction\":[{\"@type\":\"ReadAction\",\"target\":[\"https:\\\/\\\/joyn.eu\\\/fr-be\\\/commercant\\\/payer-avec-joyn\\\/payconiq\\\/\"]}]},{\"@type\":\"BreadcrumbList\",\"@id\":\"https:\\\/\\\/joyn.eu\\\/fr-be\\\/commercant\\\/payer-avec-joyn\\\/payconiq\\\/#breadcrumb\",\"itemListElement\":[{\"@type\":\"ListItem\",\"position\":1,\"name\":\"Home\",\"item\":\"https:\\\/\\\/joyn.eu\\\/fr-be\\\/home-merchant-new-fr\\\/\"},{\"@type\":\"ListItem\",\"position\":2,\"name\":\"commer\u00e7ant\",\"item\":\"https:\\\/\\\/joyn.eu\\\/fr-be\\\/commercant\\\/\"},{\"@type\":\"ListItem\",\"position\":3,\"name\":\"Payer avec Joyn\",\"item\":\"https:\\\/\\\/joyn.eu\\\/fr-be\\\/commercant\\\/payer-avec-joyn\\\/\"},{\"@type\":\"ListItem\",\"position\":4,\"name\":\"Payconiq\"}]},{\"@type\":\"WebSite\",\"@id\":\"https:\\\/\\\/joyn.eu\\\/fr-be\\\/#website\",\"url\":\"https:\\\/\\\/joyn.eu\\\/fr-be\\\/\",\"name\":\"Joyn\",\"description\":\"Quand vos clients deviennent des fans\",\"publisher\":{\"@id\":\"https:\\\/\\\/joyn.eu\\\/fr-be\\\/#organization\"},\"potentialAction\":[{\"@type\":\"SearchAction\",\"target\":{\"@type\":\"EntryPoint\",\"urlTemplate\":\"https:\\\/\\\/joyn.eu\\\/fr-be\\\/?s={search_term_string}\"},\"query-input\":{\"@type\":\"PropertyValueSpecification\",\"valueRequired\":true,\"valueName\":\"search_term_string\"}}],\"inLanguage\":\"fr-BE\"},{\"@type\":\"Organization\",\"@id\":\"https:\\\/\\\/joyn.eu\\\/fr-be\\\/#organization\",\"name\":\"Joyn\",\"url\":\"https:\\\/\\\/joyn.eu\\\/fr-be\\\/\",\"logo\":{\"@type\":\"ImageObject\",\"inLanguage\":\"fr-BE\",\"@id\":\"https:\\\/\\\/joyn.eu\\\/fr-be\\\/#\\\/schema\\\/logo\\\/image\\\/\",\"url\":\"https:\\\/\\\/joyn.eu\\\/wp-content\\\/uploads\\\/2021\\\/02\\\/Blue-green-h40.png\",\"contentUrl\":\"https:\\\/\\\/joyn.eu\\\/wp-content\\\/uploads\\\/2021\\\/02\\\/Blue-green-h40.png\",\"width\":83,\"height\":40,\"caption\":\"Joyn\"},\"image\":{\"@id\":\"https:\\\/\\\/joyn.eu\\\/fr-be\\\/#\\\/schema\\\/logo\\\/image\\\/\"}}]}<\/script>\n<!-- \/ Yoast SEO plugin. -->","yoast_head_json":{"title":"Payconiq - Joyn","description":"Payer avec Payconiq by Bancontact dans l'appli Joyn, c'est pratique, rapide et rentable Pas de frais d'abonnement ou de co\u00fbt d'entretien. Vous ne payez que la transaction.","robots":{"index":"index","follow":"follow","max-snippet":"max-snippet:-1","max-image-preview":"max-image-preview:large","max-video-preview":"max-video-preview:-1"},"canonical":"https:\/\/joyn.eu\/fr-be\/commercant\/payer-avec-joyn\/payconiq\/","og_locale":"fr_FR","og_type":"article","og_title":"Payconiq - Joyn","og_description":"Payer avec Payconiq by Bancontact dans l'appli Joyn, c'est pratique, rapide et rentable Pas de frais d'abonnement ou de co\u00fbt d'entretien. Vous ne payez que la transaction.","og_url":"https:\/\/joyn.eu\/fr-be\/commercant\/payer-avec-joyn\/payconiq\/","og_site_name":"Joyn","article_modified_time":"2022-03-15T14:33:09+00:00","twitter_card":"summary_large_image","twitter_misc":{"Dur\u00e9e de lecture est.":"2 minutes"},"schema":{"@context":"https:\/\/schema.org","@graph":[{"@type":"WebPage","@id":"https:\/\/joyn.eu\/fr-be\/commercant\/payer-avec-joyn\/payconiq\/","url":"https:\/\/joyn.eu\/fr-be\/commercant\/payer-avec-joyn\/payconiq\/","name":"Payconiq - Joyn","isPartOf":{"@id":"https:\/\/joyn.eu\/fr-be\/#website"},"datePublished":"2022-03-15T13:52:52+00:00","dateModified":"2022-03-15T14:33:09+00:00","description":"Payer avec Payconiq by Bancontact dans l'appli Joyn, c'est pratique, rapide et rentable Pas de frais d'abonnement ou de co\u00fbt d'entretien. Vous ne payez que la transaction.","breadcrumb":{"@id":"https:\/\/joyn.eu\/fr-be\/commercant\/payer-avec-joyn\/payconiq\/#breadcrumb"},"inLanguage":"fr-BE","potentialAction":[{"@type":"ReadAction","target":["https:\/\/joyn.eu\/fr-be\/commercant\/payer-avec-joyn\/payconiq\/"]}]},{"@type":"BreadcrumbList","@id":"https:\/\/joyn.eu\/fr-be\/commercant\/payer-avec-joyn\/payconiq\/#breadcrumb","itemListElement":[{"@type":"ListItem","position":1,"name":"Home","item":"https:\/\/joyn.eu\/fr-be\/home-merchant-new-fr\/"},{"@type":"ListItem","position":2,"name":"commer\u00e7ant","item":"https:\/\/joyn.eu\/fr-be\/commercant\/"},{"@type":"ListItem","position":3,"name":"Payer avec Joyn","item":"https:\/\/joyn.eu\/fr-be\/commercant\/payer-avec-joyn\/"},{"@type":"ListItem","position":4,"name":"Payconiq"}]},{"@type":"WebSite","@id":"https:\/\/joyn.eu\/fr-be\/#website","url":"https:\/\/joyn.eu\/fr-be\/","name":"Joyn","description":"Quand vos clients deviennent des fans","publisher":{"@id":"https:\/\/joyn.eu\/fr-be\/#organization"},"potentialAction":[{"@type":"SearchAction","target":{"@type":"EntryPoint","urlTemplate":"https:\/\/joyn.eu\/fr-be\/?s={search_term_string}"},"query-input":{"@type":"PropertyValueSpecification","valueRequired":true,"valueName":"search_term_string"}}],"inLanguage":"fr-BE"},{"@type":"Organization","@id":"https:\/\/joyn.eu\/fr-be\/#organization","name":"Joyn","url":"https:\/\/joyn.eu\/fr-be\/","logo":{"@type":"ImageObject","inLanguage":"fr-BE","@id":"https:\/\/joyn.eu\/fr-be\/#\/schema\/logo\/image\/","url":"https:\/\/joyn.eu\/wp-content\/uploads\/2021\/02\/Blue-green-h40.png","contentUrl":"https:\/\/joyn.eu\/wp-content\/uploads\/2021\/02\/Blue-green-h40.png","width":83,"height":40,"caption":"Joyn"},"image":{"@id":"https:\/\/joyn.eu\/fr-be\/#\/schema\/logo\/image\/"}}]}},"_links":{"self":[{"href":"https:\/\/joyn.eu\/fr-be\/wp-json\/wp\/v2\/pages\/53749","targetHints":{"allow":["GET"]}}],"collection":[{"href":"https:\/\/joyn.eu\/fr-be\/wp-json\/wp\/v2\/pages"}],"about":[{"href":"https:\/\/joyn.eu\/fr-be\/wp-json\/wp\/v2\/types\/page"}],"author":[{"embeddable":true,"href":"https:\/\/joyn.eu\/fr-be\/wp-json\/wp\/v2\/users\/1"}],"replies":[{"embeddable":true,"href":"https:\/\/joyn.eu\/fr-be\/wp-json\/wp\/v2\/comments?post=53749"}],"version-history":[{"count":22,"href":"https:\/\/joyn.eu\/fr-be\/wp-json\/wp\/v2\/pages\/53749\/revisions"}],"predecessor-version":[{"id":53788,"href":"https:\/\/joyn.eu\/fr-be\/wp-json\/wp\/v2\/pages\/53749\/revisions\/53788"}],"up":[{"embeddable":true,"href":"https:\/\/joyn.eu\/fr-be\/wp-json\/wp\/v2\/pages\/53756"}],"wp:attachment":[{"href":"https:\/\/joyn.eu\/fr-be\/wp-json\/wp\/v2\/media?parent=53749"}],"curies":[{"name":"wp","href":"https:\/\/api.w.org\/{rel}","templated":true}]}}