{"id":50168,"date":"2021-12-13T10:44:33","date_gmt":"2021-12-13T10:44:33","guid":{"rendered":"https:\/\/joyn.eu\/?page_id=50168"},"modified":"2021-12-13T10:52:47","modified_gmt":"2021-12-13T10:52:47","slug":"confirmation","status":"publish","type":"page","link":"https:\/\/joyn.eu\/fr-be\/commercant\/a-propos-de-nous\/contactez-nous\/oui-je-veux-que-vous-envoyiez-une-campagne-pour-moi\/confirmation\/","title":{"rendered":"Je suis commer\u00e7ant et j&rsquo;ai une question"},"content":{"rendered":"\t\t<div data-elementor-type=\"wp-page\" data-elementor-id=\"50168\" class=\"elementor elementor-50168 elementor-50165\" data-elementor-post-type=\"page\">\n\t\t\t\t\t\t<section class=\"elementor-section elementor-top-section elementor-element elementor-element-af311f9 elementor-section-boxed elementor-section-height-default elementor-section-height-default\" data-id=\"af311f9\" data-element_type=\"section\" data-e-type=\"section\" data-settings=\"{&quot;background_background&quot;:&quot;classic&quot;}\">\n\t\t\t\t\t\t<div class=\"elementor-container elementor-column-gap-default\">\n\t\t\t\t\t<div class=\"elementor-column elementor-col-100 elementor-top-column elementor-element elementor-element-3077784\" data-id=\"3077784\" data-element_type=\"column\" data-e-type=\"column\">\n\t\t\t<div class=\"elementor-widget-wrap elementor-element-populated\">\n\t\t\t\t\t\t<div class=\"elementor-element elementor-element-748f43d elementor-widget elementor-widget-heading\" data-id=\"748f43d\" data-element_type=\"widget\" data-e-type=\"widget\" data-widget_type=\"heading.default\">\n\t\t\t\t<div class=\"elementor-widget-container\">\n\t\t\t\t\t<h2 class=\"elementor-heading-title elementor-size-default\">\nUn de nos experts en fid\u00e9lit\u00e9 vous contactera dans les plus brefs d\u00e9lais.<\/h2>\t\t\t\t<\/div>\n\t\t\t\t<\/div>\n\t\t\t\t\t<\/div>\n\t\t<\/div>\n\t\t\t\t\t<\/div>\n\t\t<\/section>\n\t\t\t\t<section class=\"elementor-section elementor-top-section elementor-element elementor-element-01230a3 elementor-section-boxed elementor-section-height-default elementor-section-height-default\" data-id=\"01230a3\" data-element_type=\"section\" data-e-type=\"section\">\n\t\t\t\t\t\t<div class=\"elementor-container elementor-column-gap-default\">\n\t\t\t\t\t<div class=\"elementor-column elementor-col-100 elementor-top-column elementor-element elementor-element-e11b2e4\" data-id=\"e11b2e4\" data-element_type=\"column\" data-e-type=\"column\">\n\t\t\t<div class=\"elementor-widget-wrap elementor-element-populated\">\n\t\t\t\t\t\t<div class=\"elementor-element elementor-element-3714f5a elementor-widget elementor-widget-heading\" data-id=\"3714f5a\" data-element_type=\"widget\" data-e-type=\"widget\" data-widget_type=\"heading.default\">\n\t\t\t\t<div class=\"elementor-widget-container\">\n\t\t\t\t\t<p class=\"elementor-heading-title elementor-size-default\">D\u00e9couvrez les derniers conseils, astuces et tendances en mati\u00e8re de fid\u00e9lit\u00e9, des applications et du shopping<\/p>\t\t\t\t<\/div>\n\t\t\t\t<\/div>\n\t\t\t\t<div class=\"elementor-element elementor-element-84c1a6a elementor-widget elementor-widget-qi_addons_for_elementor_blog_list\" data-id=\"84c1a6a\" data-element_type=\"widget\" data-e-type=\"widget\" data-widget_type=\"qi_addons_for_elementor_blog_list.default\">\n\t\t\t\t<div class=\"elementor-widget-container\">\n\t\t\t\t\t<div class=\"qodef-shortcode qodef-m qodef-addons-blog-list qodef-info-no-icons qodef-image--hover-zoom qodef-qi-grid qodef-layout--qi-columns qodef-col-num--3 qodef-item-layout--boxed qodef-responsive--predefined\" >\n\t<div class=\"qodef-grid-inner\">\n\t\t<article class=\"qodef-e qodef-blog-item qodef-grid-item qodef-item--full post-104876 post type-post status-publish format-standard has-post-thumbnail hentry category-blog-fr-be\">\n\t<div class=\"qodef-e-inner\">\n\t\t<div class=\"qodef-e-media-holder\">\n\t\t\t<div class=\"qodef-e-media\">\n\t\t<div class=\"qodef-e-media-image\">\n\t\t<a itemprop=\"url\" href=\"https:\/\/joyn.eu\/fr-be\/les-plus-grands-defis-de-la-mode-belge\/\">\n\t\t\t<img fetchpriority=\"high\" decoding=\"async\" width=\"2200\" height=\"1151\" src=\"https:\/\/joyn.eu\/wp-content\/uploads\/2024\/09\/Joyn_Blog_Dressed.jpg\" class=\"attachment-full size-full\" alt=\"Week van de Belgische Mode\" srcset=\"https:\/\/joyn.eu\/wp-content\/uploads\/2024\/09\/Joyn_Blog_Dressed.jpg 2200w, https:\/\/joyn.eu\/wp-content\/uploads\/2024\/09\/Joyn_Blog_Dressed-300x157.jpg 300w, https:\/\/joyn.eu\/wp-content\/uploads\/2024\/09\/Joyn_Blog_Dressed-1024x536.jpg 1024w, https:\/\/joyn.eu\/wp-content\/uploads\/2024\/09\/Joyn_Blog_Dressed-768x402.jpg 768w, https:\/\/joyn.eu\/wp-content\/uploads\/2024\/09\/Joyn_Blog_Dressed-1536x804.jpg 1536w, https:\/\/joyn.eu\/wp-content\/uploads\/2024\/09\/Joyn_Blog_Dressed-2048x1071.jpg 2048w\" sizes=\"(max-width: 2200px) 100vw, 2200px\" \/>\t\t<\/a>\n\t\t\t<\/div>\n<\/div>\n<div itemprop=\"dateCreated\" class=\"qodef-e-info-item qodef-e-info-date entry-date \">\n\t<a itemprop=\"url\" href=\"https:\/\/joyn.eu\/fr-be\/2024\/09\/\">\n\t\t24 Sep\t<\/a>\n<\/div>\n\t\t<\/div>\n\t\t<div class=\"qodef-e-content\">\n\t\t\t\t\t\t\t<div class=\"qodef-e-info qodef-info--top\">\n\t\t\t\t\t\t\t\t\t<\/div>\n\t\t\t\t\t\t<div class=\"qodef-e-text\">\n\t\t\t\t<h5 itemprop=\"name\" class=\"qodef-e-title entry-title\">\n\t<a itemprop=\"url\" class=\"qodef-e-title-link\" href=\"https:\/\/joyn.eu\/fr-be\/les-plus-grands-defis-de-la-mode-belge\/\">\n\t\tLes Plus Grands D\u00e9fis de la Mode Belge : Une Perspective des Commer\u00e7ants Locaux\t<\/a>\n<\/h5>\n\t\t<p itemprop=\"description\" class=\"qodef-e-excerpt\">\n\t\t\tEn octobre, nous c\u00e9l\u00e9brons la Semaine de la Mode Belge. En tant que fier partenaire de cette initiative annuelle visant \u00e0 mettre les marques belges sous les projecteurs, nous so\t\t<\/p>\n\t\t\t\t<\/div>\n\t\t\t\t\t\t\t<div class=\"qodef-e-info qodef-info--bottom\">\n\t\t\t\t\t\t<div class=\"qodef-e-read-more\">\n\t\t<a class=\"qodef-shortcode qodef-m qodef-qi-button qodef-html--link qodef-layout--filled qodef-type--icon-boxed qodef-icon--right qodef-hover--icon-move-horizontal-short\" href=\"https:\/\/joyn.eu\/fr-be\/les-plus-grands-defis-de-la-mode-belge\/\" target=\"_self\">\t<span class=\"qodef-m-text\">Lire la suite<\/span>\t\t<span class=\"qodef-m-icon\">\t\t<span class=\"qodef-m-icon-inner\">\t\t\t<i aria-hidden=\"true\" class=\"fas fa-angle-right\"><\/i>\t\t\t\t\t<\/span>\t<\/span><\/a>\t<\/div>\n\t\t\t\t<\/div>\n\t\t\t\t\t<\/div>\n\t<\/div>\n<\/article>\n<article class=\"qodef-e qodef-blog-item qodef-grid-item qodef-item--full post-101916 post type-post status-publish format-standard has-post-thumbnail hentry category-blog-fr-be\">\n\t<div class=\"qodef-e-inner\">\n\t\t<div class=\"qodef-e-media-holder\">\n\t\t\t<div class=\"qodef-e-media\">\n\t\t<div class=\"qodef-e-media-image\">\n\t\t<a itemprop=\"url\" href=\"https:\/\/joyn.eu\/fr-be\/economisez-des-points-joyn-des-maintenant-directement-dans-lapplication-easy-banking-de-bnp-paribas-fortis\/\">\n\t\t\t<img decoding=\"async\" width=\"1250\" height=\"701\" src=\"https:\/\/joyn.eu\/wp-content\/uploads\/2024\/03\/Joyn_Fortis_Header.jpg\" class=\"attachment-full size-full\" alt=\"Joyn en BNP Paribas Fortis\" srcset=\"https:\/\/joyn.eu\/wp-content\/uploads\/2024\/03\/Joyn_Fortis_Header.jpg 1250w, https:\/\/joyn.eu\/wp-content\/uploads\/2024\/03\/Joyn_Fortis_Header-300x168.jpg 300w, https:\/\/joyn.eu\/wp-content\/uploads\/2024\/03\/Joyn_Fortis_Header-1024x574.jpg 1024w, https:\/\/joyn.eu\/wp-content\/uploads\/2024\/03\/Joyn_Fortis_Header-768x431.jpg 768w\" sizes=\"(max-width: 1250px) 100vw, 1250px\" \/>\t\t<\/a>\n\t\t\t<\/div>\n<\/div>\n<div itemprop=\"dateCreated\" class=\"qodef-e-info-item qodef-e-info-date entry-date \">\n\t<a itemprop=\"url\" href=\"https:\/\/joyn.eu\/fr-be\/2024\/03\/\">\n\t\t6 Mar\t<\/a>\n<\/div>\n\t\t<\/div>\n\t\t<div class=\"qodef-e-content\">\n\t\t\t\t\t\t\t<div class=\"qodef-e-info qodef-info--top\">\n\t\t\t\t\t\t\t\t\t<\/div>\n\t\t\t\t\t\t<div class=\"qodef-e-text\">\n\t\t\t\t<h5 itemprop=\"name\" class=\"qodef-e-title entry-title\">\n\t<a itemprop=\"url\" class=\"qodef-e-title-link\" href=\"https:\/\/joyn.eu\/fr-be\/economisez-des-points-joyn-des-maintenant-directement-dans-lapplication-easy-banking-de-bnp-paribas-fortis\/\">\n\t\t\u00c9conomisez des points Joyn d\u00e8s maintenant directement dans l\u2019application Easy Banking de BNP Paribas Fortis\t<\/a>\n<\/h5>\n\t\t<p itemprop=\"description\" class=\"qodef-e-excerpt\">\n\t\t\tSaviez-vous que la Belgique compte plus de 2 millions d\u2019utilisateurs Joyn? Chaque jour, ils \u00e9conomisent des points aupr\u00e8s de milliers de commer\u00e7ants locaux. Et il y a beaucoup\t\t<\/p>\n\t\t\t\t<\/div>\n\t\t\t\t\t\t\t<div class=\"qodef-e-info qodef-info--bottom\">\n\t\t\t\t\t\t<div class=\"qodef-e-read-more\">\n\t\t<a class=\"qodef-shortcode qodef-m qodef-qi-button qodef-html--link qodef-layout--filled qodef-type--icon-boxed qodef-icon--right qodef-hover--icon-move-horizontal-short\" href=\"https:\/\/joyn.eu\/fr-be\/economisez-des-points-joyn-des-maintenant-directement-dans-lapplication-easy-banking-de-bnp-paribas-fortis\/\" target=\"_self\">\t<span class=\"qodef-m-text\">Lire la suite<\/span>\t\t<span class=\"qodef-m-icon\">\t\t<span class=\"qodef-m-icon-inner\">\t\t\t<i aria-hidden=\"true\" class=\"fas fa-angle-right\"><\/i>\t\t\t\t\t<\/span>\t<\/span><\/a>\t<\/div>\n\t\t\t\t<\/div>\n\t\t\t\t\t<\/div>\n\t<\/div>\n<\/article>\n<article class=\"qodef-e qodef-blog-item qodef-grid-item qodef-item--full post-100899 post type-post status-publish format-standard has-post-thumbnail hentry category-blog-fr-be\">\n\t<div class=\"qodef-e-inner\">\n\t\t<div class=\"qodef-e-media-holder\">\n\t\t\t<div class=\"qodef-e-media\">\n\t\t<div class=\"qodef-e-media-image\">\n\t\t<a itemprop=\"url\" href=\"https:\/\/joyn.eu\/fr-be\/joyn-et-bertrix-main-dans-la-main-sur-le-chemin-du-zero-dechet\/\">\n\t\t\t<img decoding=\"async\" width=\"1500\" height=\"841\" src=\"https:\/\/joyn.eu\/wp-content\/uploads\/2023\/12\/Joyn-en-Bertrix.jpg\" class=\"attachment-full size-full\" alt=\"Joyn en Bertrix\" srcset=\"https:\/\/joyn.eu\/wp-content\/uploads\/2023\/12\/Joyn-en-Bertrix.jpg 1500w, https:\/\/joyn.eu\/wp-content\/uploads\/2023\/12\/Joyn-en-Bertrix-300x168.jpg 300w, https:\/\/joyn.eu\/wp-content\/uploads\/2023\/12\/Joyn-en-Bertrix-1024x574.jpg 1024w, https:\/\/joyn.eu\/wp-content\/uploads\/2023\/12\/Joyn-en-Bertrix-768x431.jpg 768w\" sizes=\"(max-width: 1500px) 100vw, 1500px\" \/>\t\t<\/a>\n\t\t\t<\/div>\n<\/div>\n<div itemprop=\"dateCreated\" class=\"qodef-e-info-item qodef-e-info-date entry-date \">\n\t<a itemprop=\"url\" href=\"https:\/\/joyn.eu\/fr-be\/2023\/12\/\">\n\t\t19 D\u00e9c\t<\/a>\n<\/div>\n\t\t<\/div>\n\t\t<div class=\"qodef-e-content\">\n\t\t\t\t\t\t\t<div class=\"qodef-e-info qodef-info--top\">\n\t\t\t\t\t\t\t\t\t<\/div>\n\t\t\t\t\t\t<div class=\"qodef-e-text\">\n\t\t\t\t<h5 itemprop=\"name\" class=\"qodef-e-title entry-title\">\n\t<a itemprop=\"url\" class=\"qodef-e-title-link\" href=\"https:\/\/joyn.eu\/fr-be\/joyn-et-bertrix-main-dans-la-main-sur-le-chemin-du-zero-dechet\/\">\n\t\tJoyn et Bertrix : main dans la main sur le chemin du \u00ab Z\u00e9ro D\u00e9chet \u00bb\t<\/a>\n<\/h5>\n\t\t<p itemprop=\"description\" class=\"qodef-e-excerpt\">\n\t\t\tLe mardi 4 octobre 2022 s&rsquo;est d\u00e9roul\u00e9e la sixi\u00e8me \u00e9dition du salon Smart City Wallonia \u00e0 Marche-en-Famenne. \u00c0 cette occasion, les Smart Region Awards ont r\u00e9compens\u00e9 l\t\t<\/p>\n\t\t\t\t<\/div>\n\t\t\t\t\t\t\t<div class=\"qodef-e-info qodef-info--bottom\">\n\t\t\t\t\t\t<div class=\"qodef-e-read-more\">\n\t\t<a class=\"qodef-shortcode qodef-m qodef-qi-button qodef-html--link qodef-layout--filled qodef-type--icon-boxed qodef-icon--right qodef-hover--icon-move-horizontal-short\" href=\"https:\/\/joyn.eu\/fr-be\/joyn-et-bertrix-main-dans-la-main-sur-le-chemin-du-zero-dechet\/\" target=\"_self\">\t<span class=\"qodef-m-text\">Lire la suite<\/span>\t\t<span class=\"qodef-m-icon\">\t\t<span class=\"qodef-m-icon-inner\">\t\t\t<i aria-hidden=\"true\" class=\"fas fa-angle-right\"><\/i>\t\t\t\t\t<\/span>\t<\/span><\/a>\t<\/div>\n\t\t\t\t<\/div>\n\t\t\t\t\t<\/div>\n\t<\/div>\n<\/article>\n\t<\/div>\n\t<\/div>\n\t\t\t\t<\/div>\n\t\t\t\t<\/div>\n\t\t\t\t\t<\/div>\n\t\t<\/div>\n\t\t\t\t\t<\/div>\n\t\t<\/section>\n\t\t\t\t<\/div>\n\t\t","protected":false},"excerpt":{"rendered":"<p>Un de nos experts en fid\u00e9lit\u00e9 vous contactera dans les plus brefs d\u00e9lais. D\u00e9couvrez les derniers conseils, astuces et tendances en mati\u00e8re de fid\u00e9lit\u00e9, des applications et du shopping 30 Nov Comment bien communiquer quand la Covid se m\u00eale \u00e0 nos f\u00eates ? En tant que commer\u00e7ant local, vous pouvez laisser les choses suivre leur [&hellip;]<\/p>\n","protected":false},"author":1,"featured_media":34369,"parent":50148,"menu_order":0,"comment_status":"closed","ping_status":"closed","template":"","meta":{"_acf_changed":false,"inline_featured_image":false,"footnotes":""},"class_list":["post-50168","page","type-page","status-publish","has-post-thumbnail","hentry"],"acf":[],"yoast_head":"<!-- This site is optimized with the Yoast SEO plugin v27.3 - https:\/\/yoast.com\/product\/yoast-seo-wordpress\/ -->\n<title>Je suis commer\u00e7ant et j&#039;ai une question - Joyn<\/title>\n<meta name=\"description\" content=\"Un de nos experts en fid\u00e9lit\u00e9 vous contactera dans les plus brefs d\u00e9lais.\" \/>\n<meta name=\"robots\" content=\"index, follow, max-snippet:-1, max-image-preview:large, max-video-preview:-1\" \/>\n<link rel=\"canonical\" href=\"https:\/\/joyn.eu\/fr-be\/commercant\/a-propos-de-nous\/contactez-nous\/oui-je-veux-que-vous-envoyiez-une-campagne-pour-moi\/confirmation\/\" \/>\n<meta property=\"og:locale\" content=\"fr_FR\" \/>\n<meta property=\"og:type\" content=\"article\" \/>\n<meta property=\"og:title\" content=\"Je suis commer\u00e7ant et j&#039;ai une question - Joyn\" \/>\n<meta property=\"og:description\" content=\"Un de nos experts en fid\u00e9lit\u00e9 vous contactera dans les plus brefs d\u00e9lais.\" \/>\n<meta property=\"og:url\" content=\"https:\/\/joyn.eu\/fr-be\/commercant\/a-propos-de-nous\/contactez-nous\/oui-je-veux-que-vous-envoyiez-une-campagne-pour-moi\/confirmation\/\" \/>\n<meta property=\"og:site_name\" content=\"Joyn\" \/>\n<meta property=\"article:modified_time\" content=\"2021-12-13T10:52:47+00:00\" \/>\n<meta property=\"og:image\" content=\"https:\/\/joyn.eu\/wp-content\/uploads\/2021\/03\/contact-us.jpg\" \/>\n\t<meta property=\"og:image:width\" content=\"1920\" \/>\n\t<meta property=\"og:image:height\" content=\"936\" \/>\n\t<meta property=\"og:image:type\" content=\"image\/jpeg\" \/>\n<meta name=\"twitter:card\" content=\"summary_large_image\" \/>\n<meta name=\"twitter:label1\" content=\"Dur\u00e9e de lecture est.\" \/>\n\t<meta name=\"twitter:data1\" content=\"2 minutes\" \/>\n<script type=\"application\/ld+json\" class=\"yoast-schema-graph\">{\"@context\":\"https:\\\/\\\/schema.org\",\"@graph\":[{\"@type\":\"WebPage\",\"@id\":\"https:\\\/\\\/joyn.eu\\\/fr-be\\\/commercant\\\/a-propos-de-nous\\\/contactez-nous\\\/oui-je-veux-que-vous-envoyiez-une-campagne-pour-moi\\\/confirmation\\\/\",\"url\":\"https:\\\/\\\/joyn.eu\\\/fr-be\\\/commercant\\\/a-propos-de-nous\\\/contactez-nous\\\/oui-je-veux-que-vous-envoyiez-une-campagne-pour-moi\\\/confirmation\\\/\",\"name\":\"Je suis commer\u00e7ant et j'ai une question - Joyn\",\"isPartOf\":{\"@id\":\"https:\\\/\\\/joyn.eu\\\/fr-be\\\/#website\"},\"primaryImageOfPage\":{\"@id\":\"https:\\\/\\\/joyn.eu\\\/fr-be\\\/commercant\\\/a-propos-de-nous\\\/contactez-nous\\\/oui-je-veux-que-vous-envoyiez-une-campagne-pour-moi\\\/confirmation\\\/#primaryimage\"},\"image\":{\"@id\":\"https:\\\/\\\/joyn.eu\\\/fr-be\\\/commercant\\\/a-propos-de-nous\\\/contactez-nous\\\/oui-je-veux-que-vous-envoyiez-une-campagne-pour-moi\\\/confirmation\\\/#primaryimage\"},\"thumbnailUrl\":\"https:\\\/\\\/joyn.eu\\\/wp-content\\\/uploads\\\/2021\\\/03\\\/contact-us.jpg\",\"datePublished\":\"2021-12-13T10:44:33+00:00\",\"dateModified\":\"2021-12-13T10:52:47+00:00\",\"description\":\"Un de nos experts en fid\u00e9lit\u00e9 vous contactera dans les plus brefs d\u00e9lais.\",\"breadcrumb\":{\"@id\":\"https:\\\/\\\/joyn.eu\\\/fr-be\\\/commercant\\\/a-propos-de-nous\\\/contactez-nous\\\/oui-je-veux-que-vous-envoyiez-une-campagne-pour-moi\\\/confirmation\\\/#breadcrumb\"},\"inLanguage\":\"fr-BE\",\"potentialAction\":[{\"@type\":\"ReadAction\",\"target\":[\"https:\\\/\\\/joyn.eu\\\/fr-be\\\/commercant\\\/a-propos-de-nous\\\/contactez-nous\\\/oui-je-veux-que-vous-envoyiez-une-campagne-pour-moi\\\/confirmation\\\/\"]}]},{\"@type\":\"ImageObject\",\"inLanguage\":\"fr-BE\",\"@id\":\"https:\\\/\\\/joyn.eu\\\/fr-be\\\/commercant\\\/a-propos-de-nous\\\/contactez-nous\\\/oui-je-veux-que-vous-envoyiez-une-campagne-pour-moi\\\/confirmation\\\/#primaryimage\",\"url\":\"https:\\\/\\\/joyn.eu\\\/wp-content\\\/uploads\\\/2021\\\/03\\\/contact-us.jpg\",\"contentUrl\":\"https:\\\/\\\/joyn.eu\\\/wp-content\\\/uploads\\\/2021\\\/03\\\/contact-us.jpg\",\"width\":1920,\"height\":936,\"caption\":\"Comment nous pouvons vous aider ?\"},{\"@type\":\"BreadcrumbList\",\"@id\":\"https:\\\/\\\/joyn.eu\\\/fr-be\\\/commercant\\\/a-propos-de-nous\\\/contactez-nous\\\/oui-je-veux-que-vous-envoyiez-une-campagne-pour-moi\\\/confirmation\\\/#breadcrumb\",\"itemListElement\":[{\"@type\":\"ListItem\",\"position\":1,\"name\":\"Home\",\"item\":\"https:\\\/\\\/joyn.eu\\\/fr-be\\\/home-merchant-new-fr\\\/\"},{\"@type\":\"ListItem\",\"position\":2,\"name\":\"formulaire commer\u00e7ant\",\"item\":\"https:\\\/\\\/joyn.eu\\\/fr-be\\\/formulaire-commercant\\\/\"},{\"@type\":\"ListItem\",\"position\":3,\"name\":\"Oui, je veux que vous envoyiez une campagne pour moi\",\"item\":\"https:\\\/\\\/joyn.eu\\\/fr-be\\\/formulaire-commercant\\\/oui-je-veux-que-vous-envoyiez-une-campagne-pour-moi\\\/\"},{\"@type\":\"ListItem\",\"position\":4,\"name\":\"Je suis commer\u00e7ant et j&#8217;ai une question\"}]},{\"@type\":\"WebSite\",\"@id\":\"https:\\\/\\\/joyn.eu\\\/fr-be\\\/#website\",\"url\":\"https:\\\/\\\/joyn.eu\\\/fr-be\\\/\",\"name\":\"Joyn\",\"description\":\"Quand vos clients deviennent des fans\",\"publisher\":{\"@id\":\"https:\\\/\\\/joyn.eu\\\/fr-be\\\/#organization\"},\"potentialAction\":[{\"@type\":\"SearchAction\",\"target\":{\"@type\":\"EntryPoint\",\"urlTemplate\":\"https:\\\/\\\/joyn.eu\\\/fr-be\\\/?s={search_term_string}\"},\"query-input\":{\"@type\":\"PropertyValueSpecification\",\"valueRequired\":true,\"valueName\":\"search_term_string\"}}],\"inLanguage\":\"fr-BE\"},{\"@type\":\"Organization\",\"@id\":\"https:\\\/\\\/joyn.eu\\\/fr-be\\\/#organization\",\"name\":\"Joyn\",\"url\":\"https:\\\/\\\/joyn.eu\\\/fr-be\\\/\",\"logo\":{\"@type\":\"ImageObject\",\"inLanguage\":\"fr-BE\",\"@id\":\"https:\\\/\\\/joyn.eu\\\/fr-be\\\/#\\\/schema\\\/logo\\\/image\\\/\",\"url\":\"https:\\\/\\\/joyn.eu\\\/wp-content\\\/uploads\\\/2021\\\/02\\\/Blue-green-h40.png\",\"contentUrl\":\"https:\\\/\\\/joyn.eu\\\/wp-content\\\/uploads\\\/2021\\\/02\\\/Blue-green-h40.png\",\"width\":83,\"height\":40,\"caption\":\"Joyn\"},\"image\":{\"@id\":\"https:\\\/\\\/joyn.eu\\\/fr-be\\\/#\\\/schema\\\/logo\\\/image\\\/\"}}]}<\/script>\n<!-- \/ Yoast SEO plugin. -->","yoast_head_json":{"title":"Je suis commer\u00e7ant et j'ai une question - Joyn","description":"Un de nos experts en fid\u00e9lit\u00e9 vous contactera dans les plus brefs d\u00e9lais.","robots":{"index":"index","follow":"follow","max-snippet":"max-snippet:-1","max-image-preview":"max-image-preview:large","max-video-preview":"max-video-preview:-1"},"canonical":"https:\/\/joyn.eu\/fr-be\/commercant\/a-propos-de-nous\/contactez-nous\/oui-je-veux-que-vous-envoyiez-une-campagne-pour-moi\/confirmation\/","og_locale":"fr_FR","og_type":"article","og_title":"Je suis commer\u00e7ant et j'ai une question - Joyn","og_description":"Un de nos experts en fid\u00e9lit\u00e9 vous contactera dans les plus brefs d\u00e9lais.","og_url":"https:\/\/joyn.eu\/fr-be\/commercant\/a-propos-de-nous\/contactez-nous\/oui-je-veux-que-vous-envoyiez-une-campagne-pour-moi\/confirmation\/","og_site_name":"Joyn","article_modified_time":"2021-12-13T10:52:47+00:00","og_image":[{"width":1920,"height":936,"url":"https:\/\/joyn.eu\/wp-content\/uploads\/2021\/03\/contact-us.jpg","type":"image\/jpeg"}],"twitter_card":"summary_large_image","twitter_misc":{"Dur\u00e9e de lecture est.":"2 minutes"},"schema":{"@context":"https:\/\/schema.org","@graph":[{"@type":"WebPage","@id":"https:\/\/joyn.eu\/fr-be\/commercant\/a-propos-de-nous\/contactez-nous\/oui-je-veux-que-vous-envoyiez-une-campagne-pour-moi\/confirmation\/","url":"https:\/\/joyn.eu\/fr-be\/commercant\/a-propos-de-nous\/contactez-nous\/oui-je-veux-que-vous-envoyiez-une-campagne-pour-moi\/confirmation\/","name":"Je suis commer\u00e7ant et j'ai une question - Joyn","isPartOf":{"@id":"https:\/\/joyn.eu\/fr-be\/#website"},"primaryImageOfPage":{"@id":"https:\/\/joyn.eu\/fr-be\/commercant\/a-propos-de-nous\/contactez-nous\/oui-je-veux-que-vous-envoyiez-une-campagne-pour-moi\/confirmation\/#primaryimage"},"image":{"@id":"https:\/\/joyn.eu\/fr-be\/commercant\/a-propos-de-nous\/contactez-nous\/oui-je-veux-que-vous-envoyiez-une-campagne-pour-moi\/confirmation\/#primaryimage"},"thumbnailUrl":"https:\/\/joyn.eu\/wp-content\/uploads\/2021\/03\/contact-us.jpg","datePublished":"2021-12-13T10:44:33+00:00","dateModified":"2021-12-13T10:52:47+00:00","description":"Un de nos experts en fid\u00e9lit\u00e9 vous contactera dans les plus brefs d\u00e9lais.","breadcrumb":{"@id":"https:\/\/joyn.eu\/fr-be\/commercant\/a-propos-de-nous\/contactez-nous\/oui-je-veux-que-vous-envoyiez-une-campagne-pour-moi\/confirmation\/#breadcrumb"},"inLanguage":"fr-BE","potentialAction":[{"@type":"ReadAction","target":["https:\/\/joyn.eu\/fr-be\/commercant\/a-propos-de-nous\/contactez-nous\/oui-je-veux-que-vous-envoyiez-une-campagne-pour-moi\/confirmation\/"]}]},{"@type":"ImageObject","inLanguage":"fr-BE","@id":"https:\/\/joyn.eu\/fr-be\/commercant\/a-propos-de-nous\/contactez-nous\/oui-je-veux-que-vous-envoyiez-une-campagne-pour-moi\/confirmation\/#primaryimage","url":"https:\/\/joyn.eu\/wp-content\/uploads\/2021\/03\/contact-us.jpg","contentUrl":"https:\/\/joyn.eu\/wp-content\/uploads\/2021\/03\/contact-us.jpg","width":1920,"height":936,"caption":"Comment nous pouvons vous aider ?"},{"@type":"BreadcrumbList","@id":"https:\/\/joyn.eu\/fr-be\/commercant\/a-propos-de-nous\/contactez-nous\/oui-je-veux-que-vous-envoyiez-une-campagne-pour-moi\/confirmation\/#breadcrumb","itemListElement":[{"@type":"ListItem","position":1,"name":"Home","item":"https:\/\/joyn.eu\/fr-be\/home-merchant-new-fr\/"},{"@type":"ListItem","position":2,"name":"formulaire commer\u00e7ant","item":"https:\/\/joyn.eu\/fr-be\/formulaire-commercant\/"},{"@type":"ListItem","position":3,"name":"Oui, je veux que vous envoyiez une campagne pour moi","item":"https:\/\/joyn.eu\/fr-be\/formulaire-commercant\/oui-je-veux-que-vous-envoyiez-une-campagne-pour-moi\/"},{"@type":"ListItem","position":4,"name":"Je suis commer\u00e7ant et j&#8217;ai une question"}]},{"@type":"WebSite","@id":"https:\/\/joyn.eu\/fr-be\/#website","url":"https:\/\/joyn.eu\/fr-be\/","name":"Joyn","description":"Quand vos clients deviennent des fans","publisher":{"@id":"https:\/\/joyn.eu\/fr-be\/#organization"},"potentialAction":[{"@type":"SearchAction","target":{"@type":"EntryPoint","urlTemplate":"https:\/\/joyn.eu\/fr-be\/?s={search_term_string}"},"query-input":{"@type":"PropertyValueSpecification","valueRequired":true,"valueName":"search_term_string"}}],"inLanguage":"fr-BE"},{"@type":"Organization","@id":"https:\/\/joyn.eu\/fr-be\/#organization","name":"Joyn","url":"https:\/\/joyn.eu\/fr-be\/","logo":{"@type":"ImageObject","inLanguage":"fr-BE","@id":"https:\/\/joyn.eu\/fr-be\/#\/schema\/logo\/image\/","url":"https:\/\/joyn.eu\/wp-content\/uploads\/2021\/02\/Blue-green-h40.png","contentUrl":"https:\/\/joyn.eu\/wp-content\/uploads\/2021\/02\/Blue-green-h40.png","width":83,"height":40,"caption":"Joyn"},"image":{"@id":"https:\/\/joyn.eu\/fr-be\/#\/schema\/logo\/image\/"}}]}},"_links":{"self":[{"href":"https:\/\/joyn.eu\/fr-be\/wp-json\/wp\/v2\/pages\/50168","targetHints":{"allow":["GET"]}}],"collection":[{"href":"https:\/\/joyn.eu\/fr-be\/wp-json\/wp\/v2\/pages"}],"about":[{"href":"https:\/\/joyn.eu\/fr-be\/wp-json\/wp\/v2\/types\/page"}],"author":[{"embeddable":true,"href":"https:\/\/joyn.eu\/fr-be\/wp-json\/wp\/v2\/users\/1"}],"replies":[{"embeddable":true,"href":"https:\/\/joyn.eu\/fr-be\/wp-json\/wp\/v2\/comments?post=50168"}],"version-history":[{"count":8,"href":"https:\/\/joyn.eu\/fr-be\/wp-json\/wp\/v2\/pages\/50168\/revisions"}],"predecessor-version":[{"id":50423,"href":"https:\/\/joyn.eu\/fr-be\/wp-json\/wp\/v2\/pages\/50168\/revisions\/50423"}],"up":[{"embeddable":true,"href":"https:\/\/joyn.eu\/fr-be\/wp-json\/wp\/v2\/pages\/50148"}],"wp:featuredmedia":[{"embeddable":true,"href":"https:\/\/joyn.eu\/fr-be\/wp-json\/wp\/v2\/media\/34369"}],"wp:attachment":[{"href":"https:\/\/joyn.eu\/fr-be\/wp-json\/wp\/v2\/media?parent=50168"}],"curies":[{"name":"wp","href":"https:\/\/api.w.org\/{rel}","templated":true}]}}