{"id":49668,"date":"2021-11-02T20:27:29","date_gmt":"2021-11-02T20:27:29","guid":{"rendered":"https:\/\/joyn.eu\/exit-intent-meer-info\/"},"modified":"2021-11-19T14:09:12","modified_gmt":"2021-11-19T14:09:12","slug":"exit-intent-plus-info","status":"publish","type":"page","link":"https:\/\/joyn.eu\/fr-be\/commercant\/a-propos-de-nous\/contactez-nous\/exit-intent-plus-info\/","title":{"rendered":"exit intent plus d&rsquo;info"},"content":{"rendered":"\t\t<div data-elementor-type=\"wp-page\" data-elementor-id=\"49668\" class=\"elementor elementor-49668 elementor-48328\" data-elementor-post-type=\"page\">\n\t\t\t\t\t\t<section class=\"elementor-section elementor-top-section elementor-element elementor-element-bdee734 elementor-section-boxed elementor-section-height-default elementor-section-height-default\" data-id=\"bdee734\" data-element_type=\"section\" data-e-type=\"section\" data-settings=\"{&quot;background_background&quot;:&quot;classic&quot;}\">\n\t\t\t\t\t\t<div class=\"elementor-container elementor-column-gap-default\">\n\t\t\t\t\t<div class=\"elementor-column elementor-col-100 elementor-top-column elementor-element elementor-element-460527f\" data-id=\"460527f\" data-element_type=\"column\" data-e-type=\"column\">\n\t\t\t<div class=\"elementor-widget-wrap elementor-element-populated\">\n\t\t\t\t\t\t<div class=\"elementor-element elementor-element-7cc3690 elementor-widget elementor-widget-heading\" data-id=\"7cc3690\" data-element_type=\"widget\" data-e-type=\"widget\" data-widget_type=\"heading.default\">\n\t\t\t\t<div class=\"elementor-widget-container\">\n\t\t\t\t\t<h2 class=\"elementor-heading-title elementor-size-default\">Nous avons bien re\u00e7u votre demande<\/h2>\t\t\t\t<\/div>\n\t\t\t\t<\/div>\n\t\t\t\t<div class=\"elementor-element elementor-element-4b7268e elementor-widget elementor-widget-text-editor\" data-id=\"4b7268e\" data-element_type=\"widget\" data-e-type=\"widget\" data-widget_type=\"text-editor.default\">\n\t\t\t\t<div class=\"elementor-widget-container\">\n\t\t\t\t\t\t\t\t\t<p style=\"text-align: center;\"><span style=\"font-size: 20px;\">Afin de nous pr\u00e9parer de mani\u00e8re optimale et de vous aider au mieux, nous aimerions vous poser quelques questions suppl\u00e9mentaires. Cela prend moins d&rsquo;une minute et nous pouvons vous aider 10 fois plus rapidement. Lorsque nous aurons re\u00e7u vos r\u00e9ponses, moi-m\u00eame ou un de mes coll\u00e8gues vous contactera dans les plus brefs d\u00e9lais.<\/span><\/p>\t\t\t\t\t\t\t\t<\/div>\n\t\t\t\t<\/div>\n\t\t\t\t\t<\/div>\n\t\t<\/div>\n\t\t\t\t\t<\/div>\n\t\t<\/section>\n\t\t\t\t<section class=\"elementor-section elementor-top-section elementor-element elementor-element-b0d07fb elementor-section-boxed elementor-section-height-default elementor-section-height-default\" data-id=\"b0d07fb\" data-element_type=\"section\" data-e-type=\"section\">\n\t\t\t\t\t\t<div class=\"elementor-container elementor-column-gap-default\">\n\t\t\t\t\t<div class=\"elementor-column elementor-col-100 elementor-top-column elementor-element elementor-element-ce470f5\" data-id=\"ce470f5\" data-element_type=\"column\" data-e-type=\"column\">\n\t\t\t<div class=\"elementor-widget-wrap elementor-element-populated\">\n\t\t\t\t\t\t<div class=\"elementor-element elementor-element-9d7de9c elementor-widget elementor-widget-shortcode\" data-id=\"9d7de9c\" data-element_type=\"widget\" data-e-type=\"widget\" data-widget_type=\"shortcode.default\">\n\t\t\t\t<div class=\"elementor-widget-container\">\n\t\t\t\t\t\t\t<div class=\"elementor-shortcode\">[hubspot type=form portal=4513559 id=4948285a-a889-42e9-bf77-d3f2e76bef16]<\/div>\n\t\t\t\t\t\t<\/div>\n\t\t\t\t<\/div>\n\t\t\t\t\t<\/div>\n\t\t<\/div>\n\t\t\t\t\t<\/div>\n\t\t<\/section>\n\t\t\t\t<\/div>\n\t\t","protected":false},"excerpt":{"rendered":"<p>Nous avons bien re\u00e7u votre demande Afin de nous pr\u00e9parer de mani\u00e8re optimale et de vous aider au mieux, nous aimerions vous poser quelques questions suppl\u00e9mentaires. Cela prend moins d&rsquo;une minute et nous pouvons vous aider 10 fois plus rapidement. Lorsque nous aurons re\u00e7u vos r\u00e9ponses, moi-m\u00eame ou un de mes coll\u00e8gues vous contactera dans [&hellip;]<\/p>\n","protected":false},"author":1,"featured_media":0,"parent":59667,"menu_order":0,"comment_status":"closed","ping_status":"closed","template":"","meta":{"_acf_changed":false,"inline_featured_image":false,"footnotes":""},"class_list":["post-49668","page","type-page","status-publish","hentry"],"acf":[],"yoast_head":"<!-- This site is optimized with the Yoast SEO plugin v27.5 - https:\/\/yoast.com\/product\/yoast-seo-wordpress\/ -->\n<title>exit intent plus d&#039;info - Joyn<\/title>\n<meta name=\"robots\" content=\"index, follow, max-snippet:-1, max-image-preview:large, max-video-preview:-1\" \/>\n<link rel=\"canonical\" href=\"https:\/\/joyn.eu\/fr-be\/commercant\/a-propos-de-nous\/contactez-nous\/exit-intent-plus-info\/\" \/>\n<meta property=\"og:locale\" content=\"fr_FR\" \/>\n<meta property=\"og:type\" content=\"article\" \/>\n<meta property=\"og:title\" content=\"exit intent plus d&#039;info - Joyn\" \/>\n<meta property=\"og:description\" content=\"Nous avons bien re\u00e7u votre demande Afin de nous pr\u00e9parer de mani\u00e8re optimale et de vous aider au mieux, nous aimerions vous poser quelques questions suppl\u00e9mentaires. Cela prend moins d&rsquo;une minute et nous pouvons vous aider 10 fois plus rapidement. Lorsque nous aurons re\u00e7u vos r\u00e9ponses, moi-m\u00eame ou un de mes coll\u00e8gues vous contactera dans [&hellip;]\" \/>\n<meta property=\"og:url\" content=\"https:\/\/joyn.eu\/fr-be\/commercant\/a-propos-de-nous\/contactez-nous\/exit-intent-plus-info\/\" \/>\n<meta property=\"og:site_name\" content=\"Joyn\" \/>\n<meta property=\"article:modified_time\" content=\"2021-11-19T14:09:12+00:00\" \/>\n<meta name=\"twitter:card\" content=\"summary_large_image\" \/>\n<meta name=\"twitter:label1\" content=\"Dur\u00e9e de lecture est.\" \/>\n\t<meta name=\"twitter:data1\" content=\"1 minute\" \/>\n<script type=\"application\/ld+json\" class=\"yoast-schema-graph\">{\"@context\":\"https:\\\/\\\/schema.org\",\"@graph\":[{\"@type\":\"WebPage\",\"@id\":\"https:\\\/\\\/joyn.eu\\\/fr-be\\\/commercant\\\/a-propos-de-nous\\\/contactez-nous\\\/exit-intent-plus-info\\\/\",\"url\":\"https:\\\/\\\/joyn.eu\\\/fr-be\\\/commercant\\\/a-propos-de-nous\\\/contactez-nous\\\/exit-intent-plus-info\\\/\",\"name\":\"exit intent plus d'info - Joyn\",\"isPartOf\":{\"@id\":\"https:\\\/\\\/joyn.eu\\\/fr-be\\\/#website\"},\"datePublished\":\"2021-11-02T20:27:29+00:00\",\"dateModified\":\"2021-11-19T14:09:12+00:00\",\"breadcrumb\":{\"@id\":\"https:\\\/\\\/joyn.eu\\\/fr-be\\\/commercant\\\/a-propos-de-nous\\\/contactez-nous\\\/exit-intent-plus-info\\\/#breadcrumb\"},\"inLanguage\":\"fr-BE\",\"potentialAction\":[{\"@type\":\"ReadAction\",\"target\":[\"https:\\\/\\\/joyn.eu\\\/fr-be\\\/commercant\\\/a-propos-de-nous\\\/contactez-nous\\\/exit-intent-plus-info\\\/\"]}]},{\"@type\":\"BreadcrumbList\",\"@id\":\"https:\\\/\\\/joyn.eu\\\/fr-be\\\/commercant\\\/a-propos-de-nous\\\/contactez-nous\\\/exit-intent-plus-info\\\/#breadcrumb\",\"itemListElement\":[{\"@type\":\"ListItem\",\"position\":1,\"name\":\"Home\",\"item\":\"https:\\\/\\\/joyn.eu\\\/fr-be\\\/home-merchant-new-fr\\\/\"},{\"@type\":\"ListItem\",\"position\":2,\"name\":\"formulaire commer\u00e7ant\",\"item\":\"https:\\\/\\\/joyn.eu\\\/fr-be\\\/formulaire-commercant\\\/\"},{\"@type\":\"ListItem\",\"position\":3,\"name\":\"exit intent plus d&#8217;info\"}]},{\"@type\":\"WebSite\",\"@id\":\"https:\\\/\\\/joyn.eu\\\/fr-be\\\/#website\",\"url\":\"https:\\\/\\\/joyn.eu\\\/fr-be\\\/\",\"name\":\"Joyn\",\"description\":\"Quand vos clients deviennent des fans\",\"publisher\":{\"@id\":\"https:\\\/\\\/joyn.eu\\\/fr-be\\\/#organization\"},\"potentialAction\":[{\"@type\":\"SearchAction\",\"target\":{\"@type\":\"EntryPoint\",\"urlTemplate\":\"https:\\\/\\\/joyn.eu\\\/fr-be\\\/?s={search_term_string}\"},\"query-input\":{\"@type\":\"PropertyValueSpecification\",\"valueRequired\":true,\"valueName\":\"search_term_string\"}}],\"inLanguage\":\"fr-BE\"},{\"@type\":\"Organization\",\"@id\":\"https:\\\/\\\/joyn.eu\\\/fr-be\\\/#organization\",\"name\":\"Joyn\",\"url\":\"https:\\\/\\\/joyn.eu\\\/fr-be\\\/\",\"logo\":{\"@type\":\"ImageObject\",\"inLanguage\":\"fr-BE\",\"@id\":\"https:\\\/\\\/joyn.eu\\\/fr-be\\\/#\\\/schema\\\/logo\\\/image\\\/\",\"url\":\"https:\\\/\\\/joyn.eu\\\/wp-content\\\/uploads\\\/2021\\\/02\\\/Blue-green-h40.png\",\"contentUrl\":\"https:\\\/\\\/joyn.eu\\\/wp-content\\\/uploads\\\/2021\\\/02\\\/Blue-green-h40.png\",\"width\":83,\"height\":40,\"caption\":\"Joyn\"},\"image\":{\"@id\":\"https:\\\/\\\/joyn.eu\\\/fr-be\\\/#\\\/schema\\\/logo\\\/image\\\/\"}}]}<\/script>\n<!-- \/ Yoast SEO plugin. -->","yoast_head_json":{"title":"exit intent plus d'info - Joyn","robots":{"index":"index","follow":"follow","max-snippet":"max-snippet:-1","max-image-preview":"max-image-preview:large","max-video-preview":"max-video-preview:-1"},"canonical":"https:\/\/joyn.eu\/fr-be\/commercant\/a-propos-de-nous\/contactez-nous\/exit-intent-plus-info\/","og_locale":"fr_FR","og_type":"article","og_title":"exit intent plus d'info - Joyn","og_description":"Nous avons bien re\u00e7u votre demande Afin de nous pr\u00e9parer de mani\u00e8re optimale et de vous aider au mieux, nous aimerions vous poser quelques questions suppl\u00e9mentaires. Cela prend moins d&rsquo;une minute et nous pouvons vous aider 10 fois plus rapidement. Lorsque nous aurons re\u00e7u vos r\u00e9ponses, moi-m\u00eame ou un de mes coll\u00e8gues vous contactera dans [&hellip;]","og_url":"https:\/\/joyn.eu\/fr-be\/commercant\/a-propos-de-nous\/contactez-nous\/exit-intent-plus-info\/","og_site_name":"Joyn","article_modified_time":"2021-11-19T14:09:12+00:00","twitter_card":"summary_large_image","twitter_misc":{"Dur\u00e9e de lecture est.":"1 minute"},"schema":{"@context":"https:\/\/schema.org","@graph":[{"@type":"WebPage","@id":"https:\/\/joyn.eu\/fr-be\/commercant\/a-propos-de-nous\/contactez-nous\/exit-intent-plus-info\/","url":"https:\/\/joyn.eu\/fr-be\/commercant\/a-propos-de-nous\/contactez-nous\/exit-intent-plus-info\/","name":"exit intent plus d'info - Joyn","isPartOf":{"@id":"https:\/\/joyn.eu\/fr-be\/#website"},"datePublished":"2021-11-02T20:27:29+00:00","dateModified":"2021-11-19T14:09:12+00:00","breadcrumb":{"@id":"https:\/\/joyn.eu\/fr-be\/commercant\/a-propos-de-nous\/contactez-nous\/exit-intent-plus-info\/#breadcrumb"},"inLanguage":"fr-BE","potentialAction":[{"@type":"ReadAction","target":["https:\/\/joyn.eu\/fr-be\/commercant\/a-propos-de-nous\/contactez-nous\/exit-intent-plus-info\/"]}]},{"@type":"BreadcrumbList","@id":"https:\/\/joyn.eu\/fr-be\/commercant\/a-propos-de-nous\/contactez-nous\/exit-intent-plus-info\/#breadcrumb","itemListElement":[{"@type":"ListItem","position":1,"name":"Home","item":"https:\/\/joyn.eu\/fr-be\/home-merchant-new-fr\/"},{"@type":"ListItem","position":2,"name":"formulaire commer\u00e7ant","item":"https:\/\/joyn.eu\/fr-be\/formulaire-commercant\/"},{"@type":"ListItem","position":3,"name":"exit intent plus d&#8217;info"}]},{"@type":"WebSite","@id":"https:\/\/joyn.eu\/fr-be\/#website","url":"https:\/\/joyn.eu\/fr-be\/","name":"Joyn","description":"Quand vos clients deviennent des fans","publisher":{"@id":"https:\/\/joyn.eu\/fr-be\/#organization"},"potentialAction":[{"@type":"SearchAction","target":{"@type":"EntryPoint","urlTemplate":"https:\/\/joyn.eu\/fr-be\/?s={search_term_string}"},"query-input":{"@type":"PropertyValueSpecification","valueRequired":true,"valueName":"search_term_string"}}],"inLanguage":"fr-BE"},{"@type":"Organization","@id":"https:\/\/joyn.eu\/fr-be\/#organization","name":"Joyn","url":"https:\/\/joyn.eu\/fr-be\/","logo":{"@type":"ImageObject","inLanguage":"fr-BE","@id":"https:\/\/joyn.eu\/fr-be\/#\/schema\/logo\/image\/","url":"https:\/\/joyn.eu\/wp-content\/uploads\/2021\/02\/Blue-green-h40.png","contentUrl":"https:\/\/joyn.eu\/wp-content\/uploads\/2021\/02\/Blue-green-h40.png","width":83,"height":40,"caption":"Joyn"},"image":{"@id":"https:\/\/joyn.eu\/fr-be\/#\/schema\/logo\/image\/"}}]}},"_links":{"self":[{"href":"https:\/\/joyn.eu\/fr-be\/wp-json\/wp\/v2\/pages\/49668","targetHints":{"allow":["GET"]}}],"collection":[{"href":"https:\/\/joyn.eu\/fr-be\/wp-json\/wp\/v2\/pages"}],"about":[{"href":"https:\/\/joyn.eu\/fr-be\/wp-json\/wp\/v2\/types\/page"}],"author":[{"embeddable":true,"href":"https:\/\/joyn.eu\/fr-be\/wp-json\/wp\/v2\/users\/1"}],"replies":[{"embeddable":true,"href":"https:\/\/joyn.eu\/fr-be\/wp-json\/wp\/v2\/comments?post=49668"}],"version-history":[{"count":9,"href":"https:\/\/joyn.eu\/fr-be\/wp-json\/wp\/v2\/pages\/49668\/revisions"}],"predecessor-version":[{"id":49681,"href":"https:\/\/joyn.eu\/fr-be\/wp-json\/wp\/v2\/pages\/49668\/revisions\/49681"}],"up":[{"embeddable":true,"href":"https:\/\/joyn.eu\/fr-be\/wp-json\/wp\/v2\/pages\/59667"}],"wp:attachment":[{"href":"https:\/\/joyn.eu\/fr-be\/wp-json\/wp\/v2\/media?parent=49668"}],"curies":[{"name":"wp","href":"https:\/\/api.w.org\/{rel}","templated":true}]}}