{"id":49194,"date":"2021-09-07T16:18:39","date_gmt":"2021-09-07T16:18:39","guid":{"rendered":"https:\/\/joyn.eu\/utilisateur\/centre-daide\/beloningen\/"},"modified":"2025-04-30T11:57:50","modified_gmt":"2025-04-30T11:57:50","slug":"recompenses","status":"publish","type":"page","link":"https:\/\/joyn.eu\/fr-be\/consument-old\/centre-daide\/recompenses\/","title":{"rendered":"R\u00e9compenses\u200b"},"content":{"rendered":"\t\t<div data-elementor-type=\"wp-page\" data-elementor-id=\"49194\" class=\"elementor elementor-49194 elementor-42737\" data-elementor-post-type=\"page\">\n\t\t\t\t\t\t<section class=\"elementor-section elementor-top-section elementor-element elementor-element-4038283 elementor-section-boxed elementor-section-height-default elementor-section-height-default\" data-id=\"4038283\" data-element_type=\"section\" data-e-type=\"section\">\n\t\t\t\t\t\t<div class=\"elementor-container elementor-column-gap-default\">\n\t\t\t\t\t<div class=\"elementor-column elementor-col-100 elementor-top-column elementor-element elementor-element-806fd76\" data-id=\"806fd76\" data-element_type=\"column\" data-e-type=\"column\">\n\t\t\t<div class=\"elementor-widget-wrap elementor-element-populated\">\n\t\t\t\t\t\t<div class=\"elementor-element elementor-element-e762da4 elementor-widget elementor-widget-qi_addons_for_elementor_blog_list\" data-id=\"e762da4\" data-element_type=\"widget\" data-e-type=\"widget\" data-widget_type=\"qi_addons_for_elementor_blog_list.default\">\n\t\t\t\t<div class=\"elementor-widget-container\">\n\t\t\t\t\t<div class=\"qodef-shortcode qodef-m qodef-addons-blog-list qodef-info-no-icons qodef-image--hover-zoom qodef-qi-grid qodef-layout--qi-columns qodef-col-num--3 qodef-item-layout--boxed qodef-responsive--predefined\" >\n\t<div class=\"qodef-grid-inner\">\n\t\t<article class=\"qodef-e qodef-blog-item qodef-grid-item qodef-item--square post-43174 post type-post status-publish format-standard hentry category-centre-daide category-recompenses\">\n\t<div class=\"qodef-e-inner\">\n\t\t<div class=\"qodef-e-media-holder\">\n\t\t\t<div class=\"qodef-e-media\">\n\t<\/div>\n<div itemprop=\"dateCreated\" class=\"qodef-e-info-item qodef-e-info-date entry-date \">\n\t<a itemprop=\"url\" href=\"https:\/\/joyn.eu\/fr-be\/2021\/09\/\">\n\t\t1 Sep\t<\/a>\n<\/div>\n\t\t<\/div>\n\t\t<div class=\"qodef-e-content\">\n\t\t\t\t\t\t\t<div class=\"qodef-e-info qodef-info--top\">\n\t\t\t\t\t<div class=\"qodef-e-info-item qodef-e-info-author\">\n\t<a itemprop=\"author\" class=\"qodef-e-info-author-link\" href=\"https:\/\/joyn.eu\/fr-be\/author\/joyn-admin\/\">\n\t\t\t\tAdmin\t<\/a>\n<\/div>\n\t\t\t\t<\/div>\n\t\t\t\t\t\t<div class=\"qodef-e-text\">\n\t\t\t\t<h5 itemprop=\"name\" class=\"qodef-e-title entry-title\">\n\t<a itemprop=\"url\" class=\"qodef-e-title-link\" href=\"https:\/\/joyn.eu\/fr-be\/comment-prendre-une-recompense-2\/\">\n\t\tComment prendre une r\u00e9compense ?\t<\/a>\n<\/h5>\n\t\t<p itemprop=\"description\" class=\"qodef-e-excerpt\">\n\t\t\tEerst en vooral is de voorwaarde natuurlijk dat je voldoende punten verzameld hebt voor de beloning. Vervolgens kan je bij de handelaar volgende stappen volgen: 1. Scan de QR-code\t\t<\/p>\n\t\t\t\t<\/div>\n\t\t\t\t\t<\/div>\n\t<\/div>\n<\/article>\n<article class=\"qodef-e qodef-blog-item qodef-grid-item qodef-item--square post-43265 post type-post status-publish format-standard hentry category-centre-daide category-recompenses\">\n\t<div class=\"qodef-e-inner\">\n\t\t<div class=\"qodef-e-media-holder\">\n\t\t\t<div class=\"qodef-e-media\">\n\t<\/div>\n<div itemprop=\"dateCreated\" class=\"qodef-e-info-item qodef-e-info-date entry-date \">\n\t<a itemprop=\"url\" href=\"https:\/\/joyn.eu\/fr-be\/2021\/09\/\">\n\t\t1 Sep\t<\/a>\n<\/div>\n\t\t<\/div>\n\t\t<div class=\"qodef-e-content\">\n\t\t\t\t\t\t\t<div class=\"qodef-e-info qodef-info--top\">\n\t\t\t\t\t<div class=\"qodef-e-info-item qodef-e-info-author\">\n\t<a itemprop=\"author\" class=\"qodef-e-info-author-link\" href=\"https:\/\/joyn.eu\/fr-be\/author\/joyn-admin\/\">\n\t\t\t\tAdmin\t<\/a>\n<\/div>\n\t\t\t\t<\/div>\n\t\t\t\t\t\t<div class=\"qodef-e-text\">\n\t\t\t\t<h5 itemprop=\"name\" class=\"qodef-e-title entry-title\">\n\t<a itemprop=\"url\" class=\"qodef-e-title-link\" href=\"https:\/\/joyn.eu\/fr-be\/ou-trouver-un-apercu-de-toutes-les-recompenses-proposees-par-un-commercant\/\">\n\t\tO\u00f9 trouver un aper\u00e7u de toutes les r\u00e9compenses propos\u00e9es par un commer\u00e7ant ?\t<\/a>\n<\/h5>\n\t\t<p itemprop=\"description\" class=\"qodef-e-excerpt\">\n\t\t\tNatuurlijk weet je graag waarvoor je spaart en dat begrijpen Joyn en je favoriete handelaar maar al te goed. Er zijn verschillende mogelijkheden om te zien welke beloningen je hand\t\t<\/p>\n\t\t\t\t<\/div>\n\t\t\t\t\t<\/div>\n\t<\/div>\n<\/article>\n<article class=\"qodef-e qodef-blog-item qodef-grid-item qodef-item--square post-43264 post type-post status-publish format-standard hentry category-centre-daide category-recompenses\">\n\t<div class=\"qodef-e-inner\">\n\t\t<div class=\"qodef-e-media-holder\">\n\t\t\t<div class=\"qodef-e-media\">\n\t<\/div>\n<div itemprop=\"dateCreated\" class=\"qodef-e-info-item qodef-e-info-date entry-date \">\n\t<a itemprop=\"url\" href=\"https:\/\/joyn.eu\/fr-be\/2021\/09\/\">\n\t\t1 Sep\t<\/a>\n<\/div>\n\t\t<\/div>\n\t\t<div class=\"qodef-e-content\">\n\t\t\t\t\t\t\t<div class=\"qodef-e-info qodef-info--top\">\n\t\t\t\t\t<div class=\"qodef-e-info-item qodef-e-info-author\">\n\t<a itemprop=\"author\" class=\"qodef-e-info-author-link\" href=\"https:\/\/joyn.eu\/fr-be\/author\/joyn-admin\/\">\n\t\t\t\tAdmin\t<\/a>\n<\/div>\n\t\t\t\t<\/div>\n\t\t\t\t\t\t<div class=\"qodef-e-text\">\n\t\t\t\t<h5 itemprop=\"name\" class=\"qodef-e-title entry-title\">\n\t<a itemprop=\"url\" class=\"qodef-e-title-link\" href=\"https:\/\/joyn.eu\/fr-be\/quest-ce-quune-recompense\/\">\n\t\tQu\u2019est-ce qu\u2019une r\u00e9compense ?\t<\/a>\n<\/h5>\n\t\t<p itemprop=\"description\" class=\"qodef-e-excerpt\">\n\t\t\tMet een beloning bedankt je handelaar jou voor je loyaliteit. Een oprechte \u2018Danku\u2019 en \u2018Fijne dag\u2019 doet je misschien wel sprankelen. Maar een leuke, tastbare beloning doet j\t\t<\/p>\n\t\t\t\t<\/div>\n\t\t\t\t\t<\/div>\n\t<\/div>\n<\/article>\n<article class=\"qodef-e qodef-blog-item qodef-grid-item qodef-item--square post-43266 post type-post status-publish format-standard hentry category-centre-daide category-kbc-cbc-fr-be category-recompenses\">\n\t<div class=\"qodef-e-inner\">\n\t\t<div class=\"qodef-e-media-holder\">\n\t\t\t<div class=\"qodef-e-media\">\n\t<\/div>\n<div itemprop=\"dateCreated\" class=\"qodef-e-info-item qodef-e-info-date entry-date \">\n\t<a itemprop=\"url\" href=\"https:\/\/joyn.eu\/fr-be\/2021\/09\/\">\n\t\t1 Sep\t<\/a>\n<\/div>\n\t\t<\/div>\n\t\t<div class=\"qodef-e-content\">\n\t\t\t\t\t\t\t<div class=\"qodef-e-info qodef-info--top\">\n\t\t\t\t\t<div class=\"qodef-e-info-item qodef-e-info-author\">\n\t<a itemprop=\"author\" class=\"qodef-e-info-author-link\" href=\"https:\/\/joyn.eu\/fr-be\/author\/joyn-admin\/\">\n\t\t\t\tAdmin\t<\/a>\n<\/div>\n\t\t\t\t<\/div>\n\t\t\t\t\t\t<div class=\"qodef-e-text\">\n\t\t\t\t<h5 itemprop=\"name\" class=\"qodef-e-title entry-title\">\n\t<a itemprop=\"url\" class=\"qodef-e-title-link\" href=\"https:\/\/joyn.eu\/fr-be\/comment-prendre-une-recompenses-avec-kbc-cbc-mobile\/\">\n\t\tComment prendre une r\u00e9compenses avec KBC\/CBC Mobile ?\t<\/a>\n<\/h5>\n\t\t<p itemprop=\"description\" class=\"qodef-e-excerpt\">\n\t\t\tWanneer je bij de handelaar aan de kassa staat doe je het volgende:\u00a0 1. Open KBC\/CBC Mobile.\u00a0 2. Druk rechts onderaan op \u2018Extra diensten\u2019.\u00a0 3. Selecteer Joyn. 4. Druk op de\t\t<\/p>\n\t\t\t\t<\/div>\n\t\t\t\t\t<\/div>\n\t<\/div>\n<\/article>\n\t<\/div>\n\t<\/div>\n\t\t\t\t<\/div>\n\t\t\t\t<\/div>\n\t\t\t\t\t<\/div>\n\t\t<\/div>\n\t\t\t\t\t<\/div>\n\t\t<\/section>\n\t\t\t\t<\/div>\n\t\t","protected":false},"excerpt":{"rendered":"<p>1 Sep Admin Comment prendre une r\u00e9compense ? Eerst en vooral is de voorwaarde natuurlijk dat je voldoende punten verzameld hebt voor de beloning. Vervolgens kan je bij de handelaar volgende stappen volgen: 1. Scan de QR-code 1 Sep Admin O\u00f9 trouver un aper\u00e7u de toutes les r\u00e9compenses propos\u00e9es par un commer\u00e7ant ? Natuurlijk weet [&hellip;]<\/p>\n","protected":false},"author":1,"featured_media":0,"parent":32095,"menu_order":0,"comment_status":"closed","ping_status":"closed","template":"","meta":{"_acf_changed":false,"inline_featured_image":false,"footnotes":""},"class_list":["post-49194","page","type-page","status-publish","hentry"],"acf":[],"yoast_head":"<!-- This site is optimized with the Yoast SEO plugin v27.3 - https:\/\/yoast.com\/product\/yoast-seo-wordpress\/ -->\n<title>R\u00e9compenses\u200b - Joyn<\/title>\n<meta name=\"robots\" content=\"index, follow, max-snippet:-1, max-image-preview:large, max-video-preview:-1\" \/>\n<link rel=\"canonical\" href=\"https:\/\/joyn.eu\/fr-be\/consument-old\/centre-daide\/recompenses\/\" \/>\n<meta property=\"og:locale\" content=\"fr_FR\" \/>\n<meta property=\"og:type\" content=\"article\" \/>\n<meta property=\"og:title\" content=\"R\u00e9compenses\u200b - Joyn\" \/>\n<meta property=\"og:description\" content=\"1 Sep Admin Comment prendre une r\u00e9compense ? Eerst en vooral is de voorwaarde natuurlijk dat je voldoende punten verzameld hebt voor de beloning. Vervolgens kan je bij de handelaar volgende stappen volgen: 1. Scan de QR-code 1 Sep Admin O\u00f9 trouver un aper\u00e7u de toutes les r\u00e9compenses propos\u00e9es par un commer\u00e7ant ? Natuurlijk weet [&hellip;]\" \/>\n<meta property=\"og:url\" content=\"https:\/\/joyn.eu\/fr-be\/consument-old\/centre-daide\/recompenses\/\" \/>\n<meta property=\"og:site_name\" content=\"Joyn\" \/>\n<meta property=\"article:modified_time\" content=\"2025-04-30T11:57:50+00:00\" \/>\n<meta name=\"twitter:card\" content=\"summary_large_image\" \/>\n<meta name=\"twitter:label1\" content=\"Dur\u00e9e de lecture est.\" \/>\n\t<meta name=\"twitter:data1\" content=\"1 minute\" \/>\n<script type=\"application\/ld+json\" class=\"yoast-schema-graph\">{\"@context\":\"https:\\\/\\\/schema.org\",\"@graph\":[{\"@type\":\"WebPage\",\"@id\":\"https:\\\/\\\/joyn.eu\\\/fr-be\\\/consument-old\\\/centre-daide\\\/recompenses\\\/\",\"url\":\"https:\\\/\\\/joyn.eu\\\/fr-be\\\/consument-old\\\/centre-daide\\\/recompenses\\\/\",\"name\":\"R\u00e9compenses\u200b - Joyn\",\"isPartOf\":{\"@id\":\"https:\\\/\\\/joyn.eu\\\/fr-be\\\/#website\"},\"datePublished\":\"2021-09-07T16:18:39+00:00\",\"dateModified\":\"2025-04-30T11:57:50+00:00\",\"breadcrumb\":{\"@id\":\"https:\\\/\\\/joyn.eu\\\/fr-be\\\/consument-old\\\/centre-daide\\\/recompenses\\\/#breadcrumb\"},\"inLanguage\":\"fr-BE\",\"potentialAction\":[{\"@type\":\"ReadAction\",\"target\":[\"https:\\\/\\\/joyn.eu\\\/fr-be\\\/consument-old\\\/centre-daide\\\/recompenses\\\/\"]}]},{\"@type\":\"BreadcrumbList\",\"@id\":\"https:\\\/\\\/joyn.eu\\\/fr-be\\\/consument-old\\\/centre-daide\\\/recompenses\\\/#breadcrumb\",\"itemListElement\":[{\"@type\":\"ListItem\",\"position\":1,\"name\":\"Home\",\"item\":\"https:\\\/\\\/joyn.eu\\\/fr-be\\\/home-merchant-new-fr\\\/\"},{\"@type\":\"ListItem\",\"position\":2,\"name\":\"consument BE FR\",\"item\":\"https:\\\/\\\/joyn.eu\\\/fr-be\\\/consument-old\\\/\"},{\"@type\":\"ListItem\",\"position\":3,\"name\":\"Centre d\u2019aide\",\"item\":\"https:\\\/\\\/joyn.eu\\\/fr-be\\\/consument-old\\\/centre-daide\\\/\"},{\"@type\":\"ListItem\",\"position\":4,\"name\":\"R\u00e9compenses\u200b\"}]},{\"@type\":\"WebSite\",\"@id\":\"https:\\\/\\\/joyn.eu\\\/fr-be\\\/#website\",\"url\":\"https:\\\/\\\/joyn.eu\\\/fr-be\\\/\",\"name\":\"Joyn\",\"description\":\"Quand vos clients deviennent des fans\",\"publisher\":{\"@id\":\"https:\\\/\\\/joyn.eu\\\/fr-be\\\/#organization\"},\"potentialAction\":[{\"@type\":\"SearchAction\",\"target\":{\"@type\":\"EntryPoint\",\"urlTemplate\":\"https:\\\/\\\/joyn.eu\\\/fr-be\\\/?s={search_term_string}\"},\"query-input\":{\"@type\":\"PropertyValueSpecification\",\"valueRequired\":true,\"valueName\":\"search_term_string\"}}],\"inLanguage\":\"fr-BE\"},{\"@type\":\"Organization\",\"@id\":\"https:\\\/\\\/joyn.eu\\\/fr-be\\\/#organization\",\"name\":\"Joyn\",\"url\":\"https:\\\/\\\/joyn.eu\\\/fr-be\\\/\",\"logo\":{\"@type\":\"ImageObject\",\"inLanguage\":\"fr-BE\",\"@id\":\"https:\\\/\\\/joyn.eu\\\/fr-be\\\/#\\\/schema\\\/logo\\\/image\\\/\",\"url\":\"https:\\\/\\\/joyn.eu\\\/wp-content\\\/uploads\\\/2021\\\/02\\\/Blue-green-h40.png\",\"contentUrl\":\"https:\\\/\\\/joyn.eu\\\/wp-content\\\/uploads\\\/2021\\\/02\\\/Blue-green-h40.png\",\"width\":83,\"height\":40,\"caption\":\"Joyn\"},\"image\":{\"@id\":\"https:\\\/\\\/joyn.eu\\\/fr-be\\\/#\\\/schema\\\/logo\\\/image\\\/\"}}]}<\/script>\n<!-- \/ Yoast SEO plugin. -->","yoast_head_json":{"title":"R\u00e9compenses\u200b - Joyn","robots":{"index":"index","follow":"follow","max-snippet":"max-snippet:-1","max-image-preview":"max-image-preview:large","max-video-preview":"max-video-preview:-1"},"canonical":"https:\/\/joyn.eu\/fr-be\/consument-old\/centre-daide\/recompenses\/","og_locale":"fr_FR","og_type":"article","og_title":"R\u00e9compenses\u200b - Joyn","og_description":"1 Sep Admin Comment prendre une r\u00e9compense ? Eerst en vooral is de voorwaarde natuurlijk dat je voldoende punten verzameld hebt voor de beloning. Vervolgens kan je bij de handelaar volgende stappen volgen: 1. Scan de QR-code 1 Sep Admin O\u00f9 trouver un aper\u00e7u de toutes les r\u00e9compenses propos\u00e9es par un commer\u00e7ant ? Natuurlijk weet [&hellip;]","og_url":"https:\/\/joyn.eu\/fr-be\/consument-old\/centre-daide\/recompenses\/","og_site_name":"Joyn","article_modified_time":"2025-04-30T11:57:50+00:00","twitter_card":"summary_large_image","twitter_misc":{"Dur\u00e9e de lecture est.":"1 minute"},"schema":{"@context":"https:\/\/schema.org","@graph":[{"@type":"WebPage","@id":"https:\/\/joyn.eu\/fr-be\/consument-old\/centre-daide\/recompenses\/","url":"https:\/\/joyn.eu\/fr-be\/consument-old\/centre-daide\/recompenses\/","name":"R\u00e9compenses\u200b - Joyn","isPartOf":{"@id":"https:\/\/joyn.eu\/fr-be\/#website"},"datePublished":"2021-09-07T16:18:39+00:00","dateModified":"2025-04-30T11:57:50+00:00","breadcrumb":{"@id":"https:\/\/joyn.eu\/fr-be\/consument-old\/centre-daide\/recompenses\/#breadcrumb"},"inLanguage":"fr-BE","potentialAction":[{"@type":"ReadAction","target":["https:\/\/joyn.eu\/fr-be\/consument-old\/centre-daide\/recompenses\/"]}]},{"@type":"BreadcrumbList","@id":"https:\/\/joyn.eu\/fr-be\/consument-old\/centre-daide\/recompenses\/#breadcrumb","itemListElement":[{"@type":"ListItem","position":1,"name":"Home","item":"https:\/\/joyn.eu\/fr-be\/home-merchant-new-fr\/"},{"@type":"ListItem","position":2,"name":"consument BE FR","item":"https:\/\/joyn.eu\/fr-be\/consument-old\/"},{"@type":"ListItem","position":3,"name":"Centre d\u2019aide","item":"https:\/\/joyn.eu\/fr-be\/consument-old\/centre-daide\/"},{"@type":"ListItem","position":4,"name":"R\u00e9compenses\u200b"}]},{"@type":"WebSite","@id":"https:\/\/joyn.eu\/fr-be\/#website","url":"https:\/\/joyn.eu\/fr-be\/","name":"Joyn","description":"Quand vos clients deviennent des fans","publisher":{"@id":"https:\/\/joyn.eu\/fr-be\/#organization"},"potentialAction":[{"@type":"SearchAction","target":{"@type":"EntryPoint","urlTemplate":"https:\/\/joyn.eu\/fr-be\/?s={search_term_string}"},"query-input":{"@type":"PropertyValueSpecification","valueRequired":true,"valueName":"search_term_string"}}],"inLanguage":"fr-BE"},{"@type":"Organization","@id":"https:\/\/joyn.eu\/fr-be\/#organization","name":"Joyn","url":"https:\/\/joyn.eu\/fr-be\/","logo":{"@type":"ImageObject","inLanguage":"fr-BE","@id":"https:\/\/joyn.eu\/fr-be\/#\/schema\/logo\/image\/","url":"https:\/\/joyn.eu\/wp-content\/uploads\/2021\/02\/Blue-green-h40.png","contentUrl":"https:\/\/joyn.eu\/wp-content\/uploads\/2021\/02\/Blue-green-h40.png","width":83,"height":40,"caption":"Joyn"},"image":{"@id":"https:\/\/joyn.eu\/fr-be\/#\/schema\/logo\/image\/"}}]}},"_links":{"self":[{"href":"https:\/\/joyn.eu\/fr-be\/wp-json\/wp\/v2\/pages\/49194","targetHints":{"allow":["GET"]}}],"collection":[{"href":"https:\/\/joyn.eu\/fr-be\/wp-json\/wp\/v2\/pages"}],"about":[{"href":"https:\/\/joyn.eu\/fr-be\/wp-json\/wp\/v2\/types\/page"}],"author":[{"embeddable":true,"href":"https:\/\/joyn.eu\/fr-be\/wp-json\/wp\/v2\/users\/1"}],"replies":[{"embeddable":true,"href":"https:\/\/joyn.eu\/fr-be\/wp-json\/wp\/v2\/comments?post=49194"}],"version-history":[{"count":10,"href":"https:\/\/joyn.eu\/fr-be\/wp-json\/wp\/v2\/pages\/49194\/revisions"}],"predecessor-version":[{"id":106396,"href":"https:\/\/joyn.eu\/fr-be\/wp-json\/wp\/v2\/pages\/49194\/revisions\/106396"}],"up":[{"embeddable":true,"href":"https:\/\/joyn.eu\/fr-be\/wp-json\/wp\/v2\/pages\/32095"}],"wp:attachment":[{"href":"https:\/\/joyn.eu\/fr-be\/wp-json\/wp\/v2\/media?parent=49194"}],"curies":[{"name":"wp","href":"https:\/\/api.w.org\/{rel}","templated":true}]}}