{"id":38975,"date":"2021-08-04T09:35:52","date_gmt":"2021-08-04T09:35:52","guid":{"rendered":"https:\/\/joyn.eu\/vacatures\/"},"modified":"2021-09-13T08:08:42","modified_gmt":"2021-09-13T08:08:42","slug":"vacatures","status":"publish","type":"page","link":"https:\/\/joyn.eu\/fr-be\/commercant\/a-propos-de-nous\/vacatures\/","title":{"rendered":"Vacatures"},"content":{"rendered":"\t\t<div data-elementor-type=\"wp-page\" data-elementor-id=\"38975\" class=\"elementor elementor-38975 elementor-38831\" data-elementor-post-type=\"page\">\n\t\t\t\t\t\t<section class=\"elementor-section elementor-top-section elementor-element elementor-element-f3c8280 elementor-section-boxed elementor-section-height-default elementor-section-height-default\" data-id=\"f3c8280\" data-element_type=\"section\" data-e-type=\"section\">\n\t\t\t\t\t\t<div class=\"elementor-container elementor-column-gap-default\">\n\t\t\t\t\t<div class=\"elementor-column elementor-col-100 elementor-top-column elementor-element elementor-element-45f9edf\" data-id=\"45f9edf\" data-element_type=\"column\" data-e-type=\"column\">\n\t\t\t<div class=\"elementor-widget-wrap elementor-element-populated\">\n\t\t\t\t\t\t<div class=\"elementor-element elementor-element-3b6f871 elementor-widget elementor-widget-heading\" data-id=\"3b6f871\" data-element_type=\"widget\" data-e-type=\"widget\" data-widget_type=\"heading.default\">\n\t\t\t\t<div class=\"elementor-widget-container\">\n\t\t\t\t\t<h1 class=\"elementor-heading-title elementor-size-default\">Vacatures\u200b<\/h1>\t\t\t\t<\/div>\n\t\t\t\t<\/div>\n\t\t\t\t<div class=\"elementor-element elementor-element-75848d1 elementor-widget elementor-widget-heading\" data-id=\"75848d1\" data-element_type=\"widget\" data-e-type=\"widget\" data-widget_type=\"heading.default\">\n\t\t\t\t<div class=\"elementor-widget-container\">\n\t\t\t\t\t<h2 class=\"elementor-heading-title elementor-size-default\">par amour du (talent) local <\/h2>\t\t\t\t<\/div>\n\t\t\t\t<\/div>\n\t\t\t\t\t<\/div>\n\t\t<\/div>\n\t\t\t\t\t<\/div>\n\t\t<\/section>\n\t\t\t\t<section class=\"elementor-section elementor-top-section elementor-element elementor-element-d9a2a81 elementor-section-boxed elementor-section-height-default elementor-section-height-default\" data-id=\"d9a2a81\" data-element_type=\"section\" data-e-type=\"section\">\n\t\t\t\t\t\t<div class=\"elementor-container elementor-column-gap-default\">\n\t\t\t\t\t<div class=\"elementor-column elementor-col-100 elementor-top-column elementor-element elementor-element-eb827db\" data-id=\"eb827db\" data-element_type=\"column\" data-e-type=\"column\">\n\t\t\t<div class=\"elementor-widget-wrap elementor-element-populated\">\n\t\t\t\t\t\t<div class=\"elementor-element elementor-element-23bc0c2 elementor-widget elementor-widget-text-editor\" data-id=\"23bc0c2\" data-element_type=\"widget\" data-e-type=\"widget\" data-widget_type=\"text-editor.default\">\n\t\t\t\t<div class=\"elementor-widget-container\">\n\t\t\t\t\t\t\t\t\t<p style=\"text-align: center;\">Joyn est le \u201cperfect match\u201d entre les consommateurs, les commer\u00e7ants et les villes. Chez Joyn, nous voulons que chacun vive dans un environnement chaleureux, authentique et durable. Gr\u00e2ce \u00e0 la carte de fid\u00e9lit\u00e9 num\u00e9rique de Joyn, nous proposons aux commer\u00e7ants, grands ou petits, un syst\u00e8me de fid\u00e9lit\u00e9 convivial et un outil de marketing complet. Notre programme de fid\u00e9lisation offre aux commer\u00e7ants la possibilit\u00e9 de mieux conna\u00eetre leurs clients et de r\u00e9compenser les clients fid\u00e8les par toutes sortes d\u2019avantages et d\u2019exp\u00e9riences amusantes. Pour que ces clients aient envie de revenir encore et encore.<\/p><p style=\"text-align: center;\">De cette fa\u00e7on, nous soutenons les entreprises locales dans la construction de leur avenir et nous contribuons \u00e0 maintenir le dynamisme de notre soci\u00e9t\u00e9 !<\/p><p style=\"text-align: center;\">Aujourd\u2019hui, Joyn compte plus de 1,8 million d\u2019utilisateurs actifs et plus de 7 500 commer\u00e7ants dans toute la Belgique.<\/p>\t\t\t\t\t\t\t\t<\/div>\n\t\t\t\t<\/div>\n\t\t\t\t\t<\/div>\n\t\t<\/div>\n\t\t\t\t\t<\/div>\n\t\t<\/section>\n\t\t\t\t<\/div>\n\t\t","protected":false},"excerpt":{"rendered":"<p>Vacatures\u200b par amour du (talent) local Joyn est le \u201cperfect match\u201d entre les consommateurs, les commer\u00e7ants et les villes. Chez Joyn, nous voulons que chacun vive dans un environnement chaleureux, authentique et durable. Gr\u00e2ce \u00e0 la carte de fid\u00e9lit\u00e9 num\u00e9rique de Joyn, nous proposons aux commer\u00e7ants, grands ou petits, un syst\u00e8me de fid\u00e9lit\u00e9 convivial et [&hellip;]<\/p>\n","protected":false},"author":1,"featured_media":40803,"parent":54121,"menu_order":0,"comment_status":"closed","ping_status":"closed","template":"blog-masonry.php","meta":{"_acf_changed":false,"inline_featured_image":false,"footnotes":""},"class_list":["post-38975","page","type-page","status-publish","has-post-thumbnail","hentry"],"acf":[],"yoast_head":"<!-- This site is optimized with the Yoast SEO plugin v27.5 - https:\/\/yoast.com\/product\/yoast-seo-wordpress\/ -->\n<title>Vacatures - Joyn<\/title>\n<meta name=\"description\" content=\"Joyn est le \u201cperfect match\u201d entre les consommateurs, les commer\u00e7ants et les villes. Chez Joyn, nous voulons que chacun vive dans un environnement chaleureux, authentique et durable.\" \/>\n<meta name=\"robots\" content=\"index, follow, max-snippet:-1, max-image-preview:large, max-video-preview:-1\" \/>\n<link rel=\"canonical\" href=\"https:\/\/joyn.eu\/fr-be\/commercant\/a-propos-de-nous\/vacatures\/\" \/>\n<meta property=\"og:locale\" content=\"fr_FR\" \/>\n<meta property=\"og:type\" content=\"article\" \/>\n<meta property=\"og:title\" content=\"Vacatures - Joyn\" \/>\n<meta property=\"og:description\" content=\"Joyn est le \u201cperfect match\u201d entre les consommateurs, les commer\u00e7ants et les villes. Chez Joyn, nous voulons que chacun vive dans un environnement chaleureux, authentique et durable.\" \/>\n<meta property=\"og:url\" content=\"https:\/\/joyn.eu\/fr-be\/commercant\/a-propos-de-nous\/vacatures\/\" \/>\n<meta property=\"og:site_name\" content=\"Joyn\" \/>\n<meta property=\"article:modified_time\" content=\"2021-09-13T08:08:42+00:00\" \/>\n<meta property=\"og:image\" content=\"https:\/\/joyn.eu\/wp-content\/uploads\/2021\/08\/Joyn_Junior_GM.jpg\" \/>\n<meta name=\"twitter:card\" content=\"summary_large_image\" \/>\n<meta name=\"twitter:label1\" content=\"Dur\u00e9e de lecture est.\" \/>\n\t<meta name=\"twitter:data1\" content=\"1 minute\" \/>\n<script type=\"application\/ld+json\" class=\"yoast-schema-graph\">{\"@context\":\"https:\\\/\\\/schema.org\",\"@graph\":[{\"@type\":\"WebPage\",\"@id\":\"https:\\\/\\\/joyn.eu\\\/fr-be\\\/commercant\\\/a-propos-de-nous\\\/vacatures\\\/\",\"url\":\"https:\\\/\\\/joyn.eu\\\/fr-be\\\/commercant\\\/a-propos-de-nous\\\/vacatures\\\/\",\"name\":\"Vacatures - Joyn\",\"isPartOf\":{\"@id\":\"https:\\\/\\\/joyn.eu\\\/fr-be\\\/#website\"},\"primaryImageOfPage\":{\"@id\":\"https:\\\/\\\/joyn.eu\\\/fr-be\\\/commercant\\\/a-propos-de-nous\\\/vacatures\\\/#primaryimage\"},\"image\":{\"@id\":\"https:\\\/\\\/joyn.eu\\\/fr-be\\\/commercant\\\/a-propos-de-nous\\\/vacatures\\\/#primaryimage\"},\"thumbnailUrl\":\"https:\\\/\\\/joyn.eu\\\/wp-content\\\/uploads\\\/2021\\\/09\\\/Joyn_VacaCareBeeld.jpg\",\"datePublished\":\"2021-08-04T09:35:52+00:00\",\"dateModified\":\"2021-09-13T08:08:42+00:00\",\"description\":\"Joyn est le \u201cperfect match\u201d entre les consommateurs, les commer\u00e7ants et les villes. Chez Joyn, nous voulons que chacun vive dans un environnement chaleureux, authentique et durable.\",\"breadcrumb\":{\"@id\":\"https:\\\/\\\/joyn.eu\\\/fr-be\\\/commercant\\\/a-propos-de-nous\\\/vacatures\\\/#breadcrumb\"},\"inLanguage\":\"fr-BE\",\"potentialAction\":[{\"@type\":\"ReadAction\",\"target\":[\"https:\\\/\\\/joyn.eu\\\/fr-be\\\/commercant\\\/a-propos-de-nous\\\/vacatures\\\/\"]}]},{\"@type\":\"ImageObject\",\"inLanguage\":\"fr-BE\",\"@id\":\"https:\\\/\\\/joyn.eu\\\/fr-be\\\/commercant\\\/a-propos-de-nous\\\/vacatures\\\/#primaryimage\",\"url\":\"https:\\\/\\\/joyn.eu\\\/wp-content\\\/uploads\\\/2021\\\/09\\\/Joyn_VacaCareBeeld.jpg\",\"contentUrl\":\"https:\\\/\\\/joyn.eu\\\/wp-content\\\/uploads\\\/2021\\\/09\\\/Joyn_VacaCareBeeld.jpg\",\"width\":2500,\"height\":1668},{\"@type\":\"BreadcrumbList\",\"@id\":\"https:\\\/\\\/joyn.eu\\\/fr-be\\\/commercant\\\/a-propos-de-nous\\\/vacatures\\\/#breadcrumb\",\"itemListElement\":[{\"@type\":\"ListItem\",\"position\":1,\"name\":\"Home\",\"item\":\"https:\\\/\\\/joyn.eu\\\/fr-be\\\/home-merchant-new-fr\\\/\"},{\"@type\":\"ListItem\",\"position\":2,\"name\":\"Vacatures\"}]},{\"@type\":\"WebSite\",\"@id\":\"https:\\\/\\\/joyn.eu\\\/fr-be\\\/#website\",\"url\":\"https:\\\/\\\/joyn.eu\\\/fr-be\\\/\",\"name\":\"Joyn\",\"description\":\"Quand vos clients deviennent des fans\",\"publisher\":{\"@id\":\"https:\\\/\\\/joyn.eu\\\/fr-be\\\/#organization\"},\"potentialAction\":[{\"@type\":\"SearchAction\",\"target\":{\"@type\":\"EntryPoint\",\"urlTemplate\":\"https:\\\/\\\/joyn.eu\\\/fr-be\\\/?s={search_term_string}\"},\"query-input\":{\"@type\":\"PropertyValueSpecification\",\"valueRequired\":true,\"valueName\":\"search_term_string\"}}],\"inLanguage\":\"fr-BE\"},{\"@type\":\"Organization\",\"@id\":\"https:\\\/\\\/joyn.eu\\\/fr-be\\\/#organization\",\"name\":\"Joyn\",\"url\":\"https:\\\/\\\/joyn.eu\\\/fr-be\\\/\",\"logo\":{\"@type\":\"ImageObject\",\"inLanguage\":\"fr-BE\",\"@id\":\"https:\\\/\\\/joyn.eu\\\/fr-be\\\/#\\\/schema\\\/logo\\\/image\\\/\",\"url\":\"https:\\\/\\\/joyn.eu\\\/wp-content\\\/uploads\\\/2021\\\/02\\\/Blue-green-h40.png\",\"contentUrl\":\"https:\\\/\\\/joyn.eu\\\/wp-content\\\/uploads\\\/2021\\\/02\\\/Blue-green-h40.png\",\"width\":83,\"height\":40,\"caption\":\"Joyn\"},\"image\":{\"@id\":\"https:\\\/\\\/joyn.eu\\\/fr-be\\\/#\\\/schema\\\/logo\\\/image\\\/\"}}]}<\/script>\n<!-- \/ Yoast SEO plugin. -->","yoast_head_json":{"title":"Vacatures - Joyn","description":"Joyn est le \u201cperfect match\u201d entre les consommateurs, les commer\u00e7ants et les villes. Chez Joyn, nous voulons que chacun vive dans un environnement chaleureux, authentique et durable.","robots":{"index":"index","follow":"follow","max-snippet":"max-snippet:-1","max-image-preview":"max-image-preview:large","max-video-preview":"max-video-preview:-1"},"canonical":"https:\/\/joyn.eu\/fr-be\/commercant\/a-propos-de-nous\/vacatures\/","og_locale":"fr_FR","og_type":"article","og_title":"Vacatures - Joyn","og_description":"Joyn est le \u201cperfect match\u201d entre les consommateurs, les commer\u00e7ants et les villes. Chez Joyn, nous voulons que chacun vive dans un environnement chaleureux, authentique et durable.","og_url":"https:\/\/joyn.eu\/fr-be\/commercant\/a-propos-de-nous\/vacatures\/","og_site_name":"Joyn","article_modified_time":"2021-09-13T08:08:42+00:00","og_image":[{"url":"https:\/\/joyn.eu\/wp-content\/uploads\/2021\/08\/Joyn_Junior_GM.jpg","type":"","width":"","height":""}],"twitter_card":"summary_large_image","twitter_misc":{"Dur\u00e9e de lecture est.":"1 minute"},"schema":{"@context":"https:\/\/schema.org","@graph":[{"@type":"WebPage","@id":"https:\/\/joyn.eu\/fr-be\/commercant\/a-propos-de-nous\/vacatures\/","url":"https:\/\/joyn.eu\/fr-be\/commercant\/a-propos-de-nous\/vacatures\/","name":"Vacatures - Joyn","isPartOf":{"@id":"https:\/\/joyn.eu\/fr-be\/#website"},"primaryImageOfPage":{"@id":"https:\/\/joyn.eu\/fr-be\/commercant\/a-propos-de-nous\/vacatures\/#primaryimage"},"image":{"@id":"https:\/\/joyn.eu\/fr-be\/commercant\/a-propos-de-nous\/vacatures\/#primaryimage"},"thumbnailUrl":"https:\/\/joyn.eu\/wp-content\/uploads\/2021\/09\/Joyn_VacaCareBeeld.jpg","datePublished":"2021-08-04T09:35:52+00:00","dateModified":"2021-09-13T08:08:42+00:00","description":"Joyn est le \u201cperfect match\u201d entre les consommateurs, les commer\u00e7ants et les villes. Chez Joyn, nous voulons que chacun vive dans un environnement chaleureux, authentique et durable.","breadcrumb":{"@id":"https:\/\/joyn.eu\/fr-be\/commercant\/a-propos-de-nous\/vacatures\/#breadcrumb"},"inLanguage":"fr-BE","potentialAction":[{"@type":"ReadAction","target":["https:\/\/joyn.eu\/fr-be\/commercant\/a-propos-de-nous\/vacatures\/"]}]},{"@type":"ImageObject","inLanguage":"fr-BE","@id":"https:\/\/joyn.eu\/fr-be\/commercant\/a-propos-de-nous\/vacatures\/#primaryimage","url":"https:\/\/joyn.eu\/wp-content\/uploads\/2021\/09\/Joyn_VacaCareBeeld.jpg","contentUrl":"https:\/\/joyn.eu\/wp-content\/uploads\/2021\/09\/Joyn_VacaCareBeeld.jpg","width":2500,"height":1668},{"@type":"BreadcrumbList","@id":"https:\/\/joyn.eu\/fr-be\/commercant\/a-propos-de-nous\/vacatures\/#breadcrumb","itemListElement":[{"@type":"ListItem","position":1,"name":"Home","item":"https:\/\/joyn.eu\/fr-be\/home-merchant-new-fr\/"},{"@type":"ListItem","position":2,"name":"Vacatures"}]},{"@type":"WebSite","@id":"https:\/\/joyn.eu\/fr-be\/#website","url":"https:\/\/joyn.eu\/fr-be\/","name":"Joyn","description":"Quand vos clients deviennent des fans","publisher":{"@id":"https:\/\/joyn.eu\/fr-be\/#organization"},"potentialAction":[{"@type":"SearchAction","target":{"@type":"EntryPoint","urlTemplate":"https:\/\/joyn.eu\/fr-be\/?s={search_term_string}"},"query-input":{"@type":"PropertyValueSpecification","valueRequired":true,"valueName":"search_term_string"}}],"inLanguage":"fr-BE"},{"@type":"Organization","@id":"https:\/\/joyn.eu\/fr-be\/#organization","name":"Joyn","url":"https:\/\/joyn.eu\/fr-be\/","logo":{"@type":"ImageObject","inLanguage":"fr-BE","@id":"https:\/\/joyn.eu\/fr-be\/#\/schema\/logo\/image\/","url":"https:\/\/joyn.eu\/wp-content\/uploads\/2021\/02\/Blue-green-h40.png","contentUrl":"https:\/\/joyn.eu\/wp-content\/uploads\/2021\/02\/Blue-green-h40.png","width":83,"height":40,"caption":"Joyn"},"image":{"@id":"https:\/\/joyn.eu\/fr-be\/#\/schema\/logo\/image\/"}}]}},"_links":{"self":[{"href":"https:\/\/joyn.eu\/fr-be\/wp-json\/wp\/v2\/pages\/38975","targetHints":{"allow":["GET"]}}],"collection":[{"href":"https:\/\/joyn.eu\/fr-be\/wp-json\/wp\/v2\/pages"}],"about":[{"href":"https:\/\/joyn.eu\/fr-be\/wp-json\/wp\/v2\/types\/page"}],"author":[{"embeddable":true,"href":"https:\/\/joyn.eu\/fr-be\/wp-json\/wp\/v2\/users\/1"}],"replies":[{"embeddable":true,"href":"https:\/\/joyn.eu\/fr-be\/wp-json\/wp\/v2\/comments?post=38975"}],"version-history":[{"count":18,"href":"https:\/\/joyn.eu\/fr-be\/wp-json\/wp\/v2\/pages\/38975\/revisions"}],"predecessor-version":[{"id":42928,"href":"https:\/\/joyn.eu\/fr-be\/wp-json\/wp\/v2\/pages\/38975\/revisions\/42928"}],"up":[{"embeddable":true,"href":"https:\/\/joyn.eu\/fr-be\/wp-json\/wp\/v2\/pages\/54121"}],"wp:featuredmedia":[{"embeddable":true,"href":"https:\/\/joyn.eu\/fr-be\/wp-json\/wp\/v2\/media\/40803"}],"wp:attachment":[{"href":"https:\/\/joyn.eu\/fr-be\/wp-json\/wp\/v2\/media?parent=38975"}],"curies":[{"name":"wp","href":"https:\/\/api.w.org\/{rel}","templated":true}]}}