{"id":36499,"date":"2021-05-14T08:12:20","date_gmt":"2021-05-14T08:12:20","guid":{"rendered":"https:\/\/joyn.eu\/?page_id=36499"},"modified":"2021-05-14T09:03:15","modified_gmt":"2021-05-14T09:03:15","slug":"je-suis-un-consommateur-et-jai-une-question","status":"publish","type":"page","link":"https:\/\/joyn.eu\/fr-be\/comment-pouvons-nous-vous-aider\/je-suis-un-consommateur-et-jai-une-question\/","title":{"rendered":"Je suis un consommateur et j&rsquo;ai une question"},"content":{"rendered":"\t\t<div data-elementor-type=\"wp-page\" data-elementor-id=\"36499\" class=\"elementor elementor-36499 elementor-36496\" data-elementor-post-type=\"page\">\n\t\t\t\t\t\t<section class=\"elementor-section elementor-top-section elementor-element elementor-element-1da7584 elementor-section-full_width elementor-section-items-stretch elementor-section-height-min-height elementor-section-height-default\" data-id=\"1da7584\" data-element_type=\"section\" data-e-type=\"section\" data-settings=\"{&quot;background_background&quot;:&quot;classic&quot;}\">\n\t\t\t\t\t\t<div class=\"elementor-container elementor-column-gap-wide\">\n\t\t\t\t\t<div class=\"elementor-column elementor-col-100 elementor-top-column elementor-element elementor-element-8d7a1fc\" data-id=\"8d7a1fc\" data-element_type=\"column\" data-e-type=\"column\" data-settings=\"{&quot;background_background&quot;:&quot;classic&quot;}\">\n\t\t\t<div class=\"elementor-widget-wrap elementor-element-populated\">\n\t\t\t\t\t\t<section class=\"elementor-section elementor-inner-section elementor-element elementor-element-91c44ed elementor-section-height-min-height elementor-section-content-middle elementor-section-boxed elementor-section-height-default\" data-id=\"91c44ed\" data-element_type=\"section\" data-e-type=\"section\">\n\t\t\t\t\t\t<div class=\"elementor-container elementor-column-gap-default\">\n\t\t\t\t\t<div class=\"elementor-column elementor-col-100 elementor-inner-column elementor-element elementor-element-62d4817\" data-id=\"62d4817\" data-element_type=\"column\" data-e-type=\"column\">\n\t\t\t<div class=\"elementor-widget-wrap elementor-element-populated\">\n\t\t\t\t\t\t<div class=\"elementor-element elementor-element-48f5309 elementor-widget elementor-widget-spacer\" data-id=\"48f5309\" data-element_type=\"widget\" data-e-type=\"widget\" data-widget_type=\"spacer.default\">\n\t\t\t\t<div class=\"elementor-widget-container\">\n\t\t\t\t\t\t\t<div class=\"elementor-spacer\">\n\t\t\t<div class=\"elementor-spacer-inner\"><\/div>\n\t\t<\/div>\n\t\t\t\t\t\t<\/div>\n\t\t\t\t<\/div>\n\t\t\t\t<div class=\"elementor-element elementor-element-feb8590 elementor-widget elementor-widget-heading\" data-id=\"feb8590\" data-element_type=\"widget\" data-e-type=\"widget\" data-widget_type=\"heading.default\">\n\t\t\t\t<div class=\"elementor-widget-container\">\n\t\t\t\t\t<h1 class=\"elementor-heading-title elementor-size-default\">Consultez les questions fr\u00e9quemment pos\u00e9es<\/h1>\t\t\t\t<\/div>\n\t\t\t\t<\/div>\n\t\t\t\t\t<\/div>\n\t\t<\/div>\n\t\t\t\t\t<\/div>\n\t\t<\/section>\n\t\t\t\t\t<\/div>\n\t\t<\/div>\n\t\t\t\t\t<\/div>\n\t\t<\/section>\n\t\t\t\t<section class=\"elementor-section elementor-top-section elementor-element elementor-element-0237c0d elementor-section-boxed elementor-section-height-default elementor-section-height-default\" data-id=\"0237c0d\" data-element_type=\"section\" data-e-type=\"section\" data-settings=\"{&quot;background_background&quot;:&quot;classic&quot;}\">\n\t\t\t\t\t\t<div class=\"elementor-container elementor-column-gap-no\">\n\t\t\t\t\t<div class=\"elementor-column elementor-col-100 elementor-top-column elementor-element elementor-element-9a88af9\" data-id=\"9a88af9\" data-element_type=\"column\" data-e-type=\"column\">\n\t\t\t<div class=\"elementor-widget-wrap elementor-element-populated\">\n\t\t\t\t\t\t<div class=\"elementor-element elementor-element-1796c21 elementor-widget elementor-widget-heading\" data-id=\"1796c21\" data-element_type=\"widget\" data-e-type=\"widget\" data-widget_type=\"heading.default\">\n\t\t\t\t<div class=\"elementor-widget-container\">\n\t\t\t\t\t<h2 class=\"elementor-heading-title elementor-size-default\">Vous \u00eates un consommateur et vous avez une question?<\/h2>\t\t\t\t<\/div>\n\t\t\t\t<\/div>\n\t\t\t\t<div class=\"elementor-element elementor-element-5ad8627 elementor-widget elementor-widget-heading\" data-id=\"5ad8627\" data-element_type=\"widget\" data-e-type=\"widget\" data-widget_type=\"heading.default\">\n\t\t\t\t<div class=\"elementor-widget-container\">\n\t\t\t\t\t<h4 class=\"elementor-heading-title elementor-size-default\"><a href=\"https:\/\/www.facebook.com\/joyn.loyalty\">Visitez notre page Facebook<\/a><\/h4>\t\t\t\t<\/div>\n\t\t\t\t<\/div>\n\t\t\t\t\t<\/div>\n\t\t<\/div>\n\t\t\t\t\t<\/div>\n\t\t<\/section>\n\t\t\t\t<\/div>\n\t\t","protected":false},"excerpt":{"rendered":"<p>Consultez les questions fr\u00e9quemment pos\u00e9es Centre d&rsquo;aide consommateurs Vous \u00eates un consommateur et vous avez une question? Visitez notre page Facebook<\/p>\n","protected":false},"author":1,"featured_media":33775,"parent":34358,"menu_order":0,"comment_status":"closed","ping_status":"closed","template":"full_width.php","meta":{"_acf_changed":false,"inline_featured_image":false,"footnotes":""},"class_list":["post-36499","page","type-page","status-publish","has-post-thumbnail","hentry"],"acf":[],"yoast_head":"<!-- This site is optimized with the Yoast SEO plugin v27.5 - https:\/\/yoast.com\/product\/yoast-seo-wordpress\/ -->\n<title>Je suis un consommateur et j&#039;ai une question - Joyn<\/title>\n<meta name=\"description\" content=\"Plus les commer\u00e7ants utilisent Joyn, mieux c\u2019est pour vous et votre quartier Plus de clients qui reviennent r\u00e9guli\u00e8rement \u00e0 ce quartier Plus de clients potentiels pour vous\" \/>\n<meta name=\"robots\" content=\"index, follow, max-snippet:-1, max-image-preview:large, max-video-preview:-1\" \/>\n<link rel=\"canonical\" href=\"https:\/\/joyn.eu\/fr-be\/comment-pouvons-nous-vous-aider\/je-suis-un-consommateur-et-jai-une-question\/\" \/>\n<meta property=\"og:locale\" content=\"fr_FR\" \/>\n<meta property=\"og:type\" content=\"article\" \/>\n<meta property=\"og:title\" content=\"Je suis un consommateur et j&#039;ai une question - Joyn\" \/>\n<meta property=\"og:description\" content=\"Plus les commer\u00e7ants utilisent Joyn, mieux c\u2019est pour vous et votre quartier Plus de clients qui reviennent r\u00e9guli\u00e8rement \u00e0 ce quartier Plus de clients potentiels pour vous\" \/>\n<meta property=\"og:url\" content=\"https:\/\/joyn.eu\/fr-be\/comment-pouvons-nous-vous-aider\/je-suis-un-consommateur-et-jai-une-question\/\" \/>\n<meta property=\"og:site_name\" content=\"Joyn\" \/>\n<meta property=\"article:modified_time\" content=\"2021-05-14T09:03:15+00:00\" \/>\n<meta property=\"og:image\" content=\"https:\/\/joyn.eu\/wp-content\/uploads\/2021\/02\/Happy-shopping-family-1024x499.jpg\" \/>\n\t<meta property=\"og:image:width\" content=\"1024\" \/>\n\t<meta property=\"og:image:height\" content=\"499\" \/>\n\t<meta property=\"og:image:type\" content=\"image\/jpeg\" \/>\n<meta name=\"twitter:card\" content=\"summary_large_image\" \/>\n<meta name=\"twitter:label1\" content=\"Dur\u00e9e de lecture est.\" \/>\n\t<meta name=\"twitter:data1\" content=\"1 minute\" \/>\n<script type=\"application\/ld+json\" class=\"yoast-schema-graph\">{\"@context\":\"https:\\\/\\\/schema.org\",\"@graph\":[{\"@type\":\"WebPage\",\"@id\":\"https:\\\/\\\/joyn.eu\\\/fr-be\\\/comment-pouvons-nous-vous-aider\\\/je-suis-un-consommateur-et-jai-une-question\\\/\",\"url\":\"https:\\\/\\\/joyn.eu\\\/fr-be\\\/comment-pouvons-nous-vous-aider\\\/je-suis-un-consommateur-et-jai-une-question\\\/\",\"name\":\"Je suis un consommateur et j'ai une question - Joyn\",\"isPartOf\":{\"@id\":\"https:\\\/\\\/joyn.eu\\\/fr-be\\\/#website\"},\"primaryImageOfPage\":{\"@id\":\"https:\\\/\\\/joyn.eu\\\/fr-be\\\/comment-pouvons-nous-vous-aider\\\/je-suis-un-consommateur-et-jai-une-question\\\/#primaryimage\"},\"image\":{\"@id\":\"https:\\\/\\\/joyn.eu\\\/fr-be\\\/comment-pouvons-nous-vous-aider\\\/je-suis-un-consommateur-et-jai-une-question\\\/#primaryimage\"},\"thumbnailUrl\":\"https:\\\/\\\/joyn.eu\\\/wp-content\\\/uploads\\\/2021\\\/02\\\/Happy-shopping-family.jpg\",\"datePublished\":\"2021-05-14T08:12:20+00:00\",\"dateModified\":\"2021-05-14T09:03:15+00:00\",\"description\":\"Plus les commer\u00e7ants utilisent Joyn, mieux c\u2019est pour vous et votre quartier Plus de clients qui reviennent r\u00e9guli\u00e8rement \u00e0 ce quartier Plus de clients potentiels pour vous\",\"breadcrumb\":{\"@id\":\"https:\\\/\\\/joyn.eu\\\/fr-be\\\/comment-pouvons-nous-vous-aider\\\/je-suis-un-consommateur-et-jai-une-question\\\/#breadcrumb\"},\"inLanguage\":\"fr-BE\",\"potentialAction\":[{\"@type\":\"ReadAction\",\"target\":[\"https:\\\/\\\/joyn.eu\\\/fr-be\\\/comment-pouvons-nous-vous-aider\\\/je-suis-un-consommateur-et-jai-une-question\\\/\"]}]},{\"@type\":\"ImageObject\",\"inLanguage\":\"fr-BE\",\"@id\":\"https:\\\/\\\/joyn.eu\\\/fr-be\\\/comment-pouvons-nous-vous-aider\\\/je-suis-un-consommateur-et-jai-une-question\\\/#primaryimage\",\"url\":\"https:\\\/\\\/joyn.eu\\\/wp-content\\\/uploads\\\/2021\\\/02\\\/Happy-shopping-family.jpg\",\"contentUrl\":\"https:\\\/\\\/joyn.eu\\\/wp-content\\\/uploads\\\/2021\\\/02\\\/Happy-shopping-family.jpg\",\"width\":1920,\"height\":936,\"caption\":\"Happy shopping family\"},{\"@type\":\"BreadcrumbList\",\"@id\":\"https:\\\/\\\/joyn.eu\\\/fr-be\\\/comment-pouvons-nous-vous-aider\\\/je-suis-un-consommateur-et-jai-une-question\\\/#breadcrumb\",\"itemListElement\":[{\"@type\":\"ListItem\",\"position\":1,\"name\":\"Home\",\"item\":\"https:\\\/\\\/joyn.eu\\\/fr-be\\\/home-merchant-new-fr\\\/\"},{\"@type\":\"ListItem\",\"position\":2,\"name\":\"Comment pouvons-nous vous aider?\",\"item\":\"https:\\\/\\\/joyn.eu\\\/fr-be\\\/comment-pouvons-nous-vous-aider\\\/\"},{\"@type\":\"ListItem\",\"position\":3,\"name\":\"Je suis un consommateur et j&#8217;ai une question\"}]},{\"@type\":\"WebSite\",\"@id\":\"https:\\\/\\\/joyn.eu\\\/fr-be\\\/#website\",\"url\":\"https:\\\/\\\/joyn.eu\\\/fr-be\\\/\",\"name\":\"Joyn\",\"description\":\"Quand vos clients deviennent des fans\",\"publisher\":{\"@id\":\"https:\\\/\\\/joyn.eu\\\/fr-be\\\/#organization\"},\"potentialAction\":[{\"@type\":\"SearchAction\",\"target\":{\"@type\":\"EntryPoint\",\"urlTemplate\":\"https:\\\/\\\/joyn.eu\\\/fr-be\\\/?s={search_term_string}\"},\"query-input\":{\"@type\":\"PropertyValueSpecification\",\"valueRequired\":true,\"valueName\":\"search_term_string\"}}],\"inLanguage\":\"fr-BE\"},{\"@type\":\"Organization\",\"@id\":\"https:\\\/\\\/joyn.eu\\\/fr-be\\\/#organization\",\"name\":\"Joyn\",\"url\":\"https:\\\/\\\/joyn.eu\\\/fr-be\\\/\",\"logo\":{\"@type\":\"ImageObject\",\"inLanguage\":\"fr-BE\",\"@id\":\"https:\\\/\\\/joyn.eu\\\/fr-be\\\/#\\\/schema\\\/logo\\\/image\\\/\",\"url\":\"https:\\\/\\\/joyn.eu\\\/wp-content\\\/uploads\\\/2021\\\/02\\\/Blue-green-h40.png\",\"contentUrl\":\"https:\\\/\\\/joyn.eu\\\/wp-content\\\/uploads\\\/2021\\\/02\\\/Blue-green-h40.png\",\"width\":83,\"height\":40,\"caption\":\"Joyn\"},\"image\":{\"@id\":\"https:\\\/\\\/joyn.eu\\\/fr-be\\\/#\\\/schema\\\/logo\\\/image\\\/\"}}]}<\/script>\n<!-- \/ Yoast SEO plugin. -->","yoast_head_json":{"title":"Je suis un consommateur et j'ai une question - Joyn","description":"Plus les commer\u00e7ants utilisent Joyn, mieux c\u2019est pour vous et votre quartier Plus de clients qui reviennent r\u00e9guli\u00e8rement \u00e0 ce quartier Plus de clients potentiels pour vous","robots":{"index":"index","follow":"follow","max-snippet":"max-snippet:-1","max-image-preview":"max-image-preview:large","max-video-preview":"max-video-preview:-1"},"canonical":"https:\/\/joyn.eu\/fr-be\/comment-pouvons-nous-vous-aider\/je-suis-un-consommateur-et-jai-une-question\/","og_locale":"fr_FR","og_type":"article","og_title":"Je suis un consommateur et j'ai une question - Joyn","og_description":"Plus les commer\u00e7ants utilisent Joyn, mieux c\u2019est pour vous et votre quartier Plus de clients qui reviennent r\u00e9guli\u00e8rement \u00e0 ce quartier Plus de clients potentiels pour vous","og_url":"https:\/\/joyn.eu\/fr-be\/comment-pouvons-nous-vous-aider\/je-suis-un-consommateur-et-jai-une-question\/","og_site_name":"Joyn","article_modified_time":"2021-05-14T09:03:15+00:00","og_image":[{"width":1024,"height":499,"url":"https:\/\/joyn.eu\/wp-content\/uploads\/2021\/02\/Happy-shopping-family-1024x499.jpg","type":"image\/jpeg"}],"twitter_card":"summary_large_image","twitter_misc":{"Dur\u00e9e de lecture est.":"1 minute"},"schema":{"@context":"https:\/\/schema.org","@graph":[{"@type":"WebPage","@id":"https:\/\/joyn.eu\/fr-be\/comment-pouvons-nous-vous-aider\/je-suis-un-consommateur-et-jai-une-question\/","url":"https:\/\/joyn.eu\/fr-be\/comment-pouvons-nous-vous-aider\/je-suis-un-consommateur-et-jai-une-question\/","name":"Je suis un consommateur et j'ai une question - Joyn","isPartOf":{"@id":"https:\/\/joyn.eu\/fr-be\/#website"},"primaryImageOfPage":{"@id":"https:\/\/joyn.eu\/fr-be\/comment-pouvons-nous-vous-aider\/je-suis-un-consommateur-et-jai-une-question\/#primaryimage"},"image":{"@id":"https:\/\/joyn.eu\/fr-be\/comment-pouvons-nous-vous-aider\/je-suis-un-consommateur-et-jai-une-question\/#primaryimage"},"thumbnailUrl":"https:\/\/joyn.eu\/wp-content\/uploads\/2021\/02\/Happy-shopping-family.jpg","datePublished":"2021-05-14T08:12:20+00:00","dateModified":"2021-05-14T09:03:15+00:00","description":"Plus les commer\u00e7ants utilisent Joyn, mieux c\u2019est pour vous et votre quartier Plus de clients qui reviennent r\u00e9guli\u00e8rement \u00e0 ce quartier Plus de clients potentiels pour vous","breadcrumb":{"@id":"https:\/\/joyn.eu\/fr-be\/comment-pouvons-nous-vous-aider\/je-suis-un-consommateur-et-jai-une-question\/#breadcrumb"},"inLanguage":"fr-BE","potentialAction":[{"@type":"ReadAction","target":["https:\/\/joyn.eu\/fr-be\/comment-pouvons-nous-vous-aider\/je-suis-un-consommateur-et-jai-une-question\/"]}]},{"@type":"ImageObject","inLanguage":"fr-BE","@id":"https:\/\/joyn.eu\/fr-be\/comment-pouvons-nous-vous-aider\/je-suis-un-consommateur-et-jai-une-question\/#primaryimage","url":"https:\/\/joyn.eu\/wp-content\/uploads\/2021\/02\/Happy-shopping-family.jpg","contentUrl":"https:\/\/joyn.eu\/wp-content\/uploads\/2021\/02\/Happy-shopping-family.jpg","width":1920,"height":936,"caption":"Happy shopping family"},{"@type":"BreadcrumbList","@id":"https:\/\/joyn.eu\/fr-be\/comment-pouvons-nous-vous-aider\/je-suis-un-consommateur-et-jai-une-question\/#breadcrumb","itemListElement":[{"@type":"ListItem","position":1,"name":"Home","item":"https:\/\/joyn.eu\/fr-be\/home-merchant-new-fr\/"},{"@type":"ListItem","position":2,"name":"Comment pouvons-nous vous aider?","item":"https:\/\/joyn.eu\/fr-be\/comment-pouvons-nous-vous-aider\/"},{"@type":"ListItem","position":3,"name":"Je suis un consommateur et j&#8217;ai une question"}]},{"@type":"WebSite","@id":"https:\/\/joyn.eu\/fr-be\/#website","url":"https:\/\/joyn.eu\/fr-be\/","name":"Joyn","description":"Quand vos clients deviennent des fans","publisher":{"@id":"https:\/\/joyn.eu\/fr-be\/#organization"},"potentialAction":[{"@type":"SearchAction","target":{"@type":"EntryPoint","urlTemplate":"https:\/\/joyn.eu\/fr-be\/?s={search_term_string}"},"query-input":{"@type":"PropertyValueSpecification","valueRequired":true,"valueName":"search_term_string"}}],"inLanguage":"fr-BE"},{"@type":"Organization","@id":"https:\/\/joyn.eu\/fr-be\/#organization","name":"Joyn","url":"https:\/\/joyn.eu\/fr-be\/","logo":{"@type":"ImageObject","inLanguage":"fr-BE","@id":"https:\/\/joyn.eu\/fr-be\/#\/schema\/logo\/image\/","url":"https:\/\/joyn.eu\/wp-content\/uploads\/2021\/02\/Blue-green-h40.png","contentUrl":"https:\/\/joyn.eu\/wp-content\/uploads\/2021\/02\/Blue-green-h40.png","width":83,"height":40,"caption":"Joyn"},"image":{"@id":"https:\/\/joyn.eu\/fr-be\/#\/schema\/logo\/image\/"}}]}},"_links":{"self":[{"href":"https:\/\/joyn.eu\/fr-be\/wp-json\/wp\/v2\/pages\/36499","targetHints":{"allow":["GET"]}}],"collection":[{"href":"https:\/\/joyn.eu\/fr-be\/wp-json\/wp\/v2\/pages"}],"about":[{"href":"https:\/\/joyn.eu\/fr-be\/wp-json\/wp\/v2\/types\/page"}],"author":[{"embeddable":true,"href":"https:\/\/joyn.eu\/fr-be\/wp-json\/wp\/v2\/users\/1"}],"replies":[{"embeddable":true,"href":"https:\/\/joyn.eu\/fr-be\/wp-json\/wp\/v2\/comments?post=36499"}],"version-history":[{"count":8,"href":"https:\/\/joyn.eu\/fr-be\/wp-json\/wp\/v2\/pages\/36499\/revisions"}],"predecessor-version":[{"id":36550,"href":"https:\/\/joyn.eu\/fr-be\/wp-json\/wp\/v2\/pages\/36499\/revisions\/36550"}],"up":[{"embeddable":true,"href":"https:\/\/joyn.eu\/fr-be\/wp-json\/wp\/v2\/pages\/34358"}],"wp:featuredmedia":[{"embeddable":true,"href":"https:\/\/joyn.eu\/fr-be\/wp-json\/wp\/v2\/media\/33775"}],"wp:attachment":[{"href":"https:\/\/joyn.eu\/fr-be\/wp-json\/wp\/v2\/media?parent=36499"}],"curies":[{"name":"wp","href":"https:\/\/api.w.org\/{rel}","templated":true}]}}