{"id":34581,"date":"2021-03-11T16:01:05","date_gmt":"2021-03-11T16:01:05","guid":{"rendered":"https:\/\/joyn.eu\/?page_id=34581"},"modified":"2021-03-11T21:52:49","modified_gmt":"2021-03-11T21:52:49","slug":"merci-pour-la-presentation","status":"publish","type":"page","link":"https:\/\/joyn.eu\/fr-be\/lp\/merci-pour-la-presentation\/","title":{"rendered":"Merci pour la pr\u00e9sentation"},"content":{"rendered":"\t\t<div data-elementor-type=\"wp-page\" data-elementor-id=\"34581\" class=\"elementor elementor-34581 elementor-34578\" data-elementor-post-type=\"page\">\n\t\t\t\t\t\t<section class=\"elementor-section elementor-top-section elementor-element elementor-element-3b5ee31 elementor-section-full_width elementor-section-items-stretch elementor-section-height-min-height elementor-section-height-default\" data-id=\"3b5ee31\" data-element_type=\"section\" data-e-type=\"section\" data-settings=\"{&quot;background_background&quot;:&quot;classic&quot;}\">\n\t\t\t\t\t\t<div class=\"elementor-container elementor-column-gap-wide\">\n\t\t\t\t\t<div class=\"elementor-column elementor-col-100 elementor-top-column elementor-element elementor-element-4dabd54\" data-id=\"4dabd54\" data-element_type=\"column\" data-e-type=\"column\" data-settings=\"{&quot;background_background&quot;:&quot;classic&quot;}\">\n\t\t\t<div class=\"elementor-widget-wrap elementor-element-populated\">\n\t\t\t\t\t\t<section class=\"elementor-section elementor-inner-section elementor-element elementor-element-f1d2db3 elementor-section-height-min-height elementor-section-content-middle elementor-section-boxed elementor-section-height-default\" data-id=\"f1d2db3\" data-element_type=\"section\" data-e-type=\"section\">\n\t\t\t\t\t\t<div class=\"elementor-container elementor-column-gap-default\">\n\t\t\t\t\t<div class=\"elementor-column elementor-col-100 elementor-inner-column elementor-element elementor-element-496f45b\" data-id=\"496f45b\" data-element_type=\"column\" data-e-type=\"column\">\n\t\t\t<div class=\"elementor-widget-wrap elementor-element-populated\">\n\t\t\t\t\t\t<div class=\"elementor-element elementor-element-d43ff33 elementor-widget elementor-widget-spacer\" data-id=\"d43ff33\" data-element_type=\"widget\" data-e-type=\"widget\" data-widget_type=\"spacer.default\">\n\t\t\t\t<div class=\"elementor-widget-container\">\n\t\t\t\t\t\t\t<div class=\"elementor-spacer\">\n\t\t\t<div class=\"elementor-spacer-inner\"><\/div>\n\t\t<\/div>\n\t\t\t\t\t\t<\/div>\n\t\t\t\t<\/div>\n\t\t\t\t<div class=\"elementor-element elementor-element-dd23070 elementor-widget elementor-widget-heading\" data-id=\"dd23070\" data-element_type=\"widget\" data-e-type=\"widget\" data-widget_type=\"heading.default\">\n\t\t\t\t<div class=\"elementor-widget-container\">\n\t\t\t\t\t<h1 class=\"elementor-heading-title elementor-size-default\">Connaissez-vous des commer\u00e7ants de votre quartier<div>qui aimeraient \u00e9galement utiliser Joyn<span style=\"color: var( --e-global-color-4f6668a5 )\"><\/span><\/div><\/h1>\t\t\t\t<\/div>\n\t\t\t\t<\/div>\n\t\t\t\t<div class=\"elementor-element elementor-element-0b9b91e elementor-widget elementor-widget-heading\" data-id=\"0b9b91e\" data-element_type=\"widget\" data-e-type=\"widget\" data-widget_type=\"heading.default\">\n\t\t\t\t<div class=\"elementor-widget-container\">\n\t\t\t\t\t<h2 class=\"elementor-heading-title elementor-size-default\">Faites-le-nous savoir et gagnez un mois de Joyn gratuit<\/h2>\t\t\t\t<\/div>\n\t\t\t\t<\/div>\n\t\t\t\t\t<\/div>\n\t\t<\/div>\n\t\t\t\t\t<\/div>\n\t\t<\/section>\n\t\t\t\t<section class=\"elementor-section elementor-inner-section elementor-element elementor-element-aa89bac elementor-section-boxed elementor-section-height-default elementor-section-height-default\" data-id=\"aa89bac\" data-element_type=\"section\" data-e-type=\"section\">\n\t\t\t\t\t\t<div class=\"elementor-container elementor-column-gap-default\">\n\t\t\t\t\t<div class=\"elementor-column elementor-col-100 elementor-inner-column elementor-element elementor-element-7cf01f4\" data-id=\"7cf01f4\" data-element_type=\"column\" data-e-type=\"column\">\n\t\t\t<div class=\"elementor-widget-wrap\">\n\t\t\t\t\t\t\t<\/div>\n\t\t<\/div>\n\t\t\t\t\t<\/div>\n\t\t<\/section>\n\t\t\t\t\t<\/div>\n\t\t<\/div>\n\t\t\t\t\t<\/div>\n\t\t<\/section>\n\t\t\t\t<section class=\"elementor-section elementor-top-section elementor-element elementor-element-99ca044 elementor-section-boxed elementor-section-height-default elementor-section-height-default\" data-id=\"99ca044\" data-element_type=\"section\" data-e-type=\"section\">\n\t\t\t\t\t\t<div class=\"elementor-container elementor-column-gap-default\">\n\t\t\t\t\t<div class=\"elementor-column elementor-col-100 elementor-top-column elementor-element elementor-element-ec8b9f1\" data-id=\"ec8b9f1\" data-element_type=\"column\" data-e-type=\"column\">\n\t\t\t<div class=\"elementor-widget-wrap elementor-element-populated\">\n\t\t\t\t\t\t<div class=\"elementor-element elementor-element-8c2d701 elementor-widget elementor-widget-heading\" data-id=\"8c2d701\" data-element_type=\"widget\" data-e-type=\"widget\" data-widget_type=\"heading.default\">\n\t\t\t\t<div class=\"elementor-widget-container\">\n\t\t\t\t\t<h2 class=\"elementor-heading-title elementor-size-default\">Vous connaissez un commer\u00e7ant qui aimerait utiliser Joyn ? Faite-le nous savoir.<\/h2>\t\t\t\t<\/div>\n\t\t\t\t<\/div>\n\t\t\t\t\t<\/div>\n\t\t<\/div>\n\t\t\t\t\t<\/div>\n\t\t<\/section>\n\t\t\t\t<section class=\"elementor-section elementor-top-section elementor-element elementor-element-5d64508 elementor-section-boxed elementor-section-height-default elementor-section-height-default\" data-id=\"5d64508\" data-element_type=\"section\" data-e-type=\"section\">\n\t\t\t\t\t\t<div class=\"elementor-container elementor-column-gap-default\">\n\t\t\t\t\t<div class=\"elementor-column elementor-col-100 elementor-top-column elementor-element elementor-element-ee8c9f3\" data-id=\"ee8c9f3\" data-element_type=\"column\" data-e-type=\"column\">\n\t\t\t<div class=\"elementor-widget-wrap elementor-element-populated\">\n\t\t\t\t\t\t<div class=\"elementor-element elementor-element-d6019b7 elementor-widget elementor-widget-heading\" data-id=\"d6019b7\" data-element_type=\"widget\" data-e-type=\"widget\" data-widget_type=\"heading.default\">\n\t\t\t\t<div class=\"elementor-widget-container\">\n\t\t\t\t\t<h3 class=\"elementor-heading-title elementor-size-default\">Plus les commer\u00e7ants utilisent Joyn, mieux c\u2019est pour vous et votre quartier. <br><br>De plus, pour chaque commer\u00e7ant que vous pr\u00e9sentez et qui souscrit un abonnement \u00e0 Joyn, vous gagnez un mois d\u2019acc\u00e8s gratuit \u00e0 la plateforme Joyn.<\/h3>\t\t\t\t<\/div>\n\t\t\t\t<\/div>\n\t\t\t\t<section class=\"elementor-section elementor-inner-section elementor-element elementor-element-0dc1610 elementor-section-boxed elementor-section-height-default elementor-section-height-default\" data-id=\"0dc1610\" data-element_type=\"section\" data-e-type=\"section\">\n\t\t\t\t\t\t<div class=\"elementor-container elementor-column-gap-default\">\n\t\t\t\t\t<div class=\"elementor-column elementor-col-100 elementor-inner-column elementor-element elementor-element-21942c3\" data-id=\"21942c3\" data-element_type=\"column\" data-e-type=\"column\">\n\t\t\t<div class=\"elementor-widget-wrap\">\n\t\t\t\t\t\t\t<\/div>\n\t\t<\/div>\n\t\t\t\t\t<\/div>\n\t\t<\/section>\n\t\t\t\t<div class=\"elementor-element elementor-element-70892a6 elementor-widget elementor-widget-text-editor\" data-id=\"70892a6\" data-element_type=\"widget\" data-e-type=\"widget\" data-widget_type=\"text-editor.default\">\n\t\t\t\t<div class=\"elementor-widget-container\">\n\t\t\t\t\t\t\t\t\t<p style=\"text-align: center;\"><a href=\"https:\/\/joyndev.kinsta.cloud\/fr-be\/lp\/connaissez-vous-des-commercants-de-votre-quartier-qui-aimeraient-egalement-utiliser-joyn\/conditions\/\">Conditions<\/a><\/p>\t\t\t\t\t\t\t\t<\/div>\n\t\t\t\t<\/div>\n\t\t\t\t\t<\/div>\n\t\t<\/div>\n\t\t\t\t\t<\/div>\n\t\t<\/section>\n\t\t\t\t<\/div>\n\t\t","protected":false},"excerpt":{"rendered":"<p>Connaissez-vous des commer\u00e7ants de votre quartierqui aimeraient \u00e9galement utiliser Joyn Faites-le-nous savoir et gagnez un mois de Joyn gratuit Faites-le-nous savoir Vous connaissez un commer\u00e7ant qui aimerait utiliser Joyn ? Faite-le nous savoir. Plus les commer\u00e7ants utilisent Joyn, mieux c\u2019est pour vous et votre quartier. De plus, pour chaque commer\u00e7ant que vous pr\u00e9sentez et qui [&hellip;]<\/p>\n","protected":false},"author":1,"featured_media":34106,"parent":30392,"menu_order":0,"comment_status":"closed","ping_status":"closed","template":"full_width.php","meta":{"_acf_changed":false,"inline_featured_image":false,"footnotes":""},"class_list":["post-34581","page","type-page","status-publish","has-post-thumbnail","hentry"],"acf":[],"yoast_head":"<!-- This site is optimized with the Yoast SEO plugin v27.4 - https:\/\/yoast.com\/product\/yoast-seo-wordpress\/ -->\n<title>Merci pour la pr\u00e9sentation - Joyn<\/title>\n<meta name=\"description\" content=\"Plus les commer\u00e7ants utilisent Joyn, mieux c\u2019est pour vous et votre quartier Plus de clients qui reviennent r\u00e9guli\u00e8rement \u00e0 ce quartier Plus de clients potentiels pour vous\" \/>\n<meta name=\"robots\" content=\"index, follow, max-snippet:-1, max-image-preview:large, max-video-preview:-1\" \/>\n<link rel=\"canonical\" href=\"https:\/\/joyn.eu\/fr-be\/lp\/merci-pour-la-presentation\/\" \/>\n<meta property=\"og:locale\" content=\"fr_FR\" \/>\n<meta property=\"og:type\" content=\"article\" \/>\n<meta property=\"og:title\" content=\"Merci pour la pr\u00e9sentation - Joyn\" \/>\n<meta property=\"og:description\" content=\"Plus les commer\u00e7ants utilisent Joyn, mieux c\u2019est pour vous et votre quartier Plus de clients qui reviennent r\u00e9guli\u00e8rement \u00e0 ce quartier Plus de clients potentiels pour vous\" \/>\n<meta property=\"og:url\" content=\"https:\/\/joyn.eu\/fr-be\/lp\/merci-pour-la-presentation\/\" \/>\n<meta property=\"og:site_name\" content=\"Joyn\" \/>\n<meta property=\"article:modified_time\" content=\"2021-03-11T21:52:49+00:00\" \/>\n<meta property=\"og:image\" content=\"https:\/\/joyn.eu\/wp-content\/uploads\/2021\/03\/hero-mgm.jpg\" \/>\n\t<meta property=\"og:image:width\" content=\"1920\" \/>\n\t<meta property=\"og:image:height\" content=\"936\" \/>\n\t<meta property=\"og:image:type\" content=\"image\/jpeg\" \/>\n<meta name=\"twitter:card\" content=\"summary_large_image\" \/>\n<meta name=\"twitter:label1\" content=\"Dur\u00e9e de lecture est.\" \/>\n\t<meta name=\"twitter:data1\" content=\"1 minute\" \/>\n<script type=\"application\/ld+json\" class=\"yoast-schema-graph\">{\"@context\":\"https:\\\/\\\/schema.org\",\"@graph\":[{\"@type\":\"WebPage\",\"@id\":\"https:\\\/\\\/joyn.eu\\\/fr-be\\\/lp\\\/merci-pour-la-presentation\\\/\",\"url\":\"https:\\\/\\\/joyn.eu\\\/fr-be\\\/lp\\\/merci-pour-la-presentation\\\/\",\"name\":\"Merci pour la pr\u00e9sentation - Joyn\",\"isPartOf\":{\"@id\":\"https:\\\/\\\/joyn.eu\\\/fr-be\\\/#website\"},\"primaryImageOfPage\":{\"@id\":\"https:\\\/\\\/joyn.eu\\\/fr-be\\\/lp\\\/merci-pour-la-presentation\\\/#primaryimage\"},\"image\":{\"@id\":\"https:\\\/\\\/joyn.eu\\\/fr-be\\\/lp\\\/merci-pour-la-presentation\\\/#primaryimage\"},\"thumbnailUrl\":\"https:\\\/\\\/joyn.eu\\\/wp-content\\\/uploads\\\/2021\\\/03\\\/hero-mgm.jpg\",\"datePublished\":\"2021-03-11T16:01:05+00:00\",\"dateModified\":\"2021-03-11T21:52:49+00:00\",\"description\":\"Plus les commer\u00e7ants utilisent Joyn, mieux c\u2019est pour vous et votre quartier Plus de clients qui reviennent r\u00e9guli\u00e8rement \u00e0 ce quartier Plus de clients potentiels pour vous\",\"breadcrumb\":{\"@id\":\"https:\\\/\\\/joyn.eu\\\/fr-be\\\/lp\\\/merci-pour-la-presentation\\\/#breadcrumb\"},\"inLanguage\":\"fr-BE\",\"potentialAction\":[{\"@type\":\"ReadAction\",\"target\":[\"https:\\\/\\\/joyn.eu\\\/fr-be\\\/lp\\\/merci-pour-la-presentation\\\/\"]}]},{\"@type\":\"ImageObject\",\"inLanguage\":\"fr-BE\",\"@id\":\"https:\\\/\\\/joyn.eu\\\/fr-be\\\/lp\\\/merci-pour-la-presentation\\\/#primaryimage\",\"url\":\"https:\\\/\\\/joyn.eu\\\/wp-content\\\/uploads\\\/2021\\\/03\\\/hero-mgm.jpg\",\"contentUrl\":\"https:\\\/\\\/joyn.eu\\\/wp-content\\\/uploads\\\/2021\\\/03\\\/hero-mgm.jpg\",\"width\":1920,\"height\":936,\"caption\":\"commer\u00e7ants de votre quartier\"},{\"@type\":\"BreadcrumbList\",\"@id\":\"https:\\\/\\\/joyn.eu\\\/fr-be\\\/lp\\\/merci-pour-la-presentation\\\/#breadcrumb\",\"itemListElement\":[{\"@type\":\"ListItem\",\"position\":1,\"name\":\"Home\",\"item\":\"https:\\\/\\\/joyn.eu\\\/fr-be\\\/home-merchant-new-fr\\\/\"},{\"@type\":\"ListItem\",\"position\":2,\"name\":\"LP\",\"item\":\"https:\\\/\\\/joyn.eu\\\/fr-be\\\/lp\\\/\"},{\"@type\":\"ListItem\",\"position\":3,\"name\":\"Connaissez-vous des commer\u00e7ants de votre quartier qui aimeraient \u00e9galement utiliser Joyn\",\"item\":\"https:\\\/\\\/joyn.eu\\\/fr-be\\\/lp\\\/connaissez-vous-des-commercants-de-votre-quartier-qui-aimeraient-egalement-utiliser-joyn\\\/\"},{\"@type\":\"ListItem\",\"position\":4,\"name\":\"Merci pour la pr\u00e9sentation\"}]},{\"@type\":\"WebSite\",\"@id\":\"https:\\\/\\\/joyn.eu\\\/fr-be\\\/#website\",\"url\":\"https:\\\/\\\/joyn.eu\\\/fr-be\\\/\",\"name\":\"Joyn\",\"description\":\"Quand vos clients deviennent des fans\",\"publisher\":{\"@id\":\"https:\\\/\\\/joyn.eu\\\/fr-be\\\/#organization\"},\"potentialAction\":[{\"@type\":\"SearchAction\",\"target\":{\"@type\":\"EntryPoint\",\"urlTemplate\":\"https:\\\/\\\/joyn.eu\\\/fr-be\\\/?s={search_term_string}\"},\"query-input\":{\"@type\":\"PropertyValueSpecification\",\"valueRequired\":true,\"valueName\":\"search_term_string\"}}],\"inLanguage\":\"fr-BE\"},{\"@type\":\"Organization\",\"@id\":\"https:\\\/\\\/joyn.eu\\\/fr-be\\\/#organization\",\"name\":\"Joyn\",\"url\":\"https:\\\/\\\/joyn.eu\\\/fr-be\\\/\",\"logo\":{\"@type\":\"ImageObject\",\"inLanguage\":\"fr-BE\",\"@id\":\"https:\\\/\\\/joyn.eu\\\/fr-be\\\/#\\\/schema\\\/logo\\\/image\\\/\",\"url\":\"https:\\\/\\\/joyn.eu\\\/wp-content\\\/uploads\\\/2021\\\/02\\\/Blue-green-h40.png\",\"contentUrl\":\"https:\\\/\\\/joyn.eu\\\/wp-content\\\/uploads\\\/2021\\\/02\\\/Blue-green-h40.png\",\"width\":83,\"height\":40,\"caption\":\"Joyn\"},\"image\":{\"@id\":\"https:\\\/\\\/joyn.eu\\\/fr-be\\\/#\\\/schema\\\/logo\\\/image\\\/\"}}]}<\/script>\n<!-- \/ Yoast SEO plugin. -->","yoast_head_json":{"title":"Merci pour la pr\u00e9sentation - Joyn","description":"Plus les commer\u00e7ants utilisent Joyn, mieux c\u2019est pour vous et votre quartier Plus de clients qui reviennent r\u00e9guli\u00e8rement \u00e0 ce quartier Plus de clients potentiels pour vous","robots":{"index":"index","follow":"follow","max-snippet":"max-snippet:-1","max-image-preview":"max-image-preview:large","max-video-preview":"max-video-preview:-1"},"canonical":"https:\/\/joyn.eu\/fr-be\/lp\/merci-pour-la-presentation\/","og_locale":"fr_FR","og_type":"article","og_title":"Merci pour la pr\u00e9sentation - Joyn","og_description":"Plus les commer\u00e7ants utilisent Joyn, mieux c\u2019est pour vous et votre quartier Plus de clients qui reviennent r\u00e9guli\u00e8rement \u00e0 ce quartier Plus de clients potentiels pour vous","og_url":"https:\/\/joyn.eu\/fr-be\/lp\/merci-pour-la-presentation\/","og_site_name":"Joyn","article_modified_time":"2021-03-11T21:52:49+00:00","og_image":[{"width":1920,"height":936,"url":"https:\/\/joyn.eu\/wp-content\/uploads\/2021\/03\/hero-mgm.jpg","type":"image\/jpeg"}],"twitter_card":"summary_large_image","twitter_misc":{"Dur\u00e9e de lecture est.":"1 minute"},"schema":{"@context":"https:\/\/schema.org","@graph":[{"@type":"WebPage","@id":"https:\/\/joyn.eu\/fr-be\/lp\/merci-pour-la-presentation\/","url":"https:\/\/joyn.eu\/fr-be\/lp\/merci-pour-la-presentation\/","name":"Merci pour la pr\u00e9sentation - Joyn","isPartOf":{"@id":"https:\/\/joyn.eu\/fr-be\/#website"},"primaryImageOfPage":{"@id":"https:\/\/joyn.eu\/fr-be\/lp\/merci-pour-la-presentation\/#primaryimage"},"image":{"@id":"https:\/\/joyn.eu\/fr-be\/lp\/merci-pour-la-presentation\/#primaryimage"},"thumbnailUrl":"https:\/\/joyn.eu\/wp-content\/uploads\/2021\/03\/hero-mgm.jpg","datePublished":"2021-03-11T16:01:05+00:00","dateModified":"2021-03-11T21:52:49+00:00","description":"Plus les commer\u00e7ants utilisent Joyn, mieux c\u2019est pour vous et votre quartier Plus de clients qui reviennent r\u00e9guli\u00e8rement \u00e0 ce quartier Plus de clients potentiels pour vous","breadcrumb":{"@id":"https:\/\/joyn.eu\/fr-be\/lp\/merci-pour-la-presentation\/#breadcrumb"},"inLanguage":"fr-BE","potentialAction":[{"@type":"ReadAction","target":["https:\/\/joyn.eu\/fr-be\/lp\/merci-pour-la-presentation\/"]}]},{"@type":"ImageObject","inLanguage":"fr-BE","@id":"https:\/\/joyn.eu\/fr-be\/lp\/merci-pour-la-presentation\/#primaryimage","url":"https:\/\/joyn.eu\/wp-content\/uploads\/2021\/03\/hero-mgm.jpg","contentUrl":"https:\/\/joyn.eu\/wp-content\/uploads\/2021\/03\/hero-mgm.jpg","width":1920,"height":936,"caption":"commer\u00e7ants de votre quartier"},{"@type":"BreadcrumbList","@id":"https:\/\/joyn.eu\/fr-be\/lp\/merci-pour-la-presentation\/#breadcrumb","itemListElement":[{"@type":"ListItem","position":1,"name":"Home","item":"https:\/\/joyn.eu\/fr-be\/home-merchant-new-fr\/"},{"@type":"ListItem","position":2,"name":"LP","item":"https:\/\/joyn.eu\/fr-be\/lp\/"},{"@type":"ListItem","position":3,"name":"Connaissez-vous des commer\u00e7ants de votre quartier qui aimeraient \u00e9galement utiliser Joyn","item":"https:\/\/joyn.eu\/fr-be\/lp\/connaissez-vous-des-commercants-de-votre-quartier-qui-aimeraient-egalement-utiliser-joyn\/"},{"@type":"ListItem","position":4,"name":"Merci pour la pr\u00e9sentation"}]},{"@type":"WebSite","@id":"https:\/\/joyn.eu\/fr-be\/#website","url":"https:\/\/joyn.eu\/fr-be\/","name":"Joyn","description":"Quand vos clients deviennent des fans","publisher":{"@id":"https:\/\/joyn.eu\/fr-be\/#organization"},"potentialAction":[{"@type":"SearchAction","target":{"@type":"EntryPoint","urlTemplate":"https:\/\/joyn.eu\/fr-be\/?s={search_term_string}"},"query-input":{"@type":"PropertyValueSpecification","valueRequired":true,"valueName":"search_term_string"}}],"inLanguage":"fr-BE"},{"@type":"Organization","@id":"https:\/\/joyn.eu\/fr-be\/#organization","name":"Joyn","url":"https:\/\/joyn.eu\/fr-be\/","logo":{"@type":"ImageObject","inLanguage":"fr-BE","@id":"https:\/\/joyn.eu\/fr-be\/#\/schema\/logo\/image\/","url":"https:\/\/joyn.eu\/wp-content\/uploads\/2021\/02\/Blue-green-h40.png","contentUrl":"https:\/\/joyn.eu\/wp-content\/uploads\/2021\/02\/Blue-green-h40.png","width":83,"height":40,"caption":"Joyn"},"image":{"@id":"https:\/\/joyn.eu\/fr-be\/#\/schema\/logo\/image\/"}}]}},"_links":{"self":[{"href":"https:\/\/joyn.eu\/fr-be\/wp-json\/wp\/v2\/pages\/34581","targetHints":{"allow":["GET"]}}],"collection":[{"href":"https:\/\/joyn.eu\/fr-be\/wp-json\/wp\/v2\/pages"}],"about":[{"href":"https:\/\/joyn.eu\/fr-be\/wp-json\/wp\/v2\/types\/page"}],"author":[{"embeddable":true,"href":"https:\/\/joyn.eu\/fr-be\/wp-json\/wp\/v2\/users\/1"}],"replies":[{"embeddable":true,"href":"https:\/\/joyn.eu\/fr-be\/wp-json\/wp\/v2\/comments?post=34581"}],"version-history":[{"count":17,"href":"https:\/\/joyn.eu\/fr-be\/wp-json\/wp\/v2\/pages\/34581\/revisions"}],"predecessor-version":[{"id":34812,"href":"https:\/\/joyn.eu\/fr-be\/wp-json\/wp\/v2\/pages\/34581\/revisions\/34812"}],"up":[{"embeddable":true,"href":"https:\/\/joyn.eu\/fr-be\/wp-json\/wp\/v2\/pages\/30392"}],"wp:featuredmedia":[{"embeddable":true,"href":"https:\/\/joyn.eu\/fr-be\/wp-json\/wp\/v2\/media\/34106"}],"wp:attachment":[{"href":"https:\/\/joyn.eu\/fr-be\/wp-json\/wp\/v2\/media?parent=34581"}],"curies":[{"name":"wp","href":"https:\/\/api.w.org\/{rel}","templated":true}]}}