{"id":34407,"date":"2021-05-14T12:28:33","date_gmt":"2021-05-14T12:28:33","guid":{"rendered":"https:\/\/joyn.eu\/?page_id=34407"},"modified":"2021-10-07T14:37:16","modified_gmt":"2021-10-07T14:37:16","slug":"je-suis-commercant-et-jai-une-question","status":"publish","type":"page","link":"https:\/\/joyn.eu\/fr-be\/commercant\/a-propos-de-nous\/contactez-nous\/je-suis-commercant-et-jai-une-question\/","title":{"rendered":"Je suis commer\u00e7ant et j&rsquo;ai une question"},"content":{"rendered":"\t\t<div data-elementor-type=\"wp-page\" data-elementor-id=\"34407\" class=\"elementor elementor-34407 elementor-34404\" data-elementor-post-type=\"page\">\n\t\t\t\t\t\t<section class=\"elementor-section elementor-top-section elementor-element elementor-element-ae9cb8f elementor-section-boxed elementor-section-height-default elementor-section-height-default\" data-id=\"ae9cb8f\" data-element_type=\"section\" data-e-type=\"section\" data-settings=\"{&quot;background_background&quot;:&quot;classic&quot;}\">\n\t\t\t\t\t\t<div class=\"elementor-container elementor-column-gap-no\">\n\t\t\t\t\t<div class=\"elementor-column elementor-col-100 elementor-top-column elementor-element elementor-element-4028b36\" data-id=\"4028b36\" data-element_type=\"column\" data-e-type=\"column\">\n\t\t\t<div class=\"elementor-widget-wrap elementor-element-populated\">\n\t\t\t\t\t\t<div class=\"elementor-element elementor-element-1702c92 elementor-widget elementor-widget-heading\" data-id=\"1702c92\" data-element_type=\"widget\" data-e-type=\"widget\" data-widget_type=\"heading.default\">\n\t\t\t\t<div class=\"elementor-widget-container\">\n\t\t\t\t\t<h1 class=\"elementor-heading-title elementor-size-default\">Plus d'info?<\/h1>\t\t\t\t<\/div>\n\t\t\t\t<\/div>\n\t\t\t\t<div class=\"elementor-element elementor-element-8560399 elementor-widget elementor-widget-heading\" data-id=\"8560399\" data-element_type=\"widget\" data-e-type=\"widget\" data-widget_type=\"heading.default\">\n\t\t\t\t<div class=\"elementor-widget-container\">\n\t\t\t\t\t<p class=\"elementor-heading-title elementor-size-default\">Curieux de savoir comment vous pouvez transformer chaque client en client fid\u00e8le ? Remplissez le formulaire. L\u2019un de nos experts vous contactera dans les 24 heures.<\/p>\t\t\t\t<\/div>\n\t\t\t\t<\/div>\n\t\t\t\t<section class=\"elementor-section elementor-inner-section elementor-element elementor-element-27e4a10 elementor-section-boxed elementor-section-height-default elementor-section-height-default\" data-id=\"27e4a10\" data-element_type=\"section\" data-e-type=\"section\">\n\t\t\t\t\t\t<div class=\"elementor-container elementor-column-gap-no\">\n\t\t\t\t\t<div class=\"elementor-column elementor-col-100 elementor-inner-column elementor-element elementor-element-43fc8ca\" data-id=\"43fc8ca\" data-element_type=\"column\" data-e-type=\"column\">\n\t\t\t<div class=\"elementor-widget-wrap elementor-element-populated\">\n\t\t\t\t\t\t<div class=\"elementor-element elementor-element-f4eebfc elementor-widget elementor-widget-shortcode\" data-id=\"f4eebfc\" data-element_type=\"widget\" data-e-type=\"widget\" data-widget_type=\"shortcode.default\">\n\t\t\t\t<div class=\"elementor-widget-container\">\n\t\t\t\t\t\t\t<div class=\"elementor-shortcode\">[hubspot type=form portal=4513559 id=b97e9e8d-f646-4c2a-87ea-7249501fe814]<\/div>\n\t\t\t\t\t\t<\/div>\n\t\t\t\t<\/div>\n\t\t\t\t\t<\/div>\n\t\t<\/div>\n\t\t\t\t\t<\/div>\n\t\t<\/section>\n\t\t\t\t\t<\/div>\n\t\t<\/div>\n\t\t\t\t\t<\/div>\n\t\t<\/section>\n\t\t\t\t<\/div>\n\t\t","protected":false},"excerpt":{"rendered":"<p>Plus d&rsquo;info? Curieux de savoir comment vous pouvez transformer chaque client en client fid\u00e8le ? Remplissez le formulaire. L\u2019un de nos experts vous contactera dans les 24 heures. [hubspot type=form portal=4513559 id=b97e9e8d-f646-4c2a-87ea-7249501fe814]<\/p>\n","protected":false},"author":1,"featured_media":34369,"parent":59667,"menu_order":0,"comment_status":"closed","ping_status":"closed","template":"","meta":{"_acf_changed":false,"inline_featured_image":false,"footnotes":""},"class_list":["post-34407","page","type-page","status-publish","has-post-thumbnail","hentry"],"acf":[],"yoast_head":"<!-- This site is optimized with the Yoast SEO plugin v27.5 - https:\/\/yoast.com\/product\/yoast-seo-wordpress\/ -->\n<title>Je suis commer\u00e7ant et j&#039;ai une question - Joyn<\/title>\n<meta name=\"description\" content=\"Vous \u00eates commer\u00e7ant et vous avez une question? Remplissez le formulaire ci-dessous. Nous sommes heureux de vous aider.\u200b\" \/>\n<meta name=\"robots\" content=\"index, follow, max-snippet:-1, max-image-preview:large, max-video-preview:-1\" \/>\n<link rel=\"canonical\" href=\"https:\/\/joyn.eu\/fr-be\/commercant\/a-propos-de-nous\/contactez-nous\/je-suis-commercant-et-jai-une-question\/\" \/>\n<meta property=\"og:locale\" content=\"fr_FR\" \/>\n<meta property=\"og:type\" content=\"article\" \/>\n<meta property=\"og:title\" content=\"Je suis commer\u00e7ant et j&#039;ai une question - Joyn\" \/>\n<meta property=\"og:description\" content=\"Vous \u00eates commer\u00e7ant et vous avez une question? Remplissez le formulaire ci-dessous. Nous sommes heureux de vous aider.\u200b\" \/>\n<meta property=\"og:url\" content=\"https:\/\/joyn.eu\/fr-be\/commercant\/a-propos-de-nous\/contactez-nous\/je-suis-commercant-et-jai-une-question\/\" \/>\n<meta property=\"og:site_name\" content=\"Joyn\" \/>\n<meta property=\"article:modified_time\" content=\"2021-10-07T14:37:16+00:00\" \/>\n<meta property=\"og:image\" content=\"https:\/\/joyn.eu\/wp-content\/uploads\/2021\/03\/contact-us.jpg\" \/>\n\t<meta property=\"og:image:width\" content=\"1920\" \/>\n\t<meta property=\"og:image:height\" content=\"936\" \/>\n\t<meta property=\"og:image:type\" content=\"image\/jpeg\" \/>\n<meta name=\"twitter:card\" content=\"summary_large_image\" \/>\n<meta name=\"twitter:label1\" content=\"Dur\u00e9e de lecture est.\" \/>\n\t<meta name=\"twitter:data1\" content=\"1 minute\" \/>\n<script type=\"application\/ld+json\" class=\"yoast-schema-graph\">{\"@context\":\"https:\\\/\\\/schema.org\",\"@graph\":[{\"@type\":\"WebPage\",\"@id\":\"https:\\\/\\\/joyn.eu\\\/fr-be\\\/commercant\\\/a-propos-de-nous\\\/contactez-nous\\\/je-suis-commercant-et-jai-une-question\\\/\",\"url\":\"https:\\\/\\\/joyn.eu\\\/fr-be\\\/commercant\\\/a-propos-de-nous\\\/contactez-nous\\\/je-suis-commercant-et-jai-une-question\\\/\",\"name\":\"Je suis commer\u00e7ant et j'ai une question - Joyn\",\"isPartOf\":{\"@id\":\"https:\\\/\\\/joyn.eu\\\/fr-be\\\/#website\"},\"primaryImageOfPage\":{\"@id\":\"https:\\\/\\\/joyn.eu\\\/fr-be\\\/commercant\\\/a-propos-de-nous\\\/contactez-nous\\\/je-suis-commercant-et-jai-une-question\\\/#primaryimage\"},\"image\":{\"@id\":\"https:\\\/\\\/joyn.eu\\\/fr-be\\\/commercant\\\/a-propos-de-nous\\\/contactez-nous\\\/je-suis-commercant-et-jai-une-question\\\/#primaryimage\"},\"thumbnailUrl\":\"https:\\\/\\\/joyn.eu\\\/wp-content\\\/uploads\\\/2021\\\/03\\\/contact-us.jpg\",\"datePublished\":\"2021-05-14T12:28:33+00:00\",\"dateModified\":\"2021-10-07T14:37:16+00:00\",\"description\":\"Vous \u00eates commer\u00e7ant et vous avez une question? Remplissez le formulaire ci-dessous. Nous sommes heureux de vous aider.\u200b\",\"breadcrumb\":{\"@id\":\"https:\\\/\\\/joyn.eu\\\/fr-be\\\/commercant\\\/a-propos-de-nous\\\/contactez-nous\\\/je-suis-commercant-et-jai-une-question\\\/#breadcrumb\"},\"inLanguage\":\"fr-BE\",\"potentialAction\":[{\"@type\":\"ReadAction\",\"target\":[\"https:\\\/\\\/joyn.eu\\\/fr-be\\\/commercant\\\/a-propos-de-nous\\\/contactez-nous\\\/je-suis-commercant-et-jai-une-question\\\/\"]}]},{\"@type\":\"ImageObject\",\"inLanguage\":\"fr-BE\",\"@id\":\"https:\\\/\\\/joyn.eu\\\/fr-be\\\/commercant\\\/a-propos-de-nous\\\/contactez-nous\\\/je-suis-commercant-et-jai-une-question\\\/#primaryimage\",\"url\":\"https:\\\/\\\/joyn.eu\\\/wp-content\\\/uploads\\\/2021\\\/03\\\/contact-us.jpg\",\"contentUrl\":\"https:\\\/\\\/joyn.eu\\\/wp-content\\\/uploads\\\/2021\\\/03\\\/contact-us.jpg\",\"width\":1920,\"height\":936,\"caption\":\"Comment nous pouvons vous aider ?\"},{\"@type\":\"BreadcrumbList\",\"@id\":\"https:\\\/\\\/joyn.eu\\\/fr-be\\\/commercant\\\/a-propos-de-nous\\\/contactez-nous\\\/je-suis-commercant-et-jai-une-question\\\/#breadcrumb\",\"itemListElement\":[{\"@type\":\"ListItem\",\"position\":1,\"name\":\"Home\",\"item\":\"https:\\\/\\\/joyn.eu\\\/fr-be\\\/home-merchant-new-fr\\\/\"},{\"@type\":\"ListItem\",\"position\":2,\"name\":\"Je suis commer\u00e7ant et j&#8217;ai une question\"}]},{\"@type\":\"WebSite\",\"@id\":\"https:\\\/\\\/joyn.eu\\\/fr-be\\\/#website\",\"url\":\"https:\\\/\\\/joyn.eu\\\/fr-be\\\/\",\"name\":\"Joyn\",\"description\":\"Quand vos clients deviennent des fans\",\"publisher\":{\"@id\":\"https:\\\/\\\/joyn.eu\\\/fr-be\\\/#organization\"},\"potentialAction\":[{\"@type\":\"SearchAction\",\"target\":{\"@type\":\"EntryPoint\",\"urlTemplate\":\"https:\\\/\\\/joyn.eu\\\/fr-be\\\/?s={search_term_string}\"},\"query-input\":{\"@type\":\"PropertyValueSpecification\",\"valueRequired\":true,\"valueName\":\"search_term_string\"}}],\"inLanguage\":\"fr-BE\"},{\"@type\":\"Organization\",\"@id\":\"https:\\\/\\\/joyn.eu\\\/fr-be\\\/#organization\",\"name\":\"Joyn\",\"url\":\"https:\\\/\\\/joyn.eu\\\/fr-be\\\/\",\"logo\":{\"@type\":\"ImageObject\",\"inLanguage\":\"fr-BE\",\"@id\":\"https:\\\/\\\/joyn.eu\\\/fr-be\\\/#\\\/schema\\\/logo\\\/image\\\/\",\"url\":\"https:\\\/\\\/joyn.eu\\\/wp-content\\\/uploads\\\/2021\\\/02\\\/Blue-green-h40.png\",\"contentUrl\":\"https:\\\/\\\/joyn.eu\\\/wp-content\\\/uploads\\\/2021\\\/02\\\/Blue-green-h40.png\",\"width\":83,\"height\":40,\"caption\":\"Joyn\"},\"image\":{\"@id\":\"https:\\\/\\\/joyn.eu\\\/fr-be\\\/#\\\/schema\\\/logo\\\/image\\\/\"}}]}<\/script>\n<!-- \/ Yoast SEO plugin. -->","yoast_head_json":{"title":"Je suis commer\u00e7ant et j'ai une question - Joyn","description":"Vous \u00eates commer\u00e7ant et vous avez une question? Remplissez le formulaire ci-dessous. Nous sommes heureux de vous aider.\u200b","robots":{"index":"index","follow":"follow","max-snippet":"max-snippet:-1","max-image-preview":"max-image-preview:large","max-video-preview":"max-video-preview:-1"},"canonical":"https:\/\/joyn.eu\/fr-be\/commercant\/a-propos-de-nous\/contactez-nous\/je-suis-commercant-et-jai-une-question\/","og_locale":"fr_FR","og_type":"article","og_title":"Je suis commer\u00e7ant et j'ai une question - Joyn","og_description":"Vous \u00eates commer\u00e7ant et vous avez une question? Remplissez le formulaire ci-dessous. Nous sommes heureux de vous aider.\u200b","og_url":"https:\/\/joyn.eu\/fr-be\/commercant\/a-propos-de-nous\/contactez-nous\/je-suis-commercant-et-jai-une-question\/","og_site_name":"Joyn","article_modified_time":"2021-10-07T14:37:16+00:00","og_image":[{"width":1920,"height":936,"url":"https:\/\/joyn.eu\/wp-content\/uploads\/2021\/03\/contact-us.jpg","type":"image\/jpeg"}],"twitter_card":"summary_large_image","twitter_misc":{"Dur\u00e9e de lecture est.":"1 minute"},"schema":{"@context":"https:\/\/schema.org","@graph":[{"@type":"WebPage","@id":"https:\/\/joyn.eu\/fr-be\/commercant\/a-propos-de-nous\/contactez-nous\/je-suis-commercant-et-jai-une-question\/","url":"https:\/\/joyn.eu\/fr-be\/commercant\/a-propos-de-nous\/contactez-nous\/je-suis-commercant-et-jai-une-question\/","name":"Je suis commer\u00e7ant et j'ai une question - Joyn","isPartOf":{"@id":"https:\/\/joyn.eu\/fr-be\/#website"},"primaryImageOfPage":{"@id":"https:\/\/joyn.eu\/fr-be\/commercant\/a-propos-de-nous\/contactez-nous\/je-suis-commercant-et-jai-une-question\/#primaryimage"},"image":{"@id":"https:\/\/joyn.eu\/fr-be\/commercant\/a-propos-de-nous\/contactez-nous\/je-suis-commercant-et-jai-une-question\/#primaryimage"},"thumbnailUrl":"https:\/\/joyn.eu\/wp-content\/uploads\/2021\/03\/contact-us.jpg","datePublished":"2021-05-14T12:28:33+00:00","dateModified":"2021-10-07T14:37:16+00:00","description":"Vous \u00eates commer\u00e7ant et vous avez une question? Remplissez le formulaire ci-dessous. Nous sommes heureux de vous aider.\u200b","breadcrumb":{"@id":"https:\/\/joyn.eu\/fr-be\/commercant\/a-propos-de-nous\/contactez-nous\/je-suis-commercant-et-jai-une-question\/#breadcrumb"},"inLanguage":"fr-BE","potentialAction":[{"@type":"ReadAction","target":["https:\/\/joyn.eu\/fr-be\/commercant\/a-propos-de-nous\/contactez-nous\/je-suis-commercant-et-jai-une-question\/"]}]},{"@type":"ImageObject","inLanguage":"fr-BE","@id":"https:\/\/joyn.eu\/fr-be\/commercant\/a-propos-de-nous\/contactez-nous\/je-suis-commercant-et-jai-une-question\/#primaryimage","url":"https:\/\/joyn.eu\/wp-content\/uploads\/2021\/03\/contact-us.jpg","contentUrl":"https:\/\/joyn.eu\/wp-content\/uploads\/2021\/03\/contact-us.jpg","width":1920,"height":936,"caption":"Comment nous pouvons vous aider ?"},{"@type":"BreadcrumbList","@id":"https:\/\/joyn.eu\/fr-be\/commercant\/a-propos-de-nous\/contactez-nous\/je-suis-commercant-et-jai-une-question\/#breadcrumb","itemListElement":[{"@type":"ListItem","position":1,"name":"Home","item":"https:\/\/joyn.eu\/fr-be\/home-merchant-new-fr\/"},{"@type":"ListItem","position":2,"name":"Je suis commer\u00e7ant et j&#8217;ai une question"}]},{"@type":"WebSite","@id":"https:\/\/joyn.eu\/fr-be\/#website","url":"https:\/\/joyn.eu\/fr-be\/","name":"Joyn","description":"Quand vos clients deviennent des fans","publisher":{"@id":"https:\/\/joyn.eu\/fr-be\/#organization"},"potentialAction":[{"@type":"SearchAction","target":{"@type":"EntryPoint","urlTemplate":"https:\/\/joyn.eu\/fr-be\/?s={search_term_string}"},"query-input":{"@type":"PropertyValueSpecification","valueRequired":true,"valueName":"search_term_string"}}],"inLanguage":"fr-BE"},{"@type":"Organization","@id":"https:\/\/joyn.eu\/fr-be\/#organization","name":"Joyn","url":"https:\/\/joyn.eu\/fr-be\/","logo":{"@type":"ImageObject","inLanguage":"fr-BE","@id":"https:\/\/joyn.eu\/fr-be\/#\/schema\/logo\/image\/","url":"https:\/\/joyn.eu\/wp-content\/uploads\/2021\/02\/Blue-green-h40.png","contentUrl":"https:\/\/joyn.eu\/wp-content\/uploads\/2021\/02\/Blue-green-h40.png","width":83,"height":40,"caption":"Joyn"},"image":{"@id":"https:\/\/joyn.eu\/fr-be\/#\/schema\/logo\/image\/"}}]}},"_links":{"self":[{"href":"https:\/\/joyn.eu\/fr-be\/wp-json\/wp\/v2\/pages\/34407","targetHints":{"allow":["GET"]}}],"collection":[{"href":"https:\/\/joyn.eu\/fr-be\/wp-json\/wp\/v2\/pages"}],"about":[{"href":"https:\/\/joyn.eu\/fr-be\/wp-json\/wp\/v2\/types\/page"}],"author":[{"embeddable":true,"href":"https:\/\/joyn.eu\/fr-be\/wp-json\/wp\/v2\/users\/1"}],"replies":[{"embeddable":true,"href":"https:\/\/joyn.eu\/fr-be\/wp-json\/wp\/v2\/comments?post=34407"}],"version-history":[{"count":14,"href":"https:\/\/joyn.eu\/fr-be\/wp-json\/wp\/v2\/pages\/34407\/revisions"}],"predecessor-version":[{"id":44826,"href":"https:\/\/joyn.eu\/fr-be\/wp-json\/wp\/v2\/pages\/34407\/revisions\/44826"}],"up":[{"embeddable":true,"href":"https:\/\/joyn.eu\/fr-be\/wp-json\/wp\/v2\/pages\/59667"}],"wp:featuredmedia":[{"embeddable":true,"href":"https:\/\/joyn.eu\/fr-be\/wp-json\/wp\/v2\/media\/34369"}],"wp:attachment":[{"href":"https:\/\/joyn.eu\/fr-be\/wp-json\/wp\/v2\/media?parent=34407"}],"curies":[{"name":"wp","href":"https:\/\/api.w.org\/{rel}","templated":true}]}}