{"id":34205,"date":"2021-03-02T18:00:04","date_gmt":"2021-03-02T18:00:04","guid":{"rendered":"https:\/\/joyn.eu\/lp\/connaissez-vous-des-commercants-de-votre-quartier-qui-aimeraient-egalement-utiliser-joyn\/"},"modified":"2021-05-14T13:13:45","modified_gmt":"2021-05-14T13:13:45","slug":"connaissez-vous-des-commercants-de-votre-quartier-qui-aimeraient-egalement-utiliser-joyn","status":"publish","type":"page","link":"https:\/\/joyn.eu\/fr-be\/lp\/connaissez-vous-des-commercants-de-votre-quartier-qui-aimeraient-egalement-utiliser-joyn\/","title":{"rendered":"Connaissez-vous des commer\u00e7ants de votre quartier qui aimeraient \u00e9galement utiliser Joyn"},"content":{"rendered":"\t\t<div data-elementor-type=\"wp-page\" data-elementor-id=\"34205\" class=\"elementor elementor-34205 elementor-34213\" data-elementor-post-type=\"page\">\n\t\t\t\t\t\t<section class=\"elementor-section elementor-top-section elementor-element elementor-element-d3bf862 elementor-section-full_width elementor-section-items-stretch elementor-section-height-min-height elementor-section-height-default\" data-id=\"d3bf862\" data-element_type=\"section\" data-e-type=\"section\" data-settings=\"{&quot;background_background&quot;:&quot;classic&quot;}\">\n\t\t\t\t\t\t<div class=\"elementor-container elementor-column-gap-wide\">\n\t\t\t\t\t<div class=\"elementor-column elementor-col-100 elementor-top-column elementor-element elementor-element-bebd7f6\" data-id=\"bebd7f6\" data-element_type=\"column\" data-e-type=\"column\" data-settings=\"{&quot;background_background&quot;:&quot;classic&quot;}\">\n\t\t\t<div class=\"elementor-widget-wrap elementor-element-populated\">\n\t\t\t\t\t\t<section class=\"elementor-section elementor-inner-section elementor-element elementor-element-55f854a elementor-section-height-min-height elementor-section-content-middle elementor-section-boxed elementor-section-height-default\" data-id=\"55f854a\" data-element_type=\"section\" data-e-type=\"section\">\n\t\t\t\t\t\t<div class=\"elementor-container elementor-column-gap-default\">\n\t\t\t\t\t<div class=\"elementor-column elementor-col-100 elementor-inner-column elementor-element elementor-element-4d88018\" data-id=\"4d88018\" data-element_type=\"column\" data-e-type=\"column\">\n\t\t\t<div class=\"elementor-widget-wrap elementor-element-populated\">\n\t\t\t\t\t\t<div class=\"elementor-element elementor-element-63da197 elementor-widget elementor-widget-spacer\" data-id=\"63da197\" data-element_type=\"widget\" data-e-type=\"widget\" data-widget_type=\"spacer.default\">\n\t\t\t\t<div class=\"elementor-widget-container\">\n\t\t\t\t\t\t\t<div class=\"elementor-spacer\">\n\t\t\t<div class=\"elementor-spacer-inner\"><\/div>\n\t\t<\/div>\n\t\t\t\t\t\t<\/div>\n\t\t\t\t<\/div>\n\t\t\t\t<div class=\"elementor-element elementor-element-ce3fa67 elementor-widget elementor-widget-heading\" data-id=\"ce3fa67\" data-element_type=\"widget\" data-e-type=\"widget\" data-widget_type=\"heading.default\">\n\t\t\t\t<div class=\"elementor-widget-container\">\n\t\t\t\t\t<h1 class=\"elementor-heading-title elementor-size-default\">D\u00e9couvrez notre centre d'aide<\/h1>\t\t\t\t<\/div>\n\t\t\t\t<\/div>\n\t\t\t\t\t<\/div>\n\t\t<\/div>\n\t\t\t\t\t<\/div>\n\t\t<\/section>\n\t\t\t\t\t<\/div>\n\t\t<\/div>\n\t\t\t\t\t<\/div>\n\t\t<\/section>\n\t\t\t\t<section class=\"elementor-section elementor-top-section elementor-element elementor-element-bf43dc4 elementor-section-boxed elementor-section-height-default elementor-section-height-default\" data-id=\"bf43dc4\" data-element_type=\"section\" data-e-type=\"section\" data-settings=\"{&quot;background_background&quot;:&quot;classic&quot;}\">\n\t\t\t\t\t\t<div class=\"elementor-container elementor-column-gap-no\">\n\t\t\t\t\t<div class=\"elementor-column elementor-col-100 elementor-top-column elementor-element elementor-element-a3b2391\" data-id=\"a3b2391\" data-element_type=\"column\" data-e-type=\"column\">\n\t\t\t<div class=\"elementor-widget-wrap elementor-element-populated\">\n\t\t\t\t\t\t<div class=\"elementor-element elementor-element-3a6f198 elementor-widget elementor-widget-heading\" data-id=\"3a6f198\" data-element_type=\"widget\" data-e-type=\"widget\" data-widget_type=\"heading.default\">\n\t\t\t\t<div class=\"elementor-widget-container\">\n\t\t\t\t\t<h2 class=\"elementor-heading-title elementor-size-default\">Vous \u00eates commer\u00e7ant et vous avez une question? Remplissez le formulaire ci-dessous. Nous sommes heureux de vous aider.<\/h2>\t\t\t\t<\/div>\n\t\t\t\t<\/div>\n\t\t\t\t<section class=\"elementor-section elementor-inner-section elementor-element elementor-element-1e11749 elementor-section-boxed elementor-section-height-default elementor-section-height-default\" data-id=\"1e11749\" data-element_type=\"section\" data-e-type=\"section\">\n\t\t\t\t\t\t<div class=\"elementor-container elementor-column-gap-no\">\n\t\t\t\t\t<div class=\"elementor-column elementor-col-100 elementor-inner-column elementor-element elementor-element-5cb5e4a\" data-id=\"5cb5e4a\" data-element_type=\"column\" data-e-type=\"column\">\n\t\t\t<div class=\"elementor-widget-wrap elementor-element-populated\">\n\t\t\t\t\t\t<div class=\"elementor-element elementor-element-2488eaf elementor-widget elementor-widget-shortcode\" data-id=\"2488eaf\" data-element_type=\"widget\" data-e-type=\"widget\" data-widget_type=\"shortcode.default\">\n\t\t\t\t<div class=\"elementor-widget-container\">\n\t\t\t\t\t\t\t<div class=\"elementor-shortcode\">[hubspot type=form portal=4513559 id=942d0925-452a-4026-8376-5feb2999b84a]<\/div>\n\t\t\t\t\t\t<\/div>\n\t\t\t\t<\/div>\n\t\t\t\t\t<\/div>\n\t\t<\/div>\n\t\t\t\t\t<\/div>\n\t\t<\/section>\n\t\t\t\t\t<\/div>\n\t\t<\/div>\n\t\t\t\t\t<\/div>\n\t\t<\/section>\n\t\t\t\t<\/div>\n\t\t","protected":false},"excerpt":{"rendered":"<p>D\u00e9couvrez notre centre d&rsquo;aide Centre d\u2019 aide Vous \u00eates commer\u00e7ant et vous avez une question? Remplissez le formulaire ci-dessous. Nous sommes heureux de vous aider. [hubspot type=form portal=4513559 id=942d0925-452a-4026-8376-5feb2999b84a]<\/p>\n","protected":false},"author":1,"featured_media":34106,"parent":30392,"menu_order":0,"comment_status":"closed","ping_status":"closed","template":"","meta":{"_acf_changed":false,"inline_featured_image":false,"footnotes":""},"class_list":["post-34205","page","type-page","status-publish","has-post-thumbnail","hentry"],"acf":[],"yoast_head":"<!-- This site is optimized with the Yoast SEO plugin v27.5 - https:\/\/yoast.com\/product\/yoast-seo-wordpress\/ -->\n<title>Connaissez-vous des commer\u00e7ants de votre quartier qui aimeraient \u00e9galement utiliser Joyn - Joyn<\/title>\n<meta name=\"description\" content=\"Plus les commer\u00e7ants utilisent Joyn, mieux c\u2019est pour vous et votre quartier Plus de clients qui reviennent r\u00e9guli\u00e8rement \u00e0 ce quartier Plus de clients potentiels pour vous\" \/>\n<meta name=\"robots\" content=\"index, follow, max-snippet:-1, max-image-preview:large, max-video-preview:-1\" \/>\n<link rel=\"canonical\" href=\"https:\/\/joyn.eu\/fr-be\/lp\/connaissez-vous-des-commercants-de-votre-quartier-qui-aimeraient-egalement-utiliser-joyn\/\" \/>\n<meta property=\"og:locale\" content=\"fr_FR\" \/>\n<meta property=\"og:type\" content=\"article\" \/>\n<meta property=\"og:title\" content=\"Connaissez-vous des commer\u00e7ants de votre quartier qui aimeraient \u00e9galement utiliser Joyn - Joyn\" \/>\n<meta property=\"og:description\" content=\"Plus les commer\u00e7ants utilisent Joyn, mieux c\u2019est pour vous et votre quartier Plus de clients qui reviennent r\u00e9guli\u00e8rement \u00e0 ce quartier Plus de clients potentiels pour vous\" \/>\n<meta property=\"og:url\" content=\"https:\/\/joyn.eu\/fr-be\/lp\/connaissez-vous-des-commercants-de-votre-quartier-qui-aimeraient-egalement-utiliser-joyn\/\" \/>\n<meta property=\"og:site_name\" content=\"Joyn\" \/>\n<meta property=\"article:modified_time\" content=\"2021-05-14T13:13:45+00:00\" \/>\n<meta property=\"og:image\" content=\"https:\/\/joyn.eu\/wp-content\/uploads\/2021\/03\/hero-mgm.jpg\" \/>\n\t<meta property=\"og:image:width\" content=\"1920\" \/>\n\t<meta property=\"og:image:height\" content=\"936\" \/>\n\t<meta property=\"og:image:type\" content=\"image\/jpeg\" \/>\n<meta name=\"twitter:card\" content=\"summary_large_image\" \/>\n<meta name=\"twitter:label1\" content=\"Dur\u00e9e de lecture est.\" \/>\n\t<meta name=\"twitter:data1\" content=\"1 minute\" \/>\n<script type=\"application\/ld+json\" class=\"yoast-schema-graph\">{\"@context\":\"https:\\\/\\\/schema.org\",\"@graph\":[{\"@type\":\"WebPage\",\"@id\":\"https:\\\/\\\/joyn.eu\\\/fr-be\\\/lp\\\/connaissez-vous-des-commercants-de-votre-quartier-qui-aimeraient-egalement-utiliser-joyn\\\/\",\"url\":\"https:\\\/\\\/joyn.eu\\\/fr-be\\\/lp\\\/connaissez-vous-des-commercants-de-votre-quartier-qui-aimeraient-egalement-utiliser-joyn\\\/\",\"name\":\"Connaissez-vous des commer\u00e7ants de votre quartier qui aimeraient \u00e9galement utiliser Joyn - Joyn\",\"isPartOf\":{\"@id\":\"https:\\\/\\\/joyn.eu\\\/fr-be\\\/#website\"},\"primaryImageOfPage\":{\"@id\":\"https:\\\/\\\/joyn.eu\\\/fr-be\\\/lp\\\/connaissez-vous-des-commercants-de-votre-quartier-qui-aimeraient-egalement-utiliser-joyn\\\/#primaryimage\"},\"image\":{\"@id\":\"https:\\\/\\\/joyn.eu\\\/fr-be\\\/lp\\\/connaissez-vous-des-commercants-de-votre-quartier-qui-aimeraient-egalement-utiliser-joyn\\\/#primaryimage\"},\"thumbnailUrl\":\"https:\\\/\\\/joyn.eu\\\/wp-content\\\/uploads\\\/2021\\\/03\\\/hero-mgm.jpg\",\"datePublished\":\"2021-03-02T18:00:04+00:00\",\"dateModified\":\"2021-05-14T13:13:45+00:00\",\"description\":\"Plus les commer\u00e7ants utilisent Joyn, mieux c\u2019est pour vous et votre quartier Plus de clients qui reviennent r\u00e9guli\u00e8rement \u00e0 ce quartier Plus de clients potentiels pour vous\",\"breadcrumb\":{\"@id\":\"https:\\\/\\\/joyn.eu\\\/fr-be\\\/lp\\\/connaissez-vous-des-commercants-de-votre-quartier-qui-aimeraient-egalement-utiliser-joyn\\\/#breadcrumb\"},\"inLanguage\":\"fr-BE\",\"potentialAction\":[{\"@type\":\"ReadAction\",\"target\":[\"https:\\\/\\\/joyn.eu\\\/fr-be\\\/lp\\\/connaissez-vous-des-commercants-de-votre-quartier-qui-aimeraient-egalement-utiliser-joyn\\\/\"]}]},{\"@type\":\"ImageObject\",\"inLanguage\":\"fr-BE\",\"@id\":\"https:\\\/\\\/joyn.eu\\\/fr-be\\\/lp\\\/connaissez-vous-des-commercants-de-votre-quartier-qui-aimeraient-egalement-utiliser-joyn\\\/#primaryimage\",\"url\":\"https:\\\/\\\/joyn.eu\\\/wp-content\\\/uploads\\\/2021\\\/03\\\/hero-mgm.jpg\",\"contentUrl\":\"https:\\\/\\\/joyn.eu\\\/wp-content\\\/uploads\\\/2021\\\/03\\\/hero-mgm.jpg\",\"width\":1920,\"height\":936,\"caption\":\"commer\u00e7ants de votre quartier\"},{\"@type\":\"BreadcrumbList\",\"@id\":\"https:\\\/\\\/joyn.eu\\\/fr-be\\\/lp\\\/connaissez-vous-des-commercants-de-votre-quartier-qui-aimeraient-egalement-utiliser-joyn\\\/#breadcrumb\",\"itemListElement\":[{\"@type\":\"ListItem\",\"position\":1,\"name\":\"Home\",\"item\":\"https:\\\/\\\/joyn.eu\\\/fr-be\\\/home-merchant-new-fr\\\/\"},{\"@type\":\"ListItem\",\"position\":2,\"name\":\"LP\",\"item\":\"https:\\\/\\\/joyn.eu\\\/fr-be\\\/lp\\\/\"},{\"@type\":\"ListItem\",\"position\":3,\"name\":\"Connaissez-vous des commer\u00e7ants de votre quartier qui aimeraient \u00e9galement utiliser Joyn\"}]},{\"@type\":\"WebSite\",\"@id\":\"https:\\\/\\\/joyn.eu\\\/fr-be\\\/#website\",\"url\":\"https:\\\/\\\/joyn.eu\\\/fr-be\\\/\",\"name\":\"Joyn\",\"description\":\"Quand vos clients deviennent des fans\",\"publisher\":{\"@id\":\"https:\\\/\\\/joyn.eu\\\/fr-be\\\/#organization\"},\"potentialAction\":[{\"@type\":\"SearchAction\",\"target\":{\"@type\":\"EntryPoint\",\"urlTemplate\":\"https:\\\/\\\/joyn.eu\\\/fr-be\\\/?s={search_term_string}\"},\"query-input\":{\"@type\":\"PropertyValueSpecification\",\"valueRequired\":true,\"valueName\":\"search_term_string\"}}],\"inLanguage\":\"fr-BE\"},{\"@type\":\"Organization\",\"@id\":\"https:\\\/\\\/joyn.eu\\\/fr-be\\\/#organization\",\"name\":\"Joyn\",\"url\":\"https:\\\/\\\/joyn.eu\\\/fr-be\\\/\",\"logo\":{\"@type\":\"ImageObject\",\"inLanguage\":\"fr-BE\",\"@id\":\"https:\\\/\\\/joyn.eu\\\/fr-be\\\/#\\\/schema\\\/logo\\\/image\\\/\",\"url\":\"https:\\\/\\\/joyn.eu\\\/wp-content\\\/uploads\\\/2021\\\/02\\\/Blue-green-h40.png\",\"contentUrl\":\"https:\\\/\\\/joyn.eu\\\/wp-content\\\/uploads\\\/2021\\\/02\\\/Blue-green-h40.png\",\"width\":83,\"height\":40,\"caption\":\"Joyn\"},\"image\":{\"@id\":\"https:\\\/\\\/joyn.eu\\\/fr-be\\\/#\\\/schema\\\/logo\\\/image\\\/\"}}]}<\/script>\n<!-- \/ Yoast SEO plugin. -->","yoast_head_json":{"title":"Connaissez-vous des commer\u00e7ants de votre quartier qui aimeraient \u00e9galement utiliser Joyn - Joyn","description":"Plus les commer\u00e7ants utilisent Joyn, mieux c\u2019est pour vous et votre quartier Plus de clients qui reviennent r\u00e9guli\u00e8rement \u00e0 ce quartier Plus de clients potentiels pour vous","robots":{"index":"index","follow":"follow","max-snippet":"max-snippet:-1","max-image-preview":"max-image-preview:large","max-video-preview":"max-video-preview:-1"},"canonical":"https:\/\/joyn.eu\/fr-be\/lp\/connaissez-vous-des-commercants-de-votre-quartier-qui-aimeraient-egalement-utiliser-joyn\/","og_locale":"fr_FR","og_type":"article","og_title":"Connaissez-vous des commer\u00e7ants de votre quartier qui aimeraient \u00e9galement utiliser Joyn - Joyn","og_description":"Plus les commer\u00e7ants utilisent Joyn, mieux c\u2019est pour vous et votre quartier Plus de clients qui reviennent r\u00e9guli\u00e8rement \u00e0 ce quartier Plus de clients potentiels pour vous","og_url":"https:\/\/joyn.eu\/fr-be\/lp\/connaissez-vous-des-commercants-de-votre-quartier-qui-aimeraient-egalement-utiliser-joyn\/","og_site_name":"Joyn","article_modified_time":"2021-05-14T13:13:45+00:00","og_image":[{"width":1920,"height":936,"url":"https:\/\/joyn.eu\/wp-content\/uploads\/2021\/03\/hero-mgm.jpg","type":"image\/jpeg"}],"twitter_card":"summary_large_image","twitter_misc":{"Dur\u00e9e de lecture est.":"1 minute"},"schema":{"@context":"https:\/\/schema.org","@graph":[{"@type":"WebPage","@id":"https:\/\/joyn.eu\/fr-be\/lp\/connaissez-vous-des-commercants-de-votre-quartier-qui-aimeraient-egalement-utiliser-joyn\/","url":"https:\/\/joyn.eu\/fr-be\/lp\/connaissez-vous-des-commercants-de-votre-quartier-qui-aimeraient-egalement-utiliser-joyn\/","name":"Connaissez-vous des commer\u00e7ants de votre quartier qui aimeraient \u00e9galement utiliser Joyn - Joyn","isPartOf":{"@id":"https:\/\/joyn.eu\/fr-be\/#website"},"primaryImageOfPage":{"@id":"https:\/\/joyn.eu\/fr-be\/lp\/connaissez-vous-des-commercants-de-votre-quartier-qui-aimeraient-egalement-utiliser-joyn\/#primaryimage"},"image":{"@id":"https:\/\/joyn.eu\/fr-be\/lp\/connaissez-vous-des-commercants-de-votre-quartier-qui-aimeraient-egalement-utiliser-joyn\/#primaryimage"},"thumbnailUrl":"https:\/\/joyn.eu\/wp-content\/uploads\/2021\/03\/hero-mgm.jpg","datePublished":"2021-03-02T18:00:04+00:00","dateModified":"2021-05-14T13:13:45+00:00","description":"Plus les commer\u00e7ants utilisent Joyn, mieux c\u2019est pour vous et votre quartier Plus de clients qui reviennent r\u00e9guli\u00e8rement \u00e0 ce quartier Plus de clients potentiels pour vous","breadcrumb":{"@id":"https:\/\/joyn.eu\/fr-be\/lp\/connaissez-vous-des-commercants-de-votre-quartier-qui-aimeraient-egalement-utiliser-joyn\/#breadcrumb"},"inLanguage":"fr-BE","potentialAction":[{"@type":"ReadAction","target":["https:\/\/joyn.eu\/fr-be\/lp\/connaissez-vous-des-commercants-de-votre-quartier-qui-aimeraient-egalement-utiliser-joyn\/"]}]},{"@type":"ImageObject","inLanguage":"fr-BE","@id":"https:\/\/joyn.eu\/fr-be\/lp\/connaissez-vous-des-commercants-de-votre-quartier-qui-aimeraient-egalement-utiliser-joyn\/#primaryimage","url":"https:\/\/joyn.eu\/wp-content\/uploads\/2021\/03\/hero-mgm.jpg","contentUrl":"https:\/\/joyn.eu\/wp-content\/uploads\/2021\/03\/hero-mgm.jpg","width":1920,"height":936,"caption":"commer\u00e7ants de votre quartier"},{"@type":"BreadcrumbList","@id":"https:\/\/joyn.eu\/fr-be\/lp\/connaissez-vous-des-commercants-de-votre-quartier-qui-aimeraient-egalement-utiliser-joyn\/#breadcrumb","itemListElement":[{"@type":"ListItem","position":1,"name":"Home","item":"https:\/\/joyn.eu\/fr-be\/home-merchant-new-fr\/"},{"@type":"ListItem","position":2,"name":"LP","item":"https:\/\/joyn.eu\/fr-be\/lp\/"},{"@type":"ListItem","position":3,"name":"Connaissez-vous des commer\u00e7ants de votre quartier qui aimeraient \u00e9galement utiliser Joyn"}]},{"@type":"WebSite","@id":"https:\/\/joyn.eu\/fr-be\/#website","url":"https:\/\/joyn.eu\/fr-be\/","name":"Joyn","description":"Quand vos clients deviennent des fans","publisher":{"@id":"https:\/\/joyn.eu\/fr-be\/#organization"},"potentialAction":[{"@type":"SearchAction","target":{"@type":"EntryPoint","urlTemplate":"https:\/\/joyn.eu\/fr-be\/?s={search_term_string}"},"query-input":{"@type":"PropertyValueSpecification","valueRequired":true,"valueName":"search_term_string"}}],"inLanguage":"fr-BE"},{"@type":"Organization","@id":"https:\/\/joyn.eu\/fr-be\/#organization","name":"Joyn","url":"https:\/\/joyn.eu\/fr-be\/","logo":{"@type":"ImageObject","inLanguage":"fr-BE","@id":"https:\/\/joyn.eu\/fr-be\/#\/schema\/logo\/image\/","url":"https:\/\/joyn.eu\/wp-content\/uploads\/2021\/02\/Blue-green-h40.png","contentUrl":"https:\/\/joyn.eu\/wp-content\/uploads\/2021\/02\/Blue-green-h40.png","width":83,"height":40,"caption":"Joyn"},"image":{"@id":"https:\/\/joyn.eu\/fr-be\/#\/schema\/logo\/image\/"}}]}},"_links":{"self":[{"href":"https:\/\/joyn.eu\/fr-be\/wp-json\/wp\/v2\/pages\/34205","targetHints":{"allow":["GET"]}}],"collection":[{"href":"https:\/\/joyn.eu\/fr-be\/wp-json\/wp\/v2\/pages"}],"about":[{"href":"https:\/\/joyn.eu\/fr-be\/wp-json\/wp\/v2\/types\/page"}],"author":[{"embeddable":true,"href":"https:\/\/joyn.eu\/fr-be\/wp-json\/wp\/v2\/users\/1"}],"replies":[{"embeddable":true,"href":"https:\/\/joyn.eu\/fr-be\/wp-json\/wp\/v2\/comments?post=34205"}],"version-history":[{"count":23,"href":"https:\/\/joyn.eu\/fr-be\/wp-json\/wp\/v2\/pages\/34205\/revisions"}],"predecessor-version":[{"id":36641,"href":"https:\/\/joyn.eu\/fr-be\/wp-json\/wp\/v2\/pages\/34205\/revisions\/36641"}],"up":[{"embeddable":true,"href":"https:\/\/joyn.eu\/fr-be\/wp-json\/wp\/v2\/pages\/30392"}],"wp:featuredmedia":[{"embeddable":true,"href":"https:\/\/joyn.eu\/fr-be\/wp-json\/wp\/v2\/media\/34106"}],"wp:attachment":[{"href":"https:\/\/joyn.eu\/fr-be\/wp-json\/wp\/v2\/media?parent=34205"}],"curies":[{"name":"wp","href":"https:\/\/api.w.org\/{rel}","templated":true}]}}