{"id":31295,"date":"2021-01-15T13:25:05","date_gmt":"2021-01-15T13:25:05","guid":{"rendered":"https:\/\/joyn.eu\/?page_id=31295"},"modified":"2021-04-02T08:02:31","modified_gmt":"2021-04-02T08:02:31","slug":"utilisateurs-j-utilise-mon-application","status":"publish","type":"page","link":"https:\/\/joyn.eu\/fr-be\/appli-joyn-utilisateurs-page-generale\/utilisateurs-j-utilise-mon-application\/","title":{"rendered":"J&rsquo;utilise mon application \u00e0 100 % &#8211; APPLICATION JOYN POUR UTILISATEURS"},"content":{"rendered":"\t\t<div data-elementor-type=\"wp-page\" data-elementor-id=\"31295\" class=\"elementor elementor-31295\" data-elementor-post-type=\"page\">\n\t\t\t\t\t\t<section class=\"elementor-section elementor-top-section elementor-element elementor-element-f8ad0e7 elementor-section-boxed elementor-section-height-default elementor-section-height-default\" data-id=\"f8ad0e7\" data-element_type=\"section\" data-e-type=\"section\">\n\t\t\t\t\t\t<div class=\"elementor-container elementor-column-gap-default\">\n\t\t\t\t\t<div class=\"elementor-column elementor-col-100 elementor-top-column elementor-element elementor-element-dfeff65\" data-id=\"dfeff65\" data-element_type=\"column\" data-e-type=\"column\">\n\t\t\t<div class=\"elementor-widget-wrap\">\n\t\t\t\t\t\t\t<\/div>\n\t\t<\/div>\n\t\t\t\t\t<\/div>\n\t\t<\/section>\n\t\t\t\t<section class=\"elementor-section elementor-top-section elementor-element elementor-element-fa691c9 elementor-section-boxed elementor-section-height-default elementor-section-height-default\" data-id=\"fa691c9\" data-element_type=\"section\" data-e-type=\"section\">\n\t\t\t\t\t\t<div class=\"elementor-container elementor-column-gap-default\">\n\t\t\t\t\t<div class=\"elementor-column elementor-col-50 elementor-top-column elementor-element elementor-element-30b7eb6\" data-id=\"30b7eb6\" data-element_type=\"column\" data-e-type=\"column\">\n\t\t\t<div class=\"elementor-widget-wrap elementor-element-populated\">\n\t\t\t\t\t\t<div class=\"elementor-element elementor-element-d48ec45 elementor-widget elementor-widget-video\" data-id=\"d48ec45\" data-element_type=\"widget\" data-e-type=\"widget\" data-settings=\"{&quot;youtube_url&quot;:&quot;https:\\\/\\\/youtu.be\\\/xzBL3oUSIGE&quot;,&quot;autoplay&quot;:&quot;yes&quot;,&quot;play_on_mobile&quot;:&quot;yes&quot;,&quot;loop&quot;:&quot;yes&quot;,&quot;mute&quot;:&quot;yes&quot;,&quot;yt_privacy&quot;:&quot;yes&quot;,&quot;video_type&quot;:&quot;youtube&quot;}\" data-widget_type=\"video.default\">\n\t\t\t\t<div class=\"elementor-widget-container\">\n\t\t\t\t\t\t\t<div class=\"elementor-wrapper elementor-open-inline\">\n\t\t\t<div class=\"elementor-video\"><\/div>\t\t<\/div>\n\t\t\t\t\t\t<\/div>\n\t\t\t\t<\/div>\n\t\t\t\t\t<\/div>\n\t\t<\/div>\n\t\t\t\t<div class=\"elementor-column elementor-col-50 elementor-top-column elementor-element elementor-element-4d0c10b\" data-id=\"4d0c10b\" data-element_type=\"column\" data-e-type=\"column\">\n\t\t\t<div class=\"elementor-widget-wrap elementor-element-populated\">\n\t\t\t\t\t\t<div class=\"elementor-element elementor-element-00886fd elementor-widget elementor-widget-heading\" data-id=\"00886fd\" data-element_type=\"widget\" data-e-type=\"widget\" data-widget_type=\"heading.default\">\n\t\t\t\t<div class=\"elementor-widget-container\">\n\t\t\t\t\t<h2 class=\"elementor-heading-title elementor-size-default\">\"J'utilise mon compte Joyn \u00e0 100%\" <\/h2>\t\t\t\t<\/div>\n\t\t\t\t<\/div>\n\t\t\t\t<div class=\"elementor-element elementor-element-fccd994 elementor-widget elementor-widget-text-editor\" data-id=\"fccd994\" data-element_type=\"widget\" data-e-type=\"widget\" data-widget_type=\"text-editor.default\">\n\t\t\t\t<div class=\"elementor-widget-container\">\n\t\t\t\t\t\t\t\t\t<p>Via l&rsquo;application Joyn, vous pouvez payer avec Payconiq by Bancontact, Monizze ou encore Edenred.<\/p>\t\t\t\t\t\t\t\t<\/div>\n\t\t\t\t<\/div>\n\t\t\t\t<div class=\"elementor-element elementor-element-f6036af elementor-widget elementor-widget-text-editor\" data-id=\"f6036af\" data-element_type=\"widget\" data-e-type=\"widget\" data-widget_type=\"text-editor.default\">\n\t\t\t\t<div class=\"elementor-widget-container\">\n\t\t\t\t\t\t\t\t\t<p><strong>Comment connecter mon compte Joyn avec mon compte Monizze\/Payconiq\/Edenred ?<\/strong><strong>\u00a0<\/strong><\/p><p>Ouvrez votre application et cliquez sur l&rsquo;onglet \u00ab\u00a0R\u00e9glages\u00a0\u00bb en haut \u00e0 gauche. Cliquez ensuite sur \u00ab\u00a0Param\u00e8tres de paiement\u00a0\u00bb Cliquez sur le moyen de paiement avec lequel vous voulez vous connecter. Suivez ensuite les instructions. Vous avez besoin de plus d&rsquo;instructions ?Retrouvez toutes les r\u00e9ponses \u00e0 vos questions dans <a href=\"https:\/\/wecare.joyn.be\/hc\/fr-fr\/sections\/360003532599-Payer-avec-Joyn\">notre FAQ<\/a>. \u00a0<\/p><p><strong>Comment se d\u00e9roule un\u00a0paiement ?\u00a0<\/strong><\/p><p><span style=\"background-color: #ffffff;\">Il vous suffit de scanner votre application chez le commer\u00e7ant (celui-ci doit accepter le paiement via Joyn). Il pourra alors choisir de juste vous octroyer vos points ou de vos octroyer des points et payer. Une fois qu&rsquo;il a cliqu\u00e9 sur le bouton, vous choisissez la m\u00e9thode de paiement et il se r\u00e9alise automatiquement ( pour Payconiq vous devrez entrer votre mot de passe sur votre GSM). D\u00e9couvrez la <a href=\"https:\/\/wecare.joyn.be\/hc\/fr-fr\/sections\/360003532599-Payer-avec-Joyn\">proc\u00e9dure exacte ici<\/a>. <\/span><\/p><p><strong>Comment savoir quels commer\u00e7ants acceptent les paiements via Joyn ?\u00a0<\/strong><\/p><p>Lorsque vous vous rendez sur la fiche d&rsquo;un commer\u00e7ant, vous pouvez apercevoir non seulement s&rsquo;il accepte ou non le paiement via l&rsquo;application Joyn, mais \u00e9galement via quel moyen de paiement. \u00a0<\/p><p>Vous avez <strong>d&rsquo;autres questions<\/strong> concernant notre application ? N&rsquo;h\u00e9sitez pas \u00e0 <a href=\"https:\/\/wecare.joyn.be\/hc\/fr-fr\/sections\/360003532599-Payer-avec-Joyn\">visiter notre FAQ<\/a> !<\/p>\t\t\t\t\t\t\t\t<\/div>\n\t\t\t\t<\/div>\n\t\t\t\t\t<\/div>\n\t\t<\/div>\n\t\t\t\t\t<\/div>\n\t\t<\/section>\n\t\t\t\t<\/div>\n\t\t","protected":false},"excerpt":{"rendered":"<p>\u00ab\u00a0J&rsquo;utilise mon compte Joyn \u00e0 100%\u00a0\u00bb Via l&rsquo;application Joyn, vous pouvez payer avec Payconiq by Bancontact, Monizze ou encore Edenred. Comment connecter mon compte Joyn avec mon compte Monizze\/Payconiq\/Edenred ?\u00a0 Ouvrez votre application et cliquez sur l&rsquo;onglet \u00ab\u00a0R\u00e9glages\u00a0\u00bb en haut \u00e0 gauche. Cliquez ensuite sur \u00ab\u00a0Param\u00e8tres de paiement\u00a0\u00bb Cliquez sur le moyen de paiement avec [&hellip;]<\/p>\n","protected":false},"author":1,"featured_media":31045,"parent":30666,"menu_order":1,"comment_status":"closed","ping_status":"closed","template":"full_width.php","meta":{"_acf_changed":false,"inline_featured_image":false,"footnotes":""},"class_list":["post-31295","page","type-page","status-publish","has-post-thumbnail","hentry"],"acf":[],"yoast_head":"<!-- This site is optimized with the Yoast SEO plugin v27.5 - https:\/\/yoast.com\/product\/yoast-seo-wordpress\/ -->\n<title>J&#039;utilise mon application \u00e0 100 % - APPLICATION JOYN POUR UTILISATEURS - Joyn<\/title>\n<meta name=\"robots\" content=\"index, follow, max-snippet:-1, max-image-preview:large, max-video-preview:-1\" \/>\n<link rel=\"canonical\" href=\"https:\/\/joyn.eu\/fr-be\/appli-joyn-utilisateurs-page-generale\/utilisateurs-j-utilise-mon-application\/\" \/>\n<meta property=\"og:locale\" content=\"fr_FR\" \/>\n<meta property=\"og:type\" content=\"article\" \/>\n<meta property=\"og:title\" content=\"J&#039;utilise mon application \u00e0 100 % - APPLICATION JOYN POUR UTILISATEURS - Joyn\" \/>\n<meta property=\"og:description\" content=\"\u00ab\u00a0J&rsquo;utilise mon compte Joyn \u00e0 100%\u00a0\u00bb Via l&rsquo;application Joyn, vous pouvez payer avec Payconiq by Bancontact, Monizze ou encore Edenred. Comment connecter mon compte Joyn avec mon compte Monizze\/Payconiq\/Edenred ?\u00a0 Ouvrez votre application et cliquez sur l&rsquo;onglet \u00ab\u00a0R\u00e9glages\u00a0\u00bb en haut \u00e0 gauche. Cliquez ensuite sur \u00ab\u00a0Param\u00e8tres de paiement\u00a0\u00bb Cliquez sur le moyen de paiement avec [&hellip;]\" \/>\n<meta property=\"og:url\" content=\"https:\/\/joyn.eu\/fr-be\/appli-joyn-utilisateurs-page-generale\/utilisateurs-j-utilise-mon-application\/\" \/>\n<meta property=\"og:site_name\" content=\"Joyn\" \/>\n<meta property=\"article:modified_time\" content=\"2021-04-02T08:02:31+00:00\" \/>\n<meta property=\"og:image\" content=\"https:\/\/joyn.eu\/wp-content\/uploads\/2021\/01\/tablet-smartphone.png\" \/>\n\t<meta property=\"og:image:width\" content=\"1000\" \/>\n\t<meta property=\"og:image:height\" content=\"669\" \/>\n\t<meta property=\"og:image:type\" content=\"image\/png\" \/>\n<meta name=\"twitter:card\" content=\"summary_large_image\" \/>\n<meta name=\"twitter:label1\" content=\"Dur\u00e9e de lecture est.\" \/>\n\t<meta name=\"twitter:data1\" content=\"3 minutes\" \/>\n<script type=\"application\/ld+json\" class=\"yoast-schema-graph\">{\"@context\":\"https:\\\/\\\/schema.org\",\"@graph\":[{\"@type\":\"WebPage\",\"@id\":\"https:\\\/\\\/joyn.eu\\\/fr-be\\\/appli-joyn-utilisateurs-page-generale\\\/utilisateurs-j-utilise-mon-application\\\/\",\"url\":\"https:\\\/\\\/joyn.eu\\\/fr-be\\\/appli-joyn-utilisateurs-page-generale\\\/utilisateurs-j-utilise-mon-application\\\/\",\"name\":\"J'utilise mon application \u00e0 100 % - APPLICATION JOYN POUR UTILISATEURS - Joyn\",\"isPartOf\":{\"@id\":\"https:\\\/\\\/joyn.eu\\\/fr-be\\\/#website\"},\"primaryImageOfPage\":{\"@id\":\"https:\\\/\\\/joyn.eu\\\/fr-be\\\/appli-joyn-utilisateurs-page-generale\\\/utilisateurs-j-utilise-mon-application\\\/#primaryimage\"},\"image\":{\"@id\":\"https:\\\/\\\/joyn.eu\\\/fr-be\\\/appli-joyn-utilisateurs-page-generale\\\/utilisateurs-j-utilise-mon-application\\\/#primaryimage\"},\"thumbnailUrl\":\"https:\\\/\\\/joyn.eu\\\/wp-content\\\/uploads\\\/2021\\\/01\\\/tablet-smartphone.png\",\"datePublished\":\"2021-01-15T13:25:05+00:00\",\"dateModified\":\"2021-04-02T08:02:31+00:00\",\"breadcrumb\":{\"@id\":\"https:\\\/\\\/joyn.eu\\\/fr-be\\\/appli-joyn-utilisateurs-page-generale\\\/utilisateurs-j-utilise-mon-application\\\/#breadcrumb\"},\"inLanguage\":\"fr-BE\",\"potentialAction\":[{\"@type\":\"ReadAction\",\"target\":[\"https:\\\/\\\/joyn.eu\\\/fr-be\\\/appli-joyn-utilisateurs-page-generale\\\/utilisateurs-j-utilise-mon-application\\\/\"]}]},{\"@type\":\"ImageObject\",\"inLanguage\":\"fr-BE\",\"@id\":\"https:\\\/\\\/joyn.eu\\\/fr-be\\\/appli-joyn-utilisateurs-page-generale\\\/utilisateurs-j-utilise-mon-application\\\/#primaryimage\",\"url\":\"https:\\\/\\\/joyn.eu\\\/wp-content\\\/uploads\\\/2021\\\/01\\\/tablet-smartphone.png\",\"contentUrl\":\"https:\\\/\\\/joyn.eu\\\/wp-content\\\/uploads\\\/2021\\\/01\\\/tablet-smartphone.png\",\"width\":1000,\"height\":669},{\"@type\":\"BreadcrumbList\",\"@id\":\"https:\\\/\\\/joyn.eu\\\/fr-be\\\/appli-joyn-utilisateurs-page-generale\\\/utilisateurs-j-utilise-mon-application\\\/#breadcrumb\",\"itemListElement\":[{\"@type\":\"ListItem\",\"position\":1,\"name\":\"Home\",\"item\":\"https:\\\/\\\/joyn.eu\\\/fr-be\\\/home-merchant-new-fr\\\/\"},{\"@type\":\"ListItem\",\"position\":2,\"name\":\"Appli Joyn utilisateurs &#8211; G\u00e9n\u00e9ral\",\"item\":\"https:\\\/\\\/joyn.eu\\\/fr-be\\\/appli-joyn-utilisateurs-page-generale\\\/\"},{\"@type\":\"ListItem\",\"position\":3,\"name\":\"J&#8217;utilise mon application \u00e0 100 % &#8211; APPLICATION JOYN POUR UTILISATEURS\"}]},{\"@type\":\"WebSite\",\"@id\":\"https:\\\/\\\/joyn.eu\\\/fr-be\\\/#website\",\"url\":\"https:\\\/\\\/joyn.eu\\\/fr-be\\\/\",\"name\":\"Joyn\",\"description\":\"Quand vos clients deviennent des fans\",\"publisher\":{\"@id\":\"https:\\\/\\\/joyn.eu\\\/fr-be\\\/#organization\"},\"potentialAction\":[{\"@type\":\"SearchAction\",\"target\":{\"@type\":\"EntryPoint\",\"urlTemplate\":\"https:\\\/\\\/joyn.eu\\\/fr-be\\\/?s={search_term_string}\"},\"query-input\":{\"@type\":\"PropertyValueSpecification\",\"valueRequired\":true,\"valueName\":\"search_term_string\"}}],\"inLanguage\":\"fr-BE\"},{\"@type\":\"Organization\",\"@id\":\"https:\\\/\\\/joyn.eu\\\/fr-be\\\/#organization\",\"name\":\"Joyn\",\"url\":\"https:\\\/\\\/joyn.eu\\\/fr-be\\\/\",\"logo\":{\"@type\":\"ImageObject\",\"inLanguage\":\"fr-BE\",\"@id\":\"https:\\\/\\\/joyn.eu\\\/fr-be\\\/#\\\/schema\\\/logo\\\/image\\\/\",\"url\":\"https:\\\/\\\/joyn.eu\\\/wp-content\\\/uploads\\\/2021\\\/02\\\/Blue-green-h40.png\",\"contentUrl\":\"https:\\\/\\\/joyn.eu\\\/wp-content\\\/uploads\\\/2021\\\/02\\\/Blue-green-h40.png\",\"width\":83,\"height\":40,\"caption\":\"Joyn\"},\"image\":{\"@id\":\"https:\\\/\\\/joyn.eu\\\/fr-be\\\/#\\\/schema\\\/logo\\\/image\\\/\"}}]}<\/script>\n<!-- \/ Yoast SEO plugin. -->","yoast_head_json":{"title":"J'utilise mon application \u00e0 100 % - APPLICATION JOYN POUR UTILISATEURS - Joyn","robots":{"index":"index","follow":"follow","max-snippet":"max-snippet:-1","max-image-preview":"max-image-preview:large","max-video-preview":"max-video-preview:-1"},"canonical":"https:\/\/joyn.eu\/fr-be\/appli-joyn-utilisateurs-page-generale\/utilisateurs-j-utilise-mon-application\/","og_locale":"fr_FR","og_type":"article","og_title":"J'utilise mon application \u00e0 100 % - APPLICATION JOYN POUR UTILISATEURS - Joyn","og_description":"\u00ab\u00a0J&rsquo;utilise mon compte Joyn \u00e0 100%\u00a0\u00bb Via l&rsquo;application Joyn, vous pouvez payer avec Payconiq by Bancontact, Monizze ou encore Edenred. Comment connecter mon compte Joyn avec mon compte Monizze\/Payconiq\/Edenred ?\u00a0 Ouvrez votre application et cliquez sur l&rsquo;onglet \u00ab\u00a0R\u00e9glages\u00a0\u00bb en haut \u00e0 gauche. Cliquez ensuite sur \u00ab\u00a0Param\u00e8tres de paiement\u00a0\u00bb Cliquez sur le moyen de paiement avec [&hellip;]","og_url":"https:\/\/joyn.eu\/fr-be\/appli-joyn-utilisateurs-page-generale\/utilisateurs-j-utilise-mon-application\/","og_site_name":"Joyn","article_modified_time":"2021-04-02T08:02:31+00:00","og_image":[{"width":1000,"height":669,"url":"https:\/\/joyn.eu\/wp-content\/uploads\/2021\/01\/tablet-smartphone.png","type":"image\/png"}],"twitter_card":"summary_large_image","twitter_misc":{"Dur\u00e9e de lecture est.":"3 minutes"},"schema":{"@context":"https:\/\/schema.org","@graph":[{"@type":"WebPage","@id":"https:\/\/joyn.eu\/fr-be\/appli-joyn-utilisateurs-page-generale\/utilisateurs-j-utilise-mon-application\/","url":"https:\/\/joyn.eu\/fr-be\/appli-joyn-utilisateurs-page-generale\/utilisateurs-j-utilise-mon-application\/","name":"J'utilise mon application \u00e0 100 % - APPLICATION JOYN POUR UTILISATEURS - Joyn","isPartOf":{"@id":"https:\/\/joyn.eu\/fr-be\/#website"},"primaryImageOfPage":{"@id":"https:\/\/joyn.eu\/fr-be\/appli-joyn-utilisateurs-page-generale\/utilisateurs-j-utilise-mon-application\/#primaryimage"},"image":{"@id":"https:\/\/joyn.eu\/fr-be\/appli-joyn-utilisateurs-page-generale\/utilisateurs-j-utilise-mon-application\/#primaryimage"},"thumbnailUrl":"https:\/\/joyn.eu\/wp-content\/uploads\/2021\/01\/tablet-smartphone.png","datePublished":"2021-01-15T13:25:05+00:00","dateModified":"2021-04-02T08:02:31+00:00","breadcrumb":{"@id":"https:\/\/joyn.eu\/fr-be\/appli-joyn-utilisateurs-page-generale\/utilisateurs-j-utilise-mon-application\/#breadcrumb"},"inLanguage":"fr-BE","potentialAction":[{"@type":"ReadAction","target":["https:\/\/joyn.eu\/fr-be\/appli-joyn-utilisateurs-page-generale\/utilisateurs-j-utilise-mon-application\/"]}]},{"@type":"ImageObject","inLanguage":"fr-BE","@id":"https:\/\/joyn.eu\/fr-be\/appli-joyn-utilisateurs-page-generale\/utilisateurs-j-utilise-mon-application\/#primaryimage","url":"https:\/\/joyn.eu\/wp-content\/uploads\/2021\/01\/tablet-smartphone.png","contentUrl":"https:\/\/joyn.eu\/wp-content\/uploads\/2021\/01\/tablet-smartphone.png","width":1000,"height":669},{"@type":"BreadcrumbList","@id":"https:\/\/joyn.eu\/fr-be\/appli-joyn-utilisateurs-page-generale\/utilisateurs-j-utilise-mon-application\/#breadcrumb","itemListElement":[{"@type":"ListItem","position":1,"name":"Home","item":"https:\/\/joyn.eu\/fr-be\/home-merchant-new-fr\/"},{"@type":"ListItem","position":2,"name":"Appli Joyn utilisateurs &#8211; G\u00e9n\u00e9ral","item":"https:\/\/joyn.eu\/fr-be\/appli-joyn-utilisateurs-page-generale\/"},{"@type":"ListItem","position":3,"name":"J&#8217;utilise mon application \u00e0 100 % &#8211; APPLICATION JOYN POUR UTILISATEURS"}]},{"@type":"WebSite","@id":"https:\/\/joyn.eu\/fr-be\/#website","url":"https:\/\/joyn.eu\/fr-be\/","name":"Joyn","description":"Quand vos clients deviennent des fans","publisher":{"@id":"https:\/\/joyn.eu\/fr-be\/#organization"},"potentialAction":[{"@type":"SearchAction","target":{"@type":"EntryPoint","urlTemplate":"https:\/\/joyn.eu\/fr-be\/?s={search_term_string}"},"query-input":{"@type":"PropertyValueSpecification","valueRequired":true,"valueName":"search_term_string"}}],"inLanguage":"fr-BE"},{"@type":"Organization","@id":"https:\/\/joyn.eu\/fr-be\/#organization","name":"Joyn","url":"https:\/\/joyn.eu\/fr-be\/","logo":{"@type":"ImageObject","inLanguage":"fr-BE","@id":"https:\/\/joyn.eu\/fr-be\/#\/schema\/logo\/image\/","url":"https:\/\/joyn.eu\/wp-content\/uploads\/2021\/02\/Blue-green-h40.png","contentUrl":"https:\/\/joyn.eu\/wp-content\/uploads\/2021\/02\/Blue-green-h40.png","width":83,"height":40,"caption":"Joyn"},"image":{"@id":"https:\/\/joyn.eu\/fr-be\/#\/schema\/logo\/image\/"}}]}},"_links":{"self":[{"href":"https:\/\/joyn.eu\/fr-be\/wp-json\/wp\/v2\/pages\/31295","targetHints":{"allow":["GET"]}}],"collection":[{"href":"https:\/\/joyn.eu\/fr-be\/wp-json\/wp\/v2\/pages"}],"about":[{"href":"https:\/\/joyn.eu\/fr-be\/wp-json\/wp\/v2\/types\/page"}],"author":[{"embeddable":true,"href":"https:\/\/joyn.eu\/fr-be\/wp-json\/wp\/v2\/users\/1"}],"replies":[{"embeddable":true,"href":"https:\/\/joyn.eu\/fr-be\/wp-json\/wp\/v2\/comments?post=31295"}],"version-history":[{"count":35,"href":"https:\/\/joyn.eu\/fr-be\/wp-json\/wp\/v2\/pages\/31295\/revisions"}],"predecessor-version":[{"id":35526,"href":"https:\/\/joyn.eu\/fr-be\/wp-json\/wp\/v2\/pages\/31295\/revisions\/35526"}],"up":[{"embeddable":true,"href":"https:\/\/joyn.eu\/fr-be\/wp-json\/wp\/v2\/pages\/30666"}],"wp:featuredmedia":[{"embeddable":true,"href":"https:\/\/joyn.eu\/fr-be\/wp-json\/wp\/v2\/media\/31045"}],"wp:attachment":[{"href":"https:\/\/joyn.eu\/fr-be\/wp-json\/wp\/v2\/media?parent=31295"}],"curies":[{"name":"wp","href":"https:\/\/api.w.org\/{rel}","templated":true}]}}