{"id":31256,"date":"2021-01-15T12:04:39","date_gmt":"2021-01-15T12:04:39","guid":{"rendered":"https:\/\/joyn.eu\/?page_id=31256"},"modified":"2021-04-02T08:01:19","modified_gmt":"2021-04-02T08:01:19","slug":"utilisateurs-trouver-un-commercant","status":"publish","type":"page","link":"https:\/\/joyn.eu\/fr-be\/appli-joyn-utilisateurs-page-generale\/utilisateurs-trouver-un-commercant\/","title":{"rendered":"D\u00e9couvrez de nouveaux commerces- APPLICATION JOYN POUR UTILISATEURS"},"content":{"rendered":"\t\t<div data-elementor-type=\"wp-page\" data-elementor-id=\"31256\" class=\"elementor elementor-31256\" data-elementor-post-type=\"page\">\n\t\t\t\t\t\t<section class=\"elementor-section elementor-top-section elementor-element elementor-element-f8ad0e7 elementor-section-boxed elementor-section-height-default elementor-section-height-default\" data-id=\"f8ad0e7\" data-element_type=\"section\" data-e-type=\"section\">\n\t\t\t\t\t\t<div class=\"elementor-container elementor-column-gap-default\">\n\t\t\t\t\t<div class=\"elementor-column elementor-col-100 elementor-top-column elementor-element elementor-element-dfeff65\" data-id=\"dfeff65\" data-element_type=\"column\" data-e-type=\"column\">\n\t\t\t<div class=\"elementor-widget-wrap\">\n\t\t\t\t\t\t\t<\/div>\n\t\t<\/div>\n\t\t\t\t\t<\/div>\n\t\t<\/section>\n\t\t\t\t<section class=\"elementor-section elementor-top-section elementor-element elementor-element-fa691c9 elementor-section-boxed elementor-section-height-default elementor-section-height-default\" data-id=\"fa691c9\" data-element_type=\"section\" data-e-type=\"section\">\n\t\t\t\t\t\t<div class=\"elementor-container elementor-column-gap-default\">\n\t\t\t\t\t<div class=\"elementor-column elementor-col-50 elementor-top-column elementor-element elementor-element-30b7eb6\" data-id=\"30b7eb6\" data-element_type=\"column\" data-e-type=\"column\">\n\t\t\t<div class=\"elementor-widget-wrap elementor-element-populated\">\n\t\t\t\t\t\t<div class=\"elementor-element elementor-element-d48ec45 elementor-widget elementor-widget-video\" data-id=\"d48ec45\" data-element_type=\"widget\" data-e-type=\"widget\" data-settings=\"{&quot;youtube_url&quot;:&quot;https:\\\/\\\/youtu.be\\\/e827Xz9rSeI&quot;,&quot;autoplay&quot;:&quot;yes&quot;,&quot;play_on_mobile&quot;:&quot;yes&quot;,&quot;loop&quot;:&quot;yes&quot;,&quot;mute&quot;:&quot;yes&quot;,&quot;yt_privacy&quot;:&quot;yes&quot;,&quot;video_type&quot;:&quot;youtube&quot;}\" data-widget_type=\"video.default\">\n\t\t\t\t<div class=\"elementor-widget-container\">\n\t\t\t\t\t\t\t<div class=\"elementor-wrapper elementor-open-inline\">\n\t\t\t<div class=\"elementor-video\"><\/div>\t\t<\/div>\n\t\t\t\t\t\t<\/div>\n\t\t\t\t<\/div>\n\t\t\t\t\t<\/div>\n\t\t<\/div>\n\t\t\t\t<div class=\"elementor-column elementor-col-50 elementor-top-column elementor-element elementor-element-4d0c10b\" data-id=\"4d0c10b\" data-element_type=\"column\" data-e-type=\"column\">\n\t\t\t<div class=\"elementor-widget-wrap elementor-element-populated\">\n\t\t\t\t\t\t<div class=\"elementor-element elementor-element-00886fd elementor-widget elementor-widget-heading\" data-id=\"00886fd\" data-element_type=\"widget\" data-e-type=\"widget\" data-widget_type=\"heading.default\">\n\t\t\t\t<div class=\"elementor-widget-container\">\n\t\t\t\t\t<h2 class=\"elementor-heading-title elementor-size-default\">\"D\u00e9couvrez de nouveaux commer\u00e7ants Joyn\"<\/h2>\t\t\t\t<\/div>\n\t\t\t\t<\/div>\n\t\t\t\t<div class=\"elementor-element elementor-element-fccd994 elementor-widget elementor-widget-text-editor\" data-id=\"fccd994\" data-element_type=\"widget\" data-e-type=\"widget\" data-widget_type=\"text-editor.default\">\n\t\t\t\t<div class=\"elementor-widget-container\">\n\t\t\t\t\t\t\t\t\t<p>Gr\u00e2ce \u00e0 l&rsquo;application vous pouvez d\u00e9couvrir des milliers de commerces partout en Belgique ! Alors envie de d\u00e9couvrir de nouveaux commer\u00e7ants\u00a0 ?<\/p>\t\t\t\t\t\t\t\t<\/div>\n\t\t\t\t<\/div>\n\t\t\t\t<div class=\"elementor-element elementor-element-f6036af elementor-widget elementor-widget-text-editor\" data-id=\"f6036af\" data-element_type=\"widget\" data-e-type=\"widget\" data-widget_type=\"text-editor.default\">\n\t\t\t\t<div class=\"elementor-widget-container\">\n\t\t\t\t\t\t\t\t\t<p><strong>Comment trouver les commer\u00e7ants \u00e0 proximit\u00e9 de chez moi\u00a0?<\/strong><strong>\u00a0<\/strong><\/p><p>C&rsquo;est simple ! Ouvrez votre application et cliquez sur \u00ab\u00a0Commer\u00e7ants\u00a0\u00bb. La liste des\u00a0commer\u00e7ants \u00e0 proximit\u00e9\u00a0de chez vous va s&rsquo;afficher. Vous pourrez ainsi d\u00e9couvrir quels commer\u00e7ants utilisent Joyn \u00e0\u00a0proximit\u00e9 de votre domicile.<\/p><p><strong>Comment effectuer une recherche pr\u00e9cise ?\u00a0<\/strong><\/p><p><span style=\"background-color: #ffffff;\">Ouvrez votre application et c<\/span>liquez sur \u00ab\u00a0Commer\u00e7ants\u00a0\u00bb. En haut \u00e0 droite, cliquez sur la loupe, elle vous\u00a0permettra d&rsquo;effectuer votre recherche. C&rsquo;est fait ? \u00a0Il ne vous reste\u00a0plus qu&rsquo;\u00e0 choisir o\u00f9 et quel type de commerce vous d\u00e9sirez visiter. L&rsquo;application se charge de trouver le ou les commerce(s) qui vous convient\/conviennent !\u00a0<\/p><p><strong>Comment en savoir + sur un commer\u00e7ant ?<\/strong><\/p><p>Il vous suffit de cliquer sur le commer\u00e7ant en question. Vous pourrez ainsi d\u00e9couvrir son adresse, ses r\u00e9compenses, ses heures d&rsquo;ouverture, comment le contacter, mais aussi s&rsquo;il est possible de payer dans le magasin via l&rsquo;appli Joyn.<\/p><p>Vous avez <strong>d&rsquo;autres questions<\/strong> concernant notre application ? N&rsquo;h\u00e9sitez pas \u00e0 <a href=\"https:\/\/wecare.joyn.be\/hc\/fr-fr\/sections\/360002344679-L-appli-Joyn-\">visiter notre FAQ<\/a> !<\/p>\t\t\t\t\t\t\t\t<\/div>\n\t\t\t\t<\/div>\n\t\t\t\t\t<\/div>\n\t\t<\/div>\n\t\t\t\t\t<\/div>\n\t\t<\/section>\n\t\t\t\t<section class=\"elementor-section elementor-top-section elementor-element elementor-element-0f6edff elementor-section-boxed elementor-section-height-default elementor-section-height-default\" data-id=\"0f6edff\" data-element_type=\"section\" data-e-type=\"section\">\n\t\t\t\t\t\t<div class=\"elementor-container elementor-column-gap-default\">\n\t\t\t\t\t<div class=\"elementor-column elementor-col-100 elementor-top-column elementor-element elementor-element-92b8ab4\" data-id=\"92b8ab4\" data-element_type=\"column\" data-e-type=\"column\">\n\t\t\t<div class=\"elementor-widget-wrap elementor-element-populated\">\n\t\t\t\t\t\t<div class=\"elementor-element elementor-element-1b8a63f elementor-widget elementor-widget-text-editor\" data-id=\"1b8a63f\" data-element_type=\"widget\" data-e-type=\"widget\" data-widget_type=\"text-editor.default\">\n\t\t\t\t<div class=\"elementor-widget-container\">\n\t\t\t\t\t\t\t\t\t<p style=\"text-align: center;\"><a href=\"https:\/\/joyndev.kinsta.cloud\/fr-be\/appli-joyn-utilisateurs-page-generale\/\"><strong>Encore plus d\u2019infos sur nos challenges ici<\/strong><\/a><\/p>\t\t\t\t\t\t\t\t<\/div>\n\t\t\t\t<\/div>\n\t\t\t\t\t<\/div>\n\t\t<\/div>\n\t\t\t\t\t<\/div>\n\t\t<\/section>\n\t\t\t\t<\/div>\n\t\t","protected":false},"excerpt":{"rendered":"<p>\u00ab\u00a0D\u00e9couvrez de nouveaux commer\u00e7ants Joyn\u00a0\u00bb Gr\u00e2ce \u00e0 l&rsquo;application vous pouvez d\u00e9couvrir des milliers de commerces partout en Belgique ! Alors envie de d\u00e9couvrir de nouveaux commer\u00e7ants\u00a0 ? Comment trouver les commer\u00e7ants \u00e0 proximit\u00e9 de chez moi\u00a0?\u00a0 C&rsquo;est simple ! Ouvrez votre application et cliquez sur \u00ab\u00a0Commer\u00e7ants\u00a0\u00bb. La liste des\u00a0commer\u00e7ants \u00e0 proximit\u00e9\u00a0de chez vous va s&rsquo;afficher. [&hellip;]<\/p>\n","protected":false},"author":1,"featured_media":31045,"parent":30666,"menu_order":1,"comment_status":"closed","ping_status":"closed","template":"full_width.php","meta":{"_acf_changed":false,"inline_featured_image":false,"footnotes":""},"class_list":["post-31256","page","type-page","status-publish","has-post-thumbnail","hentry"],"acf":[],"yoast_head":"<!-- This site is optimized with the Yoast SEO plugin v27.5 - https:\/\/yoast.com\/product\/yoast-seo-wordpress\/ -->\n<title>D\u00e9couvrez de nouveaux commerces- APPLICATION JOYN POUR UTILISATEURS - Joyn<\/title>\n<meta name=\"robots\" content=\"index, follow, max-snippet:-1, max-image-preview:large, max-video-preview:-1\" \/>\n<link rel=\"canonical\" href=\"https:\/\/joyn.eu\/fr-be\/appli-joyn-utilisateurs-page-generale\/utilisateurs-trouver-un-commercant\/\" \/>\n<meta property=\"og:locale\" content=\"fr_FR\" \/>\n<meta property=\"og:type\" content=\"article\" \/>\n<meta property=\"og:title\" content=\"D\u00e9couvrez de nouveaux commerces- APPLICATION JOYN POUR UTILISATEURS - Joyn\" \/>\n<meta property=\"og:description\" content=\"\u00ab\u00a0D\u00e9couvrez de nouveaux commer\u00e7ants Joyn\u00a0\u00bb Gr\u00e2ce \u00e0 l&rsquo;application vous pouvez d\u00e9couvrir des milliers de commerces partout en Belgique ! Alors envie de d\u00e9couvrir de nouveaux commer\u00e7ants\u00a0 ? Comment trouver les commer\u00e7ants \u00e0 proximit\u00e9 de chez moi\u00a0?\u00a0 C&rsquo;est simple ! Ouvrez votre application et cliquez sur \u00ab\u00a0Commer\u00e7ants\u00a0\u00bb. La liste des\u00a0commer\u00e7ants \u00e0 proximit\u00e9\u00a0de chez vous va s&rsquo;afficher. [&hellip;]\" \/>\n<meta property=\"og:url\" content=\"https:\/\/joyn.eu\/fr-be\/appli-joyn-utilisateurs-page-generale\/utilisateurs-trouver-un-commercant\/\" \/>\n<meta property=\"og:site_name\" content=\"Joyn\" \/>\n<meta property=\"article:modified_time\" content=\"2021-04-02T08:01:19+00:00\" \/>\n<meta property=\"og:image\" content=\"https:\/\/joyn.eu\/wp-content\/uploads\/2021\/01\/Sans-titre-3.png\" \/>\n\t<meta property=\"og:image:width\" content=\"1200\" \/>\n\t<meta property=\"og:image:height\" content=\"500\" \/>\n\t<meta property=\"og:image:type\" content=\"image\/png\" \/>\n<meta name=\"twitter:card\" content=\"summary_large_image\" \/>\n<meta name=\"twitter:label1\" content=\"Dur\u00e9e de lecture est.\" \/>\n\t<meta name=\"twitter:data1\" content=\"3 minutes\" \/>\n<script type=\"application\/ld+json\" class=\"yoast-schema-graph\">{\"@context\":\"https:\\\/\\\/schema.org\",\"@graph\":[{\"@type\":\"WebPage\",\"@id\":\"https:\\\/\\\/joyn.eu\\\/fr-be\\\/appli-joyn-utilisateurs-page-generale\\\/utilisateurs-trouver-un-commercant\\\/\",\"url\":\"https:\\\/\\\/joyn.eu\\\/fr-be\\\/appli-joyn-utilisateurs-page-generale\\\/utilisateurs-trouver-un-commercant\\\/\",\"name\":\"D\u00e9couvrez de nouveaux commerces- APPLICATION JOYN POUR UTILISATEURS - Joyn\",\"isPartOf\":{\"@id\":\"https:\\\/\\\/joyn.eu\\\/fr-be\\\/#website\"},\"primaryImageOfPage\":{\"@id\":\"https:\\\/\\\/joyn.eu\\\/fr-be\\\/appli-joyn-utilisateurs-page-generale\\\/utilisateurs-trouver-un-commercant\\\/#primaryimage\"},\"image\":{\"@id\":\"https:\\\/\\\/joyn.eu\\\/fr-be\\\/appli-joyn-utilisateurs-page-generale\\\/utilisateurs-trouver-un-commercant\\\/#primaryimage\"},\"thumbnailUrl\":\"https:\\\/\\\/joyn.eu\\\/wp-content\\\/uploads\\\/2021\\\/01\\\/tablet-smartphone.png\",\"datePublished\":\"2021-01-15T12:04:39+00:00\",\"dateModified\":\"2021-04-02T08:01:19+00:00\",\"breadcrumb\":{\"@id\":\"https:\\\/\\\/joyn.eu\\\/fr-be\\\/appli-joyn-utilisateurs-page-generale\\\/utilisateurs-trouver-un-commercant\\\/#breadcrumb\"},\"inLanguage\":\"fr-BE\",\"potentialAction\":[{\"@type\":\"ReadAction\",\"target\":[\"https:\\\/\\\/joyn.eu\\\/fr-be\\\/appli-joyn-utilisateurs-page-generale\\\/utilisateurs-trouver-un-commercant\\\/\"]}]},{\"@type\":\"ImageObject\",\"inLanguage\":\"fr-BE\",\"@id\":\"https:\\\/\\\/joyn.eu\\\/fr-be\\\/appli-joyn-utilisateurs-page-generale\\\/utilisateurs-trouver-un-commercant\\\/#primaryimage\",\"url\":\"https:\\\/\\\/joyn.eu\\\/wp-content\\\/uploads\\\/2021\\\/01\\\/tablet-smartphone.png\",\"contentUrl\":\"https:\\\/\\\/joyn.eu\\\/wp-content\\\/uploads\\\/2021\\\/01\\\/tablet-smartphone.png\",\"width\":1000,\"height\":669},{\"@type\":\"BreadcrumbList\",\"@id\":\"https:\\\/\\\/joyn.eu\\\/fr-be\\\/appli-joyn-utilisateurs-page-generale\\\/utilisateurs-trouver-un-commercant\\\/#breadcrumb\",\"itemListElement\":[{\"@type\":\"ListItem\",\"position\":1,\"name\":\"Home\",\"item\":\"https:\\\/\\\/joyn.eu\\\/fr-be\\\/home-merchant-new-fr\\\/\"},{\"@type\":\"ListItem\",\"position\":2,\"name\":\"Appli Joyn utilisateurs &#8211; G\u00e9n\u00e9ral\",\"item\":\"https:\\\/\\\/joyn.eu\\\/fr-be\\\/appli-joyn-utilisateurs-page-generale\\\/\"},{\"@type\":\"ListItem\",\"position\":3,\"name\":\"D\u00e9couvrez de nouveaux commerces- APPLICATION JOYN POUR UTILISATEURS\"}]},{\"@type\":\"WebSite\",\"@id\":\"https:\\\/\\\/joyn.eu\\\/fr-be\\\/#website\",\"url\":\"https:\\\/\\\/joyn.eu\\\/fr-be\\\/\",\"name\":\"Joyn\",\"description\":\"Quand vos clients deviennent des fans\",\"publisher\":{\"@id\":\"https:\\\/\\\/joyn.eu\\\/fr-be\\\/#organization\"},\"potentialAction\":[{\"@type\":\"SearchAction\",\"target\":{\"@type\":\"EntryPoint\",\"urlTemplate\":\"https:\\\/\\\/joyn.eu\\\/fr-be\\\/?s={search_term_string}\"},\"query-input\":{\"@type\":\"PropertyValueSpecification\",\"valueRequired\":true,\"valueName\":\"search_term_string\"}}],\"inLanguage\":\"fr-BE\"},{\"@type\":\"Organization\",\"@id\":\"https:\\\/\\\/joyn.eu\\\/fr-be\\\/#organization\",\"name\":\"Joyn\",\"url\":\"https:\\\/\\\/joyn.eu\\\/fr-be\\\/\",\"logo\":{\"@type\":\"ImageObject\",\"inLanguage\":\"fr-BE\",\"@id\":\"https:\\\/\\\/joyn.eu\\\/fr-be\\\/#\\\/schema\\\/logo\\\/image\\\/\",\"url\":\"https:\\\/\\\/joyn.eu\\\/wp-content\\\/uploads\\\/2021\\\/02\\\/Blue-green-h40.png\",\"contentUrl\":\"https:\\\/\\\/joyn.eu\\\/wp-content\\\/uploads\\\/2021\\\/02\\\/Blue-green-h40.png\",\"width\":83,\"height\":40,\"caption\":\"Joyn\"},\"image\":{\"@id\":\"https:\\\/\\\/joyn.eu\\\/fr-be\\\/#\\\/schema\\\/logo\\\/image\\\/\"}}]}<\/script>\n<!-- \/ Yoast SEO plugin. -->","yoast_head_json":{"title":"D\u00e9couvrez de nouveaux commerces- APPLICATION JOYN POUR UTILISATEURS - Joyn","robots":{"index":"index","follow":"follow","max-snippet":"max-snippet:-1","max-image-preview":"max-image-preview:large","max-video-preview":"max-video-preview:-1"},"canonical":"https:\/\/joyn.eu\/fr-be\/appli-joyn-utilisateurs-page-generale\/utilisateurs-trouver-un-commercant\/","og_locale":"fr_FR","og_type":"article","og_title":"D\u00e9couvrez de nouveaux commerces- APPLICATION JOYN POUR UTILISATEURS - Joyn","og_description":"\u00ab\u00a0D\u00e9couvrez de nouveaux commer\u00e7ants Joyn\u00a0\u00bb Gr\u00e2ce \u00e0 l&rsquo;application vous pouvez d\u00e9couvrir des milliers de commerces partout en Belgique ! Alors envie de d\u00e9couvrir de nouveaux commer\u00e7ants\u00a0 ? Comment trouver les commer\u00e7ants \u00e0 proximit\u00e9 de chez moi\u00a0?\u00a0 C&rsquo;est simple ! Ouvrez votre application et cliquez sur \u00ab\u00a0Commer\u00e7ants\u00a0\u00bb. La liste des\u00a0commer\u00e7ants \u00e0 proximit\u00e9\u00a0de chez vous va s&rsquo;afficher. [&hellip;]","og_url":"https:\/\/joyn.eu\/fr-be\/appli-joyn-utilisateurs-page-generale\/utilisateurs-trouver-un-commercant\/","og_site_name":"Joyn","article_modified_time":"2021-04-02T08:01:19+00:00","og_image":[{"width":1200,"height":500,"url":"https:\/\/joyn.eu\/wp-content\/uploads\/2021\/01\/Sans-titre-3.png","type":"image\/png"}],"twitter_card":"summary_large_image","twitter_misc":{"Dur\u00e9e de lecture est.":"3 minutes"},"schema":{"@context":"https:\/\/schema.org","@graph":[{"@type":"WebPage","@id":"https:\/\/joyn.eu\/fr-be\/appli-joyn-utilisateurs-page-generale\/utilisateurs-trouver-un-commercant\/","url":"https:\/\/joyn.eu\/fr-be\/appli-joyn-utilisateurs-page-generale\/utilisateurs-trouver-un-commercant\/","name":"D\u00e9couvrez de nouveaux commerces- APPLICATION JOYN POUR UTILISATEURS - Joyn","isPartOf":{"@id":"https:\/\/joyn.eu\/fr-be\/#website"},"primaryImageOfPage":{"@id":"https:\/\/joyn.eu\/fr-be\/appli-joyn-utilisateurs-page-generale\/utilisateurs-trouver-un-commercant\/#primaryimage"},"image":{"@id":"https:\/\/joyn.eu\/fr-be\/appli-joyn-utilisateurs-page-generale\/utilisateurs-trouver-un-commercant\/#primaryimage"},"thumbnailUrl":"https:\/\/joyn.eu\/wp-content\/uploads\/2021\/01\/tablet-smartphone.png","datePublished":"2021-01-15T12:04:39+00:00","dateModified":"2021-04-02T08:01:19+00:00","breadcrumb":{"@id":"https:\/\/joyn.eu\/fr-be\/appli-joyn-utilisateurs-page-generale\/utilisateurs-trouver-un-commercant\/#breadcrumb"},"inLanguage":"fr-BE","potentialAction":[{"@type":"ReadAction","target":["https:\/\/joyn.eu\/fr-be\/appli-joyn-utilisateurs-page-generale\/utilisateurs-trouver-un-commercant\/"]}]},{"@type":"ImageObject","inLanguage":"fr-BE","@id":"https:\/\/joyn.eu\/fr-be\/appli-joyn-utilisateurs-page-generale\/utilisateurs-trouver-un-commercant\/#primaryimage","url":"https:\/\/joyn.eu\/wp-content\/uploads\/2021\/01\/tablet-smartphone.png","contentUrl":"https:\/\/joyn.eu\/wp-content\/uploads\/2021\/01\/tablet-smartphone.png","width":1000,"height":669},{"@type":"BreadcrumbList","@id":"https:\/\/joyn.eu\/fr-be\/appli-joyn-utilisateurs-page-generale\/utilisateurs-trouver-un-commercant\/#breadcrumb","itemListElement":[{"@type":"ListItem","position":1,"name":"Home","item":"https:\/\/joyn.eu\/fr-be\/home-merchant-new-fr\/"},{"@type":"ListItem","position":2,"name":"Appli Joyn utilisateurs &#8211; G\u00e9n\u00e9ral","item":"https:\/\/joyn.eu\/fr-be\/appli-joyn-utilisateurs-page-generale\/"},{"@type":"ListItem","position":3,"name":"D\u00e9couvrez de nouveaux commerces- APPLICATION JOYN POUR UTILISATEURS"}]},{"@type":"WebSite","@id":"https:\/\/joyn.eu\/fr-be\/#website","url":"https:\/\/joyn.eu\/fr-be\/","name":"Joyn","description":"Quand vos clients deviennent des fans","publisher":{"@id":"https:\/\/joyn.eu\/fr-be\/#organization"},"potentialAction":[{"@type":"SearchAction","target":{"@type":"EntryPoint","urlTemplate":"https:\/\/joyn.eu\/fr-be\/?s={search_term_string}"},"query-input":{"@type":"PropertyValueSpecification","valueRequired":true,"valueName":"search_term_string"}}],"inLanguage":"fr-BE"},{"@type":"Organization","@id":"https:\/\/joyn.eu\/fr-be\/#organization","name":"Joyn","url":"https:\/\/joyn.eu\/fr-be\/","logo":{"@type":"ImageObject","inLanguage":"fr-BE","@id":"https:\/\/joyn.eu\/fr-be\/#\/schema\/logo\/image\/","url":"https:\/\/joyn.eu\/wp-content\/uploads\/2021\/02\/Blue-green-h40.png","contentUrl":"https:\/\/joyn.eu\/wp-content\/uploads\/2021\/02\/Blue-green-h40.png","width":83,"height":40,"caption":"Joyn"},"image":{"@id":"https:\/\/joyn.eu\/fr-be\/#\/schema\/logo\/image\/"}}]}},"_links":{"self":[{"href":"https:\/\/joyn.eu\/fr-be\/wp-json\/wp\/v2\/pages\/31256","targetHints":{"allow":["GET"]}}],"collection":[{"href":"https:\/\/joyn.eu\/fr-be\/wp-json\/wp\/v2\/pages"}],"about":[{"href":"https:\/\/joyn.eu\/fr-be\/wp-json\/wp\/v2\/types\/page"}],"author":[{"embeddable":true,"href":"https:\/\/joyn.eu\/fr-be\/wp-json\/wp\/v2\/users\/1"}],"replies":[{"embeddable":true,"href":"https:\/\/joyn.eu\/fr-be\/wp-json\/wp\/v2\/comments?post=31256"}],"version-history":[{"count":41,"href":"https:\/\/joyn.eu\/fr-be\/wp-json\/wp\/v2\/pages\/31256\/revisions"}],"predecessor-version":[{"id":35505,"href":"https:\/\/joyn.eu\/fr-be\/wp-json\/wp\/v2\/pages\/31256\/revisions\/35505"}],"up":[{"embeddable":true,"href":"https:\/\/joyn.eu\/fr-be\/wp-json\/wp\/v2\/pages\/30666"}],"wp:featuredmedia":[{"embeddable":true,"href":"https:\/\/joyn.eu\/fr-be\/wp-json\/wp\/v2\/media\/31045"}],"wp:attachment":[{"href":"https:\/\/joyn.eu\/fr-be\/wp-json\/wp\/v2\/media?parent=31256"}],"curies":[{"name":"wp","href":"https:\/\/api.w.org\/{rel}","templated":true}]}}