{"id":31231,"date":"2021-01-15T13:04:54","date_gmt":"2021-01-15T13:04:54","guid":{"rendered":"https:\/\/joyn.eu\/?page_id=31231"},"modified":"2021-04-02T08:02:07","modified_gmt":"2021-04-02T08:02:07","slug":"utilisateurs-profil-mis-a-jour","status":"publish","type":"page","link":"https:\/\/joyn.eu\/fr-be\/appli-joyn-utilisateurs-page-generale\/utilisateurs-profil-mis-a-jour\/","title":{"rendered":"Je mets \u00e0 jour mes donn\u00e9es &#8211; APPLICATION JOYN POUR UTILISATEURS"},"content":{"rendered":"\t\t<div data-elementor-type=\"wp-page\" data-elementor-id=\"31231\" class=\"elementor elementor-31231\" data-elementor-post-type=\"page\">\n\t\t\t\t\t\t<section class=\"elementor-section elementor-top-section elementor-element elementor-element-f8ad0e7 elementor-section-boxed elementor-section-height-default elementor-section-height-default\" data-id=\"f8ad0e7\" data-element_type=\"section\" data-e-type=\"section\">\n\t\t\t\t\t\t<div class=\"elementor-container elementor-column-gap-default\">\n\t\t\t\t\t<div class=\"elementor-column elementor-col-100 elementor-top-column elementor-element elementor-element-dfeff65\" data-id=\"dfeff65\" data-element_type=\"column\" data-e-type=\"column\">\n\t\t\t<div class=\"elementor-widget-wrap\">\n\t\t\t\t\t\t\t<\/div>\n\t\t<\/div>\n\t\t\t\t\t<\/div>\n\t\t<\/section>\n\t\t\t\t<section class=\"elementor-section elementor-top-section elementor-element elementor-element-fa691c9 elementor-section-boxed elementor-section-height-default elementor-section-height-default\" data-id=\"fa691c9\" data-element_type=\"section\" data-e-type=\"section\">\n\t\t\t\t\t\t<div class=\"elementor-container elementor-column-gap-default\">\n\t\t\t\t\t<div class=\"elementor-column elementor-col-50 elementor-top-column elementor-element elementor-element-30b7eb6\" data-id=\"30b7eb6\" data-element_type=\"column\" data-e-type=\"column\">\n\t\t\t<div class=\"elementor-widget-wrap elementor-element-populated\">\n\t\t\t\t\t\t<div class=\"elementor-element elementor-element-d48ec45 elementor-widget elementor-widget-video\" data-id=\"d48ec45\" data-element_type=\"widget\" data-e-type=\"widget\" data-settings=\"{&quot;youtube_url&quot;:&quot;https:\\\/\\\/youtu.be\\\/jzwGkS7hhYU&quot;,&quot;autoplay&quot;:&quot;yes&quot;,&quot;play_on_mobile&quot;:&quot;yes&quot;,&quot;loop&quot;:&quot;yes&quot;,&quot;mute&quot;:&quot;yes&quot;,&quot;yt_privacy&quot;:&quot;yes&quot;,&quot;video_type&quot;:&quot;youtube&quot;}\" data-widget_type=\"video.default\">\n\t\t\t\t<div class=\"elementor-widget-container\">\n\t\t\t\t\t\t\t<div class=\"elementor-wrapper elementor-open-inline\">\n\t\t\t<div class=\"elementor-video\"><\/div>\t\t<\/div>\n\t\t\t\t\t\t<\/div>\n\t\t\t\t<\/div>\n\t\t\t\t\t<\/div>\n\t\t<\/div>\n\t\t\t\t<div class=\"elementor-column elementor-col-50 elementor-top-column elementor-element elementor-element-4d0c10b\" data-id=\"4d0c10b\" data-element_type=\"column\" data-e-type=\"column\">\n\t\t\t<div class=\"elementor-widget-wrap elementor-element-populated\">\n\t\t\t\t\t\t<div class=\"elementor-element elementor-element-00886fd elementor-widget elementor-widget-heading\" data-id=\"00886fd\" data-element_type=\"widget\" data-e-type=\"widget\" data-widget_type=\"heading.default\">\n\t\t\t\t<div class=\"elementor-widget-container\">\n\t\t\t\t\t<h2 class=\"elementor-heading-title elementor-size-default\">\"Je mets \u00e0 jour mes informations\"<\/h2>\t\t\t\t<\/div>\n\t\t\t\t<\/div>\n\t\t\t\t<div class=\"elementor-element elementor-element-fccd994 elementor-widget elementor-widget-text-editor\" data-id=\"fccd994\" data-element_type=\"widget\" data-e-type=\"widget\" data-widget_type=\"text-editor.default\">\n\t\t\t\t<div class=\"elementor-widget-container\">\n\t\t\t\t\t\t\t\t\t<p>Via l&rsquo;application Joyn, vous pouvez mettre \u00e0 jour vos donn\u00e9es Joyn.\u00a0<\/p>\t\t\t\t\t\t\t\t<\/div>\n\t\t\t\t<\/div>\n\t\t\t\t<div class=\"elementor-element elementor-element-f6036af elementor-widget elementor-widget-text-editor\" data-id=\"f6036af\" data-element_type=\"widget\" data-e-type=\"widget\" data-widget_type=\"text-editor.default\">\n\t\t\t\t<div class=\"elementor-widget-container\">\n\t\t\t\t\t\t\t\t\t<p><strong>Comment mettre \u00e0 jour mes donn\u00e9es ?<\/strong><strong>\u00a0<\/strong><\/p><p>C&rsquo;est simple ! Ouvrez votre application et cliquez sur l&rsquo;onglet \u00ab\u00a0R\u00e9glages\u00a0\u00bb en haut \u00e0 gauche. Cliquez ensuite sur \u00ab\u00a0Compte et profil\u00a0\u00bb Cliquez sur votre nom. Vous pouvez ensuite remplir vos donn\u00e9es. Vous pouvez choisir de remplir tous les champs ou seulement quelques-uns. \u00a0<\/p><p><strong>Quelles sont les informations qui me seront demand\u00e9es ?\u00a0<\/strong><\/p><p><span style=\"background-color: #ffffff;\">Les informations qui vous sont demand\u00e9es sont des donn\u00e9es utiles pour les commer\u00e7ants. Il s&rsquo;agit de votre nom et pr\u00e9nom, votre genre, date de naissance, pays, ville et code postal, province et enfin num\u00e9ro de t\u00e9l\u00e9phone. \u00a0<\/span><\/p><p><strong>Pourquoi dois-je donner mes informations ?<\/strong><\/p><p>Gr\u00e2ce \u00e0 ces donn\u00e9es vos commer\u00e7ants vont pouvoir apprendre \u00e0 mieux vos conna\u00eetre. Par exemple, gr\u00e2ce \u00e0 votre date de naissance, ils pourront vous envoyer un mail pour votre anniversaire. Gr\u00e2ce \u00e0 votre adresse, ils pourront mieux cibler d&rsquo;o\u00f9 viennent leurs clients et o\u00f9 ils doivent faire de la publicit\u00e9.<\/p><p><strong>Comment sont utilis\u00e9es mes donn\u00e9es ?\u00a0<\/strong><\/p><p>Chez Joyn, la vie priv\u00e9e c&rsquo;est important ! C&rsquo;est pourquoi nous prenons soin de vos donn\u00e9es. Elles ne sont ni revendues, ni utilis\u00e9es \u00e0 des fins commerciales. Vous d\u00e9sirez plus d&rsquo;informations sur l&rsquo;utilisations de vos donn\u00e9es ? <a href=\"https:\/\/www.joyndev.kinsta.cloud\/fr-be\/la-d\u00e9claration-de-confidentialit\u00e9\">Rendez-vous ici<\/a><\/p><p>Vous avez <strong>d&rsquo;autres questions<\/strong> concernant notre application ? N&rsquo;h\u00e9sitez pas \u00e0 <a href=\"https:\/\/wecare.joyn.be\/hc\/fr-fr\/sections\/360002344679-L-appli-Joyn-\" target=\"_blank\" rel=\"noopener\">visiter notre FAQ<\/a> !<\/p>\t\t\t\t\t\t\t\t<\/div>\n\t\t\t\t<\/div>\n\t\t\t\t\t<\/div>\n\t\t<\/div>\n\t\t\t\t\t<\/div>\n\t\t<\/section>\n\t\t\t\t<\/div>\n\t\t","protected":false},"excerpt":{"rendered":"<p>\u00ab\u00a0Je mets \u00e0 jour mes informations\u00a0\u00bb Via l&rsquo;application Joyn, vous pouvez mettre \u00e0 jour vos donn\u00e9es Joyn.\u00a0 Comment mettre \u00e0 jour mes donn\u00e9es ?\u00a0 C&rsquo;est simple ! Ouvrez votre application et cliquez sur l&rsquo;onglet \u00ab\u00a0R\u00e9glages\u00a0\u00bb en haut \u00e0 gauche. Cliquez ensuite sur \u00ab\u00a0Compte et profil\u00a0\u00bb Cliquez sur votre nom. Vous pouvez ensuite remplir vos donn\u00e9es. [&hellip;]<\/p>\n","protected":false},"author":1,"featured_media":31045,"parent":30666,"menu_order":1,"comment_status":"closed","ping_status":"closed","template":"full_width.php","meta":{"_acf_changed":false,"inline_featured_image":false,"footnotes":""},"class_list":["post-31231","page","type-page","status-publish","has-post-thumbnail","hentry"],"acf":[],"yoast_head":"<!-- This site is optimized with the Yoast SEO plugin v27.5 - https:\/\/yoast.com\/product\/yoast-seo-wordpress\/ -->\n<title>Je mets \u00e0 jour mes donn\u00e9es - APPLICATION JOYN POUR UTILISATEURS - Joyn<\/title>\n<meta name=\"robots\" content=\"index, follow, max-snippet:-1, max-image-preview:large, max-video-preview:-1\" \/>\n<link rel=\"canonical\" href=\"https:\/\/joyn.eu\/fr-be\/appli-joyn-utilisateurs-page-generale\/utilisateurs-profil-mis-a-jour\/\" \/>\n<meta property=\"og:locale\" content=\"fr_FR\" \/>\n<meta property=\"og:type\" content=\"article\" \/>\n<meta property=\"og:title\" content=\"Je mets \u00e0 jour mes donn\u00e9es - APPLICATION JOYN POUR UTILISATEURS - Joyn\" \/>\n<meta property=\"og:description\" content=\"\u00ab\u00a0Je mets \u00e0 jour mes informations\u00a0\u00bb Via l&rsquo;application Joyn, vous pouvez mettre \u00e0 jour vos donn\u00e9es Joyn.\u00a0 Comment mettre \u00e0 jour mes donn\u00e9es ?\u00a0 C&rsquo;est simple ! Ouvrez votre application et cliquez sur l&rsquo;onglet \u00ab\u00a0R\u00e9glages\u00a0\u00bb en haut \u00e0 gauche. Cliquez ensuite sur \u00ab\u00a0Compte et profil\u00a0\u00bb Cliquez sur votre nom. Vous pouvez ensuite remplir vos donn\u00e9es. [&hellip;]\" \/>\n<meta property=\"og:url\" content=\"https:\/\/joyn.eu\/fr-be\/appli-joyn-utilisateurs-page-generale\/utilisateurs-profil-mis-a-jour\/\" \/>\n<meta property=\"og:site_name\" content=\"Joyn\" \/>\n<meta property=\"article:modified_time\" content=\"2021-04-02T08:02:07+00:00\" \/>\n<meta property=\"og:image\" content=\"https:\/\/joyn.eu\/wp-content\/uploads\/2021\/01\/tablet-smartphone.png\" \/>\n\t<meta property=\"og:image:width\" content=\"1000\" \/>\n\t<meta property=\"og:image:height\" content=\"669\" \/>\n\t<meta property=\"og:image:type\" content=\"image\/png\" \/>\n<meta name=\"twitter:card\" content=\"summary_large_image\" \/>\n<meta name=\"twitter:label1\" content=\"Dur\u00e9e de lecture est.\" \/>\n\t<meta name=\"twitter:data1\" content=\"3 minutes\" \/>\n<script type=\"application\/ld+json\" class=\"yoast-schema-graph\">{\"@context\":\"https:\\\/\\\/schema.org\",\"@graph\":[{\"@type\":\"WebPage\",\"@id\":\"https:\\\/\\\/joyn.eu\\\/fr-be\\\/appli-joyn-utilisateurs-page-generale\\\/utilisateurs-profil-mis-a-jour\\\/\",\"url\":\"https:\\\/\\\/joyn.eu\\\/fr-be\\\/appli-joyn-utilisateurs-page-generale\\\/utilisateurs-profil-mis-a-jour\\\/\",\"name\":\"Je mets \u00e0 jour mes donn\u00e9es - APPLICATION JOYN POUR UTILISATEURS - Joyn\",\"isPartOf\":{\"@id\":\"https:\\\/\\\/joyn.eu\\\/fr-be\\\/#website\"},\"primaryImageOfPage\":{\"@id\":\"https:\\\/\\\/joyn.eu\\\/fr-be\\\/appli-joyn-utilisateurs-page-generale\\\/utilisateurs-profil-mis-a-jour\\\/#primaryimage\"},\"image\":{\"@id\":\"https:\\\/\\\/joyn.eu\\\/fr-be\\\/appli-joyn-utilisateurs-page-generale\\\/utilisateurs-profil-mis-a-jour\\\/#primaryimage\"},\"thumbnailUrl\":\"https:\\\/\\\/joyn.eu\\\/wp-content\\\/uploads\\\/2021\\\/01\\\/tablet-smartphone.png\",\"datePublished\":\"2021-01-15T13:04:54+00:00\",\"dateModified\":\"2021-04-02T08:02:07+00:00\",\"breadcrumb\":{\"@id\":\"https:\\\/\\\/joyn.eu\\\/fr-be\\\/appli-joyn-utilisateurs-page-generale\\\/utilisateurs-profil-mis-a-jour\\\/#breadcrumb\"},\"inLanguage\":\"fr-BE\",\"potentialAction\":[{\"@type\":\"ReadAction\",\"target\":[\"https:\\\/\\\/joyn.eu\\\/fr-be\\\/appli-joyn-utilisateurs-page-generale\\\/utilisateurs-profil-mis-a-jour\\\/\"]}]},{\"@type\":\"ImageObject\",\"inLanguage\":\"fr-BE\",\"@id\":\"https:\\\/\\\/joyn.eu\\\/fr-be\\\/appli-joyn-utilisateurs-page-generale\\\/utilisateurs-profil-mis-a-jour\\\/#primaryimage\",\"url\":\"https:\\\/\\\/joyn.eu\\\/wp-content\\\/uploads\\\/2021\\\/01\\\/tablet-smartphone.png\",\"contentUrl\":\"https:\\\/\\\/joyn.eu\\\/wp-content\\\/uploads\\\/2021\\\/01\\\/tablet-smartphone.png\",\"width\":1000,\"height\":669},{\"@type\":\"BreadcrumbList\",\"@id\":\"https:\\\/\\\/joyn.eu\\\/fr-be\\\/appli-joyn-utilisateurs-page-generale\\\/utilisateurs-profil-mis-a-jour\\\/#breadcrumb\",\"itemListElement\":[{\"@type\":\"ListItem\",\"position\":1,\"name\":\"Home\",\"item\":\"https:\\\/\\\/joyn.eu\\\/fr-be\\\/home-merchant-new-fr\\\/\"},{\"@type\":\"ListItem\",\"position\":2,\"name\":\"Appli Joyn utilisateurs &#8211; G\u00e9n\u00e9ral\",\"item\":\"https:\\\/\\\/joyn.eu\\\/fr-be\\\/appli-joyn-utilisateurs-page-generale\\\/\"},{\"@type\":\"ListItem\",\"position\":3,\"name\":\"Je mets \u00e0 jour mes donn\u00e9es &#8211; APPLICATION JOYN POUR UTILISATEURS\"}]},{\"@type\":\"WebSite\",\"@id\":\"https:\\\/\\\/joyn.eu\\\/fr-be\\\/#website\",\"url\":\"https:\\\/\\\/joyn.eu\\\/fr-be\\\/\",\"name\":\"Joyn\",\"description\":\"Quand vos clients deviennent des fans\",\"publisher\":{\"@id\":\"https:\\\/\\\/joyn.eu\\\/fr-be\\\/#organization\"},\"potentialAction\":[{\"@type\":\"SearchAction\",\"target\":{\"@type\":\"EntryPoint\",\"urlTemplate\":\"https:\\\/\\\/joyn.eu\\\/fr-be\\\/?s={search_term_string}\"},\"query-input\":{\"@type\":\"PropertyValueSpecification\",\"valueRequired\":true,\"valueName\":\"search_term_string\"}}],\"inLanguage\":\"fr-BE\"},{\"@type\":\"Organization\",\"@id\":\"https:\\\/\\\/joyn.eu\\\/fr-be\\\/#organization\",\"name\":\"Joyn\",\"url\":\"https:\\\/\\\/joyn.eu\\\/fr-be\\\/\",\"logo\":{\"@type\":\"ImageObject\",\"inLanguage\":\"fr-BE\",\"@id\":\"https:\\\/\\\/joyn.eu\\\/fr-be\\\/#\\\/schema\\\/logo\\\/image\\\/\",\"url\":\"https:\\\/\\\/joyn.eu\\\/wp-content\\\/uploads\\\/2021\\\/02\\\/Blue-green-h40.png\",\"contentUrl\":\"https:\\\/\\\/joyn.eu\\\/wp-content\\\/uploads\\\/2021\\\/02\\\/Blue-green-h40.png\",\"width\":83,\"height\":40,\"caption\":\"Joyn\"},\"image\":{\"@id\":\"https:\\\/\\\/joyn.eu\\\/fr-be\\\/#\\\/schema\\\/logo\\\/image\\\/\"}}]}<\/script>\n<!-- \/ Yoast SEO plugin. -->","yoast_head_json":{"title":"Je mets \u00e0 jour mes donn\u00e9es - APPLICATION JOYN POUR UTILISATEURS - Joyn","robots":{"index":"index","follow":"follow","max-snippet":"max-snippet:-1","max-image-preview":"max-image-preview:large","max-video-preview":"max-video-preview:-1"},"canonical":"https:\/\/joyn.eu\/fr-be\/appli-joyn-utilisateurs-page-generale\/utilisateurs-profil-mis-a-jour\/","og_locale":"fr_FR","og_type":"article","og_title":"Je mets \u00e0 jour mes donn\u00e9es - APPLICATION JOYN POUR UTILISATEURS - Joyn","og_description":"\u00ab\u00a0Je mets \u00e0 jour mes informations\u00a0\u00bb Via l&rsquo;application Joyn, vous pouvez mettre \u00e0 jour vos donn\u00e9es Joyn.\u00a0 Comment mettre \u00e0 jour mes donn\u00e9es ?\u00a0 C&rsquo;est simple ! Ouvrez votre application et cliquez sur l&rsquo;onglet \u00ab\u00a0R\u00e9glages\u00a0\u00bb en haut \u00e0 gauche. Cliquez ensuite sur \u00ab\u00a0Compte et profil\u00a0\u00bb Cliquez sur votre nom. Vous pouvez ensuite remplir vos donn\u00e9es. [&hellip;]","og_url":"https:\/\/joyn.eu\/fr-be\/appli-joyn-utilisateurs-page-generale\/utilisateurs-profil-mis-a-jour\/","og_site_name":"Joyn","article_modified_time":"2021-04-02T08:02:07+00:00","og_image":[{"width":1000,"height":669,"url":"https:\/\/joyn.eu\/wp-content\/uploads\/2021\/01\/tablet-smartphone.png","type":"image\/png"}],"twitter_card":"summary_large_image","twitter_misc":{"Dur\u00e9e de lecture est.":"3 minutes"},"schema":{"@context":"https:\/\/schema.org","@graph":[{"@type":"WebPage","@id":"https:\/\/joyn.eu\/fr-be\/appli-joyn-utilisateurs-page-generale\/utilisateurs-profil-mis-a-jour\/","url":"https:\/\/joyn.eu\/fr-be\/appli-joyn-utilisateurs-page-generale\/utilisateurs-profil-mis-a-jour\/","name":"Je mets \u00e0 jour mes donn\u00e9es - APPLICATION JOYN POUR UTILISATEURS - Joyn","isPartOf":{"@id":"https:\/\/joyn.eu\/fr-be\/#website"},"primaryImageOfPage":{"@id":"https:\/\/joyn.eu\/fr-be\/appli-joyn-utilisateurs-page-generale\/utilisateurs-profil-mis-a-jour\/#primaryimage"},"image":{"@id":"https:\/\/joyn.eu\/fr-be\/appli-joyn-utilisateurs-page-generale\/utilisateurs-profil-mis-a-jour\/#primaryimage"},"thumbnailUrl":"https:\/\/joyn.eu\/wp-content\/uploads\/2021\/01\/tablet-smartphone.png","datePublished":"2021-01-15T13:04:54+00:00","dateModified":"2021-04-02T08:02:07+00:00","breadcrumb":{"@id":"https:\/\/joyn.eu\/fr-be\/appli-joyn-utilisateurs-page-generale\/utilisateurs-profil-mis-a-jour\/#breadcrumb"},"inLanguage":"fr-BE","potentialAction":[{"@type":"ReadAction","target":["https:\/\/joyn.eu\/fr-be\/appli-joyn-utilisateurs-page-generale\/utilisateurs-profil-mis-a-jour\/"]}]},{"@type":"ImageObject","inLanguage":"fr-BE","@id":"https:\/\/joyn.eu\/fr-be\/appli-joyn-utilisateurs-page-generale\/utilisateurs-profil-mis-a-jour\/#primaryimage","url":"https:\/\/joyn.eu\/wp-content\/uploads\/2021\/01\/tablet-smartphone.png","contentUrl":"https:\/\/joyn.eu\/wp-content\/uploads\/2021\/01\/tablet-smartphone.png","width":1000,"height":669},{"@type":"BreadcrumbList","@id":"https:\/\/joyn.eu\/fr-be\/appli-joyn-utilisateurs-page-generale\/utilisateurs-profil-mis-a-jour\/#breadcrumb","itemListElement":[{"@type":"ListItem","position":1,"name":"Home","item":"https:\/\/joyn.eu\/fr-be\/home-merchant-new-fr\/"},{"@type":"ListItem","position":2,"name":"Appli Joyn utilisateurs &#8211; G\u00e9n\u00e9ral","item":"https:\/\/joyn.eu\/fr-be\/appli-joyn-utilisateurs-page-generale\/"},{"@type":"ListItem","position":3,"name":"Je mets \u00e0 jour mes donn\u00e9es &#8211; APPLICATION JOYN POUR UTILISATEURS"}]},{"@type":"WebSite","@id":"https:\/\/joyn.eu\/fr-be\/#website","url":"https:\/\/joyn.eu\/fr-be\/","name":"Joyn","description":"Quand vos clients deviennent des fans","publisher":{"@id":"https:\/\/joyn.eu\/fr-be\/#organization"},"potentialAction":[{"@type":"SearchAction","target":{"@type":"EntryPoint","urlTemplate":"https:\/\/joyn.eu\/fr-be\/?s={search_term_string}"},"query-input":{"@type":"PropertyValueSpecification","valueRequired":true,"valueName":"search_term_string"}}],"inLanguage":"fr-BE"},{"@type":"Organization","@id":"https:\/\/joyn.eu\/fr-be\/#organization","name":"Joyn","url":"https:\/\/joyn.eu\/fr-be\/","logo":{"@type":"ImageObject","inLanguage":"fr-BE","@id":"https:\/\/joyn.eu\/fr-be\/#\/schema\/logo\/image\/","url":"https:\/\/joyn.eu\/wp-content\/uploads\/2021\/02\/Blue-green-h40.png","contentUrl":"https:\/\/joyn.eu\/wp-content\/uploads\/2021\/02\/Blue-green-h40.png","width":83,"height":40,"caption":"Joyn"},"image":{"@id":"https:\/\/joyn.eu\/fr-be\/#\/schema\/logo\/image\/"}}]}},"_links":{"self":[{"href":"https:\/\/joyn.eu\/fr-be\/wp-json\/wp\/v2\/pages\/31231","targetHints":{"allow":["GET"]}}],"collection":[{"href":"https:\/\/joyn.eu\/fr-be\/wp-json\/wp\/v2\/pages"}],"about":[{"href":"https:\/\/joyn.eu\/fr-be\/wp-json\/wp\/v2\/types\/page"}],"author":[{"embeddable":true,"href":"https:\/\/joyn.eu\/fr-be\/wp-json\/wp\/v2\/users\/1"}],"replies":[{"embeddable":true,"href":"https:\/\/joyn.eu\/fr-be\/wp-json\/wp\/v2\/comments?post=31231"}],"version-history":[{"count":62,"href":"https:\/\/joyn.eu\/fr-be\/wp-json\/wp\/v2\/pages\/31231\/revisions"}],"predecessor-version":[{"id":35517,"href":"https:\/\/joyn.eu\/fr-be\/wp-json\/wp\/v2\/pages\/31231\/revisions\/35517"}],"up":[{"embeddable":true,"href":"https:\/\/joyn.eu\/fr-be\/wp-json\/wp\/v2\/pages\/30666"}],"wp:featuredmedia":[{"embeddable":true,"href":"https:\/\/joyn.eu\/fr-be\/wp-json\/wp\/v2\/media\/31045"}],"wp:attachment":[{"href":"https:\/\/joyn.eu\/fr-be\/wp-json\/wp\/v2\/media?parent=31231"}],"curies":[{"name":"wp","href":"https:\/\/api.w.org\/{rel}","templated":true}]}}