{"id":30666,"date":"2021-01-11T09:35:31","date_gmt":"2021-01-11T09:35:31","guid":{"rendered":"https:\/\/joyn.eu\/?page_id=30666"},"modified":"2021-02-10T10:55:40","modified_gmt":"2021-02-10T10:55:40","slug":"appli-joyn-utilisateurs-page-generale","status":"publish","type":"page","link":"https:\/\/joyn.eu\/fr-be\/appli-joyn-utilisateurs-page-generale\/","title":{"rendered":"Appli Joyn utilisateurs &#8211; G\u00e9n\u00e9ral"},"content":{"rendered":"\t\t<div data-elementor-type=\"wp-page\" data-elementor-id=\"30666\" class=\"elementor elementor-30666\" data-elementor-post-type=\"page\">\n\t\t\t\t\t\t<section class=\"elementor-section elementor-top-section elementor-element elementor-element-233df10 elementor-section-boxed elementor-section-height-default elementor-section-height-default\" data-id=\"233df10\" data-element_type=\"section\" data-e-type=\"section\">\n\t\t\t\t\t\t<div class=\"elementor-container elementor-column-gap-default\">\n\t\t\t\t\t<div class=\"elementor-column elementor-col-100 elementor-top-column elementor-element elementor-element-c5d9f48\" data-id=\"c5d9f48\" data-element_type=\"column\" data-e-type=\"column\">\n\t\t\t<div class=\"elementor-widget-wrap elementor-element-populated\">\n\t\t\t\t\t\t<section class=\"elementor-section elementor-inner-section elementor-element elementor-element-3ca5024 elementor-section-height-min-height elementor-section-content-middle elementor-section-boxed elementor-section-height-default\" data-id=\"3ca5024\" data-element_type=\"section\" data-e-type=\"section\">\n\t\t\t\t\t\t<div class=\"elementor-container elementor-column-gap-default\">\n\t\t\t\t\t<div class=\"elementor-column elementor-col-100 elementor-inner-column elementor-element elementor-element-e42f776\" data-id=\"e42f776\" data-element_type=\"column\" data-e-type=\"column\">\n\t\t\t<div class=\"elementor-widget-wrap elementor-element-populated\">\n\t\t\t\t\t\t<div class=\"elementor-element elementor-element-c735cbd elementor-widget elementor-widget-heading\" data-id=\"c735cbd\" data-element_type=\"widget\" data-e-type=\"widget\" data-widget_type=\"heading.default\">\n\t\t\t\t<div class=\"elementor-widget-container\">\n\t\t\t\t\t<h1 class=\"elementor-heading-title elementor-size-default\">Suivez nos bonnes r\u00e9solutions et tentez de remporter un voucher de 250 \u20ac chez votre commer\u00e7ant Joyn pr\u00e9f\u00e9r\u00e9 !<br><\/h1>\t\t\t\t<\/div>\n\t\t\t\t<\/div>\n\t\t\t\t\t<\/div>\n\t\t<\/div>\n\t\t\t\t\t<\/div>\n\t\t<\/section>\n\t\t\t\t<div class=\"elementor-element elementor-element-1026584 elementor-invisible elementor-widget elementor-widget-video\" data-id=\"1026584\" data-element_type=\"widget\" data-e-type=\"widget\" data-settings=\"{&quot;youtube_url&quot;:&quot;https:\\\/\\\/youtu.be\\\/w6LQuDf20t4&quot;,&quot;autoplay&quot;:&quot;yes&quot;,&quot;play_on_mobile&quot;:&quot;yes&quot;,&quot;loop&quot;:&quot;yes&quot;,&quot;_animation&quot;:&quot;zoomIn&quot;,&quot;yt_privacy&quot;:&quot;yes&quot;,&quot;video_type&quot;:&quot;youtube&quot;,&quot;controls&quot;:&quot;yes&quot;}\" data-widget_type=\"video.default\">\n\t\t\t\t<div class=\"elementor-widget-container\">\n\t\t\t\t\t\t\t<div class=\"elementor-wrapper elementor-open-inline\">\n\t\t\t<div class=\"elementor-video\"><\/div>\t\t<\/div>\n\t\t\t\t\t\t<\/div>\n\t\t\t\t<\/div>\n\t\t\t\t\t<\/div>\n\t\t<\/div>\n\t\t\t\t\t<\/div>\n\t\t<\/section>\n\t\t\t\t<section class=\"elementor-section elementor-top-section elementor-element elementor-element-bbaa57d elementor-section-boxed elementor-section-height-default elementor-section-height-default\" data-id=\"bbaa57d\" data-element_type=\"section\" data-e-type=\"section\" data-settings=\"{&quot;background_background&quot;:&quot;classic&quot;}\">\n\t\t\t\t\t\t<div class=\"elementor-container elementor-column-gap-default\">\n\t\t\t\t\t<div class=\"elementor-column elementor-col-100 elementor-top-column elementor-element elementor-element-655871a\" data-id=\"655871a\" data-element_type=\"column\" data-e-type=\"column\">\n\t\t\t<div class=\"elementor-widget-wrap elementor-element-populated\">\n\t\t\t\t\t\t<div class=\"elementor-element elementor-element-857c38d elementor-widget elementor-widget-heading\" data-id=\"857c38d\" data-element_type=\"widget\" data-e-type=\"widget\" data-widget_type=\"heading.default\">\n\t\t\t\t<div class=\"elementor-widget-container\">\n\t\t\t\t\t<h2 class=\"elementor-heading-title elementor-size-default\">Participez \u00e0 nos 4 challenges et tentez de remporter un voucher d\u2019une valeur de 250 \u20ac chez votre commer\u00e7ant Joyn pr\u00e9f\u00e9r\u00e9 !<span style=\"letter-spacing: 0px\"><\/span><\/h2>\t\t\t\t<\/div>\n\t\t\t\t<\/div>\n\t\t\t\t<div class=\"elementor-element elementor-element-645b69e elementor-widget elementor-widget-text-editor\" data-id=\"645b69e\" data-element_type=\"widget\" data-e-type=\"widget\" data-widget_type=\"text-editor.default\">\n\t\t\t\t<div class=\"elementor-widget-container\">\n\t\t\t\t\t\t\t\t\t<p style=\"text-align: center;\">Depuis quelques jours nous partageons avec vous des bonnes r\u00e9solutions sous la forme de challenges \u00e0 r\u00e9aliser jusqu&rsquo;au 31 mars. En participant \u00e0 nos 4 challenges vous tentez votre chance pour remporter un bon de 250 \u20ac \u00e0 d\u00e9penser chez votre commer\u00e7ant Joyn favori.\u00a0<\/p>\t\t\t\t\t\t\t\t<\/div>\n\t\t\t\t<\/div>\n\t\t\t\t<section class=\"elementor-section elementor-inner-section elementor-element elementor-element-576bd01 elementor-section-boxed elementor-section-height-default elementor-section-height-default\" data-id=\"576bd01\" data-element_type=\"section\" data-e-type=\"section\">\n\t\t\t\t\t\t<div class=\"elementor-container elementor-column-gap-default\">\n\t\t\t\t\t<div class=\"elementor-column elementor-col-25 elementor-inner-column elementor-element elementor-element-4b3377a\" data-id=\"4b3377a\" data-element_type=\"column\" data-e-type=\"column\">\n\t\t\t<div class=\"elementor-widget-wrap elementor-element-populated\">\n\t\t\t\t\t\t<div class=\"elementor-element elementor-element-69e0f40 elementor-widget elementor-widget-image\" data-id=\"69e0f40\" data-element_type=\"widget\" data-e-type=\"widget\" data-widget_type=\"image.default\">\n\t\t\t\t<div class=\"elementor-widget-container\">\n\t\t\t\t\t\t\t\t\t\t\t\t\t\t\t<img decoding=\"async\" src=\"https:\/\/joyn.eu\/wp-content\/uploads\/elementor\/thumbs\/iPad-2-rdahltrg9bg5rc0k0sv4njukwzuaxul321kgk6emm8.png\" title=\"iPad-2\" alt=\"iPad-2\" loading=\"lazy\" \/>\t\t\t\t\t\t\t\t\t\t\t\t\t\t\t<\/div>\n\t\t\t\t<\/div>\n\t\t\t\t<div class=\"elementor-element elementor-element-ea9bec9 elementor-widget elementor-widget-text-editor\" data-id=\"ea9bec9\" data-element_type=\"widget\" data-e-type=\"widget\" data-widget_type=\"text-editor.default\">\n\t\t\t\t<div class=\"elementor-widget-container\">\n\t\t\t\t\t\t\t\t\t<h5>\u00ab\u00a0Toujours avoir ma carte Joyn sur moi !\u00a0\u00bb<\/h5><p>T\u00e9l\u00e9chargez l&rsquo;application Joyn et d\u00e9couvrez-en tous les avantages.\u00a0<\/p>\t\t\t\t\t\t\t\t<\/div>\n\t\t\t\t<\/div>\n\t\t\t\t<div class=\"elementor-element elementor-element-5b8f882 elementor-hidden-phone elementor-widget elementor-widget-spacer\" data-id=\"5b8f882\" data-element_type=\"widget\" data-e-type=\"widget\" data-widget_type=\"spacer.default\">\n\t\t\t\t<div class=\"elementor-widget-container\">\n\t\t\t\t\t\t\t<div class=\"elementor-spacer\">\n\t\t\t<div class=\"elementor-spacer-inner\"><\/div>\n\t\t<\/div>\n\t\t\t\t\t\t<\/div>\n\t\t\t\t<\/div>\n\t\t\t\t\t<\/div>\n\t\t<\/div>\n\t\t\t\t<div class=\"elementor-column elementor-col-25 elementor-inner-column elementor-element elementor-element-e8d57e5\" data-id=\"e8d57e5\" data-element_type=\"column\" data-e-type=\"column\">\n\t\t\t<div class=\"elementor-widget-wrap elementor-element-populated\">\n\t\t\t\t\t\t<div class=\"elementor-element elementor-element-03fd306 elementor-widget elementor-widget-image\" data-id=\"03fd306\" data-element_type=\"widget\" data-e-type=\"widget\" data-widget_type=\"image.default\">\n\t\t\t\t<div class=\"elementor-widget-container\">\n\t\t\t\t\t\t\t\t\t\t\t\t\t\t\t<img decoding=\"async\" src=\"https:\/\/joyn.eu\/wp-content\/uploads\/elementor\/thumbs\/Copie-de-Shopping-Cart-2-rdahkxsxsy8eslaz7f1tarwwpw7to527lndy8rq0hs.png\" title=\"Copie de Shopping Cart-2\" alt=\"Copie de Shopping Cart-2\" loading=\"lazy\" \/>\t\t\t\t\t\t\t\t\t\t\t\t\t\t\t<\/div>\n\t\t\t\t<\/div>\n\t\t\t\t<div class=\"elementor-element elementor-element-d23b98d elementor-widget elementor-widget-text-editor\" data-id=\"d23b98d\" data-element_type=\"widget\" data-e-type=\"widget\" data-widget_type=\"text-editor.default\">\n\t\t\t\t<div class=\"elementor-widget-container\">\n\t\t\t\t\t\t\t\t\t<h5>\u201cD\u00e9couvrez de nouveaux commer\u00e7ants Joyn\u201d.\u00a0<\/h5><p>Plus de 7500 commer\u00e7ants Joyn vous attendent ! Gr\u00e2ce \u00e0 notre appli, d\u00e9couvrez plein de nouveaux commer\u00e7ants !\u00a0<\/p>\t\t\t\t\t\t\t\t<\/div>\n\t\t\t\t<\/div>\n\t\t\t\t<div class=\"elementor-element elementor-element-9ec4f0b elementor-hidden-phone elementor-widget elementor-widget-spacer\" data-id=\"9ec4f0b\" data-element_type=\"widget\" data-e-type=\"widget\" data-widget_type=\"spacer.default\">\n\t\t\t\t<div class=\"elementor-widget-container\">\n\t\t\t\t\t\t\t<div class=\"elementor-spacer\">\n\t\t\t<div class=\"elementor-spacer-inner\"><\/div>\n\t\t<\/div>\n\t\t\t\t\t\t<\/div>\n\t\t\t\t<\/div>\n\t\t\t\t\t<\/div>\n\t\t<\/div>\n\t\t\t\t<div class=\"elementor-column elementor-col-25 elementor-inner-column elementor-element elementor-element-83c24ff\" data-id=\"83c24ff\" data-element_type=\"column\" data-e-type=\"column\">\n\t\t\t<div class=\"elementor-widget-wrap elementor-element-populated\">\n\t\t\t\t\t\t<div class=\"elementor-element elementor-element-a5ffc8f elementor-widget elementor-widget-image\" data-id=\"a5ffc8f\" data-element_type=\"widget\" data-e-type=\"widget\" data-widget_type=\"image.default\">\n\t\t\t\t<div class=\"elementor-widget-container\">\n\t\t\t\t\t\t\t\t\t\t\t\t\t\t\t<img decoding=\"async\" src=\"https:\/\/joyn.eu\/wp-content\/uploads\/elementor\/thumbs\/Edit-1-rdahlfnveswux6l1b4rq45eo07rsqe1403s6d0zj7k.png\" title=\"Edit-1\" alt=\"Edit-1\" loading=\"lazy\" \/>\t\t\t\t\t\t\t\t\t\t\t\t\t\t\t<\/div>\n\t\t\t\t<\/div>\n\t\t\t\t<div class=\"elementor-element elementor-element-1cd20b0 elementor-widget elementor-widget-text-editor\" data-id=\"1cd20b0\" data-element_type=\"widget\" data-e-type=\"widget\" data-widget_type=\"text-editor.default\">\n\t\t\t\t<div class=\"elementor-widget-container\">\n\t\t\t\t\t\t\t\t\t<h5>\u00ab\u00a0Je mets \u00e0 jour mes informations\u00a0\u00bb<\/h5><p>Gr\u00e2ce \u00e0 vos donn\u00e9es vos commer\u00e7ants apprennent \u00e0 mieux vous connaitre et peuvent mieux personnaliser leurs produits et leur communication<\/p>\t\t\t\t\t\t\t\t<\/div>\n\t\t\t\t<\/div>\n\t\t\t\t<div class=\"elementor-element elementor-element-ede55e0 elementor-hidden-desktop elementor-hidden-phone elementor-widget elementor-widget-spacer\" data-id=\"ede55e0\" data-element_type=\"widget\" data-e-type=\"widget\" data-widget_type=\"spacer.default\">\n\t\t\t\t<div class=\"elementor-widget-container\">\n\t\t\t\t\t\t\t<div class=\"elementor-spacer\">\n\t\t\t<div class=\"elementor-spacer-inner\"><\/div>\n\t\t<\/div>\n\t\t\t\t\t\t<\/div>\n\t\t\t\t<\/div>\n\t\t\t\t\t<\/div>\n\t\t<\/div>\n\t\t\t\t<div class=\"elementor-column elementor-col-25 elementor-inner-column elementor-element elementor-element-c92cf11\" data-id=\"c92cf11\" data-element_type=\"column\" data-e-type=\"column\">\n\t\t\t<div class=\"elementor-widget-wrap elementor-element-populated\">\n\t\t\t\t\t\t<div class=\"elementor-element elementor-element-08cf22b elementor-widget elementor-widget-image\" data-id=\"08cf22b\" data-element_type=\"widget\" data-e-type=\"widget\" data-widget_type=\"image.default\">\n\t\t\t\t<div class=\"elementor-widget-container\">\n\t\t\t\t\t\t\t\t\t\t\t\t\t\t\t<img decoding=\"async\" src=\"https:\/\/joyn.eu\/wp-content\/uploads\/elementor\/thumbs\/Mobile-payment-rdahlm8qqn5v6gbh8pm43lqw5wvd89r8d0ckpyps00.png\" title=\"Mobile payment\" alt=\"Mobile payment\" loading=\"lazy\" \/>\t\t\t\t\t\t\t\t\t\t\t\t\t\t\t<\/div>\n\t\t\t\t<\/div>\n\t\t\t\t<div class=\"elementor-element elementor-element-d3f8863 elementor-widget elementor-widget-text-editor\" data-id=\"d3f8863\" data-element_type=\"widget\" data-e-type=\"widget\" data-widget_type=\"text-editor.default\">\n\t\t\t\t<div class=\"elementor-widget-container\">\n\t\t\t\t\t\t\t\t\t<h5>\u00ab\u00a0J\u2019utilise mon compte Joyn \u00e0 100%\u00a0\u00bb<\/h5><p>Joyn c&rsquo;est aussi des int\u00e9grations avec diff\u00e9rents moyens de paiement, d\u00e9couvrez vite comment payer via Joyn !<\/p>\t\t\t\t\t\t\t\t<\/div>\n\t\t\t\t<\/div>\n\t\t\t\t<div class=\"elementor-element elementor-element-92e024e elementor-hidden-phone elementor-widget elementor-widget-spacer\" data-id=\"92e024e\" data-element_type=\"widget\" data-e-type=\"widget\" data-widget_type=\"spacer.default\">\n\t\t\t\t<div class=\"elementor-widget-container\">\n\t\t\t\t\t\t\t<div class=\"elementor-spacer\">\n\t\t\t<div class=\"elementor-spacer-inner\"><\/div>\n\t\t<\/div>\n\t\t\t\t\t\t<\/div>\n\t\t\t\t<\/div>\n\t\t\t\t\t<\/div>\n\t\t<\/div>\n\t\t\t\t\t<\/div>\n\t\t<\/section>\n\t\t\t\t\t<\/div>\n\t\t<\/div>\n\t\t\t\t\t<\/div>\n\t\t<\/section>\n\t\t\t\t<section class=\"elementor-section elementor-top-section elementor-element elementor-element-70c885f elementor-section-boxed elementor-section-height-default elementor-section-height-default\" data-id=\"70c885f\" data-element_type=\"section\" data-e-type=\"section\">\n\t\t\t\t\t\t<div class=\"elementor-container elementor-column-gap-default\">\n\t\t\t\t\t<div class=\"elementor-column elementor-col-100 elementor-top-column elementor-element elementor-element-00fbe9e\" data-id=\"00fbe9e\" data-element_type=\"column\" data-e-type=\"column\">\n\t\t\t<div class=\"elementor-widget-wrap elementor-element-populated\">\n\t\t\t\t\t\t<div class=\"elementor-element elementor-element-94de101 elementor-widget elementor-widget-text-editor\" data-id=\"94de101\" data-element_type=\"widget\" data-e-type=\"widget\" data-widget_type=\"text-editor.default\">\n\t\t\t\t<div class=\"elementor-widget-container\">\n\t\t\t\t\t\t\t\t\t<p style=\"text-align: center;\"><a href=\"https:\/\/joyndev.kinsta.cloud\/wp-content\/uploads\/2021\/02\/Reglement-du-concours-Les-bonnes-resolutions-de-Joyn-.pdf\">D\u00e9couvrez ici le r\u00e8glement du concours \u00ab Les bonnes r\u00e9solutions de Joyn \u00bb<\/a><\/p>\t\t\t\t\t\t\t\t<\/div>\n\t\t\t\t<\/div>\n\t\t\t\t\t<\/div>\n\t\t<\/div>\n\t\t\t\t\t<\/div>\n\t\t<\/section>\n\t\t\t\t<\/div>\n\t\t","protected":false},"excerpt":{"rendered":"<p>Suivez nos bonnes r\u00e9solutions et tentez de remporter un voucher de 250 \u20ac chez votre commer\u00e7ant Joyn pr\u00e9f\u00e9r\u00e9 ! Participez \u00e0 nos 4 challenges et tentez de remporter un voucher d\u2019une valeur de 250 \u20ac chez votre commer\u00e7ant Joyn pr\u00e9f\u00e9r\u00e9 ! Depuis quelques jours nous partageons avec vous des bonnes r\u00e9solutions sous la forme de [&hellip;]<\/p>\n","protected":false},"author":1,"featured_media":31045,"parent":0,"menu_order":1,"comment_status":"closed","ping_status":"closed","template":"full_width.php","meta":{"_acf_changed":false,"inline_featured_image":false,"footnotes":""},"class_list":["post-30666","page","type-page","status-publish","has-post-thumbnail","hentry"],"acf":[],"yoast_head":"<!-- This site is optimized with the Yoast SEO plugin v27.4 - https:\/\/yoast.com\/product\/yoast-seo-wordpress\/ -->\n<title>Appli Joyn utilisateurs - G\u00e9n\u00e9ral - Joyn<\/title>\n<meta name=\"robots\" content=\"index, follow, max-snippet:-1, max-image-preview:large, max-video-preview:-1\" \/>\n<link rel=\"canonical\" href=\"https:\/\/joyn.eu\/fr-be\/appli-joyn-utilisateurs-page-generale\/\" \/>\n<meta property=\"og:locale\" content=\"fr_FR\" \/>\n<meta property=\"og:type\" content=\"article\" \/>\n<meta property=\"og:title\" content=\"Appli Joyn utilisateurs - G\u00e9n\u00e9ral - Joyn\" \/>\n<meta property=\"og:description\" content=\"Suivez nos bonnes r\u00e9solutions et tentez de remporter un voucher de 250 \u20ac chez votre commer\u00e7ant Joyn pr\u00e9f\u00e9r\u00e9 ! Participez \u00e0 nos 4 challenges et tentez de remporter un voucher d\u2019une valeur de 250 \u20ac chez votre commer\u00e7ant Joyn pr\u00e9f\u00e9r\u00e9 ! Depuis quelques jours nous partageons avec vous des bonnes r\u00e9solutions sous la forme de [&hellip;]\" \/>\n<meta property=\"og:url\" content=\"https:\/\/joyn.eu\/fr-be\/appli-joyn-utilisateurs-page-generale\/\" \/>\n<meta property=\"og:site_name\" content=\"Joyn\" \/>\n<meta property=\"article:modified_time\" content=\"2021-02-10T10:55:40+00:00\" \/>\n<meta property=\"og:image\" content=\"https:\/\/joyn.eu\/wp-content\/uploads\/2021\/01\/Sans-titre-3.png\" \/>\n\t<meta property=\"og:image:width\" content=\"1200\" \/>\n\t<meta property=\"og:image:height\" content=\"500\" \/>\n\t<meta property=\"og:image:type\" content=\"image\/png\" \/>\n<meta name=\"twitter:card\" content=\"summary_large_image\" \/>\n<meta name=\"twitter:label1\" content=\"Dur\u00e9e de lecture est.\" \/>\n\t<meta name=\"twitter:data1\" content=\"2 minutes\" \/>\n<script type=\"application\/ld+json\" class=\"yoast-schema-graph\">{\"@context\":\"https:\\\/\\\/schema.org\",\"@graph\":[{\"@type\":\"WebPage\",\"@id\":\"https:\\\/\\\/joyn.eu\\\/fr-be\\\/appli-joyn-utilisateurs-page-generale\\\/\",\"url\":\"https:\\\/\\\/joyn.eu\\\/fr-be\\\/appli-joyn-utilisateurs-page-generale\\\/\",\"name\":\"Appli Joyn utilisateurs - G\u00e9n\u00e9ral - Joyn\",\"isPartOf\":{\"@id\":\"https:\\\/\\\/joyn.eu\\\/fr-be\\\/#website\"},\"primaryImageOfPage\":{\"@id\":\"https:\\\/\\\/joyn.eu\\\/fr-be\\\/appli-joyn-utilisateurs-page-generale\\\/#primaryimage\"},\"image\":{\"@id\":\"https:\\\/\\\/joyn.eu\\\/fr-be\\\/appli-joyn-utilisateurs-page-generale\\\/#primaryimage\"},\"thumbnailUrl\":\"https:\\\/\\\/joyn.eu\\\/wp-content\\\/uploads\\\/2021\\\/01\\\/tablet-smartphone.png\",\"datePublished\":\"2021-01-11T09:35:31+00:00\",\"dateModified\":\"2021-02-10T10:55:40+00:00\",\"breadcrumb\":{\"@id\":\"https:\\\/\\\/joyn.eu\\\/fr-be\\\/appli-joyn-utilisateurs-page-generale\\\/#breadcrumb\"},\"inLanguage\":\"fr-BE\",\"potentialAction\":[{\"@type\":\"ReadAction\",\"target\":[\"https:\\\/\\\/joyn.eu\\\/fr-be\\\/appli-joyn-utilisateurs-page-generale\\\/\"]}]},{\"@type\":\"ImageObject\",\"inLanguage\":\"fr-BE\",\"@id\":\"https:\\\/\\\/joyn.eu\\\/fr-be\\\/appli-joyn-utilisateurs-page-generale\\\/#primaryimage\",\"url\":\"https:\\\/\\\/joyn.eu\\\/wp-content\\\/uploads\\\/2021\\\/01\\\/tablet-smartphone.png\",\"contentUrl\":\"https:\\\/\\\/joyn.eu\\\/wp-content\\\/uploads\\\/2021\\\/01\\\/tablet-smartphone.png\",\"width\":1000,\"height\":669},{\"@type\":\"BreadcrumbList\",\"@id\":\"https:\\\/\\\/joyn.eu\\\/fr-be\\\/appli-joyn-utilisateurs-page-generale\\\/#breadcrumb\",\"itemListElement\":[{\"@type\":\"ListItem\",\"position\":1,\"name\":\"Home\",\"item\":\"https:\\\/\\\/joyn.eu\\\/fr-be\\\/home-merchant-new-fr\\\/\"},{\"@type\":\"ListItem\",\"position\":2,\"name\":\"Appli Joyn utilisateurs &#8211; G\u00e9n\u00e9ral\"}]},{\"@type\":\"WebSite\",\"@id\":\"https:\\\/\\\/joyn.eu\\\/fr-be\\\/#website\",\"url\":\"https:\\\/\\\/joyn.eu\\\/fr-be\\\/\",\"name\":\"Joyn\",\"description\":\"Quand vos clients deviennent des fans\",\"publisher\":{\"@id\":\"https:\\\/\\\/joyn.eu\\\/fr-be\\\/#organization\"},\"potentialAction\":[{\"@type\":\"SearchAction\",\"target\":{\"@type\":\"EntryPoint\",\"urlTemplate\":\"https:\\\/\\\/joyn.eu\\\/fr-be\\\/?s={search_term_string}\"},\"query-input\":{\"@type\":\"PropertyValueSpecification\",\"valueRequired\":true,\"valueName\":\"search_term_string\"}}],\"inLanguage\":\"fr-BE\"},{\"@type\":\"Organization\",\"@id\":\"https:\\\/\\\/joyn.eu\\\/fr-be\\\/#organization\",\"name\":\"Joyn\",\"url\":\"https:\\\/\\\/joyn.eu\\\/fr-be\\\/\",\"logo\":{\"@type\":\"ImageObject\",\"inLanguage\":\"fr-BE\",\"@id\":\"https:\\\/\\\/joyn.eu\\\/fr-be\\\/#\\\/schema\\\/logo\\\/image\\\/\",\"url\":\"https:\\\/\\\/joyn.eu\\\/wp-content\\\/uploads\\\/2021\\\/02\\\/Blue-green-h40.png\",\"contentUrl\":\"https:\\\/\\\/joyn.eu\\\/wp-content\\\/uploads\\\/2021\\\/02\\\/Blue-green-h40.png\",\"width\":83,\"height\":40,\"caption\":\"Joyn\"},\"image\":{\"@id\":\"https:\\\/\\\/joyn.eu\\\/fr-be\\\/#\\\/schema\\\/logo\\\/image\\\/\"}}]}<\/script>\n<!-- \/ Yoast SEO plugin. -->","yoast_head_json":{"title":"Appli Joyn utilisateurs - G\u00e9n\u00e9ral - Joyn","robots":{"index":"index","follow":"follow","max-snippet":"max-snippet:-1","max-image-preview":"max-image-preview:large","max-video-preview":"max-video-preview:-1"},"canonical":"https:\/\/joyn.eu\/fr-be\/appli-joyn-utilisateurs-page-generale\/","og_locale":"fr_FR","og_type":"article","og_title":"Appli Joyn utilisateurs - G\u00e9n\u00e9ral - Joyn","og_description":"Suivez nos bonnes r\u00e9solutions et tentez de remporter un voucher de 250 \u20ac chez votre commer\u00e7ant Joyn pr\u00e9f\u00e9r\u00e9 ! Participez \u00e0 nos 4 challenges et tentez de remporter un voucher d\u2019une valeur de 250 \u20ac chez votre commer\u00e7ant Joyn pr\u00e9f\u00e9r\u00e9 ! Depuis quelques jours nous partageons avec vous des bonnes r\u00e9solutions sous la forme de [&hellip;]","og_url":"https:\/\/joyn.eu\/fr-be\/appli-joyn-utilisateurs-page-generale\/","og_site_name":"Joyn","article_modified_time":"2021-02-10T10:55:40+00:00","og_image":[{"width":1200,"height":500,"url":"https:\/\/joyn.eu\/wp-content\/uploads\/2021\/01\/Sans-titre-3.png","type":"image\/png"}],"twitter_card":"summary_large_image","twitter_misc":{"Dur\u00e9e de lecture est.":"2 minutes"},"schema":{"@context":"https:\/\/schema.org","@graph":[{"@type":"WebPage","@id":"https:\/\/joyn.eu\/fr-be\/appli-joyn-utilisateurs-page-generale\/","url":"https:\/\/joyn.eu\/fr-be\/appli-joyn-utilisateurs-page-generale\/","name":"Appli Joyn utilisateurs - G\u00e9n\u00e9ral - Joyn","isPartOf":{"@id":"https:\/\/joyn.eu\/fr-be\/#website"},"primaryImageOfPage":{"@id":"https:\/\/joyn.eu\/fr-be\/appli-joyn-utilisateurs-page-generale\/#primaryimage"},"image":{"@id":"https:\/\/joyn.eu\/fr-be\/appli-joyn-utilisateurs-page-generale\/#primaryimage"},"thumbnailUrl":"https:\/\/joyn.eu\/wp-content\/uploads\/2021\/01\/tablet-smartphone.png","datePublished":"2021-01-11T09:35:31+00:00","dateModified":"2021-02-10T10:55:40+00:00","breadcrumb":{"@id":"https:\/\/joyn.eu\/fr-be\/appli-joyn-utilisateurs-page-generale\/#breadcrumb"},"inLanguage":"fr-BE","potentialAction":[{"@type":"ReadAction","target":["https:\/\/joyn.eu\/fr-be\/appli-joyn-utilisateurs-page-generale\/"]}]},{"@type":"ImageObject","inLanguage":"fr-BE","@id":"https:\/\/joyn.eu\/fr-be\/appli-joyn-utilisateurs-page-generale\/#primaryimage","url":"https:\/\/joyn.eu\/wp-content\/uploads\/2021\/01\/tablet-smartphone.png","contentUrl":"https:\/\/joyn.eu\/wp-content\/uploads\/2021\/01\/tablet-smartphone.png","width":1000,"height":669},{"@type":"BreadcrumbList","@id":"https:\/\/joyn.eu\/fr-be\/appli-joyn-utilisateurs-page-generale\/#breadcrumb","itemListElement":[{"@type":"ListItem","position":1,"name":"Home","item":"https:\/\/joyn.eu\/fr-be\/home-merchant-new-fr\/"},{"@type":"ListItem","position":2,"name":"Appli Joyn utilisateurs &#8211; G\u00e9n\u00e9ral"}]},{"@type":"WebSite","@id":"https:\/\/joyn.eu\/fr-be\/#website","url":"https:\/\/joyn.eu\/fr-be\/","name":"Joyn","description":"Quand vos clients deviennent des fans","publisher":{"@id":"https:\/\/joyn.eu\/fr-be\/#organization"},"potentialAction":[{"@type":"SearchAction","target":{"@type":"EntryPoint","urlTemplate":"https:\/\/joyn.eu\/fr-be\/?s={search_term_string}"},"query-input":{"@type":"PropertyValueSpecification","valueRequired":true,"valueName":"search_term_string"}}],"inLanguage":"fr-BE"},{"@type":"Organization","@id":"https:\/\/joyn.eu\/fr-be\/#organization","name":"Joyn","url":"https:\/\/joyn.eu\/fr-be\/","logo":{"@type":"ImageObject","inLanguage":"fr-BE","@id":"https:\/\/joyn.eu\/fr-be\/#\/schema\/logo\/image\/","url":"https:\/\/joyn.eu\/wp-content\/uploads\/2021\/02\/Blue-green-h40.png","contentUrl":"https:\/\/joyn.eu\/wp-content\/uploads\/2021\/02\/Blue-green-h40.png","width":83,"height":40,"caption":"Joyn"},"image":{"@id":"https:\/\/joyn.eu\/fr-be\/#\/schema\/logo\/image\/"}}]}},"_links":{"self":[{"href":"https:\/\/joyn.eu\/fr-be\/wp-json\/wp\/v2\/pages\/30666","targetHints":{"allow":["GET"]}}],"collection":[{"href":"https:\/\/joyn.eu\/fr-be\/wp-json\/wp\/v2\/pages"}],"about":[{"href":"https:\/\/joyn.eu\/fr-be\/wp-json\/wp\/v2\/types\/page"}],"author":[{"embeddable":true,"href":"https:\/\/joyn.eu\/fr-be\/wp-json\/wp\/v2\/users\/1"}],"replies":[{"embeddable":true,"href":"https:\/\/joyn.eu\/fr-be\/wp-json\/wp\/v2\/comments?post=30666"}],"version-history":[{"count":190,"href":"https:\/\/joyn.eu\/fr-be\/wp-json\/wp\/v2\/pages\/30666\/revisions"}],"predecessor-version":[{"id":33266,"href":"https:\/\/joyn.eu\/fr-be\/wp-json\/wp\/v2\/pages\/30666\/revisions\/33266"}],"wp:featuredmedia":[{"embeddable":true,"href":"https:\/\/joyn.eu\/fr-be\/wp-json\/wp\/v2\/media\/31045"}],"wp:attachment":[{"href":"https:\/\/joyn.eu\/fr-be\/wp-json\/wp\/v2\/media?parent=30666"}],"curies":[{"name":"wp","href":"https:\/\/api.w.org\/{rel}","templated":true}]}}