{"id":21673,"date":"2020-11-26T12:01:26","date_gmt":"2020-11-26T12:01:26","guid":{"rendered":"https:\/\/joyn.eu\/demo\/"},"modified":"2022-09-07T13:36:10","modified_gmt":"2022-09-07T13:36:10","slug":"demo-o","status":"publish","type":"page","link":"https:\/\/joyn.eu\/fr-be\/demo-o\/","title":{"rendered":"d\u00e9mo-o"},"content":{"rendered":"\t\t<div data-elementor-type=\"wp-page\" data-elementor-id=\"21673\" class=\"elementor elementor-21673 elementor-21260\" data-elementor-post-type=\"page\">\n\t\t\t\t\t\t<section class=\"elementor-section elementor-top-section elementor-element elementor-element-e83868e elementor-section-boxed elementor-section-height-default elementor-section-height-default\" data-id=\"e83868e\" data-element_type=\"section\" data-e-type=\"section\" data-settings=\"{&quot;background_background&quot;:&quot;classic&quot;}\">\n\t\t\t\t\t\t<div class=\"elementor-container elementor-column-gap-default\">\n\t\t\t\t\t<div class=\"elementor-column elementor-col-100 elementor-top-column elementor-element elementor-element-5129551\" data-id=\"5129551\" data-element_type=\"column\" data-e-type=\"column\">\n\t\t\t<div class=\"elementor-widget-wrap elementor-element-populated\">\n\t\t\t\t\t\t<div class=\"elementor-element elementor-element-bd884d4 elementor-widget elementor-widget-heading\" data-id=\"bd884d4\" data-element_type=\"widget\" data-e-type=\"widget\" data-widget_type=\"heading.default\">\n\t\t\t\t<div class=\"elementor-widget-container\">\n\t\t\t\t\t<h2 class=\"elementor-heading-title elementor-size-default\">Envie d\u2019une d\u00e9mo&nbsp;?<\/h2>\t\t\t\t<\/div>\n\t\t\t\t<\/div>\n\t\t\t\t<div class=\"elementor-element elementor-element-022240c elementor-widget elementor-widget-text-editor\" data-id=\"022240c\" data-element_type=\"widget\" data-e-type=\"widget\" data-widget_type=\"text-editor.default\">\n\t\t\t\t<div class=\"elementor-widget-container\">\n\t\t\t\t\t\t\t\t\t<p style=\"text-align: center;\"><span style=\"color: #ffffff;\"><span style=\"caret-color: #ffffff; font-size: 20px;\">Envie de savoir comment fid\u00e9liser vos clients ? Alors r\u00e9servez vite une d\u00e9mo avec l\u2019un de nos experts en fid\u00e9lisation. Durant cette d\u00e9mo, il vous expliquera toutes les fonctionnalit\u00e9s et options de notre plateforme de fid\u00e9lisation.<\/span><\/span><\/p>\t\t\t\t\t\t\t\t<\/div>\n\t\t\t\t<\/div>\n\t\t\t\t\t<\/div>\n\t\t<\/div>\n\t\t\t\t\t<\/div>\n\t\t<\/section>\n\t\t\t\t<section class=\"elementor-section elementor-top-section elementor-element elementor-element-cc70822 elementor-section-boxed elementor-section-height-default elementor-section-height-default\" data-id=\"cc70822\" data-element_type=\"section\" data-e-type=\"section\" data-settings=\"{&quot;background_background&quot;:&quot;classic&quot;}\">\n\t\t\t\t\t\t\t<div class=\"elementor-background-overlay\"><\/div>\n\t\t\t\t\t\t\t<div class=\"elementor-container elementor-column-gap-no\">\n\t\t\t\t\t<div class=\"elementor-column elementor-col-100 elementor-top-column elementor-element elementor-element-f3b52f9\" data-id=\"f3b52f9\" data-element_type=\"column\" data-e-type=\"column\">\n\t\t\t<div class=\"elementor-widget-wrap elementor-element-populated\">\n\t\t\t\t\t\t<section class=\"elementor-section elementor-inner-section elementor-element elementor-element-7da41c8 elementor-section-boxed elementor-section-height-default elementor-section-height-default\" data-id=\"7da41c8\" data-element_type=\"section\" data-e-type=\"section\">\n\t\t\t\t\t\t<div class=\"elementor-container elementor-column-gap-no\">\n\t\t\t\t\t<div class=\"elementor-column elementor-col-100 elementor-inner-column elementor-element elementor-element-72da75f\" data-id=\"72da75f\" data-element_type=\"column\" data-e-type=\"column\">\n\t\t\t<div class=\"elementor-widget-wrap elementor-element-populated\">\n\t\t\t\t\t\t<div class=\"elementor-element elementor-element-6df7f8c elementor-widget elementor-widget-html\" data-id=\"6df7f8c\" data-element_type=\"widget\" data-e-type=\"widget\" data-widget_type=\"html.default\">\n\t\t\t\t<div class=\"elementor-widget-container\">\n\t\t\t\t\t<!-- Start of Meetings Embed Script -->\n    <div class=\"meetings-iframe-container\" data-src=\"https:\/\/helpcenter.joyndev.kinsta.cloud\/meetings\/consultation-gratuite\/demo-fr?embed=true\"><\/div>\n    <script type=\"text\/javascript\" src=\"https:\/\/static.hsappstatic.net\/MeetingsEmbed\/ex\/MeetingsEmbedCode.js\"><\/script>\n  <!-- End of Meetings Embed Script -->\t\t\t\t<\/div>\n\t\t\t\t<\/div>\n\t\t\t\t\t<\/div>\n\t\t<\/div>\n\t\t\t\t\t<\/div>\n\t\t<\/section>\n\t\t\t\t\t<\/div>\n\t\t<\/div>\n\t\t\t\t\t<\/div>\n\t\t<\/section>\n\t\t\t\t<\/div>\n\t\t","protected":false},"excerpt":{"rendered":"<p>Envie d\u2019une d\u00e9mo\u00a0? Envie de savoir comment fid\u00e9liser vos clients ? Alors r\u00e9servez vite une d\u00e9mo avec l\u2019un de nos experts en fid\u00e9lisation. Durant cette d\u00e9mo, il vous expliquera toutes les fonctionnalit\u00e9s et options de notre plateforme de fid\u00e9lisation.<\/p>\n","protected":false},"author":1,"featured_media":20121,"parent":0,"menu_order":1,"comment_status":"closed","ping_status":"closed","template":"","meta":{"_acf_changed":false,"inline_featured_image":false,"footnotes":""},"class_list":["post-21673","page","type-page","status-publish","has-post-thumbnail","hentry"],"acf":[],"yoast_head":"<!-- This site is optimized with the Yoast SEO plugin v27.5 - https:\/\/yoast.com\/product\/yoast-seo-wordpress\/ -->\n<title>d\u00e9mo-o - Joyn<\/title>\n<meta name=\"description\" content=\"Voulez-vous aussi commencer avec Joyn?\" \/>\n<meta name=\"robots\" content=\"index, follow, max-snippet:-1, max-image-preview:large, max-video-preview:-1\" \/>\n<link rel=\"canonical\" href=\"https:\/\/joyn.eu\/fr-be\/demo-o\/\" \/>\n<meta property=\"og:locale\" content=\"fr_FR\" \/>\n<meta property=\"og:type\" content=\"article\" \/>\n<meta property=\"og:title\" content=\"d\u00e9mo-o - Joyn\" \/>\n<meta property=\"og:description\" content=\"Voulez-vous aussi commencer avec Joyn?\" \/>\n<meta property=\"og:url\" content=\"https:\/\/joyn.eu\/fr-be\/demo-o\/\" \/>\n<meta property=\"og:site_name\" content=\"Joyn\" \/>\n<meta property=\"article:modified_time\" content=\"2022-09-07T13:36:10+00:00\" \/>\n<meta property=\"og:image\" content=\"https:\/\/joyn.eu\/wp-content\/uploads\/2020\/09\/hero.jpg\" \/>\n\t<meta property=\"og:image:width\" content=\"1920\" \/>\n\t<meta property=\"og:image:height\" content=\"1200\" \/>\n\t<meta property=\"og:image:type\" content=\"image\/jpeg\" \/>\n<meta name=\"twitter:card\" content=\"summary_large_image\" \/>\n<meta name=\"twitter:label1\" content=\"Dur\u00e9e de lecture est.\" \/>\n\t<meta name=\"twitter:data1\" content=\"1 minute\" \/>\n<script type=\"application\/ld+json\" class=\"yoast-schema-graph\">{\"@context\":\"https:\\\/\\\/schema.org\",\"@graph\":[{\"@type\":\"WebPage\",\"@id\":\"https:\\\/\\\/joyn.eu\\\/fr-be\\\/demo-o\\\/\",\"url\":\"https:\\\/\\\/joyn.eu\\\/fr-be\\\/demo-o\\\/\",\"name\":\"d\u00e9mo-o - Joyn\",\"isPartOf\":{\"@id\":\"https:\\\/\\\/joyn.eu\\\/fr-be\\\/#website\"},\"primaryImageOfPage\":{\"@id\":\"https:\\\/\\\/joyn.eu\\\/fr-be\\\/demo-o\\\/#primaryimage\"},\"image\":{\"@id\":\"https:\\\/\\\/joyn.eu\\\/fr-be\\\/demo-o\\\/#primaryimage\"},\"thumbnailUrl\":\"https:\\\/\\\/joyn.eu\\\/wp-content\\\/uploads\\\/2020\\\/09\\\/hero.jpg\",\"datePublished\":\"2020-11-26T12:01:26+00:00\",\"dateModified\":\"2022-09-07T13:36:10+00:00\",\"description\":\"Voulez-vous aussi commencer avec Joyn?\",\"breadcrumb\":{\"@id\":\"https:\\\/\\\/joyn.eu\\\/fr-be\\\/demo-o\\\/#breadcrumb\"},\"inLanguage\":\"fr-BE\",\"potentialAction\":[{\"@type\":\"ReadAction\",\"target\":[\"https:\\\/\\\/joyn.eu\\\/fr-be\\\/demo-o\\\/\"]}]},{\"@type\":\"ImageObject\",\"inLanguage\":\"fr-BE\",\"@id\":\"https:\\\/\\\/joyn.eu\\\/fr-be\\\/demo-o\\\/#primaryimage\",\"url\":\"https:\\\/\\\/joyn.eu\\\/wp-content\\\/uploads\\\/2020\\\/09\\\/hero.jpg\",\"contentUrl\":\"https:\\\/\\\/joyn.eu\\\/wp-content\\\/uploads\\\/2020\\\/09\\\/hero.jpg\",\"width\":1920,\"height\":1200},{\"@type\":\"BreadcrumbList\",\"@id\":\"https:\\\/\\\/joyn.eu\\\/fr-be\\\/demo-o\\\/#breadcrumb\",\"itemListElement\":[{\"@type\":\"ListItem\",\"position\":1,\"name\":\"Home\",\"item\":\"https:\\\/\\\/joyn.eu\\\/fr-be\\\/home-merchant-new-fr\\\/\"},{\"@type\":\"ListItem\",\"position\":2,\"name\":\"d\u00e9mo-o\"}]},{\"@type\":\"WebSite\",\"@id\":\"https:\\\/\\\/joyn.eu\\\/fr-be\\\/#website\",\"url\":\"https:\\\/\\\/joyn.eu\\\/fr-be\\\/\",\"name\":\"Joyn\",\"description\":\"Quand vos clients deviennent des fans\",\"publisher\":{\"@id\":\"https:\\\/\\\/joyn.eu\\\/fr-be\\\/#organization\"},\"potentialAction\":[{\"@type\":\"SearchAction\",\"target\":{\"@type\":\"EntryPoint\",\"urlTemplate\":\"https:\\\/\\\/joyn.eu\\\/fr-be\\\/?s={search_term_string}\"},\"query-input\":{\"@type\":\"PropertyValueSpecification\",\"valueRequired\":true,\"valueName\":\"search_term_string\"}}],\"inLanguage\":\"fr-BE\"},{\"@type\":\"Organization\",\"@id\":\"https:\\\/\\\/joyn.eu\\\/fr-be\\\/#organization\",\"name\":\"Joyn\",\"url\":\"https:\\\/\\\/joyn.eu\\\/fr-be\\\/\",\"logo\":{\"@type\":\"ImageObject\",\"inLanguage\":\"fr-BE\",\"@id\":\"https:\\\/\\\/joyn.eu\\\/fr-be\\\/#\\\/schema\\\/logo\\\/image\\\/\",\"url\":\"https:\\\/\\\/joyn.eu\\\/wp-content\\\/uploads\\\/2021\\\/02\\\/Blue-green-h40.png\",\"contentUrl\":\"https:\\\/\\\/joyn.eu\\\/wp-content\\\/uploads\\\/2021\\\/02\\\/Blue-green-h40.png\",\"width\":83,\"height\":40,\"caption\":\"Joyn\"},\"image\":{\"@id\":\"https:\\\/\\\/joyn.eu\\\/fr-be\\\/#\\\/schema\\\/logo\\\/image\\\/\"}}]}<\/script>\n<!-- \/ Yoast SEO plugin. -->","yoast_head_json":{"title":"d\u00e9mo-o - Joyn","description":"Voulez-vous aussi commencer avec Joyn?","robots":{"index":"index","follow":"follow","max-snippet":"max-snippet:-1","max-image-preview":"max-image-preview:large","max-video-preview":"max-video-preview:-1"},"canonical":"https:\/\/joyn.eu\/fr-be\/demo-o\/","og_locale":"fr_FR","og_type":"article","og_title":"d\u00e9mo-o - Joyn","og_description":"Voulez-vous aussi commencer avec Joyn?","og_url":"https:\/\/joyn.eu\/fr-be\/demo-o\/","og_site_name":"Joyn","article_modified_time":"2022-09-07T13:36:10+00:00","og_image":[{"width":1920,"height":1200,"url":"https:\/\/joyn.eu\/wp-content\/uploads\/2020\/09\/hero.jpg","type":"image\/jpeg"}],"twitter_card":"summary_large_image","twitter_misc":{"Dur\u00e9e de lecture est.":"1 minute"},"schema":{"@context":"https:\/\/schema.org","@graph":[{"@type":"WebPage","@id":"https:\/\/joyn.eu\/fr-be\/demo-o\/","url":"https:\/\/joyn.eu\/fr-be\/demo-o\/","name":"d\u00e9mo-o - Joyn","isPartOf":{"@id":"https:\/\/joyn.eu\/fr-be\/#website"},"primaryImageOfPage":{"@id":"https:\/\/joyn.eu\/fr-be\/demo-o\/#primaryimage"},"image":{"@id":"https:\/\/joyn.eu\/fr-be\/demo-o\/#primaryimage"},"thumbnailUrl":"https:\/\/joyn.eu\/wp-content\/uploads\/2020\/09\/hero.jpg","datePublished":"2020-11-26T12:01:26+00:00","dateModified":"2022-09-07T13:36:10+00:00","description":"Voulez-vous aussi commencer avec Joyn?","breadcrumb":{"@id":"https:\/\/joyn.eu\/fr-be\/demo-o\/#breadcrumb"},"inLanguage":"fr-BE","potentialAction":[{"@type":"ReadAction","target":["https:\/\/joyn.eu\/fr-be\/demo-o\/"]}]},{"@type":"ImageObject","inLanguage":"fr-BE","@id":"https:\/\/joyn.eu\/fr-be\/demo-o\/#primaryimage","url":"https:\/\/joyn.eu\/wp-content\/uploads\/2020\/09\/hero.jpg","contentUrl":"https:\/\/joyn.eu\/wp-content\/uploads\/2020\/09\/hero.jpg","width":1920,"height":1200},{"@type":"BreadcrumbList","@id":"https:\/\/joyn.eu\/fr-be\/demo-o\/#breadcrumb","itemListElement":[{"@type":"ListItem","position":1,"name":"Home","item":"https:\/\/joyn.eu\/fr-be\/home-merchant-new-fr\/"},{"@type":"ListItem","position":2,"name":"d\u00e9mo-o"}]},{"@type":"WebSite","@id":"https:\/\/joyn.eu\/fr-be\/#website","url":"https:\/\/joyn.eu\/fr-be\/","name":"Joyn","description":"Quand vos clients deviennent des fans","publisher":{"@id":"https:\/\/joyn.eu\/fr-be\/#organization"},"potentialAction":[{"@type":"SearchAction","target":{"@type":"EntryPoint","urlTemplate":"https:\/\/joyn.eu\/fr-be\/?s={search_term_string}"},"query-input":{"@type":"PropertyValueSpecification","valueRequired":true,"valueName":"search_term_string"}}],"inLanguage":"fr-BE"},{"@type":"Organization","@id":"https:\/\/joyn.eu\/fr-be\/#organization","name":"Joyn","url":"https:\/\/joyn.eu\/fr-be\/","logo":{"@type":"ImageObject","inLanguage":"fr-BE","@id":"https:\/\/joyn.eu\/fr-be\/#\/schema\/logo\/image\/","url":"https:\/\/joyn.eu\/wp-content\/uploads\/2021\/02\/Blue-green-h40.png","contentUrl":"https:\/\/joyn.eu\/wp-content\/uploads\/2021\/02\/Blue-green-h40.png","width":83,"height":40,"caption":"Joyn"},"image":{"@id":"https:\/\/joyn.eu\/fr-be\/#\/schema\/logo\/image\/"}}]}},"_links":{"self":[{"href":"https:\/\/joyn.eu\/fr-be\/wp-json\/wp\/v2\/pages\/21673","targetHints":{"allow":["GET"]}}],"collection":[{"href":"https:\/\/joyn.eu\/fr-be\/wp-json\/wp\/v2\/pages"}],"about":[{"href":"https:\/\/joyn.eu\/fr-be\/wp-json\/wp\/v2\/types\/page"}],"author":[{"embeddable":true,"href":"https:\/\/joyn.eu\/fr-be\/wp-json\/wp\/v2\/users\/1"}],"replies":[{"embeddable":true,"href":"https:\/\/joyn.eu\/fr-be\/wp-json\/wp\/v2\/comments?post=21673"}],"version-history":[{"count":21,"href":"https:\/\/joyn.eu\/fr-be\/wp-json\/wp\/v2\/pages\/21673\/revisions"}],"predecessor-version":[{"id":65107,"href":"https:\/\/joyn.eu\/fr-be\/wp-json\/wp\/v2\/pages\/21673\/revisions\/65107"}],"wp:featuredmedia":[{"embeddable":true,"href":"https:\/\/joyn.eu\/fr-be\/wp-json\/wp\/v2\/media\/20121"}],"wp:attachment":[{"href":"https:\/\/joyn.eu\/fr-be\/wp-json\/wp\/v2\/media?parent=21673"}],"curies":[{"name":"wp","href":"https:\/\/api.w.org\/{rel}","templated":true}]}}